{"id":6498,"date":"2026-03-18T06:44:04","date_gmt":"2026-03-18T06:44:04","guid":{"rendered":"https:\/\/soydeaqui.ddns.net\/pachuca\/index.php\/producto\/cubierta-protector-serie-damage-stopper-para-sirena-estrobo\/"},"modified":"2026-03-18T06:44:04","modified_gmt":"2026-03-18T06:44:04","slug":"cubierta-protector-serie-damage-stopper-para-sirena-estrobo","status":"publish","type":"product","link":"https:\/\/soydeaqui.ddns.net\/pachuca\/index.php\/producto\/cubierta-protector-serie-damage-stopper-para-sirena-estrobo\/","title":{"rendered":"Cubierta Protector Serie Damage Stopper Para Sirena\/Estrobo"},"content":{"rendered":"<div style='width: 100%; max-width: 1200px; margin: 0 auto; font-family: sans-serif; line-height: 1.6; color: inherit; background-color: transparent;'> <!-- Descripci\u00f3n general --> <\/p>\n<div style='margin-bottom: 30px;'>\n<h2 style='font-size: 24px; border-bottom: 2px solid currentColor; padding-bottom: 8px; margin-top: 0; color: inherit; opacity: 0.9;'>Descripci\u00f3n General<\/h2>\n<p style='font-size: 15px; margin-top: 15px; color: inherit;'>Estas cubiertas pr\u00e1cticamente indestructibles (perfil plano para las unidades de bocina o altavoz y s\u00f3lidas para estrobosc\u00f3picas s\u00f3lo para alarmas) est\u00e1n dise\u00f1adas para detener el vandalismo y da\u00f1os accidentales. Moldeadas de material transparente&comma; grueso&comma; protecci\u00f3n UV de policarbonato. El modelo STI-1210A tiene una caja posterior cerrada con profundidad de cuatro pulgadas. Kits disponibles para condiciones extremas donde est\u00e1 presente la humedad o el agua.<\/p>\n<\/p><\/div>\n<p> <!-- Caracter\u00edsticas principales --> <\/p>\n<div style='display: flex; flex-wrap: wrap; gap: 30px; margin-bottom: 30px;'>\n<div style='flex: 1 1 300px; min-width: 280px;'>\n<h3 style='font-size: 20px; border-bottom: 2px solid currentColor; padding-bottom: 5px; margin-top: 0; color: inherit; opacity: 0.8;'>Caracter\u00edsticas Principales<\/h3>\n<ul style='padding-left: 20px; font-size: 15px; color: inherit;'>\n<li style='margin-bottom: 5px;'>Ayuda a prevenir da\u00f1os o vandalismo accidental e intencional<\/li>\n<li style='margin-bottom: 5px;'>Kit disponible para condiciones extremas con humedad o agua<\/li>\n<li style='margin-bottom: 5px;'>F\u00e1cil acceso para servicio y mantenimiento<\/li>\n<li style='margin-bottom: 5px;'>Montaje de superficie<\/li>\n<li style='margin-bottom: 5px;'>Material: Policarbonato con protecci\u00f3n UV<\/li>\n<li style='margin-bottom: 5px;'>Temperatura de operaci\u00f3n: -40\u00b0C a 121\u00b0C<\/li>\n<li style='margin-bottom: 5px;'>Garant\u00eda de tres a\u00f1os contra rotura del policarbonato en uso normal<\/li>\n<\/ul><\/div>\n<p> <!-- Especificaciones t\u00e9cnicas --> <\/p>\n<div style='flex: 1 1 300px; min-width: 280px;'>\n<h3 style='font-size: 20px; border-bottom: 2px solid currentColor; padding-bottom: 5px; margin-top: 0; color: inherit; opacity: 0.8;'>Especificaciones T\u00e9cnicas<\/h3>\n<ul style='padding-left: 20px; font-size: 15px; color: inherit;'>\n<li style='margin-bottom: 5px;'><strong>Modelo:<\/strong> STI-1210A<\/li>\n<li style='margin-bottom: 5px;'><strong>Tipo:<\/strong> Cubierta protectora para sirena\/estrobo<\/li>\n<li style='margin-bottom: 5px;'><strong>Material:<\/strong> Policarbonato transparente con protecci\u00f3n UV<\/li>\n<li style='margin-bottom: 5px;'><strong>Dimensiones:<\/strong> 8.5&#8242; de altura x 6.5&#8242; de ancho x 6.25&#8242; de profundidad<\/li>\n<p> <strong>Temperatura de operaci\u00f3n:<\/strong> -40\u00b0C a 121\u00b0C (-40\u00b0F a 250\u00b0F) <\/ul>\n<\/p><\/div>\n<\/p><\/div>\n<p> <!-- Aprobaciones --> <\/p>\n<div style='margin-bottom: 30px;'>\n<h3 style='font-size: 20px; border-bottom: 2px solid currentColor; padding-bottom: 5px; margin-top: 0; color: inherit; opacity: 0.8;'>Aprobaciones y Certificaciones<\/h3>\n<ul style='padding-left: 20px; font-size: 15px; color: inherit;'>\n<li style='margin-bottom: 5px;'>Listado UL<\/li>\n<li style='margin-bottom: 5px;'>Listado MEA<\/li>\n<li style='margin-bottom: 5px;'>Aprobado por Laboratorios de Aseguradores y UL S7025 Canadiense<\/li>\n<li style='margin-bottom: 5px;'>Aprobaci\u00f3n cUL para UL 1638<\/li>\n<li style='margin-bottom: 5px;'>Aprobaci\u00f3n CSFM (requiere aprobaci\u00f3n local)<\/li>\n<li style='margin-bottom: 5px;'>UL Listado para altavoces de voz de fuego<\/li>\n<\/ul><\/div>\n<p> <!-- Aplicaciones --> <\/p>\n<div style='margin-bottom: 30px;'>\n<h3 style='font-size: 20px; border-bottom: 2px solid currentColor; padding-bottom: 5px; margin-top: 0; color: inherit; opacity: 0.8;'>Aplicaciones<\/h3>\n<ul style='padding-left: 20px; font-size: 15px; color: inherit;'>\n<li style='margin-bottom: 5px;'>Protecci\u00f3n contra vandalismo e intentos de da\u00f1o intencional<\/li>\n<li style='margin-bottom: 5px;'>Protecci\u00f3n en condiciones extremas con humedad o agua (con kit Enviro)<\/li>\n<li style='margin-bottom: 5px;'>Montaje superficial en diversas configuraciones<\/li>\n<li style='margin-bottom: 5px;'>Aplicaciones en unidades de sirena\/estrobo m\u00e1s grandes<\/li>\n<li style='margin-bottom: 5px;'>Aplicaciones con conexiones el\u00e9ctricas expuestas<\/li>\n<li style='margin-bottom: 5px;'>Montaje empotrado (con espaciador E)<\/li>\n<\/ul><\/div>\n<p> <!-- Dimensiones --> <\/p>\n<div style='margin-bottom: 30px;'>\n<h3 style='font-size: 20px; border-bottom: 2px solid currentColor; padding-bottom: 5px; margin-top: 0; color: inherit; opacity: 0.8;'>Dimensiones<\/h3>\n<ul style='padding-left: 20px; font-size: 15px; color: inherit;'>\n<li style='margin-bottom: 5px;'><strong>Altura:<\/strong> 216 mm (8.5&#8242;)<\/li>\n<li style='margin-bottom: 5px;'><strong>Ancho:<\/strong> 165 mm (6.5&#8242;)<\/li>\n<li style='margin-bottom: 5px;'><strong>Profundidad:<\/strong> 159 mm (6.25&#8242;)<\/li>\n<\/ul><\/div>\n<p> <!-- Opciones y compatibilidad --> <\/p>\n<div style='margin-bottom: 30px;'>\n<h3 style='font-size: 20px; border-bottom: 2px solid currentColor; padding-bottom: 5px; margin-top: 0; color: inherit; opacity: 0.8;'>Opciones y Compatibilidad<\/h3>\n<ul style='padding-left: 20px; font-size: 15px; color: inherit;'>\n<li style='margin-bottom: 5px;'>Espaciadores disponibles para m\u00faltiples aplicaciones:<\/li>\n<ul style='padding-left: 25px; margin-top: 8px; margin-bottom: 8px;'>\n<li style='margin-bottom: 5px;'>Espaciador B: Caja posterior cerrada con caja de conexi\u00f3n doble<\/li>\n<li style='margin-bottom: 5px;'>Espaciador C: Posterior abierto para modificaciones<\/li>\n<li style='margin-bottom: 5px;'>Espaciador D: Para unidades m\u00e1s profundas y conexiones expuestas<\/li>\n<li style='margin-bottom: 5px;'>Espaciador E: Armaz\u00f3n posterior abierto para montaje empotrado<\/li>\n<\/ul>\n<li style='margin-bottom: 5px;'>Compatibilidad con m\u00faltiples fabricantes:<\/li>\n<ul style='padding-left: 25px; margin-top: 8px; margin-bottom: 8px;'>\n<li style='margin-bottom: 5px;'>ADT Security (ADTG1x)<\/li>\n<li style='margin-bottom: 5px;'>Edwards Signaling (EG1x&comma; 202-x-T&comma; W)<\/li>\n<li style='margin-bottom: 5px;'>EST (G1x&comma; 2440S-x-R&comma; W&comma; N5)<\/li>\n<li style='margin-bottom: 5px;'>Honeywell Int. (XLSG1x&comma; XLS202)<\/li>\n<li style='margin-bottom: 5px;'>Mirtone (MG1x&comma; MS-xAW&comma; AR)<\/li>\n<li style='margin-bottom: 5px;'>Siemens (G1x&comma; 202-x-Tx)<\/li>\n<\/ul>\n<\/ul><\/div>\n<p> <!-- P\u00e9rdida de sonido --> <\/p>\n<div style='margin-bottom: 30px;'>\n<h3 style='font-size: 20px; border-bottom: 2px solid currentColor; padding-bottom: 5px; margin-top: 0; color: inherit; opacity: 0.8;'>P\u00e9rdida de Sonido<\/h3>\n<p style='font-size: 15px; margin-top: 15px; color: inherit;'>La p\u00e9rdida de sonido para los modelos STI-1215&comma; STI-1217 y STI-1219 es de 4.0 dBA para todos los sonidos audibles.<\/p>\n<\/p><\/div>\n<p> <!-- Informaci\u00f3n de contacto --> <\/p>\n<div style='margin-bottom: 30px;'>\n<h3 style='font-size: 20px; border-bottom: 2px solid currentColor; padding-bottom: 5px; margin-top: 0; color: inherit; opacity: 0.8;'>Informaci\u00f3n de Contacto<\/h3>\n<ul style='padding-left: 20px; font-size: 15px; color: inherit;'>\n<li style='margin-bottom: 5px;'>Tel\u00e9fono: 248-673-9898<\/li>\n<li style='margin-bottom: 5px;'>Correo electr\u00f3nico: info@sti-usa.com<\/li>\n<li style='margin-bottom: 5px;'>Sitio web: www.sti-usa.com<\/li>\n<\/ul><\/div>\n<p> <!-- Separador final --> <\/p>\n<hr style='border: 0; border-top: 1px solid rgba(150&comma; 150&comma; 150&comma; 0.3); margin: 30px 0;'> <\/div>\n","protected":false},"excerpt":{"rendered":"<p>Cubierta Protector Serie Damage Stopper Para Sirena\/Estrobo<\/p>\n","protected":false},"featured_media":6497,"comment_status":"open","ping_status":"closed","template":"","meta":[],"product_brand":[],"product_cat":[420],"product_tag":[93,421,169],"class_list":{"0":"post-6498","1":"product","2":"type-product","3":"status-publish","4":"has-post-thumbnail","6":"product_cat-estaciones-de-jalon","7":"product_tag-accesorios","8":"product_tag-estaciones-de-jalon","9":"product_tag-sti","11":"first","12":"outofstock","13":"sale","14":"shipping-taxable","15":"purchasable","16":"product-type-simple"},"_links":{"self":[{"href":"https:\/\/soydeaqui.ddns.net\/pachuca\/index.php\/wp-json\/wp\/v2\/product\/6498","targetHints":{"allow":["GET"]}}],"collection":[{"href":"https:\/\/soydeaqui.ddns.net\/pachuca\/index.php\/wp-json\/wp\/v2\/product"}],"about":[{"href":"https:\/\/soydeaqui.ddns.net\/pachuca\/index.php\/wp-json\/wp\/v2\/types\/product"}],"replies":[{"embeddable":true,"href":"https:\/\/soydeaqui.ddns.net\/pachuca\/index.php\/wp-json\/wp\/v2\/comments?post=6498"}],"wp:featuredmedia":[{"embeddable":true,"href":"https:\/\/soydeaqui.ddns.net\/pachuca\/index.php\/wp-json\/wp\/v2\/media\/6497"}],"wp:attachment":[{"href":"https:\/\/soydeaqui.ddns.net\/pachuca\/index.php\/wp-json\/wp\/v2\/media?parent=6498"}],"wp:term":[{"taxonomy":"product_brand","embeddable":true,"href":"https:\/\/soydeaqui.ddns.net\/pachuca\/index.php\/wp-json\/wp\/v2\/product_brand?post=6498"},{"taxonomy":"product_cat","embeddable":true,"href":"https:\/\/soydeaqui.ddns.net\/pachuca\/index.php\/wp-json\/wp\/v2\/product_cat?post=6498"},{"taxonomy":"product_tag","embeddable":true,"href":"https:\/\/soydeaqui.ddns.net\/pachuca\/index.php\/wp-json\/wp\/v2\/product_tag?post=6498"}],"curies":[{"name":"wp","href":"https:\/\/api.w.org\/{rel}","templated":true}]}}