{"id":64967,"date":"2026-03-19T08:05:31","date_gmt":"2026-03-19T08:05:31","guid":{"rendered":"https:\/\/soydeaqui.ddns.net\/pachuca\/index.php\/producto\/wattmetro-para-radiofrecuencia-de-banda-ancha-20-1000-mhz-en-escalas-de-5-15-50-150-y-500-watt-incluye-puerto-de-muestreo\/"},"modified":"2026-03-19T08:05:32","modified_gmt":"2026-03-19T08:05:32","slug":"wattmetro-para-radiofrecuencia-de-banda-ancha-20-1000-mhz-en-escalas-de-5-15-50-150-y-500-watt-incluye-puerto-de-muestreo","status":"publish","type":"product","link":"https:\/\/soydeaqui.ddns.net\/pachuca\/index.php\/producto\/wattmetro-para-radiofrecuencia-de-banda-ancha-20-1000-mhz-en-escalas-de-5-15-50-150-y-500-watt-incluye-puerto-de-muestreo\/","title":{"rendered":"Wattmetro para Radiofrecuencia de Banda Ancha, 20-1000 MHz, en escalas de 5, 15, 50, 150 y 500 Watt. Incluye puerto de muestreo"},"content":{"rendered":"<div style='width: 100%; max-width: 1200px; margin: 0 auto; font-family: sans-serif; line-height: 1.6; color: inherit; background-color: transparent;'>\n<div style='width: 100%; margin-bottom: 30px;'> <img style='width: 100%; height: auto; border: 1px solid rgba(150&comma;150&comma;150&comma;0.3); border-radius: 8px;' src='https:\/\/ftp3.syscom.mx\/usuarios\/fotos\/44DL\/208108-captura_de_pantalla_2024-07-03_161715.png' alt=''> <\/div>\n<div style='display: flex; flex-wrap: wrap; gap: 30px; margin-bottom: 30px;'>\n<div style='flex: 1 1 300px; min-width: 280px;'>\n<h3 style='font-size: 22px; border-bottom: 2px solid currentColor; padding-bottom: 5px; margin-top: 0; color: inherit; opacity: 0.8;'>Descripci\u00f3n<\/h3>\n<p style='font-size: 15px; color: inherit;'>El Wattmetro 44AP de Telewave es un instrumento compacto y vers\u00e1til&comma; dise\u00f1ado para la medici\u00f3n de la potencia de RF directa y reflejada en una l\u00ednea de transmisi\u00f3n coaxial bajo cualquier condici\u00f3n de carga. Gracias a su amplio rango de operaci\u00f3n&comma; este wattmetro no requiere elementos adicionales&comma; lo que lo convierte en una herramienta ideal para una variedad de aplicaciones.<\/p>\n<\/p><\/div>\n<\/p><\/div>\n<div style='display: flex; flex-wrap: wrap; gap: 20px; margin-bottom: 30px;'>\n<div style='flex: 1 1 250px; border: 1px solid rgba(150&comma; 150&comma; 150&comma; 0.4); border-radius: 8px; overflow: hidden; display: flex; flex-direction: column;'>\n<div style='padding: 15px; border-bottom: 1px solid rgba(150&comma; 150&comma; 150&comma; 0.2); font-weight: bold; font-size: 18px; color: inherit;'>Principales caracter\u00edsticas<\/div>\n<div style='padding: 15px; color: inherit;'>\n<ul style='padding-left: 20px; margin: 0; font-size: 14px; list-style-type: disc;'>\n<li style='margin-bottom: 5px;'>No Requiere Elementos o &#8216;pastillas&#8217;<\/li>\n<li style='margin-bottom: 5px;'>Facilita la medici\u00f3n a trav\u00e9s de un amplio rango de frecuencias sin necesidad de ajustes manuales.<\/li>\n<li style='margin-bottom: 5px;'>Rango de Potencia de 1 a 500 Watts<\/li>\n<li style='margin-bottom: 5px;'>Permite obtener lecturas precisas de la potencia transmitida y reflejada.<\/li>\n<li style='margin-bottom: 5px; font-weight: bold;'>Puerto de Muestra de RF de -40 dB<\/li>\n<li style='margin-bottom: 5px;'>Montado con Amortiguaci\u00f3n de Choque&comma; ideal para ambientes m\u00f3viles o condiciones adversas.<\/li>\n<li style='margin-bottom: 5px;'>Facilita la conexi\u00f3n y desconexi\u00f3n r\u00e1pida de diferentes tipos de conectores.<\/li>\n<li style='margin-bottom: 5px;'>Peso de solo 1.36 Kg&comma; con una correa de cuero para facilitar su transporte. Lo que hace a este equipo ligero y port\u00e1til.<\/li>\n<\/ul><\/div>\n<\/p><\/div>\n<div style='flex: 1 1 250px; border: 1px solid rgba(150&comma; 150&comma; 150&comma; 0.4); border-radius: 8px; overflow: hidden; display: flex; flex-direction: column;'>\n<div style='padding: 15px; border-bottom: 1px solid rgba(150&comma; 150&comma; 150&comma; 0.2); font-weight: bold; font-size: 18px; color: inherit;'>Caracter\u00edsticas especificas<\/div>\n<div style='padding: 15px; color: inherit;'>\n<ul style='padding-left: 20px; margin: 0; font-size: 14px; list-style-type: disc;'>\n<li style='margin-bottom: 5px;'><strong>Rango de Frecuencia:<\/strong> 20-1000 MHz<\/li>\n<li style='margin-bottom: 5px;'><strong>Rangos de Potencia a Escala Completa:<\/strong> 5&comma; 15&comma; 50&comma; 150 y 500 watts<\/li>\n<li style='margin-bottom: 5px;'><strong>Impedancia de L\u00ednea Principal:<\/strong> 50 ohms nominal<\/li>\n<li style='margin-bottom: 5px;'><strong>VSWR M\u00e1ximo:<\/strong> 1.1:1<\/li>\n<li style='margin-bottom: 5px;'><strong>Exactitud:<\/strong> \u00b1 6 % a escala completa<\/li>\n<li style='margin-bottom: 5px;'><strong>Exactitud del Puerto de Muestreo:<\/strong> -40 dB \u00b1 2 dB<\/li>\n<li style='margin-bottom: 5px;'><strong>Entrada\/Salida Est\u00e1ndar:<\/strong> Conectores N hembra<\/li>\n<li style='margin-bottom: 5px;'><strong>Puerto de Muestra:<\/strong> Conector BNC hembra<\/li>\n<li style='margin-bottom: 5px;'><strong>Dimensiones (HWD):<\/strong> 16.83 x 10.16 x 8.26 cm<\/li>\n<li style='margin-bottom: 5px;'><strong>Peso:<\/strong> 1.36 kg<\/li>\n<\/ul><\/div>\n<\/p><\/div>\n<div style='flex: 1 1 250px; border: 1px solid rgba(150&comma; 150&comma; 150&comma; 0.4); border-radius: 8px; overflow: hidden; display: flex; flex-direction: column;'>\n<div style='padding: 15px; border-bottom: 1px solid rgba(150&comma; 150&comma; 150&comma; 0.2); font-weight: bold; font-size: 18px; color: inherit;'>Accesorios Opcionales<\/div>\n<div style='padding: 15px; color: inherit;'>\n<ul style='padding-left: 20px; margin: 0; font-size: 14px; list-style-type: disc;'>\n<li style='margin-bottom: 5px;'><strong>Estuche de Transporte <a style='color: inherit; text-decoration: underline;' href='https:\/\/www.syscom.mx\/producto\/TC44R-TELEWAVE&comma;-INC-228416.html' target='_blank' rel='noopener'>TC44-R<\/a>:<\/strong> Protecci\u00f3n adicional para el dispositivo en condiciones de campo.<\/li>\n<\/ul><\/div>\n<\/p><\/div>\n<\/p><\/div>\n<div style='margin-bottom: 30px;'>\n<div style='padding: 15px; border-left: 5px solid #bc0000; background-color: rgba(188&comma; 0&comma; 0&comma; 0.05); color: inherit;'>\n<p style='margin: 0; font-size: 15px; color: inherit;'><strong>Nota:<\/strong> La calibraci\u00f3n se realiza en f\u00e1brica (recomendada 1 vez al a\u00f1o).<\/p>\n<\/p><\/div>\n<\/p><\/div>\n<div style='width: 100%; max-width: 200px; margin: 0 auto;'> <img style='width: 100%; height: auto; border: 1px solid rgba(150&comma;150&comma;150&comma;0.3); border-radius: 8px;' src='https:\/\/ftp3.syscom.mx\/usuarios\/fotos\/44DL\/208108-telewave-logo-redx72.png' alt=''> <\/div>\n<\/p><\/div>\n","protected":false},"excerpt":{"rendered":"<p>Wattmetro para Radiofrecuencia de Banda Ancha, 20-1000 MHz, en escalas de 5, 15, 50, 150 y 500 Watt. Incluye puerto de muestreo<\/p>\n","protected":false},"featured_media":64966,"comment_status":"open","ping_status":"closed","template":"","meta":[],"product_brand":[],"product_cat":[1639],"product_tag":[931,165,1737,1640],"class_list":{"0":"post-64967","1":"product","2":"type-product","3":"status-publish","4":"has-post-thumbnail","6":"product_cat-wattmetros-y-elementos","7":"product_tag-equipo-de-laboratorio","8":"product_tag-inc","9":"product_tag-telewave","10":"product_tag-wattmetros-y-elementos","12":"first","13":"outofstock","14":"sale","15":"shipping-taxable","16":"purchasable","17":"product-type-simple"},"_links":{"self":[{"href":"https:\/\/soydeaqui.ddns.net\/pachuca\/index.php\/wp-json\/wp\/v2\/product\/64967","targetHints":{"allow":["GET"]}}],"collection":[{"href":"https:\/\/soydeaqui.ddns.net\/pachuca\/index.php\/wp-json\/wp\/v2\/product"}],"about":[{"href":"https:\/\/soydeaqui.ddns.net\/pachuca\/index.php\/wp-json\/wp\/v2\/types\/product"}],"replies":[{"embeddable":true,"href":"https:\/\/soydeaqui.ddns.net\/pachuca\/index.php\/wp-json\/wp\/v2\/comments?post=64967"}],"wp:featuredmedia":[{"embeddable":true,"href":"https:\/\/soydeaqui.ddns.net\/pachuca\/index.php\/wp-json\/wp\/v2\/media\/64966"}],"wp:attachment":[{"href":"https:\/\/soydeaqui.ddns.net\/pachuca\/index.php\/wp-json\/wp\/v2\/media?parent=64967"}],"wp:term":[{"taxonomy":"product_brand","embeddable":true,"href":"https:\/\/soydeaqui.ddns.net\/pachuca\/index.php\/wp-json\/wp\/v2\/product_brand?post=64967"},{"taxonomy":"product_cat","embeddable":true,"href":"https:\/\/soydeaqui.ddns.net\/pachuca\/index.php\/wp-json\/wp\/v2\/product_cat?post=64967"},{"taxonomy":"product_tag","embeddable":true,"href":"https:\/\/soydeaqui.ddns.net\/pachuca\/index.php\/wp-json\/wp\/v2\/product_tag?post=64967"}],"curies":[{"name":"wp","href":"https:\/\/api.w.org\/{rel}","templated":true}]}}