{"id":64963,"date":"2026-03-19T08:05:24","date_gmt":"2026-03-19T08:05:24","guid":{"rendered":"https:\/\/soydeaqui.ddns.net\/pachuca\/index.php\/producto\/fuse-holder-en-plastico-negro-para-panel-0-250-10a-250-va\/"},"modified":"2026-03-19T08:05:25","modified_gmt":"2026-03-19T08:05:25","slug":"fuse-holder-en-plastico-negro-para-panel-0-250-10a-250-va","status":"publish","type":"product","link":"https:\/\/soydeaqui.ddns.net\/pachuca\/index.php\/producto\/fuse-holder-en-plastico-negro-para-panel-0-250-10a-250-va\/","title":{"rendered":"Fuse Holder en Pl\u00e1stico Negro para Panel, 0.250 10A, 250 VA."},"content":{"rendered":"<div style='width: 100%; max-width: 1200px; margin: 0 auto; font-family: sans-serif; line-height: 1.6; color: inherit; background-color: transparent;'>\n<div style='display: flex; flex-wrap: wrap; gap: 30px; margin-bottom: 30px;'>\n<div style='flex: 1 1 300px; min-width: 280px;'>\n<h3 style='font-size: 22px; border-bottom: 2px solid currentColor; padding-bottom: 5px; margin-top: 0; color: inherit; opacity: 0.8;'>Caracter\u00edsticas Generales<\/h3>\n<ul style='padding-left: 20px; font-size: 15px; color: inherit;'>\n<li style='margin-bottom: 5px;'>Soporte de fusible para montaje en panel<\/li>\n<li style='margin-bottom: 5px;'>Fabricado en pl\u00e1stico negro resistente<\/li>\n<li style='margin-bottom: 5px;'>Capacidad de corriente m\u00e1xima de 10A<\/li>\n<li style='margin-bottom: 5px;'>Voltaje nominal de trabajo hasta 250V<\/li>\n<li style='margin-bottom: 5px;'>Dise\u00f1o compacto para f\u00e1cil instalaci\u00f3n<\/li>\n<\/ul><\/div>\n<div style='flex: 1 1 300px; min-width: 280px;'>\n<h3 style='font-size: 22px; border-bottom: 2px solid currentColor; padding-bottom: 5px; margin-top: 0; color: inherit; opacity: 0.8;'>Especificaciones T\u00e9cnicas<\/h3>\n<ul style='padding-left: 20px; font-size: 15px; color: inherit;'>\n<li style='margin-bottom: 5px;'><strong>Tipo:<\/strong> Quick Connect .250<\/li>\n<li style='margin-bottom: 5px;'><strong>Capacidad:<\/strong> 10A 250VAC<\/li>\n<li style='margin-bottom: 5px;'><strong>Color:<\/strong> Negro<\/li>\n<li style='margin-bottom: 5px;'><strong>Resistencia de aislamiento:<\/strong> DC 500V 100M\u03a9<\/li>\n<li style='margin-bottom: 5px;'><strong>Temperatura operaci\u00f3n:<\/strong> -20\u00b0C ~ 85\u00b0C<\/li>\n<\/ul><\/div>\n<div style='flex: 1 1 300px; min-width: 280px;'>\n<h3 style='font-size: 22px; border-bottom: 2px solid currentColor; padding-bottom: 5px; margin-top: 0; color: inherit; opacity: 0.8;'>Dimensiones<\/h3>\n<ul style='padding-left: 20px; font-size: 15px; color: inherit;'>\n<li style='margin-bottom: 5px;'><strong>Dimensi\u00f3n A:<\/strong> .689 \u00b1 .012 in<\/li>\n<li style='margin-bottom: 5px;'><strong>Dimensi\u00f3n B:<\/strong> .657 \u00b1 .012 in<\/li>\n<li style='margin-bottom: 5px;'><strong>Dimensi\u00f3n C:<\/strong> .287 \u00b1 .012 in<\/li>\n<li style='margin-bottom: 5px;'><strong>Dimensi\u00f3n D:<\/strong> .472 \u00b1 .004 in<\/li>\n<li style='margin-bottom: 5px;'><strong>Dimensi\u00f3n E:<\/strong> .354 \u00b1 .012 in<\/li>\n<li style='margin-bottom: 5px;'><strong>Dimensi\u00f3n F:<\/strong> .520 \u00b1 .008 in<\/li>\n<li style='margin-bottom: 5px;'><strong>Dimensi\u00f3n G:<\/strong> .423 \u00b1 .012 in<\/li>\n<li style='margin-bottom: 5px;'><strong>Dimensi\u00f3n H:<\/strong> 2.35 \u00b1 .04 in<\/li>\n<li style='margin-bottom: 5px;'><strong>Dimensi\u00f3n I:<\/strong> .807 \u00b1 .012 in<\/li>\n<li style='margin-bottom: 5px;'><strong>Dimensi\u00f3n J:<\/strong> .071 \u00b1 .008 in<\/li>\n<li style='margin-bottom: 5px;'><strong>Dimensi\u00f3n K:<\/strong> .087 \u00b1 .008 in<\/li>\n<li style='margin-bottom: 5px;'><strong>Dimensi\u00f3n L:<\/strong> .252 \u00b1 .008 in<\/li>\n<li style='margin-bottom: 5px;'><strong>Dimensi\u00f3n M:<\/strong> .374 \u00b1 .012 in<\/li>\n<\/ul><\/div>\n<\/p><\/div>\n<hr style='border: 0; border-top: 1px solid rgba(150&comma; 150&comma; 150&comma; 0.3); margin: 30px 0;'>\n<div style='display: flex; flex-wrap: wrap; gap: 20px; margin-bottom: 30px;'>\n<div style='flex: 1 1 250px; border: 1px solid rgba(150&comma; 150&comma; 150&comma; 0.4); border-radius: 8px; overflow: hidden; display: flex; flex-direction: column;'>\n<div style='padding: 15px; border-bottom: 1px solid rgba(150&comma; 150&comma; 150&comma; 0.2); font-weight: bold; font-size: 18px; color: inherit;'>Informaci\u00f3n de Compra<\/div>\n<div style='padding: 15px; color: inherit;'>\n<ul style='padding-left: 20px; margin: 0; font-size: 14px; list-style-type: disc;'>\n<li style='margin-bottom: 5px;'><strong>Proveedor:<\/strong> Mouser Electronics<\/li>\n<li style='margin-bottom: 5px;'><strong>Cat\u00e1logo:<\/strong> EPD-200127<\/li>\n<li style='margin-bottom: 5px;'><strong>Tel\u00e9fono:<\/strong> 1-800-346-6873<\/li>\n<li style='margin-bottom: 5px;'><strong>Web:<\/strong> www.mouser.com<\/li>\n<\/ul><\/div>\n<\/p><\/div>\n<div style='flex: 1 1 250px; border: 1px solid rgba(150&comma; 150&comma; 150&comma; 0.4); border-radius: 8px; overflow: hidden; display: flex; flex-direction: column;'>\n<div style='padding: 15px; border-bottom: 1px solid rgba(150&comma; 150&comma; 150&comma; 0.2); font-weight: bold; font-size: 18px; color: inherit;'>Notas Importantes<\/div>\n<div style='padding: 15px; color: inherit;'>\n<ul style='padding-left: 20px; margin: 0; font-size: 14px; list-style-type: disc;'>\n<li style='margin-bottom: 5px;'>Las especificaciones est\u00e1n sujetas a cambios sin previo aviso<\/li>\n<li style='margin-bottom: 5px;'>No se asume responsabilidad por esta informaci\u00f3n<\/li>\n<li style='margin-bottom: 5px;'>Cumplimiento ambiental seg\u00fan documentaci\u00f3n del fabricante<\/li>\n<\/ul><\/div>\n<\/p><\/div>\n<\/p><\/div>\n<\/p><\/div>\n","protected":false},"excerpt":{"rendered":"<p>Fuse Holder en Pl\u00e1stico Negro para Panel, 0.250 10A, 250 VA.<\/p>\n","protected":false},"featured_media":64962,"comment_status":"open","ping_status":"closed","template":"","meta":[],"product_brand":[],"product_cat":[1501],"product_tag":[1502,751,63],"class_list":{"0":"post-64963","1":"product","2":"type-product","3":"status-publish","4":"has-post-thumbnail","6":"product_cat-miscelaneo","7":"product_tag-miscelaneo","8":"product_tag-refacciones","9":"product_tag-syscom","11":"first","12":"instock","13":"sale","14":"shipping-taxable","15":"purchasable","16":"product-type-simple"},"_links":{"self":[{"href":"https:\/\/soydeaqui.ddns.net\/pachuca\/index.php\/wp-json\/wp\/v2\/product\/64963","targetHints":{"allow":["GET"]}}],"collection":[{"href":"https:\/\/soydeaqui.ddns.net\/pachuca\/index.php\/wp-json\/wp\/v2\/product"}],"about":[{"href":"https:\/\/soydeaqui.ddns.net\/pachuca\/index.php\/wp-json\/wp\/v2\/types\/product"}],"replies":[{"embeddable":true,"href":"https:\/\/soydeaqui.ddns.net\/pachuca\/index.php\/wp-json\/wp\/v2\/comments?post=64963"}],"wp:featuredmedia":[{"embeddable":true,"href":"https:\/\/soydeaqui.ddns.net\/pachuca\/index.php\/wp-json\/wp\/v2\/media\/64962"}],"wp:attachment":[{"href":"https:\/\/soydeaqui.ddns.net\/pachuca\/index.php\/wp-json\/wp\/v2\/media?parent=64963"}],"wp:term":[{"taxonomy":"product_brand","embeddable":true,"href":"https:\/\/soydeaqui.ddns.net\/pachuca\/index.php\/wp-json\/wp\/v2\/product_brand?post=64963"},{"taxonomy":"product_cat","embeddable":true,"href":"https:\/\/soydeaqui.ddns.net\/pachuca\/index.php\/wp-json\/wp\/v2\/product_cat?post=64963"},{"taxonomy":"product_tag","embeddable":true,"href":"https:\/\/soydeaqui.ddns.net\/pachuca\/index.php\/wp-json\/wp\/v2\/product_tag?post=64963"}],"curies":[{"name":"wp","href":"https:\/\/api.w.org\/{rel}","templated":true}]}}