{"id":64926,"date":"2026-03-19T08:04:09","date_gmt":"2026-03-19T08:04:09","guid":{"rendered":"https:\/\/soydeaqui.ddns.net\/pachuca\/index.php\/producto\/elemento-de-5-watt-en-linea-7-8-para-wattmetro-bird-43-en-rango-de-frecuencia-de-100-a-250-mhz\/"},"modified":"2026-03-19T08:04:18","modified_gmt":"2026-03-19T08:04:18","slug":"elemento-de-5-watt-en-linea-7-8-para-wattmetro-bird-43-en-rango-de-frecuencia-de-100-a-250-mhz","status":"publish","type":"product","link":"https:\/\/soydeaqui.ddns.net\/pachuca\/index.php\/producto\/elemento-de-5-watt-en-linea-7-8-para-wattmetro-bird-43-en-rango-de-frecuencia-de-100-a-250-mhz\/","title":{"rendered":"Elemento de 5 Watt en linea 7\/8&#8243; para Wattmetro BIRD 43 en Rango de Frecuencia de 100 a 250 MHz."},"content":{"rendered":"<div style='width: 100%; max-width: 1200px; margin: 0 auto; font-family: sans-serif; line-height: 1.6; color: inherit; background-color: transparent;'>\n<div style='display: flex; flex-wrap: wrap; gap: 30px; margin-bottom: 30px;'>\n<div style='flex: 1 1 300px; min-width: 280px;'>\n<h3 style='font-size: 22px; border-bottom: 2px solid currentColor; padding-bottom: 5px; margin-top: 0; color: inherit; opacity: 0.8;'>Descripci\u00f3n<\/h3>\n<ul style='padding-left: 20px; font-size: 15px; color: inherit;'>\n<li style='margin-bottom: 5px;'>Elemento de 5 Watt para Wattmetro BIRD 43 en 100 a 250 MHz<\/li>\n<li style='margin-bottom: 5px;'>Elementos est\u00e1ndar<\/li>\n<\/ul><\/div>\n<\/p><\/div>\n<div style='display: flex; flex-wrap: wrap; gap: 20px; margin-bottom: 30px;'>\n<div style='flex: 1 1 250px; border: 1px solid rgba(150&comma; 150&comma; 150&comma; 0.4); border-radius: 8px; overflow: hidden; display: flex; flex-direction: column;'>\n<div style='padding: 15px; border-bottom: 1px solid rgba(150&comma; 150&comma; 150&comma; 0.2); font-weight: bold; font-size: 18px; color: inherit;'>Calibraci\u00f3n<\/div>\n<div style='padding: 15px; color: inherit;'>\n<ul style='padding-left: 20px; margin: 0; font-size: 14px; list-style-type: disc;'>\n<li style='margin-bottom: 5px;'>Todos los elementos insertables est\u00e1n calibrados de acuerdo a los procedimientos minuciosos de calibraci\u00f3n de BIRD&comma; respaldados por un largo historial de los valores medios de desviaci\u00f3n para asegurar la similitud a las especificaciones anunciadas de los instrumentos actuales&comma; as\u00ed como la intercambiabilidad en campo con los equipos de confianza adquiridos y utilizados en todos los a\u00f1os desde su presentaci\u00f3n.<\/li>\n<\/ul><\/div>\n<\/p><\/div>\n<\/p><\/div>\n<hr style='border: 0; border-top: 1px solid rgba(150&comma; 150&comma; 150&comma; 0.3); margin: 30px 0;'>\n<div style='display: flex; flex-wrap: wrap; gap: 20px; margin-bottom: 30px;'>\n<div style='flex: 1 1 250px; border: 1px solid rgba(150&comma; 150&comma; 150&comma; 0.4); border-radius: 8px; overflow: hidden; display: flex; flex-direction: column;'>\n<div style='padding: 15px; border-bottom: 1px solid rgba(150&comma; 150&comma; 150&comma; 0.2); font-weight: bold; font-size: 18px; color: inherit;'>Especificaciones<\/div>\n<div style='padding: 15px; color: inherit;'>\n<table style='width: 100%; border-collapse: collapse;'>\n<thead>\n<tr style='background-color: #000000; color: white;'>\n<th style='padding: 6px; border: 1px solid rgba(150&comma; 150&comma; 150&comma; 0.3); font-weight: normal;'>Model Number<\/th>\n<th style='padding: 6px; border: 1px solid rgba(150&comma; 150&comma; 150&comma; 0.3); font-weight: normal;'>Frequency Range (MHz)<\/th>\n<th style='padding: 6px; border: 1px solid rgba(150&comma; 150&comma; 150&comma; 0.3); font-weight: normal;'>Power<\/th>\n<\/tr>\n<\/thead>\n<tbody>\n<tr style='background-color: #eeeeee;'>\n<td style='padding: 6px; border: 1px solid rgba(150&comma; 150&comma; 150&comma; 0.3);'>50H<\/td>\n<td style='padding: 6px; border: 1px solid rgba(150&comma; 150&comma; 150&comma; 0.3);'>2-30<\/td>\n<td style='padding: 6px; border: 1px solid rgba(150&comma; 150&comma; 150&comma; 0.3);'>50 W<\/td>\n<\/tr>\n<tr>\n<td style='padding: 6px; border: 1px solid rgba(150&comma; 150&comma; 150&comma; 0.3);'>100H<\/td>\n<td style='padding: 6px; border: 1px solid rgba(150&comma; 150&comma; 150&comma; 0.3);'>2-30<\/td>\n<td style='padding: 6px; border: 1px solid rgba(150&comma; 150&comma; 150&comma; 0.3);'>100 W<\/td>\n<\/tr>\n<tr style='background-color: #eeeeee;'>\n<td style='padding: 6px; border: 1px solid rgba(150&comma; 150&comma; 150&comma; 0.3);'>250H<\/td>\n<td style='padding: 6px; border: 1px solid rgba(150&comma; 150&comma; 150&comma; 0.3);'>2-30<\/td>\n<td style='padding: 6px; border: 1px solid rgba(150&comma; 150&comma; 150&comma; 0.3);'>250 W<\/td>\n<\/tr>\n<tr>\n<td style='padding: 6px; border: 1px solid rgba(150&comma; 150&comma; 150&comma; 0.3);'>500H<\/td>\n<td style='padding: 6px; border: 1px solid rgba(150&comma; 150&comma; 150&comma; 0.3);'>2-30<\/td>\n<td style='padding: 6px; border: 1px solid rgba(150&comma; 150&comma; 150&comma; 0.3);'>500 W<\/td>\n<\/tr>\n<tr style='background-color: #eeeeee;'>\n<td style='padding: 6px; border: 1px solid rgba(150&comma; 150&comma; 150&comma; 0.3);'>1000H<\/td>\n<td style='padding: 6px; border: 1px solid rgba(150&comma; 150&comma; 150&comma; 0.3);'>2-30<\/td>\n<td style='padding: 6px; border: 1px solid rgba(150&comma; 150&comma; 150&comma; 0.3);'>1000 W<\/td>\n<\/tr>\n<tr>\n<td style='padding: 6px; border: 1px solid rgba(150&comma; 150&comma; 150&comma; 0.3);'>2500H<\/td>\n<td style='padding: 6px; border: 1px solid rgba(150&comma; 150&comma; 150&comma; 0.3);'>2-30<\/td>\n<td style='padding: 6px; border: 1px solid rgba(150&comma; 150&comma; 150&comma; 0.3);'>2500 W<\/td>\n<\/tr>\n<tr style='background-color: #eeeeee;'>\n<td style='padding: 6px; border: 1px solid rgba(150&comma; 150&comma; 150&comma; 0.3);'>5000H<\/td>\n<td style='padding: 6px; border: 1px solid rgba(150&comma; 150&comma; 150&comma; 0.3);'>2-30<\/td>\n<td style='padding: 6px; border: 1px solid rgba(150&comma; 150&comma; 150&comma; 0.3);'>5000 W<\/td>\n<\/tr>\n<tr>\n<td style='padding: 6px; border: 1px solid rgba(150&comma; 150&comma; 150&comma; 0.3);'>5A<\/td>\n<td style='padding: 6px; border: 1px solid rgba(150&comma; 150&comma; 150&comma; 0.3);'>25-60<\/td>\n<td style='padding: 6px; border: 1px solid rgba(150&comma; 150&comma; 150&comma; 0.3);'>5 W<\/td>\n<\/tr>\n<tr style='background-color: #eeeeee;'>\n<td style='padding: 6px; border: 1px solid rgba(150&comma; 150&comma; 150&comma; 0.3);'>10A<\/td>\n<td style='padding: 6px; border: 1px solid rgba(150&comma; 150&comma; 150&comma; 0.3);'>25-60<\/td>\n<td style='padding: 6px; border: 1px solid rgba(150&comma; 150&comma; 150&comma; 0.3);'>10 W<\/td>\n<\/tr>\n<tr>\n<td style='padding: 6px; border: 1px solid rgba(150&comma; 150&comma; 150&comma; 0.3);'>25A<\/td>\n<td style='padding: 6px; border: 1px solid rgba(150&comma; 150&comma; 150&comma; 0.3);'>25-60<\/td>\n<td style='padding: 6px; border: 1px solid rgba(150&comma; 150&comma; 150&comma; 0.3);'>25 W<\/td>\n<\/tr>\n<tr style='background-color: #eeeeee;'>\n<td style='padding: 6px; border: 1px solid rgba(150&comma; 150&comma; 150&comma; 0.3);'>50A<\/td>\n<td style='padding: 6px; border: 1px solid rgba(150&comma; 150&comma; 150&comma; 0.3);'>25-60<\/td>\n<td style='padding: 6px; border: 1px solid rgba(150&comma; 150&comma; 150&comma; 0.3);'>50 W<\/td>\n<\/tr>\n<tr>\n<td style='padding: 6px; border: 1px solid rgba(150&comma; 150&comma; 150&comma; 0.3);'>100A<\/td>\n<td style='padding: 6px; border: 1px solid rgba(150&comma; 150&comma; 150&comma; 0.3);'>25-60<\/td>\n<td style='padding: 6px; border: 1px solid rgba(150&comma; 150&comma; 150&comma; 0.3);'>100 W<\/td>\n<\/tr>\n<tr style='background-color: #eeeeee;'>\n<td style='padding: 6px; border: 1px solid rgba(150&comma; 150&comma; 150&comma; 0.3);'>250A<\/td>\n<td style='padding: 6px; border: 1px solid rgba(150&comma; 150&comma; 150&comma; 0.3);'>25-60<\/td>\n<td style='padding: 6px; border: 1px solid rgba(150&comma; 150&comma; 150&comma; 0.3);'>250 W<\/td>\n<\/tr>\n<tr>\n<td style='padding: 6px; border: 1px solid rgba(150&comma; 150&comma; 150&comma; 0.3);'>500A<\/td>\n<td style='padding: 6px; border: 1px solid rgba(150&comma; 150&comma; 150&comma; 0.3);'>25-60<\/td>\n<td style='padding: 6px; border: 1px solid rgba(150&comma; 150&comma; 150&comma; 0.3);'>500 W<\/td>\n<\/tr>\n<tr style='background-color: #eeeeee;'>\n<td style='padding: 6px; border: 1px solid rgba(150&comma; 150&comma; 150&comma; 0.3);'>1000A<\/td>\n<td style='padding: 6px; border: 1px solid rgba(150&comma; 150&comma; 150&comma; 0.3);'>25-60<\/td>\n<td style='padding: 6px; border: 1px solid rgba(150&comma; 150&comma; 150&comma; 0.3);'>1000 W<\/td>\n<\/tr>\n<tr>\n<td style='padding: 6px; border: 1px solid rgba(150&comma; 150&comma; 150&comma; 0.3);'>5B<\/td>\n<td style='padding: 6px; border: 1px solid rgba(150&comma; 150&comma; 150&comma; 0.3);'>50-125<\/td>\n<td style='padding: 6px; border: 1px solid rgba(150&comma; 150&comma; 150&comma; 0.3);'>5 W<\/td>\n<\/tr>\n<tr style='background-color: #eeeeee;'>\n<td style='padding: 6px; border: 1px solid rgba(150&comma; 150&comma; 150&comma; 0.3);'>10B<\/td>\n<td style='padding: 6px; border: 1px solid rgba(150&comma; 150&comma; 150&comma; 0.3);'>50-125<\/td>\n<td style='padding: 6px; border: 1px solid rgba(150&comma; 150&comma; 150&comma; 0.3);'>10 W<\/td>\n<\/tr>\n<tr>\n<td style='padding: 6px; border: 1px solid rgba(150&comma; 150&comma; 150&comma; 0.3);'>25B<\/td>\n<td style='padding: 6px; border: 1px solid rgba(150&comma; 150&comma; 150&comma; 0.3);'>50-125<\/td>\n<td style='padding: 6px; border: 1px solid rgba(150&comma; 150&comma; 150&comma; 0.3);'>25 W<\/td>\n<\/tr>\n<tr style='background-color: #eeeeee;'>\n<td style='padding: 6px; border: 1px solid rgba(150&comma; 150&comma; 150&comma; 0.3);'>50B<\/td>\n<td style='padding: 6px; border: 1px solid rgba(150&comma; 150&comma; 150&comma; 0.3);'>50-125<\/td>\n<td style='padding: 6px; border: 1px solid rgba(150&comma; 150&comma; 150&comma; 0.3);'>50 W<\/td>\n<\/tr>\n<tr>\n<td style='padding: 6px; border: 1px solid rgba(150&comma; 150&comma; 150&comma; 0.3);'>100B<\/td>\n<td style='padding: 6px; border: 1px solid rgba(150&comma; 150&comma; 150&comma; 0.3);'>50-125<\/td>\n<td style='padding: 6px; border: 1px solid rgba(150&comma; 150&comma; 150&comma; 0.3);'>100 W<\/td>\n<\/tr>\n<tr style='background-color: #eeeeee;'>\n<td style='padding: 6px; border: 1px solid rgba(150&comma; 150&comma; 150&comma; 0.3);'>250B<\/td>\n<td style='padding: 6px; border: 1px solid rgba(150&comma; 150&comma; 150&comma; 0.3);'>50-125<\/td>\n<td style='padding: 6px; border: 1px solid rgba(150&comma; 150&comma; 150&comma; 0.3);'>250 W<\/td>\n<\/tr>\n<tr>\n<td style='padding: 6px; border: 1px solid rgba(150&comma; 150&comma; 150&comma; 0.3);'>500B<\/td>\n<td style='padding: 6px; border: 1px solid rgba(150&comma; 150&comma; 150&comma; 0.3);'>50-125<\/td>\n<td style='padding: 6px; border: 1px solid rgba(150&comma; 150&comma; 150&comma; 0.3);'>500 W<\/td>\n<\/tr>\n<tr style='background-color: #eeeeee;'>\n<td style='padding: 6px; border: 1px solid rgba(150&comma; 150&comma; 150&comma; 0.3);'>1000B<\/td>\n<td style='padding: 6px; border: 1px solid rgba(150&comma; 150&comma; 150&comma; 0.3);'>50-125<\/td>\n<td style='padding: 6px; border: 1px solid rgba(150&comma; 150&comma; 150&comma; 0.3);'>1000 W<\/td>\n<\/tr>\n<tr>\n<td style='padding: 6px; border: 1px solid rgba(150&comma; 150&comma; 150&comma; 0.3);'>5C<\/td>\n<td style='padding: 6px; border: 1px solid rgba(150&comma; 150&comma; 150&comma; 0.3);'>100-250<\/td>\n<td style='padding: 6px; border: 1px solid rgba(150&comma; 150&comma; 150&comma; 0.3);'>5 W<\/td>\n<\/tr>\n<tr style='background-color: #eeeeee;'>\n<td style='padding: 6px; border: 1px solid rgba(150&comma; 150&comma; 150&comma; 0.3);'>10C<\/td>\n<td style='padding: 6px; border: 1px solid rgba(150&comma; 150&comma; 150&comma; 0.3);'>100-250<\/td>\n<td style='padding: 6px; border: 1px solid rgba(150&comma; 150&comma; 150&comma; 0.3);'>10 W<\/td>\n<\/tr>\n<tr>\n<td style='padding: 6px; border: 1px solid rgba(150&comma; 150&comma; 150&comma; 0.3);'>25C<\/td>\n<td style='padding: 6px; border: 1px solid rgba(150&comma; 150&comma; 150&comma; 0.3);'>100-250<\/td>\n<td style='padding: 6px; border: 1px solid rgba(150&comma; 150&comma; 150&comma; 0.3);'>25 W<\/td>\n<\/tr>\n<tr style='background-color: #eeeeee;'>\n<td style='padding: 6px; border: 1px solid rgba(150&comma; 150&comma; 150&comma; 0.3);'>50C<\/td>\n<td style='padding: 6px; border: 1px solid rgba(150&comma; 150&comma; 150&comma; 0.3);'>100-250<\/td>\n<td style='padding: 6px; border: 1px solid rgba(150&comma; 150&comma; 150&comma; 0.3);'>50 W<\/td>\n<\/tr>\n<tr>\n<td style='padding: 6px; border: 1px solid rgba(150&comma; 150&comma; 150&comma; 0.3);'>100C<\/td>\n<td style='padding: 6px; border: 1px solid rgba(150&comma; 150&comma; 150&comma; 0.3);'>100-250<\/td>\n<td style='padding: 6px; border: 1px solid rgba(150&comma; 150&comma; 150&comma; 0.3);'>100 W<\/td>\n<\/tr>\n<tr style='background-color: #eeeeee;'>\n<td style='padding: 6px; border: 1px solid rgba(150&comma; 150&comma; 150&comma; 0.3);'>250C<\/td>\n<td style='padding: 6px; border: 1px solid rgba(150&comma; 150&comma; 150&comma; 0.3);'>100-250<\/td>\n<td style='padding: 6px; border: 1px solid rgba(150&comma; 150&comma; 150&comma; 0.3);'>250 W<\/td>\n<\/tr>\n<tr>\n<td style='padding: 6px; border: 1px solid rgba(150&comma; 150&comma; 150&comma; 0.3);'>500C<\/td>\n<td style='padding: 6px; border: 1px solid rgba(150&comma; 150&comma; 150&comma; 0.3);'>100-250<\/td>\n<td style='padding: 6px; border: 1px solid rgba(150&comma; 150&comma; 150&comma; 0.3);'>500 W<\/td>\n<\/tr>\n<tr style='background-color: #eeeeee;'>\n<td style='padding: 6px; border: 1px solid rgba(150&comma; 150&comma; 150&comma; 0.3);'>1000C<\/td>\n<td style='padding: 6px; border: 1px solid rgba(150&comma; 150&comma; 150&comma; 0.3);'>100-250<\/td>\n<td style='padding: 6px; border: 1px solid rgba(150&comma; 150&comma; 150&comma; 0.3);'>1000 W<\/td>\n<\/tr>\n<\/tbody>\n<\/table><\/div>\n<\/p><\/div>\n<\/p><\/div>\n<\/p><\/div>\n","protected":false},"excerpt":{"rendered":"<p>Elemento de 5 Watt en linea 7\/8&#8243; para Wattmetro BIRD 43 en Rango de Frecuencia de 100 a 250 MHz.<\/p>\n","protected":false},"featured_media":64925,"comment_status":"open","ping_status":"closed","template":"","meta":[],"product_brand":[],"product_cat":[1639],"product_tag":[1641,931,1640],"class_list":{"0":"post-64926","1":"product","2":"type-product","3":"status-publish","4":"has-post-thumbnail","6":"product_cat-wattmetros-y-elementos","7":"product_tag-bird-technologies","8":"product_tag-equipo-de-laboratorio","9":"product_tag-wattmetros-y-elementos","11":"first","12":"instock","13":"sale","14":"shipping-taxable","15":"purchasable","16":"product-type-simple"},"_links":{"self":[{"href":"https:\/\/soydeaqui.ddns.net\/pachuca\/index.php\/wp-json\/wp\/v2\/product\/64926","targetHints":{"allow":["GET"]}}],"collection":[{"href":"https:\/\/soydeaqui.ddns.net\/pachuca\/index.php\/wp-json\/wp\/v2\/product"}],"about":[{"href":"https:\/\/soydeaqui.ddns.net\/pachuca\/index.php\/wp-json\/wp\/v2\/types\/product"}],"replies":[{"embeddable":true,"href":"https:\/\/soydeaqui.ddns.net\/pachuca\/index.php\/wp-json\/wp\/v2\/comments?post=64926"}],"wp:featuredmedia":[{"embeddable":true,"href":"https:\/\/soydeaqui.ddns.net\/pachuca\/index.php\/wp-json\/wp\/v2\/media\/64925"}],"wp:attachment":[{"href":"https:\/\/soydeaqui.ddns.net\/pachuca\/index.php\/wp-json\/wp\/v2\/media?parent=64926"}],"wp:term":[{"taxonomy":"product_brand","embeddable":true,"href":"https:\/\/soydeaqui.ddns.net\/pachuca\/index.php\/wp-json\/wp\/v2\/product_brand?post=64926"},{"taxonomy":"product_cat","embeddable":true,"href":"https:\/\/soydeaqui.ddns.net\/pachuca\/index.php\/wp-json\/wp\/v2\/product_cat?post=64926"},{"taxonomy":"product_tag","embeddable":true,"href":"https:\/\/soydeaqui.ddns.net\/pachuca\/index.php\/wp-json\/wp\/v2\/product_tag?post=64926"}],"curies":[{"name":"wp","href":"https:\/\/api.w.org\/{rel}","templated":true}]}}