{"id":64914,"date":"2026-03-19T08:03:48","date_gmt":"2026-03-19T08:03:48","guid":{"rendered":"https:\/\/soydeaqui.ddns.net\/pachuca\/index.php\/producto\/descontinuado-duplexer-compacto-de-rechazo-de-banda-406-450-mhz-6-cavidades-50-watt\/"},"modified":"2026-03-19T08:03:50","modified_gmt":"2026-03-19T08:03:50","slug":"descontinuado-duplexer-compacto-de-rechazo-de-banda-406-450-mhz-6-cavidades-50-watt","status":"publish","type":"product","link":"https:\/\/soydeaqui.ddns.net\/pachuca\/index.php\/producto\/descontinuado-duplexer-compacto-de-rechazo-de-banda-406-450-mhz-6-cavidades-50-watt\/","title":{"rendered":"&#8211;DESCONTINUADO&#8211;Duplexer Compacto de Rechazo de Banda, 406-450 MHz, 6 cavidades, 50 Watt."},"content":{"rendered":"<div style='width: 100%; max-width: 1200px; margin: 0 auto; font-family: sans-serif; line-height: 1.6; color: inherit; background-color: transparent;'>\n<div style='width: 100%; padding: 20px; background-color: rgba(195&comma; 18&comma; 18&comma; 0.1); border-left: 4px solid #c31212; margin-bottom: 20px;'>\n<p style='margin: 0; font-size: 18px; color: #c31212; font-weight: bold;'> <strong>DESCONTINUADO<\/strong> <\/p>\n<\/p><\/div>\n<div style='display: flex; flex-wrap: wrap; gap: 30px; margin-bottom: 30px;'>\n<div style='flex: 1 1 300px; min-width: 280px;'>\n<h3 style='font-size: 22px; border-bottom: 2px solid currentColor; padding-bottom: 5px; margin-top: 0; color: inherit; opacity: 0.8;'>Especificaciones Generales<\/h3>\n<ul style='padding-left: 20px; font-size: 15px; color: inherit;'>\n<li><strong>Tipo:<\/strong> Duplexer Compacto de Rechazo de Banda<\/li>\n<li><strong>Frecuencia:<\/strong> 406-450 MHz<\/li>\n<li><strong>Cavidades:<\/strong> 6<\/li>\n<li><strong>Potencia:<\/strong> 50 W<\/li>\n<li><strong>Aplicaci\u00f3n:<\/strong> UHF<\/li>\n<li><strong>Tipo:<\/strong> M\u00f3vil<\/li>\n<\/ul><\/div>\n<div style='flex: 1 1 300px; min-width: 280px;'>\n<h3 style='font-size: 22px; border-bottom: 2px solid currentColor; padding-bottom: 5px; margin-top: 0; color: inherit; opacity: 0.8;'>Caracter\u00edsticas T\u00e9cnicas<\/h3>\n<ul style='padding-left: 20px; font-size: 15px; color: inherit;'>\n<li><strong>Separaci\u00f3n de Frecuencias:<\/strong> 4.5 a 8 MHz<\/li>\n<li><strong>P\u00e9rdida por Inserci\u00f3n:<\/strong> M\u00e1ximo 1.2 dB<\/li>\n<li><strong>Aislamiento Tx-Rx:<\/strong> 80 dB<\/li>\n<li><strong>Estabilidad T\u00e9rmica:<\/strong> M\u00ednimo corrimiento de frecuencia por cambios de temperatura<\/li>\n<li><strong>Resonadores:<\/strong> Cobre plateado<\/li>\n<li><strong>Aislamiento:<\/strong> Tefl\u00f3n (UHF)<\/li>\n<li><strong>Cables:<\/strong> Semirr\u00edgidos para reducir p\u00e9rdida por inserci\u00f3n<\/li>\n<li><strong>Blindaje:<\/strong> Cavidades de Aluminio Iridiado<\/li>\n<li><strong>Conectores:<\/strong> BNC Hembra (opci\u00f3n a N Hembra bajo pedido especial)<\/li>\n<\/ul><\/div>\n<\/p><\/div>\n<div style='display: flex; flex-wrap: wrap; gap: 20px; margin-bottom: 30px;'>\n<div style='flex: 1 1 250px; border: 1px solid rgba(150&comma; 150&comma; 150&comma; 0.4); border-radius: 8px; overflow: hidden; display: flex; flex-direction: column;'>\n<div style='padding: 15px; border-bottom: 1px solid rgba(150&comma; 150&comma; 150&comma; 0.2); font-weight: bold; font-size: 18px; color: inherit;'>Especificaciones El\u00e9ctricas<\/div>\n<div style='padding: 15px; color: inherit;'>\n<ul style='padding-left: 20px; margin: 0; font-size: 14px; list-style-type: disc;'>\n<li><strong>Rango de Frecuencia:<\/strong> 406-450 MHz<\/li>\n<li><strong>Separaci\u00f3n de Frecuencia:<\/strong> 5.0 MHz<\/li>\n<li><strong>Aislamiento Tx a Rx:<\/strong> \u226575 dB<\/li>\n<li><strong>P\u00e9rdida por Inserci\u00f3n:<\/strong> 1.4 dB<\/li>\n<li><strong>Potencia de Entrada Continua:<\/strong> 50.0 W<\/li>\n<li><strong>VSWR M\u00e1ximo (50 ohms):<\/strong> 1.3:1<\/li>\n<\/ul><\/div>\n<\/p><\/div>\n<div style='flex: 1 1 250px; border: 1px solid rgba(150&comma; 150&comma; 150&comma; 0.4); border-radius: 8px; overflow: hidden; display: flex; flex-direction: column;'>\n<div style='padding: 15px; border-bottom: 1px solid rgba(150&comma; 150&comma; 150&comma; 0.2); font-weight: bold; font-size: 18px; color: inherit;'>Especificaciones Mec\u00e1nicas<\/div>\n<div style='padding: 15px; color: inherit;'>\n<ul style='padding-left: 20px; margin: 0; font-size: 14px; list-style-type: disc;'>\n<li><strong>Tipo de Conector:<\/strong> BNC-Hembra<\/li>\n<li><strong>Dimensiones:<\/strong> 31.8 mm (1.25&#8242;) de alto \u00d7 157 mm (6.19&#8242;) de ancho \u00d7 228 mm (9&#8242;) de profundidad<\/li>\n<li><strong>Peso:<\/strong> 1.7 kg (3.5 lbs)<\/li>\n<li><strong>Montaje:<\/strong> No requiere rack 19&#8242;<\/li>\n<\/ul><\/div>\n<\/p><\/div>\n<div style='flex: 1 1 250px; border: 1px solid rgba(150&comma; 150&comma; 150&comma; 0.4); border-radius: 8px; overflow: hidden; display: flex; flex-direction: column;'>\n<div style='padding: 15px; border-bottom: 1px solid rgba(150&comma; 150&comma; 150&comma; 0.2); font-weight: bold; font-size: 18px; color: inherit;'>Especificaciones de Temperatura<\/div>\n<div style='padding: 15px; color: inherit;'>\n<ul style='padding-left: 20px; margin: 0; font-size: 14px; list-style-type: disc;'>\n<li><strong>Rango de Temperatura:<\/strong> -30\u00b0C a 60\u00b0C (-22\u00b0F a 140\u00b0F)<\/li>\n<\/ul><\/div>\n<\/p><\/div>\n<\/p><\/div>\n<div style='display: flex; flex-wrap: wrap; gap: 20px; margin-bottom: 30px;'>\n<div style='flex: 1 1 250px; border: 1px solid rgba(150&comma; 150&comma; 150&comma; 0.4); border-radius: 8px; overflow: hidden; display: flex; flex-direction: column;'>\n<div style='padding: 15px; border-bottom: 1px solid rgba(150&comma; 150&comma; 150&comma; 0.2); font-weight: bold; font-size: 18px; color: inherit;'>Caracter\u00edsticas de Dise\u00f1o<\/div>\n<div style='padding: 15px; color: inherit;'>\n<ul style='padding-left: 20px; margin: 0; font-size: 14px; list-style-type: disc;'>\n<li><strong>Resonadores:<\/strong> 6 resonadores capacitivos ajustables<\/li>\n<li><strong>Carcasa:<\/strong> Aluminio 6063-T6 extruido<\/li>\n<li><strong>Protecci\u00f3n:<\/strong> Recubrimiento iridite y pintura adicional<\/li>\n<li><strong>Cableado:<\/strong> Cables con blindaje de cobre y aislamiento de tefl\u00f3n para baja p\u00e9rdida<\/li>\n<\/ul><\/div>\n<\/p><\/div>\n<div style='flex: 1 1 250px; border: 1px solid rgba(150&comma; 150&comma; 150&comma; 0.4); border-radius: 8px; overflow: hidden; display: flex; flex-direction: column;'>\n<div style='padding: 15px; border-bottom: 1px solid rgba(150&comma; 150&comma; 150&comma; 0.2); font-weight: bold; font-size: 18px; color: inherit;'>Beneficios<\/div>\n<div style='padding: 150px; color: inherit;'>\n<ul style='padding-left: 20px; margin: 0; font-size: 14px; list-style-type: disc;'>\n<li><strong>Baja P\u00e9rdida:<\/strong> Maximiza el rendimiento del sistema<\/li>\n<li><strong>Alto Aislamiento:<\/strong> Minimiza la interferencia<\/li>\n<li><strong>Dise\u00f1o Compacto:<\/strong> Minimiza los requisitos de espacio<\/li>\n<\/ul><\/div>\n<\/p><\/div>\n<\/p><\/div>\n<div style='width: 100%; margin: 30px 0; text-align: center;'>\n<p style='font-weight: bold; color: inherit; font-size: 15px; margin: 0;'>* Consulte por disponibilidad<\/p>\n<\/p><\/div>\n<\/p><\/div>\n","protected":false},"excerpt":{"rendered":"<p>&#8211;DESCONTINUADO&#8211;Duplexer Compacto de Rechazo de Banda, 406-450 MHz, 6 cavidades, 50 Watt.<\/p>\n","protected":false},"featured_media":64913,"comment_status":"open","ping_status":"closed","template":"","meta":[],"product_brand":[],"product_cat":[1759],"product_tag":[1760,1660,1923],"class_list":{"0":"post-64914","1":"product","2":"type-product","3":"status-publish","4":"has-post-thumbnail","6":"product_cat-duplexers","7":"product_tag-duplexers","8":"product_tag-filtros-y-sistemas-en-rf","9":"product_tag-rfs","11":"first","12":"outofstock","13":"sale","14":"shipping-taxable","15":"purchasable","16":"product-type-simple"},"_links":{"self":[{"href":"https:\/\/soydeaqui.ddns.net\/pachuca\/index.php\/wp-json\/wp\/v2\/product\/64914","targetHints":{"allow":["GET"]}}],"collection":[{"href":"https:\/\/soydeaqui.ddns.net\/pachuca\/index.php\/wp-json\/wp\/v2\/product"}],"about":[{"href":"https:\/\/soydeaqui.ddns.net\/pachuca\/index.php\/wp-json\/wp\/v2\/types\/product"}],"replies":[{"embeddable":true,"href":"https:\/\/soydeaqui.ddns.net\/pachuca\/index.php\/wp-json\/wp\/v2\/comments?post=64914"}],"wp:featuredmedia":[{"embeddable":true,"href":"https:\/\/soydeaqui.ddns.net\/pachuca\/index.php\/wp-json\/wp\/v2\/media\/64913"}],"wp:attachment":[{"href":"https:\/\/soydeaqui.ddns.net\/pachuca\/index.php\/wp-json\/wp\/v2\/media?parent=64914"}],"wp:term":[{"taxonomy":"product_brand","embeddable":true,"href":"https:\/\/soydeaqui.ddns.net\/pachuca\/index.php\/wp-json\/wp\/v2\/product_brand?post=64914"},{"taxonomy":"product_cat","embeddable":true,"href":"https:\/\/soydeaqui.ddns.net\/pachuca\/index.php\/wp-json\/wp\/v2\/product_cat?post=64914"},{"taxonomy":"product_tag","embeddable":true,"href":"https:\/\/soydeaqui.ddns.net\/pachuca\/index.php\/wp-json\/wp\/v2\/product_tag?post=64914"}],"curies":[{"name":"wp","href":"https:\/\/api.w.org\/{rel}","templated":true}]}}