{"id":64873,"date":"2026-03-19T08:02:28","date_gmt":"2026-03-19T08:02:28","guid":{"rendered":"https:\/\/soydeaqui.ddns.net\/pachuca\/index.php\/producto\/kit-de-aterrizaje-estandar-para-cable-de-1-2-longitud-del-conductor-24\/"},"modified":"2026-03-19T08:02:33","modified_gmt":"2026-03-19T08:02:33","slug":"kit-de-aterrizaje-estandar-para-cable-de-1-2-longitud-del-conductor-24","status":"publish","type":"product","link":"https:\/\/soydeaqui.ddns.net\/pachuca\/index.php\/producto\/kit-de-aterrizaje-estandar-para-cable-de-1-2-longitud-del-conductor-24\/","title":{"rendered":"Kit de aterrizaje Est\u00e1ndar para cable de 1\/2&#8243;. Longitud del conductor 24&#8243;"},"content":{"rendered":"<div style='width: 100%; max-width: 1200px; margin: 0 auto; font-family: sans-serif; line-height: 1.6; color: inherit; background-color: transparent;'> <!-- Secci\u00f3n de contenido con flex\/grid --> <\/p>\n<div style='display: flex; flex-wrap: wrap; gap: 30px; margin-bottom: 30px;'>\n<div style='flex: 1 1 300px; min-width: 280px;'>\n<h3 style='font-size: 22px; border-bottom: 2px solid currentColor; padding-bottom: 5px; margin-top: 0; color: inherit; opacity: 0.8;'>Especificaciones el\u00e9ctricas<\/h3>\n<ul style='padding-left: 20px; font-size: 15px; color: inherit;'>\n<li style='margin-bottom: 5px;'>Manejo de corriente: Probado para soportar picos de corriente pico de 100 000 amperios<\/li>\n<li style='margin-bottom: 5px;'>M\u00e9todo de prueba de manejo actual: MIL-STD-1757<\/li>\n<li style='margin-bottom: 5px;'>M\u00e9todo de prueba de puesta a tierra&comma; uni\u00f3n y blindaje: MIL-STD-188-124A<\/li>\n<li style='margin-bottom: 5px;'>M\u00e9todo de prueba de protecci\u00f3n contra rayos: IEC 1024-1<\/li>\n<\/ul><\/div>\n<div style='flex: 1 1 300px; min-width: 280px;'>\n<h3 style='font-size: 22px; border-bottom: 2px solid currentColor; padding-bottom: 5px; margin-top: 0; color: inherit; opacity: 0.8;'>Especificaciones mec\u00e1nicas<\/h3>\n<ul style='padding-left: 20px; font-size: 15px; color: inherit;'>\n<li style='margin-bottom: 5px;'>M\u00e9todo de prueba de lluvia: MIL-STD-810&comma; Method 506<\/li>\n<li style='margin-bottom: 5px;'>M\u00e9todo de prueba de corrosi\u00f3n: MIL-STD-1344&comma; Method 1001<\/li>\n<li style='margin-bottom: 5px;'>M\u00e9todo de prueba de lluvia helada\/formaci\u00f3n de hielo: MIL-STD-810&comma; Method 521<\/li>\n<li style='margin-bottom: 5px;'>M\u00e9todo de prueba de humedad: MIL-STD-1344&comma; Method 1002<\/li>\n<li style='margin-bottom: 5px;'>M\u00e9todo de prueba de inmersi\u00f3n: IEC 60529:2001&comma; IP68<\/li>\n<li style='margin-bottom: 5px;'>Temperatura de funcionamiento: -40 \u00b0C to +85 \u00b0C (-40 \u00b0F to +185 \u00b0F)<\/li>\n<li style='margin-bottom: 5px;'>Temperatura de almacenamiento: -40 \u00b0C to +80 \u00b0C (-40 \u00b0F to +176 \u00b0F)<\/li>\n<li style='margin-bottom: 5px;'>Tama\u00f1o de la rosca: 3\/8 in.<\/li>\n<li style='margin-bottom: 5px;'>M\u00e9todo de prueba de resistencia UV: MIL-STD-810&comma; M\u00e9todo 505<\/li>\n<li style='margin-bottom: 5px;'>M\u00e9todo de prueba de vibraci\u00f3n: MIL-STD-202&comma; M\u00e9todo 214<\/li>\n<\/ul><\/div>\n<div style='flex: 1 1 300px; min-width: 280px;'>\n<h3 style='font-size: 22px; border-bottom: 2px solid currentColor; padding-bottom: 5px; margin-top: 0; color: inherit; opacity: 0.8;'>Especificaciones generales<\/h3>\n<ul style='padding-left: 20px; font-size: 15px; color: inherit;'>\n<li style='margin-bottom: 5px;'><strong>Tipo de cable:<\/strong> Corrugado | Gu\u00eda de onda el\u00edptica<\/li>\n<li style='margin-bottom: 5px;'><strong>Tipo de kit de puesta a tierra:<\/strong> Kits de puesta a tierra est\u00e1ndar<\/li>\n<li style='margin-bottom: 5px;'><strong>Nota para pedidos:<\/strong> producto no est\u00e1ndar de CommScope\u00ae<\/li>\n<li style='margin-bottom: 5px;'><strong>Color:<\/strong> Negro<\/li>\n<li style='margin-bottom: 5px;'><strong>Material del conductor de uni\u00f3n:<\/strong> Cobre<\/li>\n<li style='margin-bottom: 5px;'><strong>Tama\u00f1o del cable del conductor de uni\u00f3n:<\/strong> calibre 6<\/li>\n<li style='margin-bottom: 5px;'><strong>Material de revestimiento del conductor de uni\u00f3n:<\/strong> PVC<\/li>\n<li style='margin-bottom: 5px;'><strong>Material de la correa de puesta a tierra:<\/strong> Cobre<\/li>\n<li style='margin-bottom: 5px;'><strong>Incluye:<\/strong> Kit de puesta a tierra | Ferreter\u00eda | estir\u00f3n | Un rollo de 2 en cinta de PVC | Un rollo de 24 en cinta de caucho but\u00edlico<\/li>\n<li style='margin-bottom: 5px;'><strong>Accesorio de leng\u00fceta:<\/strong> adjunto de f\u00e1brica<\/li>\n<li style='margin-bottom: 5px;'><strong>Tipo de leng\u00fceta:<\/strong> leng\u00fceta de dos orificios<\/li>\n<li style='margin-bottom: 5px;'><strong>Cantidad del paquete:<\/strong> 1<\/li>\n<li style='margin-bottom: 5px;'><strong>Material del remache:<\/strong> Cobre<\/li>\n<li style='margin-bottom: 5px;'><strong>M\u00e9todo de impermeabilizaci\u00f3n:<\/strong> butilo y cinta el\u00e9ctrica<\/li>\n<\/ul><\/div>\n<div style='flex: 1 1 300px; min-width: 280px;'>\n<h3 style='font-size: 22px; border-bottom: 2px solid currentColor; padding-bottom: 5px; margin-top: 0; color: inherit; opacity: 0.8;'>Dimensiones<\/h3>\n<ul style='padding-left: 20px; font-size: 15px; color: inherit;'>\n<li style='margin-bottom: 5px;'><strong>Tama\u00f1o nominal:<\/strong> 1\/2 in<\/li>\n<li style='margin-bottom: 5px;'><strong>Tama\u00f1o Waveguide:<\/strong> WR42 | WG20 | R220 | WR51 | WG19 | R180<\/li>\n<li style='margin-bottom: 5px;'><strong>Longitud del conductor de uni\u00f3n:<\/strong> 609.6 mm | 24 in<\/li>\n<li style='margin-bottom: 5px;'><strong>Longitud m\u00e1xima de extracci\u00f3n del revestimiento del cable:<\/strong> 59.1 mm | 2.3 in<\/li>\n<li style='margin-bottom: 5px;'><strong>Longitud de remoci\u00f3n del revestimiento del cable&comma; m\u00ednimo:<\/strong> 55.9 mm | 2.2 in<\/li>\n<li style='margin-bottom: 5px;'><strong>Di\u00e1metro compatible&comma; m\u00e1ximo:<\/strong> 16.510 mm | 0.650 in<\/li>\n<li style='margin-bottom: 5px;'><strong>Di\u00e1metro compatible&comma; m\u00ednimo:<\/strong> 15.494 mm | 0.610 in<\/li>\n<\/ul><\/div>\n<\/p><\/div>\n<\/p><\/div>\n","protected":false},"excerpt":{"rendered":"<p>Kit de aterrizaje Est\u00e1ndar para cable de 1\/2&#8243;. Longitud del conductor 24&#8243;<\/p>\n","protected":false},"featured_media":64872,"comment_status":"open","ping_status":"closed","template":"","meta":[],"product_brand":[],"product_cat":[543],"product_tag":[1330,545,544],"class_list":{"0":"post-64873","1":"product","2":"type-product","3":"status-publish","4":"has-post-thumbnail","6":"product_cat-coaxial","7":"product_tag-andrew-commscope","8":"product_tag-coaxial","9":"product_tag-proteccion-contra-descarga","11":"first","12":"instock","13":"sale","14":"shipping-taxable","15":"purchasable","16":"product-type-simple"},"_links":{"self":[{"href":"https:\/\/soydeaqui.ddns.net\/pachuca\/index.php\/wp-json\/wp\/v2\/product\/64873","targetHints":{"allow":["GET"]}}],"collection":[{"href":"https:\/\/soydeaqui.ddns.net\/pachuca\/index.php\/wp-json\/wp\/v2\/product"}],"about":[{"href":"https:\/\/soydeaqui.ddns.net\/pachuca\/index.php\/wp-json\/wp\/v2\/types\/product"}],"replies":[{"embeddable":true,"href":"https:\/\/soydeaqui.ddns.net\/pachuca\/index.php\/wp-json\/wp\/v2\/comments?post=64873"}],"wp:featuredmedia":[{"embeddable":true,"href":"https:\/\/soydeaqui.ddns.net\/pachuca\/index.php\/wp-json\/wp\/v2\/media\/64872"}],"wp:attachment":[{"href":"https:\/\/soydeaqui.ddns.net\/pachuca\/index.php\/wp-json\/wp\/v2\/media?parent=64873"}],"wp:term":[{"taxonomy":"product_brand","embeddable":true,"href":"https:\/\/soydeaqui.ddns.net\/pachuca\/index.php\/wp-json\/wp\/v2\/product_brand?post=64873"},{"taxonomy":"product_cat","embeddable":true,"href":"https:\/\/soydeaqui.ddns.net\/pachuca\/index.php\/wp-json\/wp\/v2\/product_cat?post=64873"},{"taxonomy":"product_tag","embeddable":true,"href":"https:\/\/soydeaqui.ddns.net\/pachuca\/index.php\/wp-json\/wp\/v2\/product_tag?post=64873"}],"curies":[{"name":"wp","href":"https:\/\/api.w.org\/{rel}","templated":true}]}}