{"id":64870,"date":"2026-03-19T08:02:23","date_gmt":"2026-03-19T08:02:23","guid":{"rendered":"https:\/\/soydeaqui.ddns.net\/pachuca\/index.php\/producto\/rollo-de-desoldar-chemtronics-100-ft-30-mts-0-075-inches\/"},"modified":"2026-03-19T08:02:26","modified_gmt":"2026-03-19T08:02:26","slug":"rollo-de-desoldar-chemtronics-100-ft-30-mts-0-075-inches","status":"publish","type":"product","link":"https:\/\/soydeaqui.ddns.net\/pachuca\/index.php\/producto\/rollo-de-desoldar-chemtronics-100-ft-30-mts-0-075-inches\/","title":{"rendered":"Rollo de Desoldar Chemtronics, 100 ft, 30 mts, 0.075 inches."},"content":{"rendered":"<div style='width: 100%; max-width: 1200px; margin: 0 auto; font-family: sans-serif; line-height: 1.6; color: inherit; background-color: transparent;'> <!-- Secci\u00f3n de caracter\u00edsticas --> <\/p>\n<div style='display: flex; flex-wrap: wrap; gap: 30px; margin-bottom: 30px;'>\n<div style='flex: 1 1 300px; min-width: 280px;'>\n<h3 style='font-size: 22px; border-bottom: 2px solid currentColor; padding-bottom: 5px; margin-top: 0; color: inherit; opacity: 0.8;'>Caracter\u00edsticas del producto<\/h3>\n<ul style='padding-left: 20px; font-size: 15px; color: inherit;'>\n<li style='margin-bottom: 5px;'>Carretes Chem-Wik Rosin de 5&#8242; empacados en bobinas disipadoras de est\u00e1tica seguras contra descargas electrost\u00e1ticas (ESD)<\/li>\n<li style='margin-bottom: 5px;'>Requiere poca o ninguna limpieza posterior a la soldadura&comma; sin residuos corrosivos<\/li>\n<li style='margin-bottom: 5px;'>Dise\u00f1o de tejido optimizado para una absorci\u00f3n y transferencia de calor m\u00e1s r\u00e1pidas<\/li>\n<li style='margin-bottom: 5px;'>Libre de haluros<\/li>\n<li style='margin-bottom: 5px;'>Recubierto con fundente de colofonia tipo R no corrosivo de ultra alta pureza<\/li>\n<li style='margin-bottom: 5px;'>Elimina r\u00e1pida y completamente la soldadura.<\/li>\n<li style='margin-bottom: 5px;'>La acci\u00f3n de absorci\u00f3n r\u00e1pida protege los componentes del da\u00f1o por calor nocivo<\/li>\n<\/ul><\/div>\n<\/p><\/div>\n<p> <!-- Secci\u00f3n de descripci\u00f3n --> <\/p>\n<div style='display: flex; flex-wrap: wrap; gap: 30px; margin-bottom: 30px;'>\n<div style='flex: 1 1 300px; min-width: 280px;'>\n<h3 style='font-size: 22px; border-bottom: 2px solid currentColor; padding-bottom: 5px; margin-top: 0; color: inherit; opacity: 0.8;'>Descripci\u00f3n del producto<\/h3>\n<ul style='padding-left: 20px; font-size: 15px; color: inherit;'>\n<li style='margin-bottom: 5px;'>La malla desoldadora Chem-Wik garantiza una desoldadura r\u00e1pida y segura con una trenza de cobre libre de ox\u00edgeno ultrapuro que elimina r\u00e1pida y completamente la soldadura de las placas de circuito y los componentes. Su acci\u00f3n de absorci\u00f3n r\u00e1pida protege los componentes del da\u00f1o por calor nocivo.<\/li>\n<li style='margin-bottom: 5px;'>Toda la malla est\u00e1 sellada en un empaque purgado con nitr\u00f3geno para evitar la corrosi\u00f3n y la p\u00e9rdida de rendimiento por la humedad y el ox\u00edgeno.<\/li>\n<\/ul><\/div>\n<\/p><\/div>\n<p> <!-- Separador --> <\/p>\n<hr style='border: 0; border-top: 1px solid rgba(150&comma; 150&comma; 150&comma; 0.3); margin: 30px 0;'> <!-- Secci\u00f3n de especificaciones --> <\/p>\n<div style='display: flex; flex-wrap: wrap; gap: 20px; margin-bottom: 30px;'>\n<div style='flex: 1 1 250px; border: 1px solid rgba(150&comma; 150&comma; 150&comma; 0.4); border-radius: 8px; overflow: hidden; display: flex; flex-direction: column;'>\n<div style='padding: 15px; border-bottom: 1px solid rgba(150&comma; 150&comma; 150&comma; 0.2); font-weight: bold; font-size: 18px; color: inherit;'>Especificaciones<\/div>\n<div style='padding: 15px; color: inherit;'>\n<ul style='padding-left: 20px; margin: 0; font-size: 14px; list-style-type: disc;'>\n<li style='margin-bottom: 5px;'><strong>Longitud:<\/strong> 100 pies<\/li>\n<li style='margin-bottom: 5px;'><strong>Ancho:<\/strong> 0.075<\/li>\n<li style='margin-bottom: 5px;'><strong>Aplicaci\u00f3n:<\/strong> Almohadillas Medianas<\/li>\n<li style='margin-bottom: 5px;'><strong>Color:<\/strong> Etiqueta verde<\/li>\n<li style='margin-bottom: 5px;'><strong>Tipo de fundente:<\/strong> colofonia tipo R<\/li>\n<li style='margin-bottom: 5px;'><strong>Material:<\/strong> Cobre<\/li>\n<li style='margin-bottom: 5px;'><strong>Cantidad del paquete:<\/strong> 1 por paquete.<\/li>\n<li style='margin-bottom: 5px;'><strong>Tipo de paquete:<\/strong> Carrete<\/li>\n<li style='margin-bottom: 5px;'><strong>Cantidad:<\/strong> 1<\/li>\n<li style='margin-bottom: 5px;'><strong>Conformidad con RoHS:<\/strong> S\u00ed<\/li>\n<li style='margin-bottom: 5px;'><strong>Tama\u00f1o:<\/strong> #3<\/li>\n<\/ul><\/div>\n<\/p><\/div>\n<\/p><\/div>\n<\/p><\/div>\n","protected":false},"excerpt":{"rendered":"<p>Rollo de Desoldar Chemtronics, 100 ft, 30 mts, 0.075 inches.<\/p>\n","protected":false},"featured_media":64869,"comment_status":"open","ping_status":"closed","template":"","meta":[],"product_brand":[],"product_cat":[1317],"product_tag":[931,1318,63],"class_list":{"0":"post-64870","1":"product","2":"type-product","3":"status-publish","4":"has-post-thumbnail","6":"product_cat-herramientas-para-mesa-de-trabajo","7":"product_tag-equipo-de-laboratorio","8":"product_tag-herramientas-para-mesa-de-trabajo","9":"product_tag-syscom","11":"first","12":"instock","13":"sale","14":"shipping-taxable","15":"purchasable","16":"product-type-simple"},"_links":{"self":[{"href":"https:\/\/soydeaqui.ddns.net\/pachuca\/index.php\/wp-json\/wp\/v2\/product\/64870","targetHints":{"allow":["GET"]}}],"collection":[{"href":"https:\/\/soydeaqui.ddns.net\/pachuca\/index.php\/wp-json\/wp\/v2\/product"}],"about":[{"href":"https:\/\/soydeaqui.ddns.net\/pachuca\/index.php\/wp-json\/wp\/v2\/types\/product"}],"replies":[{"embeddable":true,"href":"https:\/\/soydeaqui.ddns.net\/pachuca\/index.php\/wp-json\/wp\/v2\/comments?post=64870"}],"wp:featuredmedia":[{"embeddable":true,"href":"https:\/\/soydeaqui.ddns.net\/pachuca\/index.php\/wp-json\/wp\/v2\/media\/64869"}],"wp:attachment":[{"href":"https:\/\/soydeaqui.ddns.net\/pachuca\/index.php\/wp-json\/wp\/v2\/media?parent=64870"}],"wp:term":[{"taxonomy":"product_brand","embeddable":true,"href":"https:\/\/soydeaqui.ddns.net\/pachuca\/index.php\/wp-json\/wp\/v2\/product_brand?post=64870"},{"taxonomy":"product_cat","embeddable":true,"href":"https:\/\/soydeaqui.ddns.net\/pachuca\/index.php\/wp-json\/wp\/v2\/product_cat?post=64870"},{"taxonomy":"product_tag","embeddable":true,"href":"https:\/\/soydeaqui.ddns.net\/pachuca\/index.php\/wp-json\/wp\/v2\/product_tag?post=64870"}],"curies":[{"name":"wp","href":"https:\/\/api.w.org\/{rel}","templated":true}]}}