{"id":64844,"date":"2026-03-19T08:01:31","date_gmt":"2026-03-19T08:01:31","guid":{"rendered":"https:\/\/soydeaqui.ddns.net\/pachuca\/index.php\/producto\/resistencia-de-potencia-en-oxido-de-metal-1-k-ohm-1-watt-5-rohs-comp-3-5-x-10-mm\/"},"modified":"2026-03-19T08:01:33","modified_gmt":"2026-03-19T08:01:33","slug":"resistencia-de-potencia-en-oxido-de-metal-1-k-ohm-1-watt-5-rohs-comp-3-5-x-10-mm","status":"publish","type":"product","link":"https:\/\/soydeaqui.ddns.net\/pachuca\/index.php\/producto\/resistencia-de-potencia-en-oxido-de-metal-1-k-ohm-1-watt-5-rohs-comp-3-5-x-10-mm\/","title":{"rendered":"Resistencia de Potencia en Oxido de Metal, 1 K Ohm, 1 Watt, 5% ROHS Comp., 3.5 x 10 mm."},"content":{"rendered":"<div style='width: 100%; max-width: 1200px; margin: 0 auto; font-family: sans-serif; line-height: 1.6; color: inherit; background-color: transparent;'>\n<div style='display: flex; flex-wrap: wrap; gap: 30px; margin-bottom: 30px;'>\n<div style='flex: 1 1 300px; min-width: 280px;'>\n<h3 style='font-size: 22px; border-bottom: 2px solid currentColor; padding-bottom: 5px; margin-top: 0; color: inherit; opacity: 0.8;'>Caracter\u00edsticas Principales<\/h3>\n<ul style='padding-left: 20px; font-size: 15px; color: inherit;'>\n<li style='margin-bottom: 5px;'>Temperatura de operaci\u00f3n: -55\u00b0C ~ +235\u00b0C (derating a partir de 70\u00b0C)<\/li>\n<li style='margin-bottom: 5px;'>Tolerancia: \u00b15%<\/li>\n<li style='margin-bottom: 5px;'>Recubrimiento retardante de llama<\/li>\n<li style='margin-bottom: 5px;'>Desempe\u00f1o estable en diversos ambientes<\/li>\n<li style='margin-bottom: 5px;'>N\u00facleo cer\u00e1mico de alta pureza<\/li>\n<li style='margin-bottom: 5px;'>Construcci\u00f3n RoHS Compliant<\/li>\n<\/ul>\n<\/div>\n<div style='flex: 1 1 300px; min-width: 280px;'>\n<h3 style='font-size: 22px; border-bottom: 2px solid currentColor; padding-bottom: 5px; margin-top: 0; color: inherit; opacity: 0.8;'>Especificaciones El\u00e9ctricas<\/h3>\n<ul style='padding-left: 20px; font-size: 15px; color: inherit;'>\n<li style='margin-bottom: 5px;'><strong>Valor:<\/strong> 1 K Ohm<\/li>\n<li style='margin-bottom: 5px;'><strong>Potencia:<\/strong> 1 Watt<\/li>\n<li style='margin-bottom: 5px;'><strong>Rango de resistencia:<\/strong> 0.1 ~ 1.0M \u03a9<\/li>\n<li style='margin-bottom: 5px;'><strong>Tensi\u00f3n:<\/strong> 350 V<\/li>\n<li style='margin-bottom: 5px;'><strong>Coeficiente de temperatura:<\/strong> \u00b1350 PPM\/\u00b0C<\/li>\n<li style='margin-bottom: 5px;'><strong>Resistencia a prueba de pulsos:<\/strong> \u00b1(5% +0.05\u03a9) Max<\/li>\n<li style='margin-bottom: 5px;'><strong>Resistencia a sobre carga:<\/strong> \u00b1(2% + 0.05\u03a9) Max<\/li>\n<\/ul>\n<\/div>\n<\/div>\n<div style='display: flex; flex-wrap: wrap; gap: 20px; margin-bottom: 30px;'>\n<div style='flex: 1 1 250px; border: 1px solid rgba(150&comma; 150&comma; 150&comma; 0.4); border-radius: 8px; overflow: hidden; display: flex; flex-direction: column;'>\n<div style='padding: 15px; border-bottom: 1px solid rgba(150&comma; 150&comma; 150&comma; 0.2); font-weight: bold; font-size: 18px; color: inherit;'>Dimensiones<\/div>\n<div style='padding: 15px; color: inherit;'>\n<ul style='padding-left: 20px; margin: 0; font-size: 14px; list-style-type: disc;'>\n<li style='margin-bottom: 5px;'><strong>Longitud (L):<\/strong> 10 mm<\/li>\n<li style='margin-bottom: 5px;'><strong>Di\u00e1metro (D):<\/strong> 3.5 mm<\/li>\n<li style='margin-bottom: 5px;'><strong>Altura (H):<\/strong> 28 mm \u00b13<\/li>\n<li style='margin-bottom: 5px;'><strong>Di\u00e1metro de terminales (d):<\/strong> 0.54 mm<\/li>\n<\/ul>\n<\/div>\n<\/div>\n<div style='flex: 1 1 250px; border: 1px solid rgba(150&comma; 150&comma; 150&comma; 0.4); border-radius: 8px; overflow: hidden; display: flex; flex-direction: column;'>\n<div style='padding: 15px; border-bottom: 1px solid rgba(150&comma; 150&comma; 150&comma; 0.2); font-weight: bold; font-size: 18px; color: inherit;'>Construcci\u00f3n<\/div>\n<div style='padding: 15px; color: inherit;'>\n<ul style='padding-left: 20px; margin: 0; font-size: 14px; list-style-type: disc;'>\n<li style='margin-bottom: 5px;'>Cuerpo: Cer\u00e1mica tipo varilla<\/li>\n<li style='margin-bottom: 5px;'>Pel\u00edcula de resistencia: \u00d3xido met\u00e1lico<\/li>\n<li style='margin-bottom: 5px;'>Capuch\u00f3n terminal: Acero (superficie esta\u00f1ada)<\/li>\n<li style='margin-bottom: 5px;'>Alambre de conexi\u00f3n: Cobre recocido (superficie esta\u00f1ada sin plomo)<\/li>\n<li style='margin-bottom: 5px;'>Uni\u00f3n: Por soldadura<\/li>\n<li style='margin-bottom: 5px;'>Recubrimiento: Pintura no flamable y aislante (Color: Azul marino)<\/li>\n<\/ul>\n<\/div>\n<\/div>\n<div style='flex: 1 1 250px; border: 1px solid rgba(150&comma; 150&comma; 150&comma; 0.4); border-radius: 8px; overflow: hidden; display: flex; flex-direction: column;'>\n<div style='padding: 15px; border-bottom: 1px solid rgba(150&comma; 150&comma; 150&comma; 0.2); font-weight: bold; font-size: 18px; color: inherit;'>Pruebas y Normas<\/div>\n<div style='padding: 15px; color: inherit;'>\n<ul style='padding-left: 20px; margin: 0; font-size: 14px; list-style-type: disc;'>\n<li style='margin-bottom: 5px;'>Cumple con RoHS<\/li>\n<li style='margin-bottom: 5px;'>Resistencia a temperatura c\u00edclica: \u00b1(2% + 0.05\u03a9) Max<\/li>\n<li style='margin-bottom: 5px;'>Resistencia a humedad: <100K\u03a9 \u00b15%&comma; >100K\u03a9 \u00b110%<\/li>\n<li style='margin-bottom: 5px;'>Resistencia a prueba de llama<\/li>\n<li style='margin-bottom: 5px;'>Resistencia a sobrecarga hasta 16 veces RCWV<\/li>\n<li style='margin-bottom: 5px;'>Resistencia a calor por soldadura: \u00b1(1% +0.05\u03a9) Max<\/li>\n<\/ul>\n<\/div>\n<\/div>\n<\/div>\n<hr style='border: 0; border-top: 1px solid rgba(150&comma; 150&comma; 150&comma; 0.3); margin: 30px 0;'>\n<div style='display: flex; flex-wrap: wrap; gap: 30px; margin-bottom: 30px;'>\n<div style='flex: 1 1 300px; min-width: 280px;'>\n<h3 style='font-size: 22px; border-bottom: 2px solid currentColor; padding-bottom: 5px; margin-top: 0; color: inherit; opacity: 0.8;'>Aplicaciones<\/h3>\n<ul style='padding-left: 20px; font-size: 15px; color: inherit;'>\n<li style='margin-bottom: 5px;'>Fuentes de alimentaci\u00f3n<\/li>\n<li style='margin-bottom: 5px;'>Circuitos de protecci\u00f3n<\/li>\n<li style='margin-bottom: 5px;'>Equipos industriales<\/li>\n<li style='margin-bottom: 5px;'>Electr\u00f3nica de potencia<\/li>\n<li style='margin-bottom: 5px;'>Circuitos de control<\/li>\n<\/ul>\n<\/div>\n<div style='flex: 1 1 300px; min-width: 280px;'>\n<h3 style='font-size: 22px; border-bottom: 2px solid currentColor; padding-bottom: 5px; margin-top: 0; color: inherit; opacity: 0.8;'>C\u00f3digo de Terminaci\u00f3n<\/h3>\n<ul style='padding-left: 20px; font-size: 15px; color: inherit;'>\n<li style='margin-bottom: 5px;'><strong>Sufijo:<\/strong> RC (RoHS Compliant)<\/li>\n<li style='margin-bottom: 5px;'><strong>Empaque:<\/strong> (en blanco) = Bulk&comma; REEL = Tape and Reel<\/li>\n<\/ul>\n<\/div>\n<\/div>\n<\/div>\n","protected":false},"excerpt":{"rendered":"<p>Resistencia de Potencia en Oxido de Metal, 1 K Ohm, 1 Watt, 5% ROHS Comp., 3.5 x 10 mm.<\/p>\n","protected":false},"featured_media":64843,"comment_status":"open","ping_status":"closed","template":"","meta":[],"product_brand":[],"product_cat":[1501],"product_tag":[1502,751,63],"class_list":{"0":"post-64844","1":"product","2":"type-product","3":"status-publish","4":"has-post-thumbnail","6":"product_cat-miscelaneo","7":"product_tag-miscelaneo","8":"product_tag-refacciones","9":"product_tag-syscom","11":"first","12":"outofstock","13":"sale","14":"shipping-taxable","15":"purchasable","16":"product-type-simple"},"_links":{"self":[{"href":"https:\/\/soydeaqui.ddns.net\/pachuca\/index.php\/wp-json\/wp\/v2\/product\/64844","targetHints":{"allow":["GET"]}}],"collection":[{"href":"https:\/\/soydeaqui.ddns.net\/pachuca\/index.php\/wp-json\/wp\/v2\/product"}],"about":[{"href":"https:\/\/soydeaqui.ddns.net\/pachuca\/index.php\/wp-json\/wp\/v2\/types\/product"}],"replies":[{"embeddable":true,"href":"https:\/\/soydeaqui.ddns.net\/pachuca\/index.php\/wp-json\/wp\/v2\/comments?post=64844"}],"wp:featuredmedia":[{"embeddable":true,"href":"https:\/\/soydeaqui.ddns.net\/pachuca\/index.php\/wp-json\/wp\/v2\/media\/64843"}],"wp:attachment":[{"href":"https:\/\/soydeaqui.ddns.net\/pachuca\/index.php\/wp-json\/wp\/v2\/media?parent=64844"}],"wp:term":[{"taxonomy":"product_brand","embeddable":true,"href":"https:\/\/soydeaqui.ddns.net\/pachuca\/index.php\/wp-json\/wp\/v2\/product_brand?post=64844"},{"taxonomy":"product_cat","embeddable":true,"href":"https:\/\/soydeaqui.ddns.net\/pachuca\/index.php\/wp-json\/wp\/v2\/product_cat?post=64844"},{"taxonomy":"product_tag","embeddable":true,"href":"https:\/\/soydeaqui.ddns.net\/pachuca\/index.php\/wp-json\/wp\/v2\/product_tag?post=64844"}],"curies":[{"name":"wp","href":"https:\/\/api.w.org\/{rel}","templated":true}]}}