{"id":64840,"date":"2026-03-19T08:01:25","date_gmt":"2026-03-19T08:01:25","guid":{"rendered":"https:\/\/soydeaqui.ddns.net\/pachuca\/index.php\/producto\/resistencia-smd-4-7-ohm-1-8-watt-805-5\/"},"modified":"2026-03-19T08:01:26","modified_gmt":"2026-03-19T08:01:26","slug":"resistencia-smd-4-7-ohm-1-8-watt-805-5","status":"publish","type":"product","link":"https:\/\/soydeaqui.ddns.net\/pachuca\/index.php\/producto\/resistencia-smd-4-7-ohm-1-8-watt-805-5\/","title":{"rendered":"Resistencia SMD 4.7 Ohm, 1\/8 Watt, 805, 5 %."},"content":{"rendered":"<div style='width: 100%; max-width: 1200px; margin: 0 auto; font-family: sans-serif; line-height: 1.6; color: inherit; background-color: transparent;'> <!-- Secci\u00f3n de caracter\u00edsticas principales --> <\/p>\n<div style='display: flex; flex-wrap: wrap; gap: 30px; margin-bottom: 30px;'>\n<div style='flex: 1 1 300px; min-width: 280px;'>\n<h3 style='font-size: 22px; border-bottom: 2px solid currentColor; padding-bottom: 5px; margin-top: 0; color: inherit; opacity: 0.8;'>Caracter\u00edsticas Generales<\/h3>\n<ul style='padding-left: 20px; font-size: 15px; color: inherit;'>\n<li style='margin-bottom: 5px;'>Rango de temperatura: -55\u00b0C a +125\u00b0C<\/li>\n<li style='margin-bottom: 5px;'>Substrato de al\u00famina de alta pureza<\/li>\n<li style='margin-bottom: 5px;'>Soldable mediante onda o flujo<\/li>\n<li style='margin-bottom: 5px;'>Excelentes caracter\u00edsticas de alta frecuencia<\/li>\n<li style='margin-bottom: 5px;'>Terminaci\u00f3n envolvente<\/li>\n<li style='margin-bottom: 5px;'>Protecci\u00f3n de electrodos internos<\/li>\n<li style='margin-bottom: 5px;'>Rango de valores: 0\u03a9 a 10M\u03a9<\/li>\n<li style='margin-bottom: 5px;'>Construcci\u00f3n de pel\u00edcula met\u00e1lica<\/li>\n<li style='margin-bottom: 5px;'>Cumple con RoHS<\/li>\n<\/ul><\/div>\n<div style='flex: 1 1 300px; min-width: 280px;'>\n<h3 style='font-size: 22px; border-bottom: 2px solid currentColor; padding-bottom: 5px; margin-top: 0; color: inherit; opacity: 0.8;'>Especificaciones El\u00e9ctricas<\/h3>\n<ul style='padding-left: 20px; font-size: 15px; color: inherit;'>\n<li style='margin-bottom: 5px;'><strong>Valor nominal:<\/strong> 4.7\u03a9<\/li>\n<li style='margin-bottom: 5px;'><strong>Potencia:<\/strong> 1\/8 W (125 mW)<\/li>\n<li style='margin-bottom: 5px;'><strong>Tolerancia:<\/strong> \u00b15%<\/li>\n<li style='margin-bottom: 5px;'><strong>Coeficiente de temperatura:<\/strong> \u2264 \u00b1200 PPM\/\u00b0C<\/li>\n<li style='margin-bottom: 5px;'><strong>Tensi\u00f3n m\u00e1xima:<\/strong> 150V (W.V.) \/ 300V (O.V.)<\/li>\n<li style='margin-bottom: 5px;'><strong>Resistencia de aislamiento:<\/strong> \u22651&comma;000M\u03a9<\/li>\n<li style='margin-bottom: 5px;'><strong>Resistencia al voltaje de prueba:<\/strong> 500V AC\/DC<\/li>\n<\/ul><\/div>\n<div style='flex: 1 1 300px; min-width: 280px;'>\n<h3 style='font-size: 22px; border-bottom: 2px solid currentColor; padding-bottom: 5px; margin-top: 0; color: inherit; opacity: 0.8;'>Especificaciones Mec\u00e1nicas<\/h3>\n<ul style='padding-left: 20px; font-size: 15px; color: inherit;'>\n<li style='margin-bottom: 5px;'><strong>Tama\u00f1o:<\/strong> 0805 (2.0 x 1.25 mm)<\/li>\n<li style='margin-bottom: 5px;'><strong>Terminaci\u00f3n interna:<\/strong> Ag\/Pd<\/li>\n<li style='margin-bottom: 5px;'><strong>Recubrimiento intermedio:<\/strong> N\u00edquel<\/li>\n<li style='margin-bottom: 5px;'><strong>Terminaci\u00f3n externa:<\/strong> Esta\u00f1o (Sn)<\/li>\n<li style='margin-bottom: 5px;'><strong>Recubrimiento:<\/strong> Epoxi<\/li>\n<li style='margin-bottom: 5px;'><strong>Altura:<\/strong> 0.55 \u00b1 0.10 mm<\/li>\n<\/ul><\/div>\n<\/p><\/div>\n<p> <!-- Secci\u00f3n de condiciones de prueba --> <\/p>\n<div style='margin-bottom: 30px;'>\n<h3 style='font-size: 22px; border-bottom: 2px solid currentColor; padding-bottom: 5px; margin-top: 0; color: inherit; opacity: 0.8;'>Condiciones de Prueba<\/h3>\n<ul style='padding-left: 20px; font-size: 15px; color: inherit;'>\n<li style='margin-bottom: 5px;'><strong>Resistencia al sobrevoltaje:<\/strong> \u00b1(2.0% + 0.1\u03a9) Max. con aplicaci\u00f3n de 2.5 veces el voltaje de trabajo durante 5 segundos<\/li>\n<li style='margin-bottom: 5px;'><strong>Ciclo t\u00e9rmico:<\/strong> \u00b1(1.0% + 0.05\u03a9) Max. entre -55\u00b0C y +155\u00b0C<\/li>\n<li style='margin-bottom: 5px;'><strong>Prueba de humedad:<\/strong> \u00b1(3.0% + 0.1\u03a9) Max. a 40\u00b0C y 90-95% humedad durante 1&comma;000 horas<\/li>\n<li style='margin-bottom: 5px;'><strong>Vida \u00fatil bajo carga:<\/strong> \u00b1(3.0% + 0.1\u03a9) Max. a 70\u00b0C durante 1&comma;000 horas<\/li>\n<li style='margin-bottom: 5px;'><strong>Soldabilidad:<\/strong> \u226595% de cobertura a 245\u00b0C \u00b1 3\u00b0C<\/li>\n<\/ul><\/div>\n<p> <!-- Secci\u00f3n de m\u00e9todos de soldadura --> <\/p>\n<div style='margin-bottom: 30px;'>\n<h3 style='font-size: 22px; border-bottom: 2px solid currentColor; padding-bottom: 5px; margin-top: 0; color: inherit; opacity: 0.8;'>M\u00e9todos de Soldadura<\/h3>\n<ul style='padding-left: 20px; font-size: 15px; color: inherit;'>\n<li style='margin-bottom: 5px;'><strong>Reflujo:<\/strong> Temperatura pico de 250\u00b0C&comma; tiempo a 230\u00b0C+ durante 30 \u00b110 segundos<\/li>\n<li style='margin-bottom: 5px;'><strong>Ba\u00f1o de soldadura:<\/strong> 265\u00b0C \u00b1 3\u00b0C durante 5 segundos<\/li>\n<li style='margin-bottom: 5px;'><strong>Soldador manual:<\/strong> 350\u00b0C \u00b1 10\u00b0C durante 3 segundos<\/li>\n<\/ul><\/div>\n<p> <!-- Separador --> <\/p>\n<hr style='border: 0; border-top: 1px solid rgba(150&comma; 150&comma; 150&comma; 0.3); margin: 30px 0;'> <\/div>\n","protected":false},"excerpt":{"rendered":"<p>Resistencia SMD 4.7 Ohm, 1\/8 Watt, 805, 5 %.<\/p>\n","protected":false},"featured_media":64839,"comment_status":"open","ping_status":"closed","template":"","meta":[],"product_brand":[],"product_cat":[1501],"product_tag":[1502,751,63],"class_list":{"0":"post-64840","1":"product","2":"type-product","3":"status-publish","4":"has-post-thumbnail","6":"product_cat-miscelaneo","7":"product_tag-miscelaneo","8":"product_tag-refacciones","9":"product_tag-syscom","11":"first","12":"outofstock","13":"sale","14":"shipping-taxable","15":"purchasable","16":"product-type-simple"},"_links":{"self":[{"href":"https:\/\/soydeaqui.ddns.net\/pachuca\/index.php\/wp-json\/wp\/v2\/product\/64840","targetHints":{"allow":["GET"]}}],"collection":[{"href":"https:\/\/soydeaqui.ddns.net\/pachuca\/index.php\/wp-json\/wp\/v2\/product"}],"about":[{"href":"https:\/\/soydeaqui.ddns.net\/pachuca\/index.php\/wp-json\/wp\/v2\/types\/product"}],"replies":[{"embeddable":true,"href":"https:\/\/soydeaqui.ddns.net\/pachuca\/index.php\/wp-json\/wp\/v2\/comments?post=64840"}],"wp:featuredmedia":[{"embeddable":true,"href":"https:\/\/soydeaqui.ddns.net\/pachuca\/index.php\/wp-json\/wp\/v2\/media\/64839"}],"wp:attachment":[{"href":"https:\/\/soydeaqui.ddns.net\/pachuca\/index.php\/wp-json\/wp\/v2\/media?parent=64840"}],"wp:term":[{"taxonomy":"product_brand","embeddable":true,"href":"https:\/\/soydeaqui.ddns.net\/pachuca\/index.php\/wp-json\/wp\/v2\/product_brand?post=64840"},{"taxonomy":"product_cat","embeddable":true,"href":"https:\/\/soydeaqui.ddns.net\/pachuca\/index.php\/wp-json\/wp\/v2\/product_cat?post=64840"},{"taxonomy":"product_tag","embeddable":true,"href":"https:\/\/soydeaqui.ddns.net\/pachuca\/index.php\/wp-json\/wp\/v2\/product_tag?post=64840"}],"curies":[{"name":"wp","href":"https:\/\/api.w.org\/{rel}","templated":true}]}}