{"id":64814,"date":"2026-03-19T08:00:37","date_gmt":"2026-03-19T08:00:37","guid":{"rendered":"https:\/\/soydeaqui.ddns.net\/pachuca\/index.php\/producto\/transistor-de-silicio-npn-60-vce-25-amp-200-watt-montaje-to-3\/"},"modified":"2026-03-19T08:00:38","modified_gmt":"2026-03-19T08:00:38","slug":"transistor-de-silicio-npn-60-vce-25-amp-200-watt-montaje-to-3","status":"publish","type":"product","link":"https:\/\/soydeaqui.ddns.net\/pachuca\/index.php\/producto\/transistor-de-silicio-npn-60-vce-25-amp-200-watt-montaje-to-3\/","title":{"rendered":"Transistor de Silicio NPN, 60 Vce, 25 Amp. , 200 Watt , Montaje TO-3"},"content":{"rendered":"<div style='width: 100%; max-width: 1200px; margin: 0 auto; font-family: sans-serif; line-height: 1.6; color: inherit; background-color: transparent;'> <!-- Secci\u00f3n de caracter\u00edsticas principales --> <\/p>\n<div style='display: flex; flex-wrap: wrap; gap: 30px; margin-bottom: 30px;'>\n<div style='flex: 1 1 300px; min-width: 280px;'>\n<h3 style='font-size: 22px; border-bottom: 2px solid currentColor; padding-bottom: 5px; margin-top: 0; color: inherit; opacity: 0.8;'>Caracter\u00edsticas Principales<\/h3>\n<ul style='padding-left: 20px; font-size: 15px; color: inherit;'>\n<li style='margin-bottom: 5px;'>Transistor de Silicio NPN<\/li>\n<li style='margin-bottom: 5px;'>Voltaje Colector-Emisor: 60 Vdc<\/li>\n<li style='margin-bottom: 5px;'>Corriente Colector: 25 Adc (m\u00e1ximo)<\/li>\n<li style='margin-bottom: 5px;'>Disipaci\u00f3n de Potencia: 200 Watts<\/li>\n<li style='margin-bottom: 5px;'>Paquete: TO-3 (Montaje TO-204AA)<\/li>\n<li style='margin-bottom: 5px;'>Dise\u00f1ado para aplicaciones de amplificaci\u00f3n de potencia y conmutaci\u00f3n<\/li>\n<li style='margin-bottom: 5px;'>Bajo voltaje de saturaci\u00f3n Colector-Emisor<\/li>\n<li style='margin-bottom: 5px;'>Baja corriente de fuga<\/li>\n<li style='margin-bottom: 5px;'>Excelente ganancia de corriente DC<\/li>\n<li style='margin-bottom: 5px;'>Alto ancho de banda de ganancia de corriente<\/li>\n<\/ul><\/div>\n<div style='flex: 1 1 300px; min-width: 280px;'>\n<h3 style='font-size: 22px; border-bottom: 2px solid currentColor; padding-bottom: 5px; margin-top: 0; color: inherit; opacity: 0.8;'>Especificaciones Principales<\/h3>\n<ul style='padding-left: 20px; font-size: 15px; color: inherit;'>\n<li style='margin-bottom: 5px;'><strong>VCE(sat):<\/strong> 1.0 Vdc (m\u00e1ximo) a IC = 15 Adc<\/li>\n<li style='margin-bottom: 5px;'><strong>ICEX:<\/strong> 1.0 mAdc (m\u00e1ximo) a voltaje nominal<\/li>\n<li style='margin-bottom: 5px;'><strong>hFE:<\/strong> 20 (m\u00ednimo) a IC = 10 Adc<\/li>\n<li style='margin-bottom: 5px;'><strong>ft:<\/strong> 4.0 MHz (m\u00ednimo) a IC = 1.0 Adc<\/li>\n<li style='margin-bottom: 5px;'><strong>VCEO:<\/strong> 60 Vdc<\/li>\n<li style='margin-bottom: 5px;'><strong>IC:<\/strong> 25 Adc (continua)&comma; 50 Adc (pico)<\/li>\n<li style='margin-bottom: 5px;'><strong>PD:<\/strong> 200 Watts @ TC = 25\u00b0C<\/li>\n<li style='margin-bottom: 5px;'><strong>Derating:<\/strong> 1.15 W\/\u00b0C sobre 25\u00b0C<\/li>\n<li style='margin-bottom: 5px;'><strong>TJ&comma; Tstg:<\/strong> Rango de temperatura -65 a +200\u00b0C<\/li>\n<\/ul><\/div>\n<\/p><\/div>\n<p> <!-- Secci\u00f3n de especificaciones detalladas --> <\/p>\n<div style='display: flex; flex-wrap: wrap; gap: 30px; margin-bottom: 30px;'>\n<div style='flex: 1 1 500px; min-width: 300px;'>\n<h3 style='font-size: 22px; border-bottom: 2px solid currentColor; padding-bottom: 5px; margin-top: 0; color: inherit; opacity: 0.8;'>Especificaciones El\u00e9ctricas<\/h3>\n<div style='display: grid; grid-template-columns: repeat(auto-fill&comma; minmax(200px&comma; 1fr)); gap: 15px; margin-top: 15px;'>\n<div style='border: 1px solid rgba(150&comma; 150&comma; 150&comma; 0.4); border-radius: 8px; padding: 15px;'>\n<h4 style='font-size: 18px; margin-top: 0; margin-bottom: 10px; color: inherit; opacity: 0.9;'>Caracter\u00edsticas ON<\/h4>\n<ul style='padding-left: 15px; margin: 0; font-size: 14px; list-style-type: disc; color: inherit;'>\n<li style='margin-bottom: 5px;'><strong>VCE(sat):<\/strong> 1.0 Vdc (m\u00e1x) a IC = 15 Adc&comma; IB = 1.5 Adc<\/li>\n<li style='margin-bottom: 5px;'><strong>VCE(sat):<\/strong> 4.0 Vdc (m\u00e1x) a IC = 25 Adc&comma; IB = 6.25 Adc<\/li>\n<li style='margin-bottom: 5px;'><strong>VBE(sat):<\/strong> 2.5 Vdc (m\u00e1x) a IC = 25 Adc&comma; IB = 6.25 Adc<\/li>\n<li style='margin-bottom: 5px;'><strong>VBE(on):<\/strong> 1.5 Vdc (m\u00e1x) a IC = 10 Adc&comma; VCE = 4.0 Vdc<\/li>\n<\/ul><\/div>\n<div style='border: 1px solid rgba(150&comma; 150&comma; 150&comma; 0.4); border-radius: 8px; padding: 15px;'>\n<h4 style='font-size: 18px; margin-top: 0; margin-bottom: 10px; color: inherit; opacity: 0.9;'>Caracter\u00edsticas OFF<\/h4>\n<ul style='padding-left: 15px; margin: 0; font-size: 14px; list-style-type: disc; color: inherit;'>\n<li style='margin-bottom: 5px;'><strong>ICEO:<\/strong> 2.0 mAdc (m\u00e1x) a VCE = 30 Vdc&comma; IB = 0<\/li>\n<li style='margin-bottom: 5px;'><strong>ICEX:<\/strong> 1.0 mAdc (m\u00e1x) a VCE = 60 Vdc&comma; VBE(off) = 1.5 Vdc<\/li>\n<li style='margin-bottom: 5px;'><strong>ICEX:<\/strong> 10 mAdc (m\u00e1x) a VCE = 60 Vdc&comma; VBE(off) = 1.5 Vdc&comma; TC = 150\u00b0C<\/li>\n<li style='margin-bottom: 5px;'><strong>ICBO:<\/strong> 1.0 mAdc (m\u00e1x) a VCB = 60 Vdc&comma; IE = 0<\/li>\n<li style='margin-bottom: 5px;'><strong>IEBO:<\/strong> 1.0 mAdc (m\u00e1x) a VEB = 5.0 Vdc&comma; IC = 0<\/li>\n<\/ul><\/div>\n<\/p><\/div>\n<\/p><\/div>\n<div style='flex: 1 1 500px; min-width: 300px;'>\n<h3 style='font-size: 22px; border-bottom: 2px solid currentColor; padding-bottom: 5px; margin-top: 0; color: inherit; opacity: 0.8;'>Caracter\u00edsticas Din\u00e1micas y de Conmutaci\u00f3n<\/h3>\n<div style='display: grid; grid-template-columns: repeat(auto-fill&comma; minmax(200px&comma; 1fr)); gap: 15px; margin-top: 15px;'>\n<div style='border: 1px solid rgba(150&comma; 150&comma; 150&comma; 0.4); border-radius: 8px; padding: 15px;'>\n<h4 style='font-size: 18px; margin-top: 0; margin-bottom: 10px; color: inherit; opacity: 0.9;'>Caracter\u00edsticas Din\u00e1micas<\/h4>\n<ul style='padding-left: 15px; margin: 0; font-size: 14px; list-style-type: disc; color: inherit;'>\n<li style='margin-bottom: 5px;'><strong>fT:<\/strong> 4.0 MHz (m\u00edn) a IC = 1.0 Adc<\/li>\n<li style='margin-bottom: 5px;'><strong>Cob:<\/strong> 500 pF (m\u00e1x) a VCB = 10 Vdc<\/li>\n<li style='margin-bottom: 5px;'><strong>hfe:<\/strong> 20 (m\u00edn) a IC = 3.0 Adc<\/li>\n<\/ul><\/div>\n<div style='border: 1px solid rgba(150&comma; 150&comma; 150&comma; 0.4); border-radius: 8px; padding: 15px;'>\n<h4 style='font-size: 18px; margin-top: 0; margin-bottom: 10px; color: inherit; opacity: 0.9;'>Caracter\u00edsticas de Conmutaci\u00f3n<\/h4>\n<ul style='padding-left: 15px; margin: 0; font-size: 14px; list-style-type: disc; color: inherit;'>\n<li style='margin-bottom: 5px;'><strong>tr:<\/strong> 0.7 ms (m\u00e1x) a VCC = 30 Vdc<\/li>\n<li style='margin-bottom: 5px;'><strong>ts:<\/strong> 1.0 ms (m\u00e1x) a VCC = 30 Vdc<\/li>\n<li style='margin-bottom: 5px;'><strong>tf:<\/strong> 0.8 ms (m\u00e1x) a VCC = 30 Vdc<\/li>\n<\/ul><\/div>\n<\/p><\/div>\n<\/p><\/div>\n<\/p><\/div>\n<p> <!-- Secci\u00f3n de caracter\u00edsticas t\u00e9rmicas --> <\/p>\n<div style='display: flex; flex-wrap: wrap; gap: 30px; margin-bottom: 30px;'>\n<div style='flex: 1 1 300px; min-width: 280px;'>\n<h3 style='font-size: 22px; border-bottom: 2px solid currentColor; padding-bottom: 5px; margin-top: 0; color: inherit; opacity: 0.8;'>Caracter\u00edsticas T\u00e9rmicas<\/h3>\n<ul style='padding-left: 20px; font-size: 15px; color: inherit;'>\n<li style='margin-bottom: 5px;'><strong>qJC:<\/strong> 0.875\u00b0C\/W (m\u00e1x) Resistencia t\u00e9rmica&comma; uni\u00f3n a carcasa<\/li>\n<li style='margin-bottom: 5px;'><strong>Derating:<\/strong> 1.15 W\/\u00b0C sobre 25\u00b0C<\/li>\n<li style='margin-bottom: 5px;'><strong>TJ(pk)-TC:<\/strong> P(pk) qJC(t) para tren de pulsos<\/li>\n<li style='margin-bottom: 5px;'><strong>Regi\u00f3n segura de operaci\u00f3n:<\/strong> Limitada por disipaci\u00f3n t\u00e9rmica&comma; segundo breakdown y l\u00edmites de alambrado<\/li>\n<\/ul><\/div>\n<div style='flex: 1 1 300px; min-width: 280px;'>\n<h3 style='font-size: 22px; border-bottom: 2px solid currentColor; padding-bottom: 5px; margin-top: 0; color: inherit; opacity: 0.8;'>Condiciones de Prueba<\/h3>\n<ul style='padding-left: 20px; font-size: 15px; color: inherit;'>\n<li style='margin-bottom: 5px;'>Prueba de pulso: Ancho de pulso \u2264 300 \u03bcs&comma; ciclo de trabajo \u2264 2.0%<\/li>\n<li style='margin-bottom: 5px;'>fT = |hfe| \u2022 ftest<\/li>\n<li style='margin-bottom: 5px;'>Para curvas de conmutaci\u00f3n: RB y RL variables<\/li>\n<li style='margin-bottom: 5px;'>Niveles de entrada aproximados como se muestra<\/li>\n<\/ul><\/div>\n<\/p><\/div>\n<p> <!-- Separador --> <\/p>\n<hr style='border: 0; border-top: 1px solid rgba(150&comma; 150&comma; 150&comma; 0.3); margin: 30px 0;'> <!-- Secci\u00f3n de aplicaciones --> <\/p>\n<div style='margin-top: 30px;'>\n<h3 style='font-size: 22px; border-bottom: 2px solid currentColor; padding-bottom: 5px; margin-top: 0; color: inherit; opacity: 0.8;'>Aplicaciones T\u00edpicas<\/h3>\n<ul style='padding-left: 20px; font-size: 15px; color: inherit;'>\n<li style='margin-bottom: 5px;'>Amplificadores de potencia<\/li>\n<li style='margin-bottom: 5px;'>Circuitos de conmutaci\u00f3n<\/li>\n<li style='margin-bottom: 5px;'>Fuentes de alimentaci\u00f3n<\/li>\n<li style='margin-bottom: 5px;'>Controles industriales<\/li>\n<li style='margin-bottom: 5px;'>Circuitos de potencia general<\/li>\n<\/ul><\/div>\n<p> <!-- Secci\u00f3n de informaci\u00f3n de empaque --> <\/p>\n<div style='margin-top: 30px;'>\n<h3 style='font-size: 22px; border-bottom: 2px solid currentColor; padding-bottom: 5px; margin-top: 0; color: inherit; opacity: 0.8;'>Informaci\u00f3n de Empaque<\/h3>\n<p style='font-size: 15px; color: inherit; margin-top: 10px;'>El transistor 2N5885 est\u00e1 disponible en empaque TO-3 (Caso 1-07&comma; TO-204AA) para montaje en disipadores de calor. El dise\u00f1o de montaje permite una disipaci\u00f3n t\u00e9rmica eficiente y una f\u00e1cil instalaci\u00f3n en circuitos de potencia.<\/p>\n<\/p><\/div>\n<\/p><\/div>\n","protected":false},"excerpt":{"rendered":"<p>Transistor de Silicio NPN, 60 Vce, 25 Amp. , 200 Watt , Montaje TO-3<\/p>\n","protected":false},"featured_media":64813,"comment_status":"open","ping_status":"closed","template":"","meta":[],"product_brand":[],"product_cat":[1596],"product_tag":[1597,751,1818],"class_list":{"0":"post-64814","1":"product","2":"type-product","3":"status-publish","4":"has-post-thumbnail","6":"product_cat-kenwood-icom-txpro","7":"product_tag-kenwood-icom-txpro","8":"product_tag-refacciones","9":"product_tag-rf-parts","11":"first","12":"outofstock","13":"sale","14":"shipping-taxable","15":"purchasable","16":"product-type-simple"},"_links":{"self":[{"href":"https:\/\/soydeaqui.ddns.net\/pachuca\/index.php\/wp-json\/wp\/v2\/product\/64814","targetHints":{"allow":["GET"]}}],"collection":[{"href":"https:\/\/soydeaqui.ddns.net\/pachuca\/index.php\/wp-json\/wp\/v2\/product"}],"about":[{"href":"https:\/\/soydeaqui.ddns.net\/pachuca\/index.php\/wp-json\/wp\/v2\/types\/product"}],"replies":[{"embeddable":true,"href":"https:\/\/soydeaqui.ddns.net\/pachuca\/index.php\/wp-json\/wp\/v2\/comments?post=64814"}],"wp:featuredmedia":[{"embeddable":true,"href":"https:\/\/soydeaqui.ddns.net\/pachuca\/index.php\/wp-json\/wp\/v2\/media\/64813"}],"wp:attachment":[{"href":"https:\/\/soydeaqui.ddns.net\/pachuca\/index.php\/wp-json\/wp\/v2\/media?parent=64814"}],"wp:term":[{"taxonomy":"product_brand","embeddable":true,"href":"https:\/\/soydeaqui.ddns.net\/pachuca\/index.php\/wp-json\/wp\/v2\/product_brand?post=64814"},{"taxonomy":"product_cat","embeddable":true,"href":"https:\/\/soydeaqui.ddns.net\/pachuca\/index.php\/wp-json\/wp\/v2\/product_cat?post=64814"},{"taxonomy":"product_tag","embeddable":true,"href":"https:\/\/soydeaqui.ddns.net\/pachuca\/index.php\/wp-json\/wp\/v2\/product_tag?post=64814"}],"curies":[{"name":"wp","href":"https:\/\/api.w.org\/{rel}","templated":true}]}}