{"id":64806,"date":"2026-03-19T08:00:22","date_gmt":"2026-03-19T08:00:22","guid":{"rendered":"https:\/\/soydeaqui.ddns.net\/pachuca\/index.php\/producto\/atenuador-en-linea-de-10-db-2-w-maximo-cd-4-ghz-conectores-n-macho-hembra\/"},"modified":"2026-03-19T08:00:23","modified_gmt":"2026-03-19T08:00:23","slug":"atenuador-en-linea-de-10-db-2-w-maximo-cd-4-ghz-conectores-n-macho-hembra","status":"publish","type":"product","link":"https:\/\/soydeaqui.ddns.net\/pachuca\/index.php\/producto\/atenuador-en-linea-de-10-db-2-w-maximo-cd-4-ghz-conectores-n-macho-hembra\/","title":{"rendered":"Atenuador en L\u00ednea de 10 dB, 2 W. M\u00e1ximo,  CD-4 GHz, Conectores N Macho-Hembra."},"content":{"rendered":"<div style='width: 100%; max-width: 1200px; margin: 0 auto; font-family: sans-serif; line-height: 1.6; color: inherit; background-color: transparent;'> <!-- Secci\u00f3n de caracter\u00edsticas principales --> <\/p>\n<div style='display: flex; flex-wrap: wrap; gap: 30px; margin-bottom: 30px;'>\n<div style='flex: 1 1 300px; min-width: 280px;'>\n<h3 style='font-size: 22px; border-bottom: 2px solid currentColor; padding-bottom: 5px; margin-top: 0; color: inherit; opacity: 0.8;'>Caracter\u00edsticas Generales<\/h3>\n<ul style='padding-left: 20px; font-size: 15px; color: inherit;'>\n<li style='margin-bottom: 5px;'>Atenuaci\u00f3n: 10 dB<\/li>\n<li style='margin-bottom: 5px;'>Potencia m\u00e1xima: 2 W<\/li>\n<li style='margin-bottom: 5px;'>Frecuencia m\u00e1xima: 4 GHz<\/li>\n<li style='margin-bottom: 5px;'>Conectores: N Macho-Hembra<\/li>\n<li style='margin-bottom: 5px;'>M\u00e9todo de enfriamiento: Convecci\u00f3n (Autoenfriamiento)<\/li>\n<li style='margin-bottom: 5px;'>Impedancia: 50 Ohm<\/li>\n<li style='margin-bottom: 5px;'>Temperatura de operaci\u00f3n: -40\u00b0C a 40\u00b0C<\/li>\n<li style='margin-bottom: 5px;'>Humedad: 95% no condensante<\/li>\n<li style='margin-bottom: 5px;'>Posici\u00f3n de operaci\u00f3n: Cualquier posici\u00f3n<\/li>\n<li style='margin-bottom: 5px;'>Sin necesidad de placa de enfriamiento<\/li>\n<li style='margin-bottom: 5px;'>Sin necesidad de alimentaci\u00f3n AC<\/li>\n<li style='margin-bottom: 5px;'>Construcci\u00f3n robusta<\/li>\n<li style='margin-bottom: 5px;'>PIM: -110 dBc M\u00ednimo<\/li>\n<\/ul><\/div>\n<p> <!-- Secci\u00f3n de especificaciones el\u00e9ctricas --> <\/p>\n<div style='flex: 1 1 300px; min-width: 280px;'>\n<h3 style='font-size: 22px; border-bottom: 2px solid currentColor; padding-bottom: 5px; margin-top: 0; color: inherit; opacity: 0.8;'>Especificaciones El\u00e9ctricas<\/h3>\n<ul style='padding-left: 20px; font-size: 15px; color: inherit;'>\n<li style='margin-bottom: 5px;'>VSWR: 1.25:1 desde DC hasta 4 GHz<\/li>\n<li style='margin-bottom: 5px;'>Frecuencia de operaci\u00f3n: DC-4 GHz<\/li>\n<li style='margin-bottom: 5px;'>Atenuaci\u00f3n: 10 dB<\/li>\n<li style='margin-bottom: 5px;'>Potencia m\u00e1xima: 2 W<\/li>\n<li style='margin-bottom: 5px;'>Impedancia: 50 Ohm<\/li>\n<li style='margin-bottom: 5px;'>PIM: -110 dBc M\u00ednimo<\/li>\n<li style='margin-bottom: 5px;'>Ancho de banda: Operaci\u00f3n de banda ancha<\/li>\n<\/ul><\/div>\n<p> <!-- Secci\u00f3n de especificaciones mec\u00e1nicas --> <\/p>\n<div style='flex: 1 1 300px; min-width: 280px;'>\n<h3 style='font-size: 22px; border-bottom: 2px solid currentColor; padding-bottom: 5px; margin-top: 0; color: inherit; opacity: 0.8;'>Especificaciones Mec\u00e1nicas<\/h3>\n<ul style='padding-left: 20px; font-size: 15px; color: inherit;'>\n<li style='margin-bottom: 5px;'>Tipo de conector: N Macho a N Hembra<\/li>\n<li style='margin-bottom: 5px;'>Acabado: Acero inoxidable<\/li>\n<li style='margin-bottom: 5px;'>Dimensiones: 1.8&#8242; x 0.9&#8242; de di\u00e1metro (46 x 23 mm de di\u00e1metro)<\/li>\n<li style='margin-bottom: 5px;'>Peso: 2.5 oz (71 g)<\/li>\n<\/ul><\/div>\n<\/p><\/div>\n<p> <!-- Secci\u00f3n de aplicaciones --> <\/p>\n<div style='margin-bottom: 30px;'>\n<h3 style='font-size: 22px; border-bottom: 2px solid currentColor; padding-bottom: 5px; margin-top: 0; color: inherit; opacity: 0.8;'>Aplicaciones<\/h3>\n<ul style='padding-left: 20px; font-size: 15px; color: inherit;'>\n<li style='margin-bottom: 5px;'>Sistemas de comunicaci\u00f3n inal\u00e1mbrica<\/li>\n<li style='margin-bottom: 5px;'>Redes LTE<\/li>\n<li style='margin-bottom: 5px;'>Equipos de prueba y medici\u00f3n<\/li>\n<li style='margin-bottom: 5px;'>Sistemas de radiofrecuencia<\/li>\n<li style='margin-bottom: 5px;'>Instalaciones de transmisi\u00f3n<\/li>\n<\/ul><\/div>\n<p> <!-- Secci\u00f3n de construcci\u00f3n --> <\/p>\n<div style='margin-bottom: 30px;'>\n<h3 style='font-size: 22px; border-bottom: 2px solid currentColor; padding-bottom: 5px; margin-top: 0; color: inherit; opacity: 0.8;'>Construcci\u00f3n<\/h3>\n<ul style='padding-left: 20px; font-size: 15px; color: inherit;'>\n<li style='margin-bottom: 5px;'>Dise\u00f1o autoenfriable sin necesidad de placa de enfriamiento<\/li>\n<li style='margin-bottom: 5px;'>Totalmente blindado contra radiaci\u00f3n extranea<\/li>\n<li style='margin-bottom: 5px;'>Construcci\u00f3n robusta para entornos exigentes<\/li>\n<li style='margin-bottom: 5px;'>Materiales de alta durabilidad<\/li>\n<\/ul><\/div>\n<p> <!-- Secci\u00f3n de opciones disponibles --> <\/p>\n<div style='margin-bottom: 30px;'>\n<h3 style='font-size: 22px; border-bottom: 2px solid currentColor; padding-bottom: 5px; margin-top: 0; color: inherit; opacity: 0.8;'>Opciones Disponibles<\/h3>\n<ul style='padding-left: 20px; font-size: 15px; color: inherit;'>\n<li style='margin-bottom: 5px;'>Otros valores de atenuaci\u00f3n disponibles bajo pedido<\/li>\n<li style='margin-bottom: 5px;'>Modelos disponibles para todas las frecuencias LTE<\/li>\n<li style='margin-bottom: 5px;'>Opciones de conectores personalizados disponibles bajo consulta<\/li>\n<\/ul><\/div>\n<p> <!-- Secci\u00f3n de especificaciones adicionales --> <\/p>\n<div style='display: flex; flex-wrap: wrap; gap: 20px; margin-bottom: 30px;'>\n<div style='flex: 1 1 250px; border: 1px solid rgba(150&comma; 150&comma; 150&comma; 0.4); border-radius: 8px; overflow: hidden; display: flex; flex-direction: column;'>\n<div style='padding: 15px; border-bottom: 1px solid rgba(150&comma; 150&comma; 150&comma; 0.2); font-weight: bold; font-size: 18px; color: inherit;'>Valores Est\u00e1ndar de Atenuaci\u00f3n<\/div>\n<div style='padding: 15px; color: inherit;'>\n<ul style='padding-left: 20px; margin: 0; font-size: 14px; list-style-type: disc; color: inherit;'>\n<li style='margin-bottom: 5px;'>3 dB<\/li>\n<li style='margin-bottom: 5px;'>6 dB<\/li>\n<li style='margin-bottom: 5px;'>10 dB<\/li>\n<li style='margin-bottom: 5px;'>20 dB<\/li>\n<li style='margin-bottom: 5px;'>30 dB<\/li>\n<\/ul><\/div>\n<\/p><\/div>\n<div style='flex: 1 1 250px; border: 1px solid rgba(150&comma; 150&comma; 150&comma; 0.4); border-radius: 8px; overflow: hidden; display: flex; flex-direction: column;'>\n<div style='padding: 15px; border-bottom: 1px solid rgba(150&comma; 150&comma; 150&comma; 0.2); font-weight: bold; font-size: 18px; color: inherit;'>Conectores Disponibles<\/div>\n<div style='padding: 15px; color: inherit;'>\n<ul style='padding-left: 20px; margin: 0; font-size: 14px; list-style-type: disc; color: inherit;'>\n<li style='margin-bottom: 5px;'>SMA<\/li>\n<li style='margin-bottom: 5px;'>BNC<\/li>\n<li style='margin-bottom: 5px;'>N<\/li>\n<li style='margin-bottom: 5px;'>TNC<\/li>\n<li style='margin-bottom: 5px;'>IEC 7\/16<\/li>\n<\/ul><\/div>\n<\/p><\/div>\n<\/p><\/div>\n<p> <!-- Secci\u00f3n de informaci\u00f3n adicional --> <\/p>\n<div style='margin-bottom: 30px;'>\n<h3 style='font-size: 22px; border-bottom: 2px solid currentColor; padding-bottom: 5px; margin-top: 0; color: inherit; opacity: 0.8;'>Informaci\u00f3n Adicional<\/h3>\n<ul style='padding-left: 20px; font-size: 15px; color: inherit;'>\n<li style='margin-bottom: 5px;'>Los atenuadores de 1000 W y superiores no est\u00e1n disponibles en valores de atenuaci\u00f3n inferiores a 10 dB<\/li>\n<li style='margin-bottom: 5px;'>Los atenuadores con nomenclatura 2AMFN10 siguen el est\u00e1ndar de fabricaci\u00f3n de Bird Technologies<\/li>\n<\/ul><\/div>\n<p> <!-- Separador final --> <\/p>\n<hr style='border: 0; border-top: 1px solid rgba(150&comma; 150&comma; 150&comma; 0.3); margin: 30px 0;'> <\/div>\n","protected":false},"excerpt":{"rendered":"<p>Atenuador en L\u00ednea de 10 dB, 2 W. M\u00e1ximo,  CD-4 GHz, Conectores N Macho-Hembra.<\/p>\n","protected":false},"featured_media":64805,"comment_status":"open","ping_status":"closed","template":"","meta":[],"product_brand":[],"product_cat":[1904],"product_tag":[1905,1641,931],"class_list":{"0":"post-64806","1":"product","2":"type-product","3":"status-publish","4":"has-post-thumbnail","6":"product_cat-atenuadores","7":"product_tag-atenuadores","8":"product_tag-bird-technologies","9":"product_tag-equipo-de-laboratorio","11":"first","12":"outofstock","13":"sale","14":"shipping-taxable","15":"purchasable","16":"product-type-simple"},"_links":{"self":[{"href":"https:\/\/soydeaqui.ddns.net\/pachuca\/index.php\/wp-json\/wp\/v2\/product\/64806","targetHints":{"allow":["GET"]}}],"collection":[{"href":"https:\/\/soydeaqui.ddns.net\/pachuca\/index.php\/wp-json\/wp\/v2\/product"}],"about":[{"href":"https:\/\/soydeaqui.ddns.net\/pachuca\/index.php\/wp-json\/wp\/v2\/types\/product"}],"replies":[{"embeddable":true,"href":"https:\/\/soydeaqui.ddns.net\/pachuca\/index.php\/wp-json\/wp\/v2\/comments?post=64806"}],"wp:featuredmedia":[{"embeddable":true,"href":"https:\/\/soydeaqui.ddns.net\/pachuca\/index.php\/wp-json\/wp\/v2\/media\/64805"}],"wp:attachment":[{"href":"https:\/\/soydeaqui.ddns.net\/pachuca\/index.php\/wp-json\/wp\/v2\/media?parent=64806"}],"wp:term":[{"taxonomy":"product_brand","embeddable":true,"href":"https:\/\/soydeaqui.ddns.net\/pachuca\/index.php\/wp-json\/wp\/v2\/product_brand?post=64806"},{"taxonomy":"product_cat","embeddable":true,"href":"https:\/\/soydeaqui.ddns.net\/pachuca\/index.php\/wp-json\/wp\/v2\/product_cat?post=64806"},{"taxonomy":"product_tag","embeddable":true,"href":"https:\/\/soydeaqui.ddns.net\/pachuca\/index.php\/wp-json\/wp\/v2\/product_tag?post=64806"}],"curies":[{"name":"wp","href":"https:\/\/api.w.org\/{rel}","templated":true}]}}