{"id":64755,"date":"2026-03-19T07:58:48","date_gmt":"2026-03-19T07:58:48","guid":{"rendered":"https:\/\/soydeaqui.ddns.net\/pachuca\/index.php\/producto\/elemento-de-50-watt-para-wattmetro-bird-43-400-1000-mhz\/"},"modified":"2026-03-19T07:58:49","modified_gmt":"2026-03-19T07:58:49","slug":"elemento-de-50-watt-para-wattmetro-bird-43-400-1000-mhz","status":"publish","type":"product","link":"https:\/\/soydeaqui.ddns.net\/pachuca\/index.php\/producto\/elemento-de-50-watt-para-wattmetro-bird-43-400-1000-mhz\/","title":{"rendered":"Elemento de 50 Watt para Wattmetro BIRD 43, 400-1000 MHz."},"content":{"rendered":"<div style='width: 100%; max-width: 1200px; margin: 0 auto; font-family: sans-serif; line-height: 1.6; color: inherit; background-color: transparent;'>\n<div style='display: flex; flex-wrap: wrap; gap: 30px; margin-bottom: 30px;'>\n<div style='flex: 1 1 300px; min-width: 280px;'>\n<h3 style='font-size: 22px; border-bottom: 2px solid currentColor; padding-bottom: 5px; margin-top: 0; color: inherit; opacity: 0.8;'>Elemento de 50 Watt para Wattmetro BIRD 43&comma; 400-1000 MHz.<\/h3>\n<p style='font-size: 15px; color: inherit; margin-bottom: 15px;'> Elementos est\u00e1ndar <\/p>\n<p style='font-size: 15px; color: inherit; margin-bottom: 15px;'> Todos los elementos insertables est\u00e1n calibrados de acuerdo a los procedimientos minuciosos de calibraci\u00f3n de BIRD&comma; respaldados por un largo historial de los valores medios de desviaci\u00f3n para asegurar la similitud a las especificaciones anunciadas de los instrumentos actuales&comma; as\u00ed como la intercambiabilidad en campo con los equipos de confianza adquiridos y utilizados en todos los a\u00f1os desde su presentaci\u00f3n. <\/p>\n<\/p><\/div>\n<\/p><\/div>\n<div style='display: flex; flex-wrap: wrap; gap: 20px; margin-bottom: 30px;'>\n<div style='flex: 1 1 250px; border: 1px solid rgba(150&comma; 150&comma; 150&comma; 0.4); border-radius: 8px; overflow: hidden; display: flex; flex-direction: column;'>\n<div style='padding: 15px; border-bottom: 1px solid rgba(150&comma; 150&comma; 150&comma; 0.2); font-weight: bold; font-size: 18px; color: inherit;'>Especificaciones<\/div>\n<div style='padding: 15px; color: inherit;'>\n<table style='width: 100%; border-collapse: collapse; font-size: 14px;'>\n<thead>\n<tr>\n<th style='padding: 8px; border-bottom: 1px solid rgba(150&comma;150&comma;150&comma;0.3); text-align: left;'>Model Number<\/th>\n<th style='padding: 8px; border-bottom: 1px solid rgba(150&comma;150&comma;150&comma;0.3); text-align: left;'>Frequency Range (MHz)<\/th>\n<th style='padding: 8px; border-bottom: 1px solid rgba(150&comma;150&comma;150&comma;0.3); text-align: left;'>Power<\/th>\n<\/tr>\n<\/thead>\n<tbody>\n<tr>\n<td style='padding: 6px 8px; border-bottom: 1px solid rgba(150&comma;150&comma;150&comma;0.2);'>50H<\/td>\n<td style='padding: 6px 8px; border-bottom: 1px solid rgba(150&comma;150&comma;150&comma;0.2);'>2-30<\/td>\n<td style='padding: 6px 8px; border-bottom: 1px solid rgba(150&comma;150&comma;150&comma;0.2);'>50 W<\/td>\n<\/tr>\n<tr>\n<td style='padding: 6px 8px; border-bottom: 1px solid rgba(150&comma;150&comma;150&comma;0.2);'>100H<\/td>\n<td style='padding: 6px 8px; border-bottom: 1px solid rgba(150&comma;150&comma;150&comma;0.2);'>2-30<\/td>\n<td style='padding: 6px 8px; border-bottom: 1px solid rgba(150&comma;150&comma;150&comma;0.2);'>100 W<\/td>\n<\/tr>\n<tr>\n<td style='padding: 6px 8px; border-bottom: 1px solid rgba(150&comma;150&comma;150&comma;0.2);'>250H<\/td>\n<td style='padding: 6px 8px; border-bottom: 1px solid rgba(150&comma;150&comma;150&comma;0.2);'>2-30<\/td>\n<td style='padding: 6px 8px; border-bottom: 1px solid rgba(150&comma;150&comma;150&comma;0.2);'>250 W<\/td>\n<\/tr>\n<tr>\n<td style='padding: 6px 8px; border-bottom: 1px solid rgba(150&comma;150&comma;150&comma;0.2);'>500H<\/td>\n<td style='padding: 6px 8px; border-bottom: 1px solid rgba(150&comma;150&comma;150&comma;0.2);'>2-30<\/td>\n<td style='padding: 6px 8px; border-bottom: 1px solid rgba(150&comma;150&comma;150&comma;0.2);'>500 W<\/td>\n<\/tr>\n<tr>\n<td style='padding: 6px 8px; border-bottom: 1px solid rgba(150&comma;150&comma;150&comma;0.2);'>1000H<\/td>\n<td style='padding: 6px 8px; border-bottom: 1px solid rgba(150&comma;150&comma;150&comma;0.2);'>2-30<\/td>\n<td style='padding: 6px 8px; border-bottom: 1px solid rgba(150&comma;150&comma;150&comma;0.2);'>1000 W<\/td>\n<\/tr>\n<tr>\n<td style='padding: 6px 8px; border-bottom: 1px solid rgba(150&comma;150&comma;150&comma;0.2);'>2500H<\/td>\n<td style='padding: 6px 8px; border-bottom: 1px solid rgba(150&comma;150&comma;150&comma;0.2);'>2-30<\/td>\n<td style='padding: 6px 8px; border-bottom: 1px solid rgba(150&comma;150&comma;150&comma;0.2);'>2500 W<\/td>\n<\/tr>\n<tr>\n<td style='padding: 6px 8px; border-bottom: 1px solid rgba(150&comma;150&comma;150&comma;0.2);'>5000H<\/td>\n<td style='padding: 6px 8px; border-bottom: 1px solid rgba(150&comma;150&comma;150&comma;0.2);'>2-30<\/td>\n<td style='padding: 6px 8px; border-bottom: 1px solid rgba(150&comma;150&comma;150&comma;0.2);'>5000 W<\/td>\n<\/tr>\n<tr>\n<td style='padding: 6px 8px; border-bottom: 1px solid rgba(150&comma;150&comma;150&comma;0.2);'>5A<\/td>\n<td style='padding: 6px 8px; border-bottom: 1px solid rgba(150&comma;150&comma;150&comma;0.2);'>25-60<\/td>\n<td style='padding: 6px 8px; border-bottom: 1px solid rgba(150&comma;150&comma;150&comma;0.2);'>5 W<\/td>\n<\/tr>\n<tr>\n<td style='padding: 6px 8px; border-bottom: 1px solid rgba(150&comma;150&comma;150&comma;0.2);'>10A<\/td>\n<td style='padding: 6px 8px; border-bottom: 1px solid rgba(150&comma;150&comma;150&comma;0.2);'>25-60<\/td>\n<td style='padding: 6px 8px; border-bottom: 1px solid rgba(150&comma;150&comma;150&comma;0.2);'>10 W<\/td>\n<\/tr>\n<tr>\n<td style='padding: 6px 8px; border-bottom: 1px solid rgba(150&comma;150&comma;150&comma;0.2);'>25A<\/td>\n<td style='padding: 6px 8px; border-bottom: 1px solid rgba(150&comma;150&comma;150&comma;0.2);'>25-60<\/td>\n<td style='padding: 6px 8px; border-bottom: 1px solid rgba(150&comma;150&comma;150&comma;0.2);'>25 W<\/td>\n<\/tr>\n<tr>\n<td style='padding: 6px 8px; border-bottom: 1px solid rgba(150&comma;150&comma;150&comma;0.2);'>50A<\/td>\n<td style='padding: 6px 8px; border-bottom: 1px solid rgba(150&comma;150&comma;150&comma;0.2);'>25-60<\/td>\n<td style='padding: 6px 8px; border-bottom: 1px solid rgba(150&comma;150&comma;150&comma;0.2);'>50 W<\/td>\n<\/tr>\n<tr>\n<td style='padding: 6px 8px; border-bottom: 1px solid rgba(150&comma;150&comma;150&comma;0.2);'>100A<\/td>\n<td style='padding: 6px 8px; border-bottom: 1px solid rgba(150&comma;150&comma;150&comma;0.2);'>25-60<\/td>\n<td style='padding: 6px 8px; border-bottom: 1px solid rgba(150&comma;150&comma;150&comma;0.2);'>100 W<\/td>\n<\/tr>\n<tr>\n<td style='padding: 6px 8px; border-bottom: 1px solid rgba(150&comma;150&comma;150&comma;0.2);'>250A<\/td>\n<td style='padding: 6px 8px; border-bottom: 1px solid rgba(150&comma;150&comma;150&comma;0.2);'>25-60<\/td>\n<td style='padding: 6px 8px; border-bottom: 1px solid rgba(150&comma;150&comma;150&comma;0.2);'>250 W<\/td>\n<\/tr>\n<tr>\n<td style='padding: 6px 8px; border-bottom: 1px solid rgba(150&comma;150&comma;150&comma;0.2);'>500A<\/td>\n<td style='padding: 6px 8px; border-bottom: 1px solid rgba(150&comma;150&comma;150&comma;0.2);'>25-60<\/td>\n<td style='padding: 6px 8px; border-bottom: 1px solid rgba(150&comma;150&comma;150&comma;0.2);'>500 W<\/td>\n<\/tr>\n<tr>\n<td style='padding: 6px 8px; border-bottom: 1px solid rgba(150&comma;150&comma;150&comma;0.2);'>1000A<\/td>\n<td style='padding: 6px 8px; border-bottom: 1px solid rgba(150&comma;150&comma;150&comma;0.2);'>25-60<\/td>\n<td style='padding: 6px 8px; border-bottom: 1px solid rgba(150&comma;150&comma;150&comma;0.2);'>1000 W<\/td>\n<\/tr>\n<tr>\n<td style='padding: 6px 8px; border-bottom: 1px solid rgba(150&comma;150&comma;150&comma;0.2);'>5B<\/td>\n<td style='padding: 6px 8px; border-bottom: 1px solid rgba(150&comma;150&comma;150&comma;0.2);'>50-125<\/td>\n<td style='padding: 6px 8px; border-bottom: 1px solid rgba(150&comma;150&comma;150&comma;0.2);'>5 W<\/td>\n<\/tr>\n<tr>\n<td style='padding: 6px 8px; border-bottom: 1px solid rgba(150&comma;150&comma;150&comma;0.2);'>10B<\/td>\n<td style='padding: 6px 8px; border-bottom: 1px solid rgba(150&comma;150&comma;150&comma;0.2);'>50-125<\/td>\n<td style='padding: 6px 8px; border-bottom: 1px solid rgba(150&comma;150&comma;150&comma;0.2);'>10 W<\/td>\n<\/tr>\n<tr>\n<td style='padding: 6px 8px; border-bottom: 1px solid rgba(150&comma;150&comma;150&comma;0.2);'>25B<\/td>\n<td style='padding: 6px 8px; border-bottom: 1px solid rgba(150&comma;150&comma;150&comma;0.2);'>50-125<\/td>\n<td style='padding: 6px 8px; border-bottom: 1px solid rgba(150&comma;150&comma;150&comma;0.2);'>25 W<\/td>\n<\/tr>\n<tr>\n<td style='padding: 6px 8px; border-bottom: 1px solid rgba(150&comma;150&comma;150&comma;0.2);'>50B<\/td>\n<td style='padding: 6px 8px; border-bottom: 1px solid rgba(150&comma;150&comma;150&comma;0.2);'>50-125<\/td>\n<td style='padding: 6px 8px; border-bottom: 1px solid rgba(150&comma;150&comma;150&comma;0.2);'>50 W<\/td>\n<\/tr>\n<tr>\n<td style='padding: 6px 8px; border-bottom: 1px solid rgba(150&comma;150&comma;150&comma;0.2);'>100B<\/td>\n<td style='padding: 6px 8px; border-bottom: 1px solid rgba(150&comma;150&comma;150&comma;0.2);'>50-125<\/td>\n<td style='padding: 6px 8px; border-bottom: 1px solid rgba(150&comma;150&comma;150&comma;0.2);'>100 W<\/td>\n<\/tr>\n<tr>\n<td style='padding: 6px 8px; border-bottom: 1px solid rgba(150&comma;150&comma;150&comma;0.2);'>250B<\/td>\n<td style='padding: 6px 8px; border-bottom: 1px solid rgba(150&comma;150&comma;150&comma;0.2);'>50-125<\/td>\n<td style='padding: 6px 8px; border-bottom: 1px solid rgba(150&comma;150&comma;150&comma;0.2);'>250 W<\/td>\n<\/tr>\n<tr>\n<td style='padding: 6px 8px; border-bottom: 1px solid rgba(150&comma;150&comma;150&comma;0.2);'>500B<\/td>\n<td style='padding: 6px 8px; border-bottom: 1px solid rgba(150&comma;150&comma;150&comma;0.2);'>50-125<\/td>\n<td style='padding: 6px 8px; border-bottom: 1px solid rgba(150&comma;150&comma;150&comma;0.2);'>500 W<\/td>\n<\/tr>\n<tr>\n<td style='padding: 6px 8px; border-bottom: 1px solid rgba(150&comma;150&comma;150&comma;0.2);'>1000B<\/td>\n<td style='padding: 6px 8px; border-bottom: 1px solid rgba(150&comma;150&comma;150&comma;0.2);'>50-125<\/td>\n<td style='padding: 6px 8px; border-bottom: 1px solid rgba(150&comma;150&comma;150&comma;0.2);'>1000 W<\/td>\n<\/tr>\n<tr>\n<td style='padding: 6px 8px; border-bottom: 1px solid rgba(150&comma;150&comma;150&comma;0.2);'>5C<\/td>\n<td style='padding: 6px 8px; border-bottom: 1px solid rgba(150&comma;150&comma;150&comma;0.2);'>100-250<\/td>\n<td style='padding: 6px 8px; border-bottom: 1px solid rgba(150&comma;150&comma;150&comma;0.2);'>5 W<\/td>\n<\/tr>\n<tr>\n<td style='padding: 6px 8px; border-bottom: 1px solid rgba(150&comma;150&comma;150&comma;0.2);'>10C<\/td>\n<td style='padding: 6px 8px; border-bottom: 1px solid rgba(150&comma;150&comma;150&comma;0.2);'>100-250<\/td>\n<td style='padding: 6px 8px; border-bottom: 1px solid rgba(150&comma;150&comma;150&comma;0.2);'>10 W<\/td>\n<\/tr>\n<tr>\n<td style='padding: 6px 8px; border-bottom: 1px solid rgba(150&comma;150&comma;150&comma;0.2);'>25C<\/td>\n<td style='padding: 6px 8px; border-bottom: 1px solid rgba(150&comma;150&comma;150&comma;0.2);'>100-250<\/td>\n<td style='padding: 6px 8px; border-bottom: 1px solid rgba(150&comma;150&comma;150&comma;0.2);'>25 W<\/td>\n<\/tr>\n<tr>\n<td style='padding: 6px 8px; border-bottom: 1px solid rgba(150&comma;150&comma;150&comma;0.2);'>50C<\/td>\n<td style='padding: 6px 8px; border-bottom: 1px solid rgba(150&comma;150&comma;150&comma;0.2);'>100-250<\/td>\n<td style='padding: 6px 8px; border-bottom: 1px solid rgba(150&comma;150&comma;150&comma;0.2);'>50 W<\/td>\n<\/tr>\n<tr>\n<td style='padding: 6px 8px; border-bottom: 1px solid rgba(150&comma;150&comma;150&comma;0.2);'>100C<\/td>\n<td style='padding: 6px 8px; border-bottom: 1px solid rgba(150&comma;150&comma;150&comma;0.2);'>100-250<\/td>\n<td style='padding: 6px 8px; border-bottom: 1px solid rgba(150&comma;150&comma;150&comma;0.2);'>100 W<\/td>\n<\/tr>\n<tr>\n<td style='padding: 6px 8px; border-bottom: 1px solid rgba(150&comma;150&comma;150&comma;0.2);'>250C<\/td>\n<td style='padding: 6px 8px; border-bottom: 1px solid rgba(150&comma;150&comma;150&comma;0.2);'>100-250<\/td>\n<td style='padding: 6px 8px; border-bottom: 1px solid rgba(150&comma;150&comma;150&comma;0.2);'>250 W<\/td>\n<\/tr>\n<tr>\n<td style='padding: 6px 8px; border-bottom: 1px solid rgba(150&comma;150&comma;150&comma;0.2);'>500C<\/td>\n<td style='padding: 6px 8px; border-bottom: 1px solid rgba(150&comma;150&comma;150&comma;0.2);'>100-250<\/td>\n<td style='padding: 6px 8px; border-bottom: 1px solid rgba(150&comma;150&comma;150&comma;0.2);'>500 W<\/td>\n<\/tr>\n<tr>\n<td style='padding: 6px 8px; border-bottom: 1px solid rgba(150&comma;150&comma;150&comma;0.2);'>1000C<\/td>\n<td style='padding: 6px 8px; border-bottom: 1px solid rgba(150&comma;150&comma;150&comma;0.2);'>100-250<\/td>\n<td style='padding: 6px 8px; border-bottom: 1px solid rgba(150&comma;150&comma;150&comma;0.2);'>1000 W<\/td>\n<\/tr>\n<tr>\n<td style='padding: 6px 8px; border-bottom: 1px solid rgba(150&comma;150&comma;150&comma;0.2);'>5D<\/td>\n<td style='padding: 6px 8px; border-bottom: 1px solid rgba(150&comma;150&comma;150&comma;0.2);'>200-500<\/td>\n<td style='padding: 6px 8px; border-bottom: 1px solid rgba(150&comma;150&comma;150&comma;0.2);'>5 W<\/td>\n<\/tr>\n<tr>\n<td style='padding: 6px 8px; border-bottom: 1px solid rgba(150&comma;150&comma;150&comma;0.2);'>10D<\/td>\n<td style='padding: 6px 8px; border-bottom: 1px solid rgba(150&comma;150&comma;150&comma;0.2);'>200-500<\/td>\n<td style='padding: 6px 8px; border-bottom: 1px solid rgba(150&comma;150&comma;150&comma;0.2);'>10 W<\/td>\n<\/tr>\n<tr>\n<td style='padding: 6px 8px; border-bottom: 1px solid rgba(150&comma;150&comma;150&comma;0.2);'>25D<\/td>\n<td style='padding: 6px 8px; border-bottom: 1px solid rgba(150&comma;150&comma;150&comma;0.2);'>200-500<\/td>\n<td style='padding: 6px 8px; border-bottom: 1px solid rgba(150&comma;150&comma;150&comma;0.2);'>25 W<\/td>\n<\/tr>\n<tr>\n<td style='padding: 6px 8px; border-bottom: 1px solid rgba(150&comma;150&comma;150&comma;0.2);'>50D<\/td>\n<td style='padding: 6px 8px; border-bottom: 1px solid rgba(150&comma;150&comma;150&comma;0.2);'>200-500<\/td>\n<td style='padding: 6px 8px; border-bottom: 1px solid rgba(150&comma;150&comma;150&comma;0.2);'>50 W<\/td>\n<\/tr>\n<tr>\n<td style='padding: 6px 8px; border-bottom: 1px solid rgba(150&comma;150&comma;150&comma;0.2);'>100D<\/td>\n<td style='padding: 6px 8px; border-bottom: 1px solid rgba(150&comma;150&comma;150&comma;0.2);'>200-500<\/td>\n<td style='padding: 6px 8px; border-bottom: 1px solid rgba(150&comma;150&comma;150&comma;0.2);'>100 W<\/td>\n<\/tr>\n<tr>\n<td style='padding: 6px 8px; border-bottom: 1px solid rgba(150&comma;150&comma;150&comma;0.2);'>250D<\/td>\n<td style='padding: 6px 8px; border-bottom: 1px solid rgba(150&comma;150&comma;150&comma;0.2);'>200-500<\/td>\n<td style='padding: 6px 8px; border-bottom: 1px solid rgba(150&comma;150&comma;150&comma;0.2);'>250 W<\/td>\n<\/tr>\n<tr>\n<td style='padding: 6px 8px; border-bottom: 1px solid rgba(150&comma;150&comma;150&comma;0.2);'>500D<\/td>\n<td style='padding: 6px 8px; border-bottom: 1px solid rgba(150&comma;150&comma;150&comma;0.2);'>200-500<\/td>\n<td style='padding: 6px 8px; border-bottom: 1px solid rgba(150&comma;150&comma;150&comma;0.2);'>500 W<\/td>\n<\/tr>\n<tr>\n<td style='padding: 6px 8px; border-bottom: 1px solid rgba(150&comma;150&comma;150&comma;0.2);'>1000D<\/td>\n<td style='padding: 6px 8px; border-bottom: 1px solid rgba(150&comma;150&comma;150&comma;0.2);'>200-500<\/td>\n<td style='padding: 6px 8px; border-bottom: 1px solid rgba(150&comma;150&comma;150&comma;0.2);'>1000 W<\/td>\n<\/tr>\n<tr>\n<td style='padding: 6px 8px; border-bottom: 1px solid rgba(150&comma;150&comma;150&comma;0.2);'>2500D<\/td>\n<td style='padding: 6px 8px; border-bottom: 1px solid rgba(150&comma;150&comma;150&comma;0.2);'>200-500<\/td>\n<td style='padding: 6px 8px; border-bottom: 1px solid rgba(150&comma;150&comma;150&comma;0.2);'>2500 W<\/td>\n<\/tr>\n<tr>\n<td style='padding: 6px 8px; border-bottom: 1px solid rgba(150&comma;150&comma;150&comma;0.2);'>5E<\/td>\n<td style='padding: 6px 8px; border-bottom: 1px solid rgba(150&comma;150&comma;150&comma;0.2);'>400-1000<\/td>\n<td style='padding: 6px 8px; border-bottom: 1px solid rgba(150&comma;150&comma;150&comma;0.2);'>5 W<\/td>\n<\/tr>\n<tr>\n<td style='padding: 6px 8px; border-bottom: 1px solid rgba(150&comma;150&comma;150&comma;0.2);'>10E<\/td>\n<td style='padding: 6px 8px; border-bottom: 1px solid rgba(150&comma;150&comma;150&comma;0.2);'>400-1000<\/td>\n<td style='padding: 6px 8px; border-bottom: 1px solid rgba(150&comma;150&comma;150&comma;0.2);'>10 W<\/td>\n<\/tr>\n<tr>\n<td style='padding: 6px 8px; border-bottom: 1px solid rgba(150&comma;150&comma;150&comma;0.2);'>25E<\/td>\n<td style='padding: 6px 8px; border-bottom: 1px solid rgba(150&comma;150&comma;150&comma;0.2);'>400-1000<\/td>\n<td style='padding: 6px 8px; border-bottom: 1px solid rgba(150&comma;150&comma;150&comma;0.2);'>25 W<\/td>\n<\/tr>\n<tr>\n<td style='padding: 6px 8px; border-bottom: 1px solid rgba(150&comma;150&comma;150&comma;0.2);'>50E<\/td>\n<td style='padding: 6px 8px; border-bottom: 1px solid rgba(150&comma;150&comma;150&comma;0.2);'>400-1000<\/td>\n<td style='padding: 6px 8px; border-bottom: 1px solid rgba(150&comma;150&comma;150&comma;0.2);'>50 W<\/td>\n<\/tr>\n<tr>\n<td style='padding: 6px 8px; border-bottom: 1px solid rgba(150&comma;150&comma;150&comma;0.2);'>100E<\/td>\n<td style='padding: 6px 8px; border-bottom: 1px solid rgba(150&comma;150&comma;150&comma;0.2);'>400-1000<\/td>\n<td style='padding: 6px 8px; border-bottom: 1px solid rgba(150&comma;150&comma;150&comma;0.2);'>100 W<\/td>\n<\/tr>\n<tr>\n<td style='padding: 6px 8px; border-bottom: 1px solid rgba(150&comma;150&comma;150&comma;0.2);'>250E<\/td>\n<td style='padding: 6px 8px; border-bottom: 1px solid rgba(150&comma;150&comma;150&comma;0.2);'>400-1000<\/td>\n<td style='padding: 6px 8px; border-bottom: 1px solid rgba(150&comma;150&comma;150&comma;0.2);'>250 W<\/td>\n<\/tr>\n<tr>\n<td style='padding: 6px 8px; border-bottom: 1px solid rgba(150&comma;150&comma;150&comma;0.2);'>500E<\/td>\n<td style='padding: 6px 8px; border-bottom: 1px solid rgba(150&comma;150&comma;150&comma;0.2);'>400-1000<\/td>\n<td style='padding: 6px 8px; border-bottom: 1px solid rgba(150&comma;150&comma;150&comma;0.2);'>500 W<\/td>\n<\/tr>\n<tr>\n<td style='padding: 6px 8px;'>1000E<\/td>\n<td style='padding: 6px 8px;'>400-1000<\/td>\n<td style='padding: 6px 8px;'>1000 W<\/td>\n<\/tr>\n<\/tbody>\n<\/table><\/div>\n<\/p><\/div>\n<\/p><\/div>\n<hr style='border: 0; border-top: 1px solid rgba(150&comma; 150&comma; 150&comma; 0.3); margin: 30px 0;'> <\/div>\n","protected":false},"excerpt":{"rendered":"<p>Elemento de 50 Watt para Wattmetro BIRD 43, 400-1000 MHz.<\/p>\n","protected":false},"featured_media":64754,"comment_status":"open","ping_status":"closed","template":"","meta":[],"product_brand":[],"product_cat":[1639],"product_tag":[1641,931,1640],"class_list":{"0":"post-64755","1":"product","2":"type-product","3":"status-publish","4":"has-post-thumbnail","6":"product_cat-wattmetros-y-elementos","7":"product_tag-bird-technologies","8":"product_tag-equipo-de-laboratorio","9":"product_tag-wattmetros-y-elementos","11":"first","12":"outofstock","13":"sale","14":"shipping-taxable","15":"purchasable","16":"product-type-simple"},"_links":{"self":[{"href":"https:\/\/soydeaqui.ddns.net\/pachuca\/index.php\/wp-json\/wp\/v2\/product\/64755","targetHints":{"allow":["GET"]}}],"collection":[{"href":"https:\/\/soydeaqui.ddns.net\/pachuca\/index.php\/wp-json\/wp\/v2\/product"}],"about":[{"href":"https:\/\/soydeaqui.ddns.net\/pachuca\/index.php\/wp-json\/wp\/v2\/types\/product"}],"replies":[{"embeddable":true,"href":"https:\/\/soydeaqui.ddns.net\/pachuca\/index.php\/wp-json\/wp\/v2\/comments?post=64755"}],"wp:featuredmedia":[{"embeddable":true,"href":"https:\/\/soydeaqui.ddns.net\/pachuca\/index.php\/wp-json\/wp\/v2\/media\/64754"}],"wp:attachment":[{"href":"https:\/\/soydeaqui.ddns.net\/pachuca\/index.php\/wp-json\/wp\/v2\/media?parent=64755"}],"wp:term":[{"taxonomy":"product_brand","embeddable":true,"href":"https:\/\/soydeaqui.ddns.net\/pachuca\/index.php\/wp-json\/wp\/v2\/product_brand?post=64755"},{"taxonomy":"product_cat","embeddable":true,"href":"https:\/\/soydeaqui.ddns.net\/pachuca\/index.php\/wp-json\/wp\/v2\/product_cat?post=64755"},{"taxonomy":"product_tag","embeddable":true,"href":"https:\/\/soydeaqui.ddns.net\/pachuca\/index.php\/wp-json\/wp\/v2\/product_tag?post=64755"}],"curies":[{"name":"wp","href":"https:\/\/api.w.org\/{rel}","templated":true}]}}