{"id":64736,"date":"2026-03-19T07:58:12","date_gmt":"2026-03-19T07:58:12","guid":{"rendered":"https:\/\/soydeaqui.ddns.net\/pachuca\/index.php\/producto\/elemento-de-500-watt-en-linea-7-8-para-wattmetro-bird-43-en-rango-de-frecuencia-de-200-500-mhz\/"},"modified":"2026-03-19T07:58:13","modified_gmt":"2026-03-19T07:58:13","slug":"elemento-de-500-watt-en-linea-7-8-para-wattmetro-bird-43-en-rango-de-frecuencia-de-200-500-mhz","status":"publish","type":"product","link":"https:\/\/soydeaqui.ddns.net\/pachuca\/index.php\/producto\/elemento-de-500-watt-en-linea-7-8-para-wattmetro-bird-43-en-rango-de-frecuencia-de-200-500-mhz\/","title":{"rendered":"Elemento de 500 Watt en linea 7\/8&#8243; para Wattmetro BIRD 43 en Rango de Frecuencia de 200-500 MHz"},"content":{"rendered":"<div style='width: 100%; max-width: 1200px; margin: 0 auto; font-family: sans-serif; line-height: 1.6; color: inherit; background-color: transparent;'>\n<div style='display: flex; flex-wrap: wrap; gap: 30px; margin-bottom: 30px;'>\n<div style='flex: 1 1 300px; min-width: 280px;'>\n<h3 style='font-size: 22px; border-bottom: 2px solid currentColor; padding-bottom: 5px; margin-top: 0; color: inherit; opacity: 0.8;'>Caracter\u00edsticas<\/h3>\n<ul style='padding-left: 20px; font-size: 15px; color: inherit;'>\n<li style='margin-bottom: 5px;'><strong>Elementos est\u00e1ndar:<\/strong> Todos los elementos insertables est\u00e1n calibrados seg\u00fan los procedimientos de calibraci\u00f3n de BIRD&comma; respaldados por un historial de desviaciones para asegurar la similitud con las especificaciones anunciadas y la intercambiabilidad en campo.<\/li>\n<\/ul><\/div>\n<\/p><\/div>\n<div style='display: flex; flex-wrap: wrap; gap: 20px; margin-bottom: 30px;'>\n<div style='flex: 1 1 250px; border: 1px solid rgba(150&comma; 150&comma; 150&comma; 0.4); border-radius: 8px; overflow: hidden; display: flex; flex-direction: column;'>\n<div style='padding: 15px; border-bottom: 1px solid rgba(150&comma; 150&comma; 150&comma; 0.2); font-weight: bold; font-size: 18px; color: inherit;'>Especificaciones<\/div>\n<div style='padding: 15px; color: inherit;'>\n<ul style='padding-left: 20px; margin: 0; font-size: 14px; list-style-type: disc;'>\n<li style='margin-bottom: 5px;'><strong>Modelo:<\/strong> 500D<\/li>\n<li style='margin-bottom: 5px;'><strong>Rango de Frecuencia:<\/strong> 200-500 MHz<\/li>\n<li style='margin-bottom: 5px;'><strong>Potencia:<\/strong> 500 W<\/li>\n<li style='margin-bottom: 5px;'><strong>Conector:<\/strong> 7\/8&#8242;<\/li>\n<\/ul><\/div>\n<\/p><\/div>\n<div style='flex: 1 1 250px; border: 1px solid rgba(150&comma; 150&comma; 150&comma; 0.4); border-radius: 8px; overflow: hidden; display: flex; flex-direction: column;'>\n<div style='padding: 15px; border-bottom: 1px solid rgba(150&comma; 150&comma; 150&comma; 0.2); font-weight: bold; font-size: 18px; color: inherit;'>Modelos Disponibles<\/div>\n<div style='padding: 15px; color: inherit;'>\n<ul style='padding-left: 20px; margin: 0; font-size: 14px; list-style-type: disc;'>\n<li style='margin-bottom: 5px;'>50H (2-30 MHz&comma; 50 W)<\/li>\n<li style='margin-bottom: 5px;'>100H (2-30 MHz&comma; 100 W)<\/li>\n<li style='margin-bottom: 5px;'>250H (2-30 MHz&comma; 250 W)<\/li>\n<li style='margin-bottom: 5px;'>500H (2-30 MHz&comma; 500 W)<\/li>\n<li style='margin-bottom: 5px;'>1000H (2-30 MHz&comma; 1000 W)<\/li>\n<li style='margin-bottom: 5px;'>2500H (2-30 MHz&comma; 2500 W)<\/li>\n<li style='margin-bottom: 5px;'>5000H (2-30 MHz&comma; 5000 W)<\/li>\n<li style='margin-bottom: 5px;'>5A (25-60 MHz&comma; 5 W)<\/li>\n<li style='margin-bottom: 5px;'>10A (25-60 MHz&comma; 10 W)<\/li>\n<li style='margin-bottom: 5px;'>25A (25-60 MHz&comma; 25 W)<\/li>\n<li style='margin-bottom: 5px;'>50A (25-60 MHz&comma; 50 W)<\/li>\n<li style='margin-bottom: 5px;'>100A (25-60 MHz&comma; 100 W)<\/li>\n<li style='margin-bottom: 5px;'>250A (25-60 MHz&comma; 250 W)<\/li>\n<li style='margin-bottom: 5px;'>1000A (25-60 MHz&comma; 1000 W)<\/li>\n<li style='margin-bottom: 5px;'>5B (50-125 MHz&comma; 5 W)<\/li>\n<li style='margin-bottom: 5px;'>10B (50-125 MHz&comma; 10 W)<\/li>\n<li style='margin-bottom: 5px;'>25B (50-125 MHz&comma; 25 W)<\/li>\n<li style='margin-bottom: 5px;'>50B (50-125 MHz&comma; 50 W)<\/li>\n<li style='margin-bottom: 5px;'>100B (50-125 MHz&comma; 100 W)<\/li>\n<li style='margin-bottom: 5px;'>250B (50-125 MHz&comma; 250 W)<\/li>\n<li style='margin-bottom: 5px;'>500B (50-125 MHz&comma; 500 W)<\/li>\n<li style='margin-bottom: 5px;'>1000B (50-125 MHz&comma; 1000 W)<\/li>\n<li style='margin-bottom: 5px;'>5C (100-250 MHz&comma; 5 W)<\/li>\n<li style='margin-bottom: 5px;'>10C (100-250 MHz&comma; 10 W)<\/li>\n<li style='margin-bottom: 5px;'>25C (100-250 MHz&comma; 25 W)<\/li>\n<li style='margin-bottom: 5px;'>50C (100-250 MHz&comma; 50 W)<\/li>\n<li style='margin-bottom: 5px;'>100C (100-250 MHz&comma; 100 W)<\/li>\n<li style='margin-bottom: 5px;'>250C (100-250 MHz&comma; 250 W)<\/li>\n<li style='margin-bottom: 5px;'>500C (100-250 MHz&comma; 500 W)<\/li>\n<li style='margin-bottom: 5px;'>1000C (100-250 MHz&comma; 1000 W)<\/li>\n<li style='margin-bottom: 5px;'>5D (200-500 MHz&comma; 5 W)<\/li>\n<li style='margin-bottom: 5px;'>10D (200-500 MHz&comma; 10 W)<\/li>\n<\/ul><\/div>\n<\/p><\/div>\n<\/p><\/div>\n<hr style='border: 0; border-top: 1px solid rgba(150&comma; 150&comma; 150&comma; 0.3); margin: 30px 0;'> <\/div>\n","protected":false},"excerpt":{"rendered":"<p>Elemento de 500 Watt en linea 7\/8&#8243; para Wattmetro BIRD 43 en Rango de Frecuencia de 200-500 MHz<\/p>\n","protected":false},"featured_media":64735,"comment_status":"open","ping_status":"closed","template":"","meta":[],"product_brand":[],"product_cat":[1639],"product_tag":[1641,931,1640],"class_list":{"0":"post-64736","1":"product","2":"type-product","3":"status-publish","4":"has-post-thumbnail","6":"product_cat-wattmetros-y-elementos","7":"product_tag-bird-technologies","8":"product_tag-equipo-de-laboratorio","9":"product_tag-wattmetros-y-elementos","11":"first","12":"outofstock","13":"sale","14":"shipping-taxable","15":"purchasable","16":"product-type-simple"},"_links":{"self":[{"href":"https:\/\/soydeaqui.ddns.net\/pachuca\/index.php\/wp-json\/wp\/v2\/product\/64736","targetHints":{"allow":["GET"]}}],"collection":[{"href":"https:\/\/soydeaqui.ddns.net\/pachuca\/index.php\/wp-json\/wp\/v2\/product"}],"about":[{"href":"https:\/\/soydeaqui.ddns.net\/pachuca\/index.php\/wp-json\/wp\/v2\/types\/product"}],"replies":[{"embeddable":true,"href":"https:\/\/soydeaqui.ddns.net\/pachuca\/index.php\/wp-json\/wp\/v2\/comments?post=64736"}],"wp:featuredmedia":[{"embeddable":true,"href":"https:\/\/soydeaqui.ddns.net\/pachuca\/index.php\/wp-json\/wp\/v2\/media\/64735"}],"wp:attachment":[{"href":"https:\/\/soydeaqui.ddns.net\/pachuca\/index.php\/wp-json\/wp\/v2\/media?parent=64736"}],"wp:term":[{"taxonomy":"product_brand","embeddable":true,"href":"https:\/\/soydeaqui.ddns.net\/pachuca\/index.php\/wp-json\/wp\/v2\/product_brand?post=64736"},{"taxonomy":"product_cat","embeddable":true,"href":"https:\/\/soydeaqui.ddns.net\/pachuca\/index.php\/wp-json\/wp\/v2\/product_cat?post=64736"},{"taxonomy":"product_tag","embeddable":true,"href":"https:\/\/soydeaqui.ddns.net\/pachuca\/index.php\/wp-json\/wp\/v2\/product_tag?post=64736"}],"curies":[{"name":"wp","href":"https:\/\/api.w.org\/{rel}","templated":true}]}}