{"id":6472,"date":"2026-03-18T06:43:47","date_gmt":"2026-03-18T06:43:47","guid":{"rendered":"https:\/\/soydeaqui.ddns.net\/pachuca\/index.php\/producto\/caseta-wireless-controlador-hub-pro-principal-soporta-75-dispositivos-1-repetidor-facil-programacion-via-app\/"},"modified":"2026-03-18T06:43:49","modified_gmt":"2026-03-18T06:43:49","slug":"caseta-wireless-controlador-hub-pro-principal-soporta-75-dispositivos-1-repetidor-facil-programacion-via-app","status":"publish","type":"product","link":"https:\/\/soydeaqui.ddns.net\/pachuca\/index.php\/producto\/caseta-wireless-controlador-hub-pro-principal-soporta-75-dispositivos-1-repetidor-facil-programacion-via-app\/","title":{"rendered":"(Caseta Wireless) Controlador HUB PRO principal, soporta 75 dispositivos, 1 repetidor, f\u00e1cil programacion v\u00eda App."},"content":{"rendered":"<div style='width: 100%; max-width: 1200px; margin: 0 auto; font-family: sans-serif; line-height: 1.6; color: inherit; background-color: transparent;'>\n<div style='display: flex; flex-wrap: wrap; gap: 30px; margin-bottom: 30px;'>\n<div style='flex: 1 1 300px; min-width: 280px;'>\n<h3 style='font-size: 22px; border-bottom: 2px solid currentColor; padding-bottom: 5px; margin-top: 0; color: inherit; opacity: 0.8;'>Descripcion<\/h3>\n<p style='text-align: justify; color: inherit; font-size: 15px;'>Controle las luces y las persianas desde cualquier lugar&comma; estando fuera o dentro de su hogar. Los atenuadores e interruptores Cas\u00e9ta Wireless se instalan en minutos&comma; funcionan con una variedad de tipos de focos&comma; entre los que se incluyen LEDs y CFL (fluorescentes compactos) atenuables&comma; y brindan la comodidad de tener un hogar inteligente y conectado.<\/p>\n<\/p><\/div>\n<div style='flex: 1 1 300px; min-width: 280px;'>\n<h3 style='font-size: 22px; border-bottom: 2px solid currentColor; padding-bottom: 5px; margin-top: 0; color: inherit; opacity: 0.8;'>Caracteristicas principales<\/h3>\n<ul style='padding-left: 20px; font-size: 15px; color: inherit;'>\n<li style='margin-bottom: 5px;'><strong>Controle y agregue hasta 50 dispositivos<\/strong>.<\/li>\n<li style='margin-bottom: 5px;'><strong>Soporta 1 repetidor de se\u00f1al Clear Connect\u00ae<\/strong><\/li>\n<li style='margin-bottom: 5px;'>Permite control de iluminaci\u00f3n&comma; temperatura y persianas a trav\u00e9s de la aplicaci\u00f3n de Lutron.<\/li>\n<li style='margin-bottom: 5px;'>Compatible con los atenuadores e interruptores Cas\u00e9ta\u00ae Wireless y cortinas a bater\u00edas Serena<\/li>\n<li style='margin-bottom: 5px;'>F\u00e1cil de instalar y configurar.<\/li>\n<li style='margin-bottom: 5px;'>Usa tecnolog\u00eda inal\u00e1mbrica Clear Connect\u00ae<\/li>\n<li style='margin-bottom: 5px;'>A\u00f1ade compatibilidad con las cortinas a bater\u00eda Triathon\u00ae e inal\u00e1mbricas Sivoia\u00ae QS<\/li>\n<li style='margin-bottom: 5px;'>Incluye integraci\u00f3n con controles remotos de audio y v\u00eddeo (A\/V) y sistemas de seguridad de terceros.<\/li>\n<\/ul>\n<ul style='padding-left: 20px; font-size: 15px; color: inherit;'>\n<li style='margin-bottom: 5px;'><em>Nota: Una vez actualizado el firmware del HUB soporta hasta 75 dispositivos.<\/em><\/li>\n<\/ul><\/div>\n<div style='flex: 1 1 300px; min-width: 280px;'>\n<h3 style='font-size: 22px; border-bottom: 2px solid currentColor; padding-bottom: 5px; margin-top: 0; color: inherit; opacity: 0.8;'>Caracteristicas de su App<\/h3>\n<ul style='padding-left: 20px; font-size: 15px; color: inherit;'>\n<li style='margin-bottom: 5px;'>Trabaja en conjunto con Smart Bridge y con Smart Bridge PRO<\/li>\n<li style='margin-bottom: 5px;'>Controla luces individuales y cortinas&comma; incluso al estar fuera de casa.<\/li>\n<li style='margin-bottom: 5px;'>Agregue escenas para controlar m\u00faltiples luces y cortinas con un solo toque.<\/li>\n<li style='margin-bottom: 5px;'>Programe escenas y calendarios para ajustar las luces y cortinas autom\u00e1ticamente.<\/li>\n<li style='margin-bottom: 5px;'>Desc\u00e1rguela sin costo desde la App Store o Google Play.<\/li>\n<li style='margin-bottom: 5px;'>Utilice la funci\u00f3n \u201cgeo cerca\u201d (geofencing) para encender.<\/li>\n<li style='margin-bottom: 5px;'>Reciba notificaciones en su tel\u00e9fono inteligente cuando deje las luces encendidas al salir de casa.<\/li>\n<li style='margin-bottom: 5px;'>Utilice la funci\u00f3n Widget para establecer una escena sin desbloquear su tel\u00e9fono.<\/li>\n<li style='margin-bottom: 5px;'>D\u00edgale a Alexa&comma; Google y Siri que apague las luces.<\/li>\n<li style='margin-bottom: 5px;'>Compatible con Apple HomeKit.<\/li>\n<li style='margin-bottom: 5px;'>App gratuita.<\/li>\n<\/ul><\/div>\n<div style='flex: 1 1 300px; min-width: 280px;'>\n<h3 style='font-size: 22px; border-bottom: 2px solid currentColor; padding-bottom: 5px; margin-top: 0; color: inherit; opacity: 0.8;'>Caracteristicas electricas<\/h3>\n<ul style='padding-left: 20px; font-size: 15px; color: inherit;'>\n<li style='margin-bottom: 5px;'><strong>5 V- 300 mA<\/strong><\/li>\n<li style='margin-bottom: 5px;'>Power Supply (included): <strong>5 V- 550 mA<\/strong><\/li>\n<li style='margin-bottom: 5px;'>Consumo <strong>1.3 W<\/strong><\/li>\n<li style='margin-bottom: 5px;'>Temperatura de trabajo <strong>0 \u00b0C a 40 \u00b0C<\/strong><\/li>\n<li style='margin-bottom: 5px;'>Uso \u00fanicamente interior<\/li>\n<li style='margin-bottom: 5px;'>Dimensiones: <strong>69.9 x 2.75 x 69.9 mm<\/strong><\/li>\n<li style='margin-bottom: 5px;'>Puerto Ethernet CAT5<\/li>\n<\/ul><\/div>\n<div style='flex: 1 1 300px; min-width: 280px;'>\n<h3 style='font-size: 22px; border-bottom: 2px solid currentColor; padding-bottom: 5px; margin-top: 0; color: inherit; opacity: 0.8;'>Compatibilidad con terceros<\/h3>\n<ul style='padding-left: 20px; font-size: 15px; color: inherit;'>\n<li style='margin-bottom: 5px;'>Control4<\/li>\n<li style='margin-bottom: 5px;'>URS<\/li>\n<li style='margin-bottom: 5px;'>Creston<\/li>\n<li style='margin-bottom: 5px;'>RTI<\/li>\n<li style='margin-bottom: 5px;'>Savant<\/li>\n<li style='margin-bottom: 5px;'>Controles de voz: Alexa&comma; Siri&comma; Google<\/li>\n<li style='margin-bottom: 5px;'>Apple HomeKit<\/li>\n<li style='margin-bottom: 5px;'>Sonos<\/li>\n<li style='margin-bottom: 5px;'>Nest<\/li>\n<li style='margin-bottom: 5px;'>IFTTT<\/li>\n<li style='margin-bottom: 5px;'>Logitech Harmony<\/li>\n<\/ul><\/div>\n<div style='flex: 1 1 300px; min-width: 280px;'>\n<h3 style='font-size: 22px; border-bottom: 2px solid currentColor; padding-bottom: 5px; margin-top: 0; color: inherit; opacity: 0.8;'>Productos recomendados<\/h3>\n<ul style='padding-left: 20px; font-size: 15px; color: inherit;'>\n<li style='margin-bottom: 5px;'>Dimmer: <strong>PD-6WCL-WH<\/strong><\/li>\n<li style='margin-bottom: 5px;'>Switch: <strong>PD-5WSD-VWH<\/strong><\/li>\n<li style='margin-bottom: 5px;'>Control remoto PICO: <strong>PJ2-3BRL-WH-L01R<\/strong> o <strong>PJ2-2B-GWH-L01<\/strong><\/li>\n<\/ul><\/div>\n<\/p><\/div>\n<p> <!-- Videos --> <\/p>\n<div style='display: flex; flex-wrap: wrap; gap: 30px; margin-bottom: 30px;'>\n<div style='flex: 1 1 400px; min-width: 300px;'>\n<div style='position: relative; padding-bottom: 56.25%; height: 0; overflow: hidden; margin-bottom: 30px;'>   <\/div>\n<\/p><\/div>\n<div style='flex: 1 1 400px; min-width: 300px;'>\n<div style='position: relative; padding-bottom: 56.25%; height: 0; overflow: hidden; margin-bottom: 30px;'>   <\/div>\n<\/p><\/div>\n<\/p><\/div>\n<p> <!-- Imagen --> <\/p>\n<div style='margin-bottom: 30px;'> <img style='width: 100%; height: auto; border: 1px solid rgba(150&comma;150&comma;150&comma;0.3); border-radius: 8px;' src='https:\/\/ftp3.syscom.mx\/usuarios\/yhermosillo\/LUTRON\/Casetawireless\/SystemOverviewcaseta.jpg' alt=''> <\/div>\n<p> <!-- Separador --> <\/p>\n<hr style='border: 0; border-top: 1px solid rgba(150&comma; 150&comma; 150&comma; 0.3); margin: 30px 0;'> <\/div>\n","protected":false},"excerpt":{"rendered":"<p>(Caseta Wireless) Controlador HUB PRO principal, soporta 75 dispositivos, 1 repetidor, f\u00e1cil programacion v\u00eda App.<\/p>\n","protected":false},"featured_media":6471,"comment_status":"open","ping_status":"closed","template":"","meta":[],"product_brand":[],"product_cat":[34],"product_tag":[30,35,73],"class_list":{"0":"post-6472","1":"product","2":"type-product","3":"status-publish","4":"has-post-thumbnail","6":"product_cat-lutron","7":"product_tag-automatizacion-casa-inteligente","8":"product_tag-lutron","9":"product_tag-lutron-caseta-wireless","11":"first","12":"instock","13":"sale","14":"shipping-taxable","15":"purchasable","16":"product-type-simple"},"_links":{"self":[{"href":"https:\/\/soydeaqui.ddns.net\/pachuca\/index.php\/wp-json\/wp\/v2\/product\/6472","targetHints":{"allow":["GET"]}}],"collection":[{"href":"https:\/\/soydeaqui.ddns.net\/pachuca\/index.php\/wp-json\/wp\/v2\/product"}],"about":[{"href":"https:\/\/soydeaqui.ddns.net\/pachuca\/index.php\/wp-json\/wp\/v2\/types\/product"}],"replies":[{"embeddable":true,"href":"https:\/\/soydeaqui.ddns.net\/pachuca\/index.php\/wp-json\/wp\/v2\/comments?post=6472"}],"wp:featuredmedia":[{"embeddable":true,"href":"https:\/\/soydeaqui.ddns.net\/pachuca\/index.php\/wp-json\/wp\/v2\/media\/6471"}],"wp:attachment":[{"href":"https:\/\/soydeaqui.ddns.net\/pachuca\/index.php\/wp-json\/wp\/v2\/media?parent=6472"}],"wp:term":[{"taxonomy":"product_brand","embeddable":true,"href":"https:\/\/soydeaqui.ddns.net\/pachuca\/index.php\/wp-json\/wp\/v2\/product_brand?post=6472"},{"taxonomy":"product_cat","embeddable":true,"href":"https:\/\/soydeaqui.ddns.net\/pachuca\/index.php\/wp-json\/wp\/v2\/product_cat?post=6472"},{"taxonomy":"product_tag","embeddable":true,"href":"https:\/\/soydeaqui.ddns.net\/pachuca\/index.php\/wp-json\/wp\/v2\/product_tag?post=6472"}],"curies":[{"name":"wp","href":"https:\/\/api.w.org\/{rel}","templated":true}]}}