{"id":64714,"date":"2026-03-19T07:57:24","date_gmt":"2026-03-19T07:57:24","guid":{"rendered":"https:\/\/soydeaqui.ddns.net\/pachuca\/index.php\/producto\/antena-marina-base-banda-vhf-9-db-150-watts\/"},"modified":"2026-03-19T07:57:25","modified_gmt":"2026-03-19T07:57:25","slug":"antena-marina-base-banda-vhf-9-db-150-watts","status":"publish","type":"product","link":"https:\/\/soydeaqui.ddns.net\/pachuca\/index.php\/producto\/antena-marina-base-banda-vhf-9-db-150-watts\/","title":{"rendered":"Antena Marina, Base, Banda VHF, 9 dB, 150 Watts."},"content":{"rendered":"<div style='width: 100%; max-width: 1200px; margin: 0 auto; font-family: sans-serif; line-height: 1.6; color: inherit; background-color: transparent;'> <!-- Secci\u00f3n de caracter\u00edsticas --> <\/p>\n<div style='margin-bottom: 30px;'>\n<h3 style='font-size: 22px; border-bottom: 2px solid currentColor; padding-bottom: 5px; margin-top: 0; color: inherit; opacity: 0.8;'>Caracter\u00edsticas<\/h3>\n<ul style='padding-left: 20px; font-size: 15px; color: inherit;'>\n<li style='margin-bottom: 5px;'>Elementos de lat\u00f3n y cobre<\/li>\n<li style='margin-bottom: 5px;'>F\u00e9rulas de acero inoxidable&comma; f\u00e9rula de montaje de rosca est\u00e1ndar de 1 \u2033 -14<\/li>\n<li style='margin-bottom: 5px;'>Incluye 20 &#8216;de cable de baja p\u00e9rdida RG-8 \/ X m\u00e1s un conector PL-259<\/li>\n<li style='margin-bottom: 5px;'>Montaje sugerido: Shakespeare Style 409-R o 410-R Kit de montaje (cada uno se vende por separado)<\/li>\n<\/ul><\/div>\n<p> <!-- Secci\u00f3n de especificaciones --> <\/p>\n<div style='margin-bottom: 30px;'>\n<h3 style='font-size: 22px; border-bottom: 2px solid currentColor; padding-bottom: 5px; margin-top: 0; color: inherit; opacity: 0.8;'>Especificaciones<\/h3>\n<div style='display: flex; flex-wrap: wrap; gap: 20px; margin-top: 15px;'>\n<div style='flex: 1 1 250px; border: 1px solid rgba(150&comma; 150&comma; 150&comma; 0.4); border-radius: 8px; overflow: hidden; display: flex; flex-direction: column;'>\n<div style='padding: 15px; border-bottom: 1px solid rgba(150&comma; 150&comma; 150&comma; 0.2); font-weight: bold; font-size: 18px; color: inherit;'>Caracter\u00edsticas principales<\/div>\n<div style='padding: 15px; color: inherit;'>\n<ul style='padding-left: 20px; margin: 0; font-size: 14px; list-style-type: disc;'>\n<li style='margin-bottom: 5px;'><strong>Banda:<\/strong> Banda Marina VHF<\/li>\n<li style='margin-bottom: 5px;'><strong>Ganancia de la antena:<\/strong> 9dB<\/li>\n<li style='margin-bottom: 5px;'><strong>Potencia m\u00e1xima:<\/strong> 150 W<\/li>\n<li style='margin-bottom: 5px;'><strong>SWR:<\/strong> 1.5:1 a 156.8 MHz<\/li>\n<\/ul><\/div>\n<\/p><\/div>\n<div style='flex: 1 1 250px; border: 1px solid rgba(150&comma; 150&comma; 150&comma; 0.4); border-radius: 8px; overflow: hidden; display: flex; flex-direction: column;'>\n<div style='padding: 15px; border-bottom: 1px solid rgba(150&comma; 150&comma; 150&comma; 0.2); font-weight: bold; font-size: 18px; color: inherit;'>Detalles t\u00e9cnicos<\/div>\n<div style='padding: 15px; color: inherit;'>\n<ul style='padding-left: 20px; margin: 0; font-size: 14px; list-style-type: disc;'>\n<li style='margin-bottom: 5px;'><strong>Banda ancha:<\/strong> 5 MHz dentro de 2.0:1 VSWR<\/li>\n<li style='margin-bottom: 5px;'><strong>Contera:<\/strong> Acero inoxidable<\/li>\n<li style='margin-bottom: 5px;'><strong>Cable coaxial:<\/strong> 20 pies de RG-8\/X<\/li>\n<li style='margin-bottom: 5px;'><strong>Conector:<\/strong> PL-259&comma; no instalado<\/li>\n<\/ul><\/div>\n<\/p><\/div>\n<div style='flex: 1 1 250px; border: 1px solid rgba(150&comma; 150&comma; 150&comma; 0.4); border-radius: 8px; overflow: hidden; display: flex; flex-direction: column;'>\n<div style='padding: 15px; border-bottom: 1px solid rgba(150&comma; 150&comma; 150&comma; 0.2); font-weight: bold; font-size: 18px; color: inherit;'>Caracter\u00edsticas f\u00edsicas<\/div>\n<div style='padding: 15px; color: inherit;'>\n<ul style='padding-left: 20px; margin: 0; font-size: 14px; list-style-type: disc;'>\n<li style='margin-bottom: 5px;'><strong>Color\/Acabado:<\/strong> Galaxia blanca<\/li>\n<li style='margin-bottom: 5px;'><strong>Polaridad:<\/strong> Vertical<\/li>\n<li style='margin-bottom: 5px;'><strong>Impedancia:<\/strong> 50 ohmios<\/li>\n<li style='margin-bottom: 5px;'><strong>DC tierra:<\/strong> No DC Ground&comma; la antena se leer\u00e1 abierta en la prueba de continuidad<\/li>\n<\/ul><\/div>\n<\/p><\/div>\n<\/p><\/div>\n<\/p><\/div>\n<p> <!-- Secci\u00f3n de dimensiones y peso --> <\/p>\n<div style='margin-bottom: 30px;'>\n<h3 style='font-size: 22px; border-bottom: 2px solid currentColor; padding-bottom: 5px; margin-top: 0; color: inherit; opacity: 0.8;'>Dimensiones y Peso<\/h3>\n<ul style='padding-left: 20px; font-size: 15px; color: inherit;'>\n<li style='margin-bottom: 5px;'><strong>Dimensiones:<\/strong> 436.88 x 12.7 x 12.7 cm (primera secci\u00f3n) \/ 266.7 x 12.7 x 12.7 cm (segunda secci\u00f3n)<\/li>\n<li style='margin-bottom: 5px;'><strong>Peso:<\/strong> 8.61 kg<\/li>\n<\/ul><\/div>\n<p> <!-- Separador --> <\/p>\n<hr style='border: 0; border-top: 1px solid rgba(150&comma; 150&comma; 150&comma; 0.3); margin: 30px 0;'> <\/div>\n","protected":false},"excerpt":{"rendered":"<p>Antena Marina, Base, Banda VHF, 9 dB, 150 Watts.<\/p>\n","protected":false},"featured_media":64713,"comment_status":"open","ping_status":"closed","template":"","meta":[],"product_brand":[],"product_cat":[1574],"product_tag":[1404,1575,1576],"class_list":{"0":"post-64714","1":"product","2":"type-product","3":"status-publish","4":"has-post-thumbnail","6":"product_cat-marinas","7":"product_tag-antenas","8":"product_tag-marinas","9":"product_tag-shakespeare","11":"first","12":"outofstock","13":"sale","14":"shipping-taxable","15":"purchasable","16":"product-type-simple"},"_links":{"self":[{"href":"https:\/\/soydeaqui.ddns.net\/pachuca\/index.php\/wp-json\/wp\/v2\/product\/64714","targetHints":{"allow":["GET"]}}],"collection":[{"href":"https:\/\/soydeaqui.ddns.net\/pachuca\/index.php\/wp-json\/wp\/v2\/product"}],"about":[{"href":"https:\/\/soydeaqui.ddns.net\/pachuca\/index.php\/wp-json\/wp\/v2\/types\/product"}],"replies":[{"embeddable":true,"href":"https:\/\/soydeaqui.ddns.net\/pachuca\/index.php\/wp-json\/wp\/v2\/comments?post=64714"}],"wp:featuredmedia":[{"embeddable":true,"href":"https:\/\/soydeaqui.ddns.net\/pachuca\/index.php\/wp-json\/wp\/v2\/media\/64713"}],"wp:attachment":[{"href":"https:\/\/soydeaqui.ddns.net\/pachuca\/index.php\/wp-json\/wp\/v2\/media?parent=64714"}],"wp:term":[{"taxonomy":"product_brand","embeddable":true,"href":"https:\/\/soydeaqui.ddns.net\/pachuca\/index.php\/wp-json\/wp\/v2\/product_brand?post=64714"},{"taxonomy":"product_cat","embeddable":true,"href":"https:\/\/soydeaqui.ddns.net\/pachuca\/index.php\/wp-json\/wp\/v2\/product_cat?post=64714"},{"taxonomy":"product_tag","embeddable":true,"href":"https:\/\/soydeaqui.ddns.net\/pachuca\/index.php\/wp-json\/wp\/v2\/product_tag?post=64714"}],"curies":[{"name":"wp","href":"https:\/\/api.w.org\/{rel}","templated":true}]}}