{"id":64697,"date":"2026-03-19T07:56:53","date_gmt":"2026-03-19T07:56:53","guid":{"rendered":"https:\/\/soydeaqui.ddns.net\/pachuca\/index.php\/producto\/tubo-termoencogible-termofit-negro-de-1-8-de-diametro-reduce-de-21-venta-por-metro\/"},"modified":"2026-03-19T07:56:54","modified_gmt":"2026-03-19T07:56:54","slug":"tubo-termoencogible-termofit-negro-de-1-8-de-diametro-reduce-de-21-venta-por-metro","status":"publish","type":"product","link":"https:\/\/soydeaqui.ddns.net\/pachuca\/index.php\/producto\/tubo-termoencogible-termofit-negro-de-1-8-de-diametro-reduce-de-21-venta-por-metro\/","title":{"rendered":"Tubo Termoencogible (Termofit) Negro de 1\/8&#8243; de Di\u00e1metro, Reduce de 2:1, Venta por Metro."},"content":{"rendered":"<div style='width: 100%; max-width: 1200px; margin: 0 auto; font-family: sans-serif; line-height: 1.6; color: inherit; background-color: transparent;'> <!-- Imagen del producto --> <\/p>\n<div style='width: 100%; max-width: 600px; margin: 0 auto;'> <img style='width: 100%; height: auto; border: 1px solid rgba(150&comma;150&comma;150&comma;0.3); border-radius: 8px;' src='data:image\/png;base64&comma;iVBORw0KGgoAAAANSUhEUgAAATMAAACDCAIAAABuh2vIAAAUZ0lEQVR4Ae2dC1QUR7rHe0QcQCARNSrR3UQQBFm5cknwxQY1RkE00Rvlilmj3sX4CnqPia6aRI\/PnGhQ8lDzUo6aZNWYnLOba9QwvEF5ijxEAoTBGBRGXsMwzEyD3GQ7W7RVNdPNMNrN5Jszx1NV\/a+fan5f\/aefg0wXvIAAE5EeAkd+0YEZAwM4JdHR0dHZ2dnXdfzR779498KTdJw4TAAKdncCZuA4QAAJyIADOlEMWYA5AAJyJ6wABICAHAv8P6E8z8714400AAAAASUVORK5CYII=' alt=''> <\/div>\n<p> <!-- Separador --> <\/p>\n<hr style='border: 0; border-top: 1px solid rgba(150&comma; 150&comma; 150&comma; 0.3); margin: 30px 0;'> <!-- Descripci\u00f3n general --> <\/p>\n<div style='width: 100%; max-width: 800px; margin: 0 auto;'>\n<h3 style='font-size: 22px; border-bottom: 2px solid currentColor; padding-bottom: 5px; margin-top: 0; color: inherit; opacity: 0.8;'>Descripci\u00f3n<\/h3>\n<p style='font-size: 15px; color: inherit; margin-bottom: 20px;'> <strong style='color: inherit;'>Tubo Termoencogible (Termofit) Negro 1\/8&#8242; de Di\u00e1metro<\/strong> <\/p>\n<ul style='padding-left: 20px; font-size: 15px; color: inherit; list-style-type: disc;'>\n<li style='margin-bottom: 5px;'>Ofrece un excelente balance de propiedades el\u00e9ctricas&comma; f\u00edsicas y qu\u00edmicas para aplicaciones industriales y militares.<\/li>\n<\/ul><\/div>\n<p> <!-- Especificaciones --> <\/p>\n<div style='display: flex; flex-wrap: wrap; gap: 20px; margin-bottom: 30px;'>\n<div style='flex: 1 1 250px; border: 1px solid rgba(150&comma; 150&comma; 150&comma; 0.4); border-radius: 8px; overflow: hidden; display: flex; flex-direction: column;'>\n<div style='padding: 15px; border-bottom: 1px solid rgba(150&comma; 150&comma; 150&comma; 0.2); font-weight: bold; font-size: 18px; color: inherit;'>Especificaciones<\/div>\n<div style='padding: 15px; color: inherit;'>\n<ul style='padding-left: 20px; margin: 0; font-size: 14px; list-style-type: disc;'>\n<li style='margin-bottom: 5px;'><strong style='color: inherit;'>Di\u00e1metro Interno:<\/strong> 0.125 in.<\/li>\n<li style='margin-bottom: 5px;'><strong style='color: inherit;'>Di\u00e1metro Recuperado:<\/strong> 0.062 in.<\/li>\n<li style='margin-bottom: 5px;'><strong style='color: inherit;'>Color:<\/strong> Negro.<\/li>\n<li style='margin-bottom: 5px;'><strong style='color: inherit;'>Venta:<\/strong> Por Metro<\/li>\n<li style='margin-bottom: 5px;'><strong style='color: inherit;'>Material:<\/strong> Poliolefina (PO).<\/li>\n<\/ul><\/div>\n<\/p><\/div>\n<div style='flex: 1 1 250px; border: 1px solid rgba(150&comma; 150&comma; 150&comma; 0.4); border-radius: 8px; overflow: hidden; display: flex; flex-direction: column;'>\n<div style='padding: 15px; border-bottom: 1px solid rgba(150&comma; 150&comma; 150&comma; 0.2); font-weight: bold; font-size: 18px; color: inherit;'>Caracter\u00edsticas T\u00e9cnicas<\/div>\n<div style='padding: 15px; color: inherit;'>\n<ul style='padding-left: 20px; margin: 0; font-size: 14px; list-style-type: disc;'>\n<li style='margin-bottom: 5px;'><strong style='color: inherit;'>Relaci\u00f3n de Contracci\u00f3n:<\/strong> 2:1<\/li>\n<li style='margin-bottom: 5px;'><strong style='color: inherit;'>Temperatura de Operaci\u00f3n:<\/strong> -55 \u00baC a +135 \u00baC.<\/li>\n<li style='margin-bottom: 5px;'><strong style='color: inherit;'>Resistente a Qu\u00edmicos:<\/strong> S\u00ed.<\/li>\n<li style='margin-bottom: 5px;'><strong style='color: inherit;'>Resistencia Diel\u00e9ctrica:<\/strong> 600 V.<\/li>\n<li style='margin-bottom: 5px;'><strong style='color: inherit;'>Temperatura M\u00e1xima:<\/strong> +135 \u00baC.<\/li>\n<\/ul><\/div>\n<\/p><\/div>\n<\/p><\/div>\n<p> <!-- Separador final --> <\/p>\n<hr style='border: 0; border-top: 1px solid rgba(150&comma; 150&comma; 150&comma; 0.3); margin: 30px 0;'> <\/div>\n","protected":false},"excerpt":{"rendered":"<p>Tubo Termoencogible (Termofit) Negro de 1\/8&#8243; de Di\u00e1metro, Reduce de 2:1, Venta por Metro.<\/p>\n","protected":false},"featured_media":64696,"comment_status":"open","ping_status":"closed","template":"","meta":[],"product_brand":[],"product_cat":[1501],"product_tag":[1502,751,547],"class_list":{"0":"post-64697","1":"product","2":"type-product","3":"status-publish","4":"has-post-thumbnail","6":"product_cat-miscelaneo","7":"product_tag-miscelaneo","8":"product_tag-refacciones","9":"product_tag-syscom-parts","11":"first","12":"outofstock","13":"sale","14":"shipping-taxable","15":"purchasable","16":"product-type-simple"},"_links":{"self":[{"href":"https:\/\/soydeaqui.ddns.net\/pachuca\/index.php\/wp-json\/wp\/v2\/product\/64697","targetHints":{"allow":["GET"]}}],"collection":[{"href":"https:\/\/soydeaqui.ddns.net\/pachuca\/index.php\/wp-json\/wp\/v2\/product"}],"about":[{"href":"https:\/\/soydeaqui.ddns.net\/pachuca\/index.php\/wp-json\/wp\/v2\/types\/product"}],"replies":[{"embeddable":true,"href":"https:\/\/soydeaqui.ddns.net\/pachuca\/index.php\/wp-json\/wp\/v2\/comments?post=64697"}],"wp:featuredmedia":[{"embeddable":true,"href":"https:\/\/soydeaqui.ddns.net\/pachuca\/index.php\/wp-json\/wp\/v2\/media\/64696"}],"wp:attachment":[{"href":"https:\/\/soydeaqui.ddns.net\/pachuca\/index.php\/wp-json\/wp\/v2\/media?parent=64697"}],"wp:term":[{"taxonomy":"product_brand","embeddable":true,"href":"https:\/\/soydeaqui.ddns.net\/pachuca\/index.php\/wp-json\/wp\/v2\/product_brand?post=64697"},{"taxonomy":"product_cat","embeddable":true,"href":"https:\/\/soydeaqui.ddns.net\/pachuca\/index.php\/wp-json\/wp\/v2\/product_cat?post=64697"},{"taxonomy":"product_tag","embeddable":true,"href":"https:\/\/soydeaqui.ddns.net\/pachuca\/index.php\/wp-json\/wp\/v2\/product_tag?post=64697"}],"curies":[{"name":"wp","href":"https:\/\/api.w.org\/{rel}","templated":true}]}}