{"id":64693,"date":"2026-03-19T07:56:46","date_gmt":"2026-03-19T07:56:46","guid":{"rendered":"https:\/\/soydeaqui.ddns.net\/pachuca\/index.php\/producto\/pegamento-adhesivo-loctite-380-de-20-gr-para-uniones-en-vibracion\/"},"modified":"2026-03-19T07:56:47","modified_gmt":"2026-03-19T07:56:47","slug":"pegamento-adhesivo-loctite-380-de-20-gr-para-uniones-en-vibracion","status":"publish","type":"product","link":"https:\/\/soydeaqui.ddns.net\/pachuca\/index.php\/producto\/pegamento-adhesivo-loctite-380-de-20-gr-para-uniones-en-vibracion\/","title":{"rendered":"Pegamento Adhesivo LOCTITE 380 de 20 gr, para uniones en vibraci\u00f3n."},"content":{"rendered":"<div style='width: 100%; max-width: 1200px; margin: 0 auto; font-family: sans-serif; line-height: 1.6; color: inherit; background-color: transparent;'>\n<div style='display: flex; flex-wrap: wrap; gap: 30px; margin-bottom: 30px;'>\n<div style='flex: 1 1 300px; min-width: 280px;'>\n<h3 style='font-size: 22px; border-bottom: 2px solid currentColor; padding-bottom: 5px; margin-top: 0; color: inherit; opacity: 0.8;'>Descripci\u00f3n<\/h3>\n<p style='margin: 0 0 1em 0; padding: 0; font-size: 15px; color: inherit;'> <strong>Pegamento Adhesivo LOCTITE de 20 gr&comma; para Vinil y Pl\u00e1sticos.<\/strong><br \/> El Producto LOCTITE 414 es un adhesivo de Etil cianoacrilato con un comportamiento acrecentado en vinil y otros pl\u00e1sticos. <\/p>\n<\/p><\/div>\n<\/p><\/div>\n<div style='display: flex; flex-wrap: wrap; gap: 30px; margin-bottom: 30px;'>\n<div style='flex: 1 1 300px; min-width: 280px;'>\n<h3 style='font-size: 22px; border-bottom: 2px solid currentColor; padding-bottom: 5px; margin-top: 0; color: inherit; opacity: 0.8;'>Caracter\u00edsticas<\/h3>\n<ul style='padding-left: 20px; font-size: 15px; color: inherit;'>\n<li style='margin-bottom: 5px;'>Mejoran el dise\u00f1o del producto&comma; eliminan torniller\u00eda met\u00e1lica y partes adicionales asociadas con el ensamble&comma; simplificando los dise\u00f1os de productos. Permiten una selecci\u00f3n de materiales m\u00e1s amplia porque pegan diferentes materiales f\u00e1cilmente sin t\u00e9cnicas especiales de ensamble&comma; incluyendo materiales que no se pueden soldar.<\/li>\n<li style='margin-bottom: 5px;'>F\u00e1ciles de usar&comma; se pueden aplicar directamente de su envase o con un equipo autom\u00e1tico. No contienen solventes y tienen baja toxicidad.<\/li>\n<li style='margin-bottom: 5px;'>Pegan casi cualquier material de superficie tersa con poca holgura en segundos&comma; sin preparaci\u00f3n especial de la superficie. Curan a temperatura ambiente&comma; pueden unir elast\u00f3meros&comma; termopl\u00e1sticos&comma; metales&comma; cer\u00e1mica&comma; madera&comma; cuero&comma; piel y corcho.<\/li>\n<li style='margin-bottom: 5px;'>Incrementan la productividad&comma; son de curado r\u00e1pido&comma; nuevo envase patentado que no se tapa&comma; eliminan el uso de sujetadores durante la fijaci\u00f3n. Se adaptan a m\u00e9todos de aplicaci\u00f3n autom\u00e1tica reduciendo costos de mano de obra.<\/li>\n<\/ul><\/div>\n<\/p><\/div>\n<div style='display: flex; flex-wrap: wrap; gap: 20px; margin-bottom: 30px;'>\n<div style='flex: 1 1 250px; border: 1px solid rgba(150&comma; 150&comma; 150&comma; 0.4); border-radius: 8px; overflow: hidden; display: flex; flex-direction: column;'>\n<div style='padding: 15px; border-bottom: 1px solid rgba(150&comma; 150&comma; 150&comma; 0.2); font-weight: bold; font-size: 18px; color: inherit;'>Especificaciones<\/div>\n<div style='padding: 15px; color: inherit;'>\n<ul style='padding-left: 20px; margin: 0; font-size: 14px; list-style-type: disc;'>\n<li style='margin-bottom: 5px;'><strong>Presentaci\u00f3n:<\/strong> Botella de 20 g<\/li>\n<li style='margin-bottom: 5px;'><strong>Uso T\u00edpico:<\/strong> Pl\u00e1stico<\/li>\n<li style='margin-bottom: 5px;'><strong>Caracter\u00edstica:<\/strong> Uso General<\/li>\n<li style='margin-bottom: 5px;'><strong>Color:<\/strong> Transparente<\/li>\n<li style='margin-bottom: 5px;'><strong>Relleno de Holguras (Pulgadas):<\/strong> 0.006<\/li>\n<li style='margin-bottom: 5px;'><strong>Categor\u00eda:<\/strong> Et\u00edlico<\/li>\n<li style='margin-bottom: 5px;'><strong>Viscosidad (CP):<\/strong> 110<\/li>\n<li style='margin-bottom: 5px;'><strong>Resistencia al Corte (psi):<\/strong> 3200<\/li>\n<li style='margin-bottom: 5px;'><strong>Rango de Temperatura:<\/strong> -65\u00b0F (-54\u00baC) a 180\u00b0F (82\u00baC)<\/li>\n<li style='margin-bottom: 5px;'><strong>Velocidad de Curado:<\/strong> Fijado:20 sec. Completo: 24 hrs<\/li>\n<li style='margin-bottom: 5px;'><strong>Gravedad Espec\u00edfica:<\/strong> 1&comma;05<\/li>\n<li style='margin-bottom: 5px;'><strong>Aprobado por:<\/strong> Item CFIA&comma; Commercial Item Std. A-A-3097<\/li>\n<\/ul><\/div>\n<\/p><\/div>\n<\/p><\/div>\n<hr style='border: 0; border-top: 1px solid rgba(150&comma; 150&comma; 150&comma; 0.3); margin: 30px 0;'> <\/div>\n","protected":false},"excerpt":{"rendered":"<p>Pegamento Adhesivo LOCTITE 380 de 20 gr, para uniones en vibraci\u00f3n.<\/p>\n","protected":false},"featured_media":64692,"comment_status":"open","ping_status":"closed","template":"","meta":[],"product_brand":[],"product_cat":[1125],"product_tag":[931,1126,1029],"class_list":{"0":"post-64693","1":"product","2":"type-product","3":"status-publish","4":"has-post-thumbnail","6":"product_cat-para-instalacion-en-campo","7":"product_tag-equipo-de-laboratorio","8":"product_tag-para-instalacion-en-campo","9":"product_tag-technitool","11":"first","12":"outofstock","13":"sale","14":"shipping-taxable","15":"purchasable","16":"product-type-simple"},"_links":{"self":[{"href":"https:\/\/soydeaqui.ddns.net\/pachuca\/index.php\/wp-json\/wp\/v2\/product\/64693","targetHints":{"allow":["GET"]}}],"collection":[{"href":"https:\/\/soydeaqui.ddns.net\/pachuca\/index.php\/wp-json\/wp\/v2\/product"}],"about":[{"href":"https:\/\/soydeaqui.ddns.net\/pachuca\/index.php\/wp-json\/wp\/v2\/types\/product"}],"replies":[{"embeddable":true,"href":"https:\/\/soydeaqui.ddns.net\/pachuca\/index.php\/wp-json\/wp\/v2\/comments?post=64693"}],"wp:featuredmedia":[{"embeddable":true,"href":"https:\/\/soydeaqui.ddns.net\/pachuca\/index.php\/wp-json\/wp\/v2\/media\/64692"}],"wp:attachment":[{"href":"https:\/\/soydeaqui.ddns.net\/pachuca\/index.php\/wp-json\/wp\/v2\/media?parent=64693"}],"wp:term":[{"taxonomy":"product_brand","embeddable":true,"href":"https:\/\/soydeaqui.ddns.net\/pachuca\/index.php\/wp-json\/wp\/v2\/product_brand?post=64693"},{"taxonomy":"product_cat","embeddable":true,"href":"https:\/\/soydeaqui.ddns.net\/pachuca\/index.php\/wp-json\/wp\/v2\/product_cat?post=64693"},{"taxonomy":"product_tag","embeddable":true,"href":"https:\/\/soydeaqui.ddns.net\/pachuca\/index.php\/wp-json\/wp\/v2\/product_tag?post=64693"}],"curies":[{"name":"wp","href":"https:\/\/api.w.org\/{rel}","templated":true}]}}