{"id":64678,"date":"2026-03-19T07:56:17","date_gmt":"2026-03-19T07:56:17","guid":{"rendered":"https:\/\/soydeaqui.ddns.net\/pachuca\/index.php\/producto\/carga-fantasma-de-50-ohm-60-watt-max-10-seg-dc-1000-mhz-conector-n-macho\/"},"modified":"2026-03-19T07:56:22","modified_gmt":"2026-03-19T07:56:22","slug":"carga-fantasma-de-50-ohm-60-watt-max-10-seg-dc-1000-mhz-conector-n-macho","status":"publish","type":"product","link":"https:\/\/soydeaqui.ddns.net\/pachuca\/index.php\/producto\/carga-fantasma-de-50-ohm-60-watt-max-10-seg-dc-1000-mhz-conector-n-macho\/","title":{"rendered":"Carga fantasma de 50 Ohm, 60 Watt (max.) (10 Seg.), DC-1000 MHz, Conector N Macho."},"content":{"rendered":"<div style='width: 100%; max-width: 1200px; margin: 0 auto; font-family: sans-serif; line-height: 1.6; color: inherit; background-color: transparent;'>\n<div style='display: flex; flex-wrap: wrap; gap: 30px; margin-bottom: 30px;'>\n<div style='flex: 1 1 300px; min-width: 280px;'>\n<h3 style='font-size: 22px; border-bottom: 2px solid currentColor; padding-bottom: 5px; margin-top: 0; color: inherit; opacity: 0.8;'>Caracter\u00edsticas El\u00e9ctricas<\/h3>\n<ul style='padding-left: 20px; font-size: 15px; color: inherit;'>\n<li style='margin-bottom: 5px;'><strong>Banda de Frecuencia:<\/strong> DC &#8211; 1000 MHz<\/li>\n<li style='margin-bottom: 5px;'><strong>Potencia de Entrada (M\u00e1x.):<\/strong> 60 W<\/li>\n<li style='margin-bottom: 5px;'><strong>P\u00e9rdida por Retorno (Min.):<\/strong> 26 dB<\/li>\n<li style='margin-bottom: 5px;'><strong>Impedancia (Nom.):<\/strong> 50 \u03a9<\/li>\n<\/ul><\/div>\n<div style='flex: 1 1 300px; min-width: 280px;'>\n<h3 style='font-size: 22px; border-bottom: 2px solid currentColor; padding-bottom: 5px; margin-top: 0; color: inherit; opacity: 0.8;'>Caracter\u00edsticas Mec\u00e1nicas<\/h3>\n<ul style='padding-left: 20px; font-size: 15px; color: inherit;'>\n<li style='margin-bottom: 5px;'><strong>Tipo de Conector RF:<\/strong> N Macho<\/li>\n<li style='margin-bottom: 5px;'><strong>Acabado:<\/strong> Anodizado en Negro<\/li>\n<li style='margin-bottom: 5px;'><strong>Disipador de Temperatura:<\/strong> Aluminio<\/li>\n<li style='margin-bottom: 5px;'><strong>Tama\u00f1o Total (Alto x Ancho):<\/strong> 76 x 25 mm<\/li>\n<li style='margin-bottom: 5px;'><strong>Peso Neto:<\/strong> 0.1 kg<\/li>\n<li style='margin-bottom: 5px;'><strong>Peso de Env\u00edo:<\/strong> 0.5 kg<\/li>\n<\/ul><\/div>\n<div style='flex: 1 1 300px; min-width: 280px;'>\n<h3 style='font-size: 22px; border-bottom: 2px solid currentColor; padding-bottom: 5px; margin-top: 0; color: inherit; opacity: 0.8;'>Especificaciones Ambientales<\/h3>\n<ul style='padding-left: 20px; font-size: 15px; color: inherit;'>\n<li style='margin-bottom: 5px;'><strong>Rango de Temperatura de Operaci\u00f3n:<\/strong> -30 a +60 \u00b0C<\/li>\n<li style='margin-bottom: 5px;'><strong>Rango de Temperatura de Almacenamiento:<\/strong> -40 a +100 \u00b0C<\/li>\n<li style='margin-bottom: 5px;'><strong>Rango de Humedad de Operaci\u00f3n:<\/strong> 90% Sin condensaci\u00f3n<\/li>\n<\/ul><\/div>\n<div style='flex: 1 1 300px; min-width: 280px;'>\n<h3 style='font-size: 22px; border-bottom: 2px solid currentColor; padding-bottom: 5px; margin-top: 0; color: inherit; opacity: 0.8;'>Caracter\u00edsticas Adicionales<\/h3>\n<ul style='padding-left: 20px; font-size: 15px; color: inherit;'>\n<li style='margin-bottom: 5px;'>50 ohmios de coincidencia en todas las aplicaciones<\/li>\n<li style='margin-bottom: 5px;'>26 dB de p\u00e9rdida por retorno hasta 1 GHz<\/li>\n<li style='margin-bottom: 5px;'>Gran \u00e1rea superficial para disipaci\u00f3n t\u00e9rmica adecuada<\/li>\n<\/ul><\/div>\n<\/p><\/div>\n<div style='margin-top: 30px;'>\n<h3 style='font-size: 22px; border-bottom: 2px solid currentColor; padding-bottom: 5px; margin-top: 0; color: inherit; opacity: 0.8;'>Aplicaciones<\/h3>\n<ul style='padding-left: 20px; font-size: 15px; color: inherit;'>\n<li style='margin-bottom: 5px;'>Pruebas y medici\u00f3n RF<\/li>\n<li style='margin-bottom: 5px;'>Circuitos de prueba terminales<\/li>\n<li style='margin-bottom: 5px;'>Equipos de comunicaciones<\/li>\n<li style='margin-bottom: 5px;'>Sistemas de distribuci\u00f3n RF<\/li>\n<\/ul><\/div>\n<hr style='border: 0; border-top: 1px solid rgba(150&comma; 150&comma; 150&comma; 0.3); margin: 30px 0;'>\n<div style='display: flex; flex-wrap: wrap; gap: 20px; margin-bottom: 30px;'>\n<div style='flex: 1 1 250px; border: 1px solid rgba(150&comma; 150&comma; 150&comma; 0.4); border-radius: 8px; overflow: hidden; display: flex; flex-direction: column;'>\n<div style='padding: 15px; border-bottom: 1px solid rgba(150&comma; 150&comma; 150&comma; 0.2); font-weight: bold; font-size: 18px; color: inherit;'>Clasificaciones por Potencia<\/div>\n<div style='padding: 15px; color: inherit;'>\n<ul style='padding-left: 20px; margin: 0; font-size: 14px; list-style-type: disc;'>\n<li style='margin-bottom: 5px;'>0.5W&comma; 15W&comma; 30W<\/li>\n<li style='margin-bottom: 5px;'>60W&comma; 75W&comma; 100W<\/li>\n<li style='margin-bottom: 5px;'>125W&comma; 150W&comma; 250W&comma; 300W<\/li>\n<\/ul><\/div>\n<\/p><\/div>\n<div style='flex: 1 1 250px; border: 1 1px solid rgba(150&comma; 150&comma; 150&comma; 0.4); border-radius: 8px; overflow: hidden; display: flex; flex-direction: column;'>\n<div style='padding: 15px; border-bottom: 1px solid rgba(150&comma; 150&comma; 150&comma; 0.2); font-weight: bold; font-size: 18px; color: inherit;'>Tipos de Conectores RF<\/div>\n<div style='padding: 15px; color: inherit;'>\n<ul style='padding-left: 20px; margin: 0; font-size: 14px; list-style-type: disc;'>\n<li style='margin-bottom: 5px;'>N<\/li>\n<li style='margin-bottom: 5px;'>BNC<\/li>\n<li style='margin-bottom: 5px;'>7\/16 DIN<\/li>\n<li style='margin-bottom: 5px;'>C<\/li>\n<li style='margin-bottom: 5px;'>Mini SMP<\/li>\n<li style='margin-bottom: 5px;'>QMA&comma; SMA&comma; SMB<\/li>\n<li style='margin-bottom: 5px;'>SMC&comma; SMP y TNC<\/li>\n<\/ul><\/div>\n<\/p><\/div>\n<div style='flex: 1 1 250px; border: 1px solid rgba(150&comma; 150&comma; 150&comma; 0.4); border-radius: 8px; overflow: hidden; display: flex; flex-direction: column;'>\n<div style='padding: 15px; border-bottom: 1px solid rgba(150&comma; 150&comma; 150&comma; 0.2); font-weight: bold; font-size: 18px; color: inherit;'>Materiales de Construcci\u00f3n<\/div>\n<div style='padding: 15px; color: inherit;'>\n<ul style='padding-left: 20px; margin: 0; font-size: 14px; list-style-type: disc;'>\n<li style='margin-bottom: 5px;'>Aluminio con aletas de disipaci\u00f3n<\/li>\n<li style='margin-bottom: 5px;'>Berilio cobre<\/li>\n<li style='margin-bottom: 5px;'>Lat\u00f3n niquelado<\/li>\n<li style='margin-bottom: 5px;'>Acero inoxidable<\/li>\n<\/ul><\/div>\n<\/p><\/div>\n<\/p><\/div>\n<\/p><\/div>\n","protected":false},"excerpt":{"rendered":"<p>Carga fantasma de 50 Ohm, 60 Watt (max.) (10 Seg.), DC-1000 MHz, Conector N Macho.<\/p>\n","protected":false},"featured_media":64677,"comment_status":"open","ping_status":"closed","template":"","meta":[],"product_brand":[],"product_cat":[1635],"product_tag":[1636,1637,931],"class_list":{"0":"post-64678","1":"product","2":"type-product","3":"status-publish","4":"has-post-thumbnail","6":"product_cat-cargas-fantasma","7":"product_tag-cargas-fantasma","8":"product_tag-emr-corporation","9":"product_tag-equipo-de-laboratorio","11":"first","12":"instock","13":"sale","14":"shipping-taxable","15":"purchasable","16":"product-type-simple"},"_links":{"self":[{"href":"https:\/\/soydeaqui.ddns.net\/pachuca\/index.php\/wp-json\/wp\/v2\/product\/64678","targetHints":{"allow":["GET"]}}],"collection":[{"href":"https:\/\/soydeaqui.ddns.net\/pachuca\/index.php\/wp-json\/wp\/v2\/product"}],"about":[{"href":"https:\/\/soydeaqui.ddns.net\/pachuca\/index.php\/wp-json\/wp\/v2\/types\/product"}],"replies":[{"embeddable":true,"href":"https:\/\/soydeaqui.ddns.net\/pachuca\/index.php\/wp-json\/wp\/v2\/comments?post=64678"}],"wp:featuredmedia":[{"embeddable":true,"href":"https:\/\/soydeaqui.ddns.net\/pachuca\/index.php\/wp-json\/wp\/v2\/media\/64677"}],"wp:attachment":[{"href":"https:\/\/soydeaqui.ddns.net\/pachuca\/index.php\/wp-json\/wp\/v2\/media?parent=64678"}],"wp:term":[{"taxonomy":"product_brand","embeddable":true,"href":"https:\/\/soydeaqui.ddns.net\/pachuca\/index.php\/wp-json\/wp\/v2\/product_brand?post=64678"},{"taxonomy":"product_cat","embeddable":true,"href":"https:\/\/soydeaqui.ddns.net\/pachuca\/index.php\/wp-json\/wp\/v2\/product_cat?post=64678"},{"taxonomy":"product_tag","embeddable":true,"href":"https:\/\/soydeaqui.ddns.net\/pachuca\/index.php\/wp-json\/wp\/v2\/product_tag?post=64678"}],"curies":[{"name":"wp","href":"https:\/\/api.w.org\/{rel}","templated":true}]}}