{"id":64666,"date":"2026-03-19T07:55:56","date_gmt":"2026-03-19T07:55:56","guid":{"rendered":"https:\/\/soydeaqui.ddns.net\/pachuca\/index.php\/producto\/terminal-de-ojo-no-10-sin-forro-para-alambre-awg-10-12\/"},"modified":"2026-03-19T07:55:57","modified_gmt":"2026-03-19T07:55:57","slug":"terminal-de-ojo-no-10-sin-forro-para-alambre-awg-10-12","status":"publish","type":"product","link":"https:\/\/soydeaqui.ddns.net\/pachuca\/index.php\/producto\/terminal-de-ojo-no-10-sin-forro-para-alambre-awg-10-12\/","title":{"rendered":"Terminal de Ojo No. 10, sin Forro para Alambre AWG 10-12."},"content":{"rendered":"<div style='width: 100%; max-width: 1200px; margin: 0 auto; font-family: sans-serif; line-height: 1.6; color: inherit; background-color: transparent;'> <!-- Secci\u00f3n de caracter\u00edsticas principales --> <\/p>\n<div style='display: flex; flex-wrap: wrap; gap: 30px; margin-bottom: 30px;'>\n<div style='flex: 1 1 300px; min-width: 280px;'>\n<h3 style='font-size: 22px; border-bottom: 2px solid currentColor; padding-bottom: 5px; margin-top: 0; color: inherit; opacity: 0.8;'>Caracter\u00edsticas Principales<\/h3>\n<ul style='padding-left: 20px; font-size: 15px; color: inherit;'>\n<li style='margin-bottom: 5px;'><strong>Tipo:<\/strong> Terminal de Ojo<\/li>\n<li style='margin-bottom: 5px;'><strong>Estilo:<\/strong> Sin Forro\/Aislamiento<\/li>\n<li style='margin-bottom: 5px;'><strong>Tama\u00f1o de Cable:<\/strong> AWG 10-12<\/li>\n<li style='margin-bottom: 5px;'><strong>Tama\u00f1o de Perno:<\/strong> #10<\/li>\n<li style='margin-bottom: 5px;'><strong>Material:<\/strong> Cobre&comma; espesor .039&#8242;<\/li>\n<li style='margin-bottom: 5px;'><strong>Uni\u00f3n:<\/strong> Soldada (Brazed)<\/li>\n<li style='margin-bottom: 5px;'><strong>Corriente M\u00e1xima:<\/strong> 48A<\/li>\n<\/ul><\/div>\n<p> <!-- Dimensiones --> <\/p>\n<div style='flex: 1 1 300px; min-width: 280px;'>\n<h3 style='font-size: 22px; border-bottom: 2px solid currentColor; padding-bottom: 5px; margin-top: 0; color: inherit; opacity: 0.8;'>Dimensiones<\/h3>\n<ul style='padding-left: 20px; font-size: 15px; color: inherit;'>\n<li style='margin-bottom: 5px;'><strong>A:<\/strong> .374&#8242;<\/li>\n<li style='margin-bottom: 5px;'><strong>B:<\/strong> .327&#8242;<\/li>\n<li style='margin-bottom: 5px;'><strong>C:<\/strong> .780&#8242;<\/li>\n<li style='margin-bottom: 5px;'><strong>D:<\/strong> .268&#8242;<\/li>\n<li style='margin-bottom: 5px;'><strong>E:<\/strong> .134&#8242;<\/li>\n<li style='margin-bottom: 5px;'><strong>F:<\/strong> .220&#8242;<\/li>\n<li style='margin-bottom: 5px;'><strong>Unidad:<\/strong> Pulgadas<\/li>\n<\/ul><\/div>\n<\/p><\/div>\n<p> <!-- Secci\u00f3n de especificaciones --> <\/p>\n<div style='display: flex; flex-wrap: wrap; gap: 20px; margin-bottom: 30px;'>\n<div style='flex: 1 1 250px; border: 1px solid rgba(150&comma; 150&comma; 150&comma; 0.4); border-radius: 8px; overflow: hidden; display: flex; flex-direction: column;'>\n<div style='padding: 15px; border-bottom: 1px solid rgba(150&comma; 150&comma; 150&comma; 0.2); font-weight: bold; font-size: 18px; color: inherit;'>Especificaciones T\u00e9cnicas<\/div>\n<div style='padding: 15px; color: inherit;'>\n<ul style='padding-left: 20px; margin: 0; font-size: 14px; list-style-type: disc;'>\n<li style='margin-bottom: 5px;'><strong>Corriente Nominal:<\/strong> 48A m\u00e1ximo<\/li>\n<li style='margin-bottom: 5px;'><strong>Material:<\/strong> Cobre con espesor de .039&#8242;<\/li>\n<li style='margin-bottom: 5px;'><strong>Tipo de Uni\u00f3n:<\/strong> Soldada (Brazed)<\/li>\n<\/ul><\/div>\n<\/p><\/div>\n<div style='flex: 1 1 250px; border: 1px solid rgba(150&comma;150&comma;150&comma;0.4); border-radius: 8px; overflow: hidden; display: flex; flex-direction: column;'>\n<div style='padding: 15px; border-bottom: 1px solid rgba(150&comma;150&comma;150&comma;0.2); font-weight: bold; font-size: 18px; color: inherit;'>Identificaci\u00f3n<\/div>\n<div style='padding: 15px; color: inherit;'>\n<ul style='padding-left: 20px; margin: 0; font-size: 14px; list-style-type: disc;'>\n<li style='margin-bottom: 5px;'><strong>Modelo:<\/strong> 159-1218<\/li>\n<li style='margin-bottom: 5px;'><strong>Fecha de \u00daltima Revisi\u00f3n:<\/strong> 6\/21\/12<\/li>\n<\/ul><\/div>\n<\/p><\/div>\n<\/p><\/div>\n<p> <!-- Separador --> <\/p>\n<hr style='border: 0; border-top: 1px solid rgba(150&comma; 150&comma; 150&comma; 0.3); margin: 30px 0;'> <!-- Informaci\u00f3n de Distribuci\u00f3n --> <\/p>\n<div style='margin-top: 30px;'>\n<h3 style='font-size: 22px; border-bottom: 2px solid currentColor; padding-bottom: 5px; margin-top: 0; color: inherit; opacity: 0.8;'>Disponibilidad<\/h3>\n<p style='font-size: 15px; color: inherit; margin-bottom: 15px;'>Este producto est\u00e1 disponible a trav\u00e9s de Mouser Electronics con el n\u00famero de parte KC-300032.<\/p>\n<p style='font-size: 15px; color: inherit; margin-bottom: 15px;'>Para m\u00e1s informaci\u00f3n visite: <a href='https:\/\/www.mouser.com' style='color: inherit; text-decoration: underline;' target='_blank'>www.mouser.com<\/a><\/p>\n<p style='font-size: 15px; color: inherit; margin-bottom: 15px;'>L\u00ednea Directa: 1-800-346-6873<\/p>\n<\/p><\/div>\n<p> <!-- Aviso Legal --> <\/p>\n<div style='margin-top: 30px; font-size: 13px; color: inherit; opacity: 0.7;'>\n<p>Las especificaciones est\u00e1n sujetas a cambio sin previo aviso. No se implica ninguna responsabilidad ni garant\u00eda con esta informaci\u00f3n. La conformidad ambiental se basa en documentaci\u00f3n del fabricante.<\/p>\n<\/p><\/div>\n<\/p><\/div>\n","protected":false},"excerpt":{"rendered":"<p>Terminal de Ojo No. 10, sin Forro para Alambre AWG 10-12.<\/p>\n","protected":false},"featured_media":64665,"comment_status":"open","ping_status":"closed","template":"","meta":[],"product_brand":[],"product_cat":[1501],"product_tag":[1502,751,63],"class_list":{"0":"post-64666","1":"product","2":"type-product","3":"status-publish","4":"has-post-thumbnail","6":"product_cat-miscelaneo","7":"product_tag-miscelaneo","8":"product_tag-refacciones","9":"product_tag-syscom","11":"first","12":"outofstock","13":"sale","14":"shipping-taxable","15":"purchasable","16":"product-type-simple"},"_links":{"self":[{"href":"https:\/\/soydeaqui.ddns.net\/pachuca\/index.php\/wp-json\/wp\/v2\/product\/64666","targetHints":{"allow":["GET"]}}],"collection":[{"href":"https:\/\/soydeaqui.ddns.net\/pachuca\/index.php\/wp-json\/wp\/v2\/product"}],"about":[{"href":"https:\/\/soydeaqui.ddns.net\/pachuca\/index.php\/wp-json\/wp\/v2\/types\/product"}],"replies":[{"embeddable":true,"href":"https:\/\/soydeaqui.ddns.net\/pachuca\/index.php\/wp-json\/wp\/v2\/comments?post=64666"}],"wp:featuredmedia":[{"embeddable":true,"href":"https:\/\/soydeaqui.ddns.net\/pachuca\/index.php\/wp-json\/wp\/v2\/media\/64665"}],"wp:attachment":[{"href":"https:\/\/soydeaqui.ddns.net\/pachuca\/index.php\/wp-json\/wp\/v2\/media?parent=64666"}],"wp:term":[{"taxonomy":"product_brand","embeddable":true,"href":"https:\/\/soydeaqui.ddns.net\/pachuca\/index.php\/wp-json\/wp\/v2\/product_brand?post=64666"},{"taxonomy":"product_cat","embeddable":true,"href":"https:\/\/soydeaqui.ddns.net\/pachuca\/index.php\/wp-json\/wp\/v2\/product_cat?post=64666"},{"taxonomy":"product_tag","embeddable":true,"href":"https:\/\/soydeaqui.ddns.net\/pachuca\/index.php\/wp-json\/wp\/v2\/product_tag?post=64666"}],"curies":[{"name":"wp","href":"https:\/\/api.w.org\/{rel}","templated":true}]}}