{"id":64638,"date":"2026-03-19T07:55:04","date_gmt":"2026-03-19T07:55:04","guid":{"rendered":"https:\/\/soydeaqui.ddns.net\/pachuca\/index.php\/producto\/estrobo-rojo-firebolt-plus-sin-tubo-de-reemplazo-115-vca\/"},"modified":"2026-03-19T07:55:05","modified_gmt":"2026-03-19T07:55:05","slug":"estrobo-rojo-firebolt-plus-sin-tubo-de-reemplazo-115-vca","status":"publish","type":"product","link":"https:\/\/soydeaqui.ddns.net\/pachuca\/index.php\/producto\/estrobo-rojo-firebolt-plus-sin-tubo-de-reemplazo-115-vca\/","title":{"rendered":"Estrobo Rojo FireBolt Plus sin tubo de reemplazo, 115 Vca"},"content":{"rendered":"<div style='width: 100%; max-width: 1200px; margin: 0 auto; font-family: sans-serif; line-height: 1.6; color: inherit; background-color: transparent;'>\n<div style='display: flex; flex-wrap: wrap; gap: 30px; margin-bottom: 30px;'>\n<div style='flex: 1 1 300px; min-width: 280px;'>\n<h3 style='font-size: 22px; border-bottom: 2px solid currentColor; padding-bottom: 5px; margin-top: 0; color: inherit; opacity: 0.8;'>Descripci\u00f3n<\/h3>\n<p style='font-size: 15px; margin-top: 0; color: inherit;'>Para una advertencia confiable a un precio asequible&comma; cuente con la l\u00ednea Firebolt de balizas estrobosc\u00f3picas. Todos los modelos tienen una construcci\u00f3n modular para una f\u00e1cil instalaci\u00f3n y mantenimiento. Las fuentes de alimentaci\u00f3n son resistentes a la humedad y las vibraciones&comma; y se ajusta autom\u00e1ticamente para funcionar a m\u00faltiples voltajes (ver especificaciones). El resistente a los golpes&comma; el domo y la base de policarbonato proporcionan una mayor durabilidad en aplicaciones de servicio pesado. Los modelos de montaje permanente y magn\u00e9tico est\u00e1n disponibles e incluyen los necesarios accesorios de montaje.<\/p>\n<\/p><\/div>\n<\/p><\/div>\n<div style='display: flex; flex-wrap: wrap; gap: 30px; margin-bottom: 30px;'>\n<div style='flex: 1 1 300px; min-width: 280px;'>\n<h3 style='font-size: 22px; border-bottom: 2px solid currentColor; padding-bottom: 5px; margin-top: 0; color: inherit; opacity: 0.8;'>Caracter\u00edsticas t\u00e9cnicas<\/h3>\n<ul style='padding-left: 20px; font-size: 15px; color: inherit;'>\n<li style='margin-bottom: 5px;'>Dise\u00f1o de bajo perfil de 2 joules<\/li>\n<li style='margin-bottom: 5px;'>Destello sencillo<\/li>\n<li style='margin-bottom: 5px;'>Domo de policarbonato<\/li>\n<li style='margin-bottom: 5px;'>Montaje permanente<\/li>\n<li style='margin-bottom: 5px;'>Color Rojo<\/li>\n<\/ul><\/div>\n<div style='flex: 1 1 300px; min-width: 280px;'>\n<h3 style='font-size: 22px; border-bottom: 2px solid currentColor; padding-bottom: 5px; margin-top: 0; color: inherit; opacity: 0.8;'>Especificaciones<\/h3>\n<ul style='padding-left: 20px; font-size: 15px; color: inherit;'>\n<li style='margin-bottom: 5px;'><strong>Flashes por minuto:<\/strong> 60<\/li>\n<li style='margin-bottom: 5px;'><strong>Voltaje:<\/strong> 115 VCA<\/li>\n<li style='margin-bottom: 5px;'><strong>Joules:<\/strong> 2J<\/li>\n<li style='margin-bottom: 5px;'><strong>Watts:<\/strong> 2W<\/li>\n<li style='margin-bottom: 5px;'><strong>Amperaje:<\/strong> 0.02 @ 115V<\/li>\n<\/ul><\/div>\n<\/p><\/div>\n<div style='display: flex; flex-wrap: wrap; gap: 30px; margin-bottom: 30px;'>\n<div style='flex: 1 1 300px; min-width: 280px;'>\n<h3 style='font-size: 22px; border-bottom: 2px solid currentColor; padding-bottom: 5px; margin-top: 0; color: inherit; opacity: 0.8;'>Firebolt Plus<\/h3>\n<p style='font-size: 15px; margin-top: 0; color: inherit;'>Firebolt Plus est\u00e1 disponible en una versi\u00f3n de 2 Joules (flash \u00fanico) y presenta un reemplazo tubo de flash. La construcci\u00f3n modular permite reemplazar f\u00e1cilmente el tubo de flash sin el uso de herramientas.<\/p>\n<\/p><\/div>\n<\/p><\/div>\n<hr style='border: 0; border-top: 1px solid rgba(150&comma; 150&comma; 150&comma; 0.3); margin: 30px 0;'> <\/div>\n","protected":false},"excerpt":{"rendered":"<p>Estrobo Rojo FireBolt Plus sin tubo de reemplazo, 115 Vca<\/p>\n","protected":false},"featured_media":64637,"comment_status":"open","ping_status":"closed","template":"","meta":[],"product_brand":[],"product_cat":[1673],"product_tag":[1360,1633,246],"class_list":{"0":"post-64638","1":"product","2":"type-product","3":"status-publish","4":"has-post-thumbnail","6":"product_cat-lamparas-de-obstruccion-torres-y-mastiles","7":"product_tag-federal-signal","8":"product_tag-lamparas-de-obstruccion","9":"product_tag-torres-y-mastiles","11":"first","12":"outofstock","13":"sale","14":"shipping-taxable","15":"purchasable","16":"product-type-simple"},"_links":{"self":[{"href":"https:\/\/soydeaqui.ddns.net\/pachuca\/index.php\/wp-json\/wp\/v2\/product\/64638","targetHints":{"allow":["GET"]}}],"collection":[{"href":"https:\/\/soydeaqui.ddns.net\/pachuca\/index.php\/wp-json\/wp\/v2\/product"}],"about":[{"href":"https:\/\/soydeaqui.ddns.net\/pachuca\/index.php\/wp-json\/wp\/v2\/types\/product"}],"replies":[{"embeddable":true,"href":"https:\/\/soydeaqui.ddns.net\/pachuca\/index.php\/wp-json\/wp\/v2\/comments?post=64638"}],"wp:featuredmedia":[{"embeddable":true,"href":"https:\/\/soydeaqui.ddns.net\/pachuca\/index.php\/wp-json\/wp\/v2\/media\/64637"}],"wp:attachment":[{"href":"https:\/\/soydeaqui.ddns.net\/pachuca\/index.php\/wp-json\/wp\/v2\/media?parent=64638"}],"wp:term":[{"taxonomy":"product_brand","embeddable":true,"href":"https:\/\/soydeaqui.ddns.net\/pachuca\/index.php\/wp-json\/wp\/v2\/product_brand?post=64638"},{"taxonomy":"product_cat","embeddable":true,"href":"https:\/\/soydeaqui.ddns.net\/pachuca\/index.php\/wp-json\/wp\/v2\/product_cat?post=64638"},{"taxonomy":"product_tag","embeddable":true,"href":"https:\/\/soydeaqui.ddns.net\/pachuca\/index.php\/wp-json\/wp\/v2\/product_tag?post=64638"}],"curies":[{"name":"wp","href":"https:\/\/api.w.org\/{rel}","templated":true}]}}