{"id":64616,"date":"2026-03-19T07:54:18","date_gmt":"2026-03-19T07:54:18","guid":{"rendered":"https:\/\/soydeaqui.ddns.net\/pachuca\/index.php\/producto\/interruptor-fotocelda-para-luz-de-obstruccion-115-vca\/"},"modified":"2026-03-19T07:54:24","modified_gmt":"2026-03-19T07:54:24","slug":"interruptor-fotocelda-para-luz-de-obstruccion-115-vca","status":"publish","type":"product","link":"https:\/\/soydeaqui.ddns.net\/pachuca\/index.php\/producto\/interruptor-fotocelda-para-luz-de-obstruccion-115-vca\/","title":{"rendered":"Interruptor fotocelda para luz de obstrucci\u00f3n  (115 Vca)."},"content":{"rendered":"<div style='width: 100%; max-width: 1200px; margin: 0 auto; font-family: sans-serif; line-height: 1.6; color: inherit; background-color: transparent;'> <!-- Secci\u00f3n de caracter\u00edsticas --> <\/p>\n<div style='display: flex; flex-wrap: wrap; gap: 30px; margin-bottom: 30px;'>\n<div style='flex: 1 1 300px; min-width: 280px;'>\n<h3 style='font-size: 22px; border-bottom: 2px solid currentColor; padding-bottom: 5px; margin-top: 0; color: inherit; opacity: 0.8;'>Caracter\u00edsticas<\/h3>\n<ul style='padding-left: 20px; font-size: 15px; color: inherit;'>\n<li style='margin-bottom: 5px;'><strong>Temperatura de operaci\u00f3n:<\/strong> -40\u00b0C a 60\u00b0C<\/li>\n<li style='margin-bottom: 5px;'><strong>Corriente de operaci\u00f3n:<\/strong> 105-130 VCA (50\/60Hz)<\/li>\n<li style='margin-bottom: 5px;'><strong>Capacidad:<\/strong> 1500 W<\/li>\n<li style='margin-bottom: 5px;'><strong>Origen:<\/strong> Hecho en M\u00e9xico<\/li>\n<\/ul><\/div>\n<\/p><\/div>\n<p> <!-- Secci\u00f3n de instrucciones --> <\/p>\n<div style='display: flex; flex-wrap: wrap; gap: 20px; margin-bottom: 30px;'>\n<div style='flex: 1 1 250px; border: 1px solid rgba(150&comma; 150&comma; 150&comma; 0.4); border-radius: 8px; overflow: hidden; display: flex; flex-direction: column;'>\n<div style='padding: 15px; border-bottom: 1px solid rgba(150&comma; 150&comma; 150&comma; 0.2); font-weight: bold; font-size: 18px; color: inherit;'>Instrucciones<\/div>\n<div style='padding: 15px; color: inherit;'>\n<ul style='padding-left: 20px; margin: 0; font-size: 14px; list-style-type: disc;'>\n<li style='margin-bottom: 15px;'><strong>Montaje:<\/strong> Al colocar la unidad en el recept\u00e1culo tripolar&comma; inserte las tres terminales&comma; presione hacia abajo mientras hace girar el control de izquierda a derecha&comma; la m\u00e1xima reacci\u00f3n a la sensibilidad del espectro se obtiene cuando en indicador (N) se orienta hacia el norte. La l\u00e1mpara se encender\u00e1 al momento de instalarse el fotocontrol. Si se instala durante el d\u00eda&comma; lo APAGAR\u00c1 luego de breve demora. Para encender nuevamente la l\u00e1mpara despu\u00e9s de instalarlo&comma; cubra el fotocontrol. El encendido ocurrir\u00e1 despu\u00e9s del periodo de retardo (5-15 seg.). La duraci\u00f3n del retardo var\u00eda de acuerdo con la luz ambiente.<\/li>\n<li style='margin-bottom: 15px;'><strong>Calibraci\u00f3n:<\/strong> Los fotocontroles ya vienen ajustados de f\u00e1brica a niveles de luz normal. Si requiere otros niveles&comma; solic\u00edtelo a f\u00e1brica.<\/li>\n<li style='margin-bottom: 15px;'><strong>Advertencia:<\/strong> Este fotocontrol debe ser expuesto durante 2 o 3 horas despu\u00e9s de desempacarse&comma; antes de que reaccione al nivel de luz para la cual fue calibrado.<\/li>\n<\/ul><\/div>\n<\/p><\/div>\n<\/p><\/div>\n<p> <!-- Separador --> <\/p>\n<hr style='border: 0; border-top: 1px solid rgba(150&comma; 150&comma; 150&comma; 0.3); margin: 30px 0;'> <\/div>\n","protected":false},"excerpt":{"rendered":"<p>Interruptor fotocelda para luz de obstrucci\u00f3n  (115 Vca).<\/p>\n","protected":false},"featured_media":64615,"comment_status":"open","ping_status":"closed","template":"","meta":[],"product_brand":[],"product_cat":[1632],"product_tag":[1633,246,526],"class_list":{"0":"post-64616","1":"product","2":"type-product","3":"status-publish","4":"has-post-thumbnail","6":"product_cat-lamparas-de-obstruccion","7":"product_tag-lamparas-de-obstruccion","8":"product_tag-torres-y-mastiles","9":"product_tag-varios","11":"first","12":"instock","13":"sale","14":"shipping-taxable","15":"purchasable","16":"product-type-simple"},"_links":{"self":[{"href":"https:\/\/soydeaqui.ddns.net\/pachuca\/index.php\/wp-json\/wp\/v2\/product\/64616","targetHints":{"allow":["GET"]}}],"collection":[{"href":"https:\/\/soydeaqui.ddns.net\/pachuca\/index.php\/wp-json\/wp\/v2\/product"}],"about":[{"href":"https:\/\/soydeaqui.ddns.net\/pachuca\/index.php\/wp-json\/wp\/v2\/types\/product"}],"replies":[{"embeddable":true,"href":"https:\/\/soydeaqui.ddns.net\/pachuca\/index.php\/wp-json\/wp\/v2\/comments?post=64616"}],"wp:featuredmedia":[{"embeddable":true,"href":"https:\/\/soydeaqui.ddns.net\/pachuca\/index.php\/wp-json\/wp\/v2\/media\/64615"}],"wp:attachment":[{"href":"https:\/\/soydeaqui.ddns.net\/pachuca\/index.php\/wp-json\/wp\/v2\/media?parent=64616"}],"wp:term":[{"taxonomy":"product_brand","embeddable":true,"href":"https:\/\/soydeaqui.ddns.net\/pachuca\/index.php\/wp-json\/wp\/v2\/product_brand?post=64616"},{"taxonomy":"product_cat","embeddable":true,"href":"https:\/\/soydeaqui.ddns.net\/pachuca\/index.php\/wp-json\/wp\/v2\/product_cat?post=64616"},{"taxonomy":"product_tag","embeddable":true,"href":"https:\/\/soydeaqui.ddns.net\/pachuca\/index.php\/wp-json\/wp\/v2\/product_tag?post=64616"}],"curies":[{"name":"wp","href":"https:\/\/api.w.org\/{rel}","templated":true}]}}