{"id":64614,"date":"2026-03-19T07:54:15","date_gmt":"2026-03-19T07:54:15","guid":{"rendered":"https:\/\/soydeaqui.ddns.net\/pachuca\/index.php\/producto\/carga-fantasma-terminal-de-50-ohm-10-watt-cd-10-ghz-n-macho\/"},"modified":"2026-03-19T07:54:16","modified_gmt":"2026-03-19T07:54:16","slug":"carga-fantasma-terminal-de-50-ohm-10-watt-cd-10-ghz-n-macho","status":"publish","type":"product","link":"https:\/\/soydeaqui.ddns.net\/pachuca\/index.php\/producto\/carga-fantasma-terminal-de-50-ohm-10-watt-cd-10-ghz-n-macho\/","title":{"rendered":"Carga Fantasma Terminal de 50 Ohm, 10 Watt, CD-10 GHz, N Macho."},"content":{"rendered":"<div style='width: 100%; max-width: 1200px; margin: 0 auto; font-family: sans-serif; line-height: 1.6; color: inherit; background-color: transparent;'>\n<div style='display: flex; flex-wrap: wrap; gap: 30px; margin-bottom: 30px;'>\n<div style='flex: 1 1 300px; min-width: 280px;'>\n<h3 style='font-size: 22px; border-bottom: 2px solid currentColor; padding-bottom: 5px; margin-top: 0; color: inherit; opacity: 0.8;'>Caracter\u00edsticas<\/h3>\n<ul style='padding-left: 20px; font-size: 15px; color: inherit;'>\n<li style='margin-bottom: 5px;'>Dise\u00f1o de enfriamiento por convecci\u00f3n&comma; no requiere placa de enfriamiento<\/li>\n<li style='margin-bottom: 5px;'>Frecuencias de DC a 10 GHz<\/li>\n<li style='margin-bottom: 5px;'>No requiere alimentaci\u00f3n AC<\/li>\n<li style='margin-bottom: 5px;'>Construcci\u00f3n robusta<\/li>\n<li style='margin-bottom: 5px;'>Operaci\u00f3n de banda ancha<\/li>\n<\/ul><\/div>\n<div style='flex: 1 1 300px; min-width: 280px;'>\n<h3 style='font-size: 22px; border-bottom: 2px solid currentColor; padding-bottom: 5px; margin-top: 0; color: inherit; opacity: 0.8;'>Especificaciones T\u00e9cnicas<\/h3>\n<ul style='padding-left: 20px; font-size: 15px; color: inherit;'>\n<li style='margin-bottom: 5px;'><strong>Impedancia:<\/strong> 50 Ohm<\/li>\n<li style='margin-bottom: 5px;'><strong>Rango de Frecuencia:<\/strong> DC a 10 GHz<\/li>\n<li style='margin-bottom: 5px;'><strong>Potencia:<\/strong> 10 Watts<\/li>\n<li style='margin-bottom: 5px;'><strong>Conector:<\/strong> N Macho<\/li>\n<li style='margin-bottom: 5px;'><strong>VSWR:<\/strong> 1.10:1 m\u00e1ximo de DC a 1 GHz<\/li>\n<li style='margin-bottom: 5px;'><strong>VSWR:<\/strong> 1.15:1 m\u00e1ximo de 1 a 3 GHz<\/li>\n<li style='margin-bottom: 5px;'><strong>Temperatura de Operaci\u00f3n:<\/strong> -40 \u00b0C a +40 \u00b0C<\/li>\n<li style='margin-bottom: 5px;'><strong>Humedad:<\/strong> 95% no condensante<\/li>\n<li style='margin-bottom: 5px;'><strong>Acabado:<\/strong> Aluminio anodizado negro<\/li>\n<li style='margin-bottom: 5px;'><strong>Dimensiones:<\/strong> 56 mm x 59 mm de di\u00e1metro<\/li>\n<li style='margin-bottom: 5px;'><strong>Peso:<\/strong> 168 g<\/li>\n<\/ul><\/div>\n<div style='flex: 1 1 300px; min-width: 280px;'>\n<h3 style='font-size: 22px; border-bottom: 2px solid currentColor; padding-bottom: 5px; margin-top: 0; color: inherit; opacity: 0.8;'>Aplicaciones<\/h3>\n<ul style='padding-left: 20px; font-size: 15px; color: inherit;'>\n<li style='margin-bottom: 5px;'>Terminaci\u00f3n de carga RF<\/li>\n<li style='margin-bottom: 5px;'>Pruebas y mediciones en sistemas RF<\/li>\n<li style='margin-bottom: 5px;'>Instrumentaci\u00f3n de laboratorio<\/li>\n<li style='margin-bottom: 5px;'>Sistemas de comunicaci\u00f3n<\/li>\n<li style='margin-bottom: 5px;'>Equipos de prueba de campo<\/li>\n<\/ul><\/div>\n<\/p><\/div>\n<div style='display: flex; flex-wrap: wrap; gap: 20px; margin-bottom: 30px;'>\n<div style='flex: 1 1 250px; border: 1px solid rgba(150&comma; 150&comma; 150&comma; 0.4); border-radius: 8px; overflow: hidden; display: flex; flex-direction: column;'>\n<div style='padding: 15px; border-bottom: 1px solid rgba(150&comma; 150&comma; 150&comma; 0.2); font-weight: bold; font-size: 18px; color: inherit;'>Condiciones Ambientales<\/div>\n<div style='padding: 15px; color: inherit;'>\n<ul style='padding-left: 20px; margin: 0; font-size: 14px; list-style-type: disc;'>\n<li style='margin-bottom: 5px;'><strong>M\u00e9todo de Enfriamiento:<\/strong> Seco&comma; por convecci\u00f3n<\/li>\n<li style='margin-bottom: 5px;'><strong>Temperatura Ambiente:<\/strong> -40 \u00b0C a 40 \u00b0C<\/li>\n<li style='margin-bottom: 5px;'><strong>Humedad:<\/strong> 95% no condensante<\/li>\n<\/ul><\/div>\n<\/p><\/div>\n<div style='flex: 1 1 250px; border: 1px solid rgba(150&comma; 150&comma; 150&comma; 0.4); border-radius: 8px; overflow: hidden; display: flex; flex-direction: column;'>\n<div style='padding: 15px; border-bottom: 1px solid rgba(150&comma; 150&comma; 150&comma; 0.2); font-weight: bold; font-size: 18px; color: inherit;'>Caracter\u00edsticas Mec\u00e1nicas<\/div>\n<div style='padding: 15px; color: inherit;'>\n<ul style='padding-left: 20px; margin: 0; font-size: 14px; list-style-type: disc;'>\n<li style='margin-bottom: 5px;'><strong>Acabado:<\/strong> Aluminio anodizado negro<\/li>\n<li style='margin-bottom: 5px;'><strong>Dimensiones:<\/strong> 56 mm x 59 mm de di\u00e1metro<\/li>\n<li style='margin-bottom: 5px;'><strong>Peso:<\/strong> 168 g<\/li>\n<\/ul><\/div>\n<\/p><\/div>\n<div style='flex: 1 1 250px; border: 1px solid rgba(150&comma; 150&comma; 150&comma; 0.4); border-radius: 8px; overflow: hidden; display: flex; flex-direction: column;'>\n<div style='padding: 15px; border-bottom: 1px solid rgba(150&comma; 150&comma; 150&comma; 0.2); font-weight: bold; font-size: 18px; color: inherit;'>Compatibilidad<\/div>\n<div style='padding: 15px; color: inherit;'>\n<ul style='padding-left: 20px; margin: 0; font-size: 14px; list-style-type: disc;'>\n<li style='margin-bottom: 5px;'><strong>Conector:<\/strong> N Macho<\/li>\n<li style='margin-bottom: 5px;'><strong>Impedancia:<\/strong> 50 Ohm<\/li>\n<li style='margin-bottom: 5px;'><strong>Rango de Frecuencia:<\/strong> DC a 10 GHz<\/li>\n<\/ul><\/div>\n<\/p><\/div>\n<\/p><\/div>\n<div style='display: flex; flex-wrap: wrap; gap: 20px; margin-bottom: 30px;'>\n<div style='flex: 1 1 250px; border: 1px solid rgba(150&comma; 150&comma; 150&comma; 0.4); border-radius: 8px; overflow: hidden; display: flex; flex-direction: column;'>\n<div style='padding: 15px; border-bottom: 1px solid rgba(150&comma; 150&comma; 150&comma; 0.2); font-weight: bold; font-size: 18px; color: inherit;'>Clasificaciones de Potencia<\/div>\n<div style='padding: 15px; color: inherit;'>\n<ul style='padding-left: 20px; margin: 0; font-size: 14px; list-style-type: disc;'>\n<li style='margin-bottom: 5px;'><strong>10 W:<\/strong> DC a 1 GHz<\/li>\n<li style='margin-bottom: 5px;'><strong>10 W:<\/strong> 1 a 3 GHz<\/li>\n<\/ul><\/div>\n<\/p><\/div>\n<div style='flex: 1 1 250px; border: 1px solid rgba(150&comma; 150&comma; 150&comma; 0.4); border-radius: 8px; overflow: hidden; display: flex; flex-direction: column;'>\n<div style='padding: 15px; border-bottom: 1px solid rgba(150&comma; 150&comma; 150&comma; 0.2); font-weight: bold; font-size: 18px; color: inherit;'>Identificaci\u00f3n del Modelo<\/div>\n<div style='padding: 15px; color: inherit;'>\n<p style='margin: 0; font-size: 14px;'>10TMN = 10 W&comma; Carga de convecci\u00f3n&comma; conector N Macho<\/p>\n<\/p><\/div>\n<\/p><\/div>\n<\/p><\/div>\n<hr style='border: 0; border-top: 1px solid rgba(150&comma; 150&comma; 150&comma; 0.3); margin: 30px 0;'>\n<div style='margin-bottom: 30px;'>\n<h3 style='font-size: 22px; border-bottom: 2px solid currentColor; padding-bottom: 5px; margin-top: 0; color: inherit; opacity: 0.8;'>Descripci\u00f3n General<\/h3>\n<p style='font-size: 15px; color: inherit; margin-top: 15px; margin-bottom: 15px;'>Las cargas de RF enfriadas por convecci\u00f3n de Bird son conocidas por su alta calidad&comma; construcci\u00f3n robusta y clasificaciones conservadoras de potencia. Estas cargas est\u00e1n completamente blindadas contra la producci\u00f3n de radiaci\u00f3n espuria y su dise\u00f1o de autoenfriamiento no requiere placa de enfriamiento.<\/p>\n<p style='font-size: 15px; color: inherit; margin-top: 15px; margin-bottom: 15px;'>La carga fantasma 10TMN est\u00e1 dise\u00f1ada para aplicaciones de RF donde se requiere una terminaci\u00f3n de 50 Ohm con capacidad de disipaci\u00f3n de 10 Watts. Su dise\u00f1o compacto y su conector N macho la hacen ideal para una variedad de aplicaciones de prueba y medici\u00f3n en entornos industriales y de laboratorio.<\/p>\n<\/p><\/div>\n<\/p><\/div>\n","protected":false},"excerpt":{"rendered":"<p>Carga Fantasma Terminal de 50 Ohm, 10 Watt, CD-10 GHz, N Macho.<\/p>\n","protected":false},"featured_media":64613,"comment_status":"open","ping_status":"closed","template":"","meta":[],"product_brand":[],"product_cat":[1635],"product_tag":[1641,1636,931],"class_list":{"0":"post-64614","1":"product","2":"type-product","3":"status-publish","4":"has-post-thumbnail","6":"product_cat-cargas-fantasma","7":"product_tag-bird-technologies","8":"product_tag-cargas-fantasma","9":"product_tag-equipo-de-laboratorio","11":"first","12":"outofstock","13":"sale","14":"shipping-taxable","15":"purchasable","16":"product-type-simple"},"_links":{"self":[{"href":"https:\/\/soydeaqui.ddns.net\/pachuca\/index.php\/wp-json\/wp\/v2\/product\/64614","targetHints":{"allow":["GET"]}}],"collection":[{"href":"https:\/\/soydeaqui.ddns.net\/pachuca\/index.php\/wp-json\/wp\/v2\/product"}],"about":[{"href":"https:\/\/soydeaqui.ddns.net\/pachuca\/index.php\/wp-json\/wp\/v2\/types\/product"}],"replies":[{"embeddable":true,"href":"https:\/\/soydeaqui.ddns.net\/pachuca\/index.php\/wp-json\/wp\/v2\/comments?post=64614"}],"wp:featuredmedia":[{"embeddable":true,"href":"https:\/\/soydeaqui.ddns.net\/pachuca\/index.php\/wp-json\/wp\/v2\/media\/64613"}],"wp:attachment":[{"href":"https:\/\/soydeaqui.ddns.net\/pachuca\/index.php\/wp-json\/wp\/v2\/media?parent=64614"}],"wp:term":[{"taxonomy":"product_brand","embeddable":true,"href":"https:\/\/soydeaqui.ddns.net\/pachuca\/index.php\/wp-json\/wp\/v2\/product_brand?post=64614"},{"taxonomy":"product_cat","embeddable":true,"href":"https:\/\/soydeaqui.ddns.net\/pachuca\/index.php\/wp-json\/wp\/v2\/product_cat?post=64614"},{"taxonomy":"product_tag","embeddable":true,"href":"https:\/\/soydeaqui.ddns.net\/pachuca\/index.php\/wp-json\/wp\/v2\/product_tag?post=64614"}],"curies":[{"name":"wp","href":"https:\/\/api.w.org\/{rel}","templated":true}]}}