{"id":64605,"date":"2026-03-19T07:53:55","date_gmt":"2026-03-19T07:53:55","guid":{"rendered":"https:\/\/soydeaqui.ddns.net\/pachuca\/index.php\/producto\/diodo-schottky-de-potencia-sd-51-rectificador-de-silicio-vrrm-45v-if-60a-catodo-en-base-del-do-5\/"},"modified":"2026-03-19T07:53:56","modified_gmt":"2026-03-19T07:53:56","slug":"diodo-schottky-de-potencia-sd-51-rectificador-de-silicio-vrrm-45v-if-60a-catodo-en-base-del-do-5","status":"publish","type":"product","link":"https:\/\/soydeaqui.ddns.net\/pachuca\/index.php\/producto\/diodo-schottky-de-potencia-sd-51-rectificador-de-silicio-vrrm-45v-if-60a-catodo-en-base-del-do-5\/","title":{"rendered":"Diodo Schottky de Potencia SD-51, Rectificador de Silicio VRRM-45V, IF-60A, Catodo en Base del DO-5."},"content":{"rendered":"<div style='width: 100%; max-width: 1200px; margin: 0 auto; font-family: sans-serif; line-height: 1.6; color: inherit; background-color: transparent;'> <!-- Secci\u00f3n de caracter\u00edsticas principales --> <\/p>\n<div style='display: flex; flex-wrap: wrap; gap: 30px; margin-bottom: 30px;'>\n<div style='flex: 1 1 300px; min-width: 280px;'>\n<h3 style='font-size: 22px; border-bottom: 2px solid currentColor; padding-bottom: 5px; margin-top: 0; color: inherit; opacity: 0.8;'>Caracter\u00edsticas Principales<\/h3>\n<ul style='padding-left: 20px; font-size: 15px; color: inherit;'>\n<li style='margin-bottom: 5px;'>Diodo Tipo: Schottky SD-51<\/li>\n<li style='margin-bottom: 5px;'>Material: Rectificador de Silicio<\/li>\n<li style='margin-bottom: 5px;'>Alta capacidad de Potencia<\/li>\n<li style='margin-bottom: 5px;'>Voltaje Repetitivo de Pico inverso: 45 Volt<\/li>\n<li style='margin-bottom: 5px;'>Corriente Directa Continua: 60 Amp<\/li>\n<li style='margin-bottom: 5px;'>Polaridad Est\u00e1ndar: C\u00e1todo en la Base<\/li>\n<li style='margin-bottom: 5px;'>Temperatura de Operaci\u00f3n: -55 a +150 \u00b0C<\/li>\n<li style='margin-bottom: 5px;'>No es sensible a Descargas Electrost\u00e1ticas (ESD)<\/li>\n<li style='margin-bottom: 5px;'>Tipo de Empaque: DO-5 (DO-203AB)<\/li>\n<\/ul><\/div>\n<\/p><\/div>\n<p> <!-- Secci\u00f3n de especificaciones el\u00e9ctricas --> <\/p>\n<div style='display: flex; flex-wrap: wrap; gap: 20px; margin-bottom: 30px;'>\n<div style='flex: 1 1 250px; border: 1px solid rgba(150&comma; 150&comma; 150&comma; 0.4); border-radius: 8px; overflow: hidden; display: flex; flex-direction: column;'>\n<div style='padding: 15px; border-bottom: 1px solid rgba(150&comma; 150&comma; 150&comma; 0.2); font-weight: bold; font-size: 18px; color: inherit;'>Especificaciones El\u00e9ctricas<\/div>\n<div style='padding: 15px; color: inherit;'>\n<ul style='padding-left: 20px; margin: 0; font-size: 14px; list-style-type: disc;'>\n<li style='margin-bottom: 5px;'><strong>Voltaje Repetitivo Inverso (VRRM):<\/strong> 45 V<\/li>\n<li style='margin-bottom: 5px;'><strong>Voltaje RMS Inverso:<\/strong> 32 V<\/li>\n<li style='margin-bottom: 5px;'><strong>Voltaje de Bloqueo DC:<\/strong> 45 V<\/li>\n<li style='margin-bottom: 5px;'><strong>Corriente Directa Continua (IF):<\/strong> 60 A (Tc \u2264 100 \u00b0C)<\/li>\n<li style='margin-bottom: 5px;'><strong>Corriente de Pico No Repetitivo (IFSM):<\/strong> 800 A (t = 8.3 ms&comma; Tc = 25 \u00b0C)<\/li>\n<\/ul><\/div>\n<\/p><\/div>\n<p> <!-- Secci\u00f3n de caracter\u00edsticas t\u00e9rmicas --> <\/p>\n<div style='flex: 1 1 250px; border: 1px solid rgba(150&comma; 150&comma; 150&comma; 0.4); border-radius: 8px; overflow: hidden; display: flex; flex-direction: column;'>\n<div style='padding: 15px; border-bottom: 1px solid rgba(150&comma; 150&comma; 150&comma; 0.2); font-weight: bold; font-size: 18px; color: inherit;'>Caracter\u00edsticas T\u00e9rmicas<\/div>\n<div style='padding: 15px; color: inherit;'>\n<ul style='padding-left: 20px; margin: 0; font-size: 14px; list-style-type: disc;'>\n<li style='margin-bottom: 5px;'><strong>Resistencia T\u00e9rmica (RthJC):<\/strong> 1.0 \u00b0C\/W<\/li>\n<li style='margin-bottom: 5px;'><strong>Temperatura de Almacenamiento:<\/strong> -55 a +150 \u00b0C<\/li>\n<\/ul><\/div>\n<\/p><\/div>\n<p> <!-- Secci\u00f3n de caracter\u00edsticas el\u00e9ctricas detalladas --> <\/p>\n<div style='flex: 1 1 250px; border: 1px solid rgba(150&comma; 150&comma; 150&comma; 0.4); border-radius: 8px; overflow: hidden; display: flex; flex-direction: column;'>\n<div style='padding: 15px; border-bottom: 1px solid rgba(150&comma; 150&comma; 150&comma; 0.2); font-weight: bold; font-size: 18px; color: inherit;'>Caracter\u00edsticas El\u00e9ctricas Detalladas<\/div>\n<div style='padding: 15px; color: inherit;'>\n<ul style='padding-left: 20px; margin: 0; font-size: 14px; list-style-type: disc;'>\n<li style='margin-bottom: 5px;'><strong>Voltaje Directo (VF):<\/strong> 0.66 V (IF = 60 A&comma; Tj = 25 \u00b0C)<\/li>\n<li style='margin-bottom: 5px;'><strong>Corriente Inversa (IR):<\/strong> 5 mA (VR = 45 V&comma; Tj = 25 \u00b0C)<\/li>\n<li style='margin-bottom: 5px;'><strong>Corriente Inversa M\u00e1xima:<\/strong> 200 mA (VR = 45 V&comma; Tj = 125 \u00b0C)<\/li>\n<\/ul><\/div>\n<\/p><\/div>\n<\/p><\/div>\n<p> <!-- Secci\u00f3n de caracter\u00edsticas mec\u00e1nicas --> <\/p>\n<div style='display: flex; flex-wrap: wrap; gap: 20px; margin-bottom: 30px;'>\n<div style='flex: 1 1 250px; border: 1px solid rgba(150&comma; 150&comma; 150&comma; 0.4); border-radius: 8px; overflow: hidden; display: flex; flex-direction: column;'>\n<div style='padding: 15px; border-bottom: 1px solid rgba(150&comma; 150&comma; 150&comma; 0.2); font-weight: bold; font-size: 18px; color: inherit;'>Caracter\u00edsticas Mec\u00e1nicas<\/div>\n<div style='padding: 15px; color: inherit;'>\n<ul style='padding-left: 20px; margin: 0; font-size: 14px; list-style-type: disc;'>\n<li style='margin-bottom: 5px;'><strong>Tipo de Empaque:<\/strong> DO-5 (DO-203AB)<\/li>\n<li style='margin-bottom: 5px;'><strong>Marcaje:<\/strong> El producto est\u00e1 marcado con el n\u00famero de parte y configuraci\u00f3n de terminales<\/li>\n<\/ul><\/div>\n<\/p><\/div>\n<p> <!-- Secci\u00f3n de notas importantes --> <\/p>\n<div style='flex: 1 1 250px; border: 1px solid rgba(150&comma; 150&comma; 150&comma; 0.4); border-radius: 8px; overflow: hidden; display: flex; flex-direction: column;'>\n<div style='padding: 15px; border-bottom: 1px solid rgba(150&comma; 150&comma; 150&comma; 0.2); font-weight: bold; font-size: 18px; color: inherit;'>Notas Importantes<\/div>\n<div style='padding: 15px; color: inherit;'>\n<ul style='padding-left: 20px; margin: 0; font-size: 14px; list-style-type: disc;'>\n<li style='margin-bottom: 5px;'>Polaridad est\u00e1ndar: El c\u00e1todo est\u00e1 en la base<\/li>\n<li style='margin-bottom: 5px;'>Polaridad inversa (R): El \u00e1nodo est\u00e1 en la base<\/li>\n<li style='margin-bottom: 5px;'>La base es el terminal de montaje<\/li>\n<li style='margin-bottom: 5px;'>Todas las especificaciones son a Tj = 25 \u00b0C&comma; a menos que se especifique lo contrario<\/li>\n<\/ul><\/div>\n<\/p><\/div>\n<\/p><\/div>\n<p> <!-- Secci\u00f3n de dimensiones --> <\/p>\n<div style='display: flex; flex-wrap: wrap; gap: 30px; margin-bottom: 30px;'>\n<div style='flex: 1 1 300px; min-width: 280px;'>\n<h3 style='font-size: 22px; border-bottom: 2px solid currentColor; padding-bottom: 5px; margin-top: 0; color: inherit; opacity: 0.8;'>Dimensiones del Paquete<\/h3>\n<p style='font-size: 14px; color: inherit;'>Dimensiones en pulgadas y mil\u00edmetros:<\/p>\n<ul style='padding-left: 20px; font-size: 14px; color: inherit;'>\n<li style='margin-bottom: 5px;'><strong>A:<\/strong> 1\/4 -28 UNF<\/li>\n<li style='margin-bottom: 5px;'><strong>B:<\/strong> 0.669-0.687&#8242; (17.19-17.44 mm)<\/li>\n<li style='margin-bottom: 5px;'><strong>C:<\/strong> Hasta 0.794&#8242; (20.16 mm)<\/li>\n<li style='margin-bottom: 5px;'><strong>D:<\/strong> Hasta 1.020&#8242; (25.91 mm)<\/li>\n<li style='margin-bottom: 5px;'><strong>E:<\/strong> 0.422-0.453&#8242; (10.72-11.50 mm)<\/li>\n<li style='margin-bottom: 5px;'><strong>F:<\/strong> 0.115-0.200&#8242; (2.93-5.08 mm)<\/li>\n<li style='margin-bottom: 5px;'><strong>G:<\/strong> Hasta 0.460&#8242; (11.68 mm)<\/li>\n<li style='margin-bottom: 5px;'><strong>J:<\/strong> Hasta 0.280&#8242; (7.00 mm)<\/li>\n<li style='margin-bottom: 5px;'><strong>K:<\/strong> 0.236&#8242; (6.00 mm) m\u00ednimo<\/li>\n<li style='margin-bottom: 5px;'><strong>M:<\/strong> Hasta 0.589&#8242; (14.96 mm)<\/li>\n<li style='margin-bottom: 5px;'><strong>N:<\/strong> Hasta 0.063&#8242; (1.60 mm)<\/li>\n<li style='margin-bottom: 5px;'><strong>P:<\/strong> 0.140-0.175&#8242; (3.56-4.45 mm)<\/li>\n<\/ul><\/div>\n<\/p><\/div>\n<p> <!-- Separador --> <\/p>\n<hr style='border: 0; border-top: 1px solid rgba(150&comma; 150&comma; 150&comma; 0.3); margin: 30px 0;'> <\/div>\n","protected":false},"excerpt":{"rendered":"<p>Diodo Schottky de Potencia SD-51, Rectificador de Silicio VRRM-45V, IF-60A, Catodo en Base del DO-5.<\/p>\n","protected":false},"featured_media":64604,"comment_status":"open","ping_status":"closed","template":"","meta":[],"product_brand":[],"product_cat":[1501],"product_tag":[1502,751,63],"class_list":{"0":"post-64605","1":"product","2":"type-product","3":"status-publish","4":"has-post-thumbnail","6":"product_cat-miscelaneo","7":"product_tag-miscelaneo","8":"product_tag-refacciones","9":"product_tag-syscom","11":"first","12":"outofstock","13":"sale","14":"shipping-taxable","15":"purchasable","16":"product-type-simple"},"_links":{"self":[{"href":"https:\/\/soydeaqui.ddns.net\/pachuca\/index.php\/wp-json\/wp\/v2\/product\/64605","targetHints":{"allow":["GET"]}}],"collection":[{"href":"https:\/\/soydeaqui.ddns.net\/pachuca\/index.php\/wp-json\/wp\/v2\/product"}],"about":[{"href":"https:\/\/soydeaqui.ddns.net\/pachuca\/index.php\/wp-json\/wp\/v2\/types\/product"}],"replies":[{"embeddable":true,"href":"https:\/\/soydeaqui.ddns.net\/pachuca\/index.php\/wp-json\/wp\/v2\/comments?post=64605"}],"wp:featuredmedia":[{"embeddable":true,"href":"https:\/\/soydeaqui.ddns.net\/pachuca\/index.php\/wp-json\/wp\/v2\/media\/64604"}],"wp:attachment":[{"href":"https:\/\/soydeaqui.ddns.net\/pachuca\/index.php\/wp-json\/wp\/v2\/media?parent=64605"}],"wp:term":[{"taxonomy":"product_brand","embeddable":true,"href":"https:\/\/soydeaqui.ddns.net\/pachuca\/index.php\/wp-json\/wp\/v2\/product_brand?post=64605"},{"taxonomy":"product_cat","embeddable":true,"href":"https:\/\/soydeaqui.ddns.net\/pachuca\/index.php\/wp-json\/wp\/v2\/product_cat?post=64605"},{"taxonomy":"product_tag","embeddable":true,"href":"https:\/\/soydeaqui.ddns.net\/pachuca\/index.php\/wp-json\/wp\/v2\/product_tag?post=64605"}],"curies":[{"name":"wp","href":"https:\/\/api.w.org\/{rel}","templated":true}]}}