{"id":64577,"date":"2026-03-19T07:53:05","date_gmt":"2026-03-19T07:53:05","guid":{"rendered":"https:\/\/soydeaqui.ddns.net\/pachuca\/index.php\/producto\/elemento-de-10-watt-en-linea-7-8-para-wattmetro-bird-43-en-rango-de-frecuencia-de-200-a-500-mhz\/"},"modified":"2026-03-19T07:53:06","modified_gmt":"2026-03-19T07:53:06","slug":"elemento-de-10-watt-en-linea-7-8-para-wattmetro-bird-43-en-rango-de-frecuencia-de-200-a-500-mhz","status":"publish","type":"product","link":"https:\/\/soydeaqui.ddns.net\/pachuca\/index.php\/producto\/elemento-de-10-watt-en-linea-7-8-para-wattmetro-bird-43-en-rango-de-frecuencia-de-200-a-500-mhz\/","title":{"rendered":"Elemento de 10 Watt en linea 7\/8&#8243; para Wattmetro BIRD 43 en Rango de Frecuencia de 200 a 500 MHz."},"content":{"rendered":"<div style='width: 100%; max-width: 1200px; margin: 0 auto; font-family: sans-serif; line-height: 1.6; color: inherit; background-color: transparent;'>\n<div style='display: flex; flex-wrap: wrap; gap: 30px; margin-bottom: 30px;'>\n<div style='flex: 1 1 300px; min-width: 280px;'>\n<h3 style='font-size: 22px; border-bottom: 2px solid currentColor; padding-bottom: 5px; margin-top: 0; color: inherit; opacity: 0.8;'>Elementos est\u00e1ndar<\/h3>\n<ul style='padding-left: 20px; font-size: 15px; color: inherit;'>\n<li style='margin-bottom: 5px;'>Todos los elementos insertables est\u00e1n calibrados de acuerdo a los procedimientos minuciosos de calibraci\u00f3n de BIRD&comma; respaldados por un largo historial de los valores medios de desviaci\u00f3n para asegurar la similitud a las especificaciones anunciadas de los instrumentos actuales&comma; as\u00ed como la intercambiabilidad en campo con los equipos de confianza adquiridos y utilizados en todos los a\u00f1os desde su presentaci\u00f3n.<\/li>\n<\/ul><\/div>\n<\/p><\/div>\n<div style='display: flex; flex-wrap: wrap; gap: 20px; margin-bottom: 30px;'>\n<div style='flex: 1 1 250px; border: 1px solid rgba(150&comma; 150&comma; 150&comma; 0.4); border-radius: 8px; overflow: hidden; display: flex; flex-direction: column;'>\n<div style='padding: 15px; border-bottom: 1px solid rgba(150&comma; 150&comma; 150&comma; 0.2); font-weight: bold; font-size: 18px; color: inherit;'>Model Number<\/div>\n<div style='padding: 15px; color: inherit;'>\n<ul style='padding-left: 20px; margin: 0; font-size: 14px; list-style-type: disc;'>\n<li style='margin-bottom: 5px;'>50H<\/li>\n<li style='margin-bottom: 5px;'>100H<\/li>\n<li style='margin-bottom: 5px;'>250H<\/li>\n<li style='margin-bottom: 5px;'>500H<\/li>\n<li style='margin-bottom: 5px;'>1000H<\/li>\n<li style='margin-bottom: 5px;'>2500H<\/li>\n<li style='margin-bottom: 5px;'>5000H<\/li>\n<li style='margin-bottom: 5px;'>5A<\/li>\n<li style='margin-bottom: 5px;'>10A<\/li>\n<li style='margin-bottom: 5px;'>25A<\/li>\n<li style='margin-bottom: 5px;'>50A<\/li>\n<li style='margin-bottom: 5px;'>100A<\/li>\n<li style='margin-bottom: 5px;'>250A<\/li>\n<li style='margin-bottom: 5px;'>500A<\/li>\n<li style='margin-bottom: 5px;'>1000A<\/li>\n<li style='margin-bottom: 5px;'>5B<\/li>\n<li style='margin-bottom: 5px;'>10B<\/li>\n<li style='margin-bottom: 5px;'>25B<\/li>\n<li style='margin-bottom: 5px;'>50B<\/li>\n<li style='margin-bottom: 5px;'>100B<\/li>\n<li style='margin-bottom: 5px;'>250B<\/li>\n<li style='margin-bottom: 5px;'>500B<\/li>\n<li style='margin-bottom: 5px;'>1000B<\/li>\n<li style='margin-bottom: 5px;'>5C<\/li>\n<li style='margin-bottom: 5px;'>10C<\/li>\n<li style='margin-bottom: 5px;'>25C<\/li>\n<li style='margin-bottom: 5px;'>50C<\/li>\n<li style='margin-bottom: 5px;'>100C<\/li>\n<li style='margin-bottom: 5px;'>250C<\/li>\n<li style='margin-bottom: 5px;'>500C<\/li>\n<li style='margin-bottom: 5px;'>1000C<\/li>\n<li style='margin-bottom: 5px;'>5D<\/li>\n<li style='margin-bottom: 5px;'>10D<\/li>\n<li style='margin-bottom: 5px;'>25D<\/li>\n<li style='margin-bottom: 5px;'>50D<\/li>\n<li style='margin-bottom: 5px;'>100D<\/li>\n<li style='margin-bottom: 5px;'>250D<\/li>\n<li style='margin-bottom: 5px;'>500D<\/li>\n<li style='margin-bottom: 5px;'>1000D<\/li>\n<\/ul><\/div>\n<\/p><\/div>\n<div style='flex: 1 1 250px; border: 1px solid rgba(150&comma; 150&comma; 150&comma; 0.4); border-radius: 8px; overflow: hidden; display: flex; flex-direction: column;'>\n<div style='padding: 15px; border-bottom: 1px solid rgba(150&comma; 150&comma; 150&comma; 0.2); font-weight: bold; font-size: 18px; color: inherit;'>Frequency Range (MHz)<\/div>\n<div style='padding: 15px; color: inherit;'>\n<ul style='padding-left: 20px; margin: 0; font-size: 14px; list-style-type: disc;'>\n<li style='margin-bottom: 5px;'>2-30<\/li>\n<li style='margin-bottom: 5px;'>2-30<\/li>\n<li style='margin-bottom: 5px;'>2-30<\/li>\n<li style='margin-bottom: 5px;'>2-30<\/li>\n<li style='margin-bottom: 5px;'>2-30<\/li>\n<li style='margin-bottom: 5px;'>2-30<\/li>\n<li style='margin-bottom: 5px;'>2-30<\/li>\n<li style='margin-bottom: 5px;'>25-60<\/li>\n<li style='margin-bottom: 5px;'>25-60<\/li>\n<li style='margin-bottom: 5px;'>25-60<\/li>\n<li style='margin-bottom: 5px;'>25-60<\/li>\n<li style='margin-bottom: 5px;'>25-60<\/li>\n<li style='margin-bottom: 5px;'>25-60<\/li>\n<li style='margin-bottom: 5px;'>25-60<\/li>\n<li style='margin-bottom: 5px;'>25-60<\/li>\n<li style='margin-bottom: 5px;'>25-60<\/li>\n<li style='margin-bottom: 5px;'>50-125<\/li>\n<li style='margin-bottom: 5px;'>50-125<\/li>\n<li style='margin-bottom: 5px;'>50-125<\/li>\n<li style='margin-bottom: 5px;'>50-125<\/li>\n<li style='margin-bottom: 5px;'>50-125<\/li>\n<li style='margin-bottom: 5px;'>50-125<\/li>\n<li style='margin-bottom: 5px;'>50-125<\/li>\n<li style='margin-bottom: 5px;'>100-250<\/li>\n<li style='margin-bottom: 5px;'>100-250<\/li>\n<li style='margin-bottom: 5px;'>100-250<\/li>\n<li style='margin-bottom: 5px;'>100-250<\/li>\n<li style='margin-bottom: 5px;'>100-250<\/li>\n<li style='margin-bottom: 5px;'>100-250<\/li>\n<li style='margin-bottom: 5px;'>100-250<\/li>\n<li style='margin-bottom: 5px;'>200-500<\/li>\n<li style='margin-bottom: 5px;'>200-500<\/li>\n<li style='margin-bottom: 5px;'>200-500<\/li>\n<li style='margin-bottom: 5px;'>200-500<\/li>\n<li style='margin-bottom: 5px;'>200-500<\/li>\n<li style='margin-bottom: 5px;'>200-500<\/li>\n<li style='margin-bottom: 5px;'>200-500<\/li>\n<\/ul><\/div>\n<\/p><\/div>\n<div style='flex: 1 1 250px; border: 1px solid rgba(150&comma; 150&comma; 150&comma; 0.4); border-radius: 8px; overflow: hidden; display: flex; flex-direction: column;'>\n<div style='padding: 15px; border-bottom: 1px solid rgba(150&comma; 150&comma; 150&comma; 0.2); font-weight: bold; font-size: 18px; color: inherit;'>Power<\/div>\n<div style='padding: 15px; color: inherit;'>\n<ul style='padding-left: 20px; margin: 0; font-size: 14px; list-style-type: disc;'>\n<li style='margin-bottom: 5px;'>50 W<\/li>\n<li style='margin-bottom: 5px;'>100 W<\/li>\n<li style='margin-bottom: 5px;'>250 W<\/li>\n<li style='margin-bottom: 5px;'>500 W<\/li>\n<li style='margin-bottom: 5px;'>1000 W<\/li>\n<li style='margin-bottom: 5px;'>2500 W<\/li>\n<li style='margin-bottom: 5px;'>5000 W<\/li>\n<li style='margin-bottom: 5px;'>5 W<\/li>\n<li style='margin-bottom: 5px;'>10 W<\/li>\n<li style='margin-bottom: 5px;'>25 W<\/li>\n<li style='margin-bottom: 5px;'>50 W<\/li>\n<li style='margin-bottom: 5px;'>100 W<\/li>\n<li style='margin-bottom: 5px;'>250 W<\/li>\n<li style='margin-bottom: 5px;'>500 W<\/li>\n<li style='margin-bottom: 5px;'>1000 W<\/li>\n<li style='margin-bottom: 5px;'>5 W<\/li>\n<li style='margin-bottom: 5px;'>10 W<\/li>\n<li style='margin-bottom: 5px;'>25 W<\/li>\n<li style='margin-bottom: 5px;'>50 W<\/li>\n<li style='margin-bottom: 5px;'>100 W<\/li>\n<li style='margin-bottom: 5px;'>250 W<\/li>\n<li style='margin-bottom: 5px;'>500 W<\/li>\n<li style='margin-bottom: 5px;'>1000 W<\/li>\n<li style='margin-bottom: 5px;'>5 W<\/li>\n<li style='margin-bottom: 5px;'>10 W<\/li>\n<li style='margin-bottom: 5px;'>25 W<\/li>\n<li style='margin-bottom: 5px;'>50 W<\/li>\n<li style='margin-bottom: 5px;'>100 W<\/li>\n<li style='margin-bottom: 5px;'>250 W<\/li>\n<li style='margin-bottom: 5px;'>500 W<\/li>\n<li style='margin-bottom: 5px;'>1000 W<\/li>\n<\/ul><\/div>\n<\/p><\/div>\n<\/p><\/div>\n<hr style='border: 0; border-top: 1px solid rgba(150&comma; 150&comma; 150&comma; 0.3); margin: 30px 0;'> <\/div>\n","protected":false},"excerpt":{"rendered":"<p>Elemento de 10 Watt en linea 7\/8&#8243; para Wattmetro BIRD 43 en Rango de Frecuencia de 200 a 500 MHz.<\/p>\n","protected":false},"featured_media":64576,"comment_status":"open","ping_status":"closed","template":"","meta":[],"product_brand":[],"product_cat":[1639],"product_tag":[1641,931,1640],"class_list":{"0":"post-64577","1":"product","2":"type-product","3":"status-publish","4":"has-post-thumbnail","6":"product_cat-wattmetros-y-elementos","7":"product_tag-bird-technologies","8":"product_tag-equipo-de-laboratorio","9":"product_tag-wattmetros-y-elementos","11":"first","12":"outofstock","13":"sale","14":"shipping-taxable","15":"purchasable","16":"product-type-simple"},"_links":{"self":[{"href":"https:\/\/soydeaqui.ddns.net\/pachuca\/index.php\/wp-json\/wp\/v2\/product\/64577","targetHints":{"allow":["GET"]}}],"collection":[{"href":"https:\/\/soydeaqui.ddns.net\/pachuca\/index.php\/wp-json\/wp\/v2\/product"}],"about":[{"href":"https:\/\/soydeaqui.ddns.net\/pachuca\/index.php\/wp-json\/wp\/v2\/types\/product"}],"replies":[{"embeddable":true,"href":"https:\/\/soydeaqui.ddns.net\/pachuca\/index.php\/wp-json\/wp\/v2\/comments?post=64577"}],"wp:featuredmedia":[{"embeddable":true,"href":"https:\/\/soydeaqui.ddns.net\/pachuca\/index.php\/wp-json\/wp\/v2\/media\/64576"}],"wp:attachment":[{"href":"https:\/\/soydeaqui.ddns.net\/pachuca\/index.php\/wp-json\/wp\/v2\/media?parent=64577"}],"wp:term":[{"taxonomy":"product_brand","embeddable":true,"href":"https:\/\/soydeaqui.ddns.net\/pachuca\/index.php\/wp-json\/wp\/v2\/product_brand?post=64577"},{"taxonomy":"product_cat","embeddable":true,"href":"https:\/\/soydeaqui.ddns.net\/pachuca\/index.php\/wp-json\/wp\/v2\/product_cat?post=64577"},{"taxonomy":"product_tag","embeddable":true,"href":"https:\/\/soydeaqui.ddns.net\/pachuca\/index.php\/wp-json\/wp\/v2\/product_tag?post=64577"}],"curies":[{"name":"wp","href":"https:\/\/api.w.org\/{rel}","templated":true}]}}