{"id":64555,"date":"2026-03-19T07:52:23","date_gmt":"2026-03-19T07:52:23","guid":{"rendered":"https:\/\/soydeaqui.ddns.net\/pachuca\/index.php\/producto\/elemento-de-100-watt-para-wattmetro-bird-43-400-1000-mhz\/"},"modified":"2026-03-19T07:52:24","modified_gmt":"2026-03-19T07:52:24","slug":"elemento-de-100-watt-para-wattmetro-bird-43-400-1000-mhz","status":"publish","type":"product","link":"https:\/\/soydeaqui.ddns.net\/pachuca\/index.php\/producto\/elemento-de-100-watt-para-wattmetro-bird-43-400-1000-mhz\/","title":{"rendered":"Elemento de 100 Watt para Wattmetro BIRD 43, 400-1000 MHz."},"content":{"rendered":"<div style='width: 100%; max-width: 1200px; margin: 0 auto; font-family: sans-serif; line-height: 1.6; color: inherit; background-color: transparent;'>\n<div style='margin-bottom: 30px;'>\n<h2 style='font-size: 24px; margin-top: 0; color: inherit; opacity: 0.9;'>Elemento de 100 Watt para Wattmetro BIRD 43&comma; 400-1000 MHz.<\/h2>\n<p style='font-size: 15px; margin-top: 15px; color: inherit; opacity: 0.85;'> Elementos est\u00e1ndar: Todos los elementos insertables est\u00e1n calibrados de acuerdo a los procedimientos minuciosos de calibraci\u00f3n de BIRD&comma; respaldados por un largo historial de los valores medios de desviaci\u00f3n para asegurar la similitud a las especificaciones anunciadas de los instrumentos actuales&comma; as\u00ed como la intercambiabilidad en campo con los equipos de confianza adquiridos y utilizados en todos los a\u00f1os desde su presentaci\u00f3n. <\/p>\n<\/p><\/div>\n<p> <!-- Tabla de especificaciones --> <\/p>\n<div style='display: flex; flex-wrap: wrap; gap: 20px; margin-bottom: 30px;'>\n<div style='flex: 1 1 300px; min-width: 280px;'>\n<div style='border: 1px solid rgba(150&comma; 150&comma; 150&comma; 0.4); border-radius: 8px; overflow: hidden;'>\n<div style='background-color: rgba(0&comma; 0&comma; 0&comma; 0.05); padding: 12px; font-weight: bold; color: inherit; border-bottom: 1px solid rgba(150&comma; 150&comma; 150&comma; 0.3);'>Modelo<\/div>\n<div style='padding: 12px; color: inherit; font-size: 14px;'>\n<ul style='padding-left: 20px; margin: 0; list-style-type: disc;'>\n<li style='margin-bottom: 5px;'><strong>50H<\/strong> &#8211; 2-30 MHz&comma; 50 W<\/li>\n<li style='margin-bottom: 5px;'><strong>100H<\/strong> &#8211; 2-30 MHz&comma; 100 W<\/li>\n<li style='margin-bottom: 5px;'><strong>250H<\/strong> &#8211; 2-30 MHz&comma; 250 W<\/li>\n<li style='margin-bottom: 5px;'><strong>500H<\/strong> &#8211; 2-30 MHz&comma; 500 W<\/li>\n<li style='margin-bottom: 5px;'><strong>1000H<\/strong> &#8211; 2-30 MHz&comma; 1000 W<\/li>\n<li style='margin-bottom: 5px;'><strong>2500H<\/strong> &#8211; 2-30 MHz&comma; 2500 W<\/li>\n<li style='margin-bottom: 5px;'><strong>5000H<\/strong> &#8211; 2-30 MHz&comma; 5000 W<\/li>\n<\/ul><\/div>\n<\/p><\/div>\n<\/p><\/div>\n<div style='flex: 1 1 300px; min-width: 280px;'>\n<div style='border: 1px solid rgba(150&comma; 150&comma; 150&comma; 0.4); border-radius: 8px; overflow: hidden;'>\n<div style='background-color: rgba(0&comma; 0&comma; 0&comma; 0.05); padding: 12px; font-weight: bold; color: inherit; border-bottom: 1px solid rgba(150&comma; 150&comma; 150&comma; 0.3);'>Modelo<\/div>\n<div style='padding: 12px; color: inherit; font-size: 14px;'>\n<ul style='padding-left: 20px; margin: 0; list-style-type: disc;'>\n<li style='margin-bottom: 5px;'><strong>5A<\/strong> &#8211; 25-60 MHz&comma; 5 W<\/li>\n<li style='margin-bottom: 5px;'><strong>10A<\/strong> &#8211; 25-60 MHz&comma; 10 W<\/li>\n<li style='margin-bottom: 5px;'><strong>25A<\/strong> &#8211; 25-60 MHz&comma; 25 W<\/li>\n<li style='margin-bottom: 5px;'><strong>50A<\/strong> &#8211; 25-60 MHz&comma; 50 W<\/li>\n<li style='margin-bottom: 5px;'><strong>100A<\/strong> &#8211; 25-60 MHz&comma; 100 W<\/li>\n<li style='margin-bottom: 5px;'><strong>250A<\/strong> &#8211; 25-60 MHz&comma; 250 W<\/li>\n<li style='margin-bottom: 5px;'><strong>500A<\/strong> &#8211; 25-60 MHz&comma; 500 W<\/li>\n<li style='margin-bottom: 5px;'><strong>1000A<\/strong> &#8211; 25-60 MHz&comma; 1000 W<\/li>\n<\/ul><\/div>\n<\/p><\/div>\n<\/p><\/div>\n<div style='flex: 1 1 300px; min-width: 280px;'>\n<div style='border: 1px solid rgba(150&comma; 150&comma; 150&comma; 0.4); border-radius: 8px; overflow: hidden;'>\n<div style='background-color: rgba(0&comma; 0&comma; 0&comma; 0.05); padding: 12px; font-weight: bold; color: inherit; border-bottom: 1px solid rgba(150&comma; 150&comma; 150&comma; 0.3);'>Modelo<\/div>\n<div style='padding: 12px; color: inherit; font-size: 14px;'>\n<ul style='padding-left: 20px; margin: 0; list-style-type: disc;'>\n<li style='margin-bottom: 5px;'><strong>5B<\/strong> &#8211; 50-125 MHz&comma; 5 W<\/li>\n<li style='margin-bottom: 5px;'><strong>10B<\/strong> &#8211; 50-125 MHz&comma; 10 W<\/li>\n<li style='margin-bottom: 5px;'><strong>25B<\/strong> &#8211; 50-125 MHz&comma; 25 W<\/li>\n<li style='margin-bottom: 5px;'><strong>50B<\/strong> &#8211; 50-125 MHz&comma; 50 W<\/li>\n<li style='margin-bottom: 5px;'><strong>100B<\/strong> &#8211; 50-125 MHz&comma; 100 W<\/li>\n<li style='margin-bottom: 5px;'><strong>250B<\/strong> &#8211; 50-125 MHz&comma; 250 W<\/li>\n<li style='margin-bottom: 5px;'><strong>500B<\/strong> &#8211; 50-125 MHz&comma; 500 W<\/li>\n<li style='margin-bottom: 5px;'><strong>1000B<\/strong> &#8211; 50-125 MHz&comma; 1000 W<\/li>\n<\/ul><\/div>\n<\/p><\/div>\n<\/p><\/div>\n<div style='flex: 1 1 300px; min-width: 280px;'>\n<div style='border: 1px solid rgba(150&comma; 150&comma; 150&comma; 0.4); border-radius: 8px; overflow: hidden;'>\n<div style='background-color: rgba(0&comma; 0&comma; 0&comma; 0.05); padding: 12px; font-weight: bold; color: inherit; border-bottom: 1px solid rgba(150&comma; 150&comma; 150&comma; 0.3);'>Modelo<\/div>\n<div style='padding: 12px; color: inherit; font-size: 14px;'>\n<ul style='padding-left: 20px; margin: 0; list-style-type: disc;'>\n<li style='margin-bottom: 5px;'><strong>5C<\/strong> &#8211; 100-250 MHz&comma; 5 W<\/li>\n<li style='margin-bottom: 5px;'><strong>10C<\/strong> &#8211; 100-250 MHz&comma; 10 W<\/li>\n<li style='margin-bottom: 5px;'><strong>25C<\/strong> &#8211; 100-250 MHz&comma; 25 W<\/li>\n<li style='margin-bottom: 5px;'><strong>50C<\/strong> &#8211; 100-250 MHz&comma; 50 W<\/li>\n<li style='margin-bottom: 5px;'><strong>100C<\/strong> &#8211; 100-250 MHz&comma; 100 W<\/li>\n<li style='margin-bottom: 5px;'><strong>250C<\/strong> &#8211; 100-250 MHz&comma; 250 W<\/li>\n<li style='margin-bottom: 5px;'><strong>500C<\/strong> &#8211; 100-250 MHz&comma; 500 W<\/li>\n<li style='margin-bottom: 5px;'><strong>1000C<\/strong> &#8211; 100-250 MHz&comma; 1000 W<\/li>\n<\/ul><\/div>\n<\/p><\/div>\n<\/p><\/div>\n<div style='flex: 1 1 300px; min-width: 280px;'>\n<div style='border: 1px solid rgba(150&comma; 150&comma; 150&comma; 0.4); border-radius: 8px; overflow: hidden;'>\n<div style='background-color: rgba(0&comma; 0&comma; 0&comma; 0.05); padding: 12px; font-weight: bold; color: inherit; border-bottom: 1px solid rgba(150&comma; 150&comma; 150&comma; 0.3);'>Modelo<\/div>\n<div style='padding: 12px; color: inherit; font-size: 14px;'>\n<ul style='padding-left: 20px; margin: 0; list-style-type: disc;'>\n<li style='margin-bottom: 5px;'><strong>5D<\/strong> &#8211; 200-500 MHz&comma; 5 W<\/li>\n<li style='margin-bottom: 5px;'><strong>10D<\/strong> &#8211; 200-500 MHz&comma; 10 W<\/li>\n<li style='margin-bottom: 5px;'><strong>25D<\/strong> &#8211; 200-500 MHz&comma; 25 W<\/li>\n<li style='margin-bottom: 5px;'><strong>50D<\/strong> &#8211; 200-500 MHz&comma; 50 W<\/li>\n<li style='margin-bottom: 5px;'><strong>100D<\/strong> &#8211; 200-500 MHz&comma; 100 W<\/li>\n<li style='margin-bottom: 5px;'><strong>250D<\/strong> &#8211; 200-500 MHz&comma; 250 W<\/li>\n<li style='margin-bottom: 5px;'><strong>500D<\/strong> &#8211; 200-500 MHz&comma; 500 W<\/li>\n<li style='margin-bottom: 5px;'><strong>1000D<\/strong> &#8211; 200-500 MHz&comma; 1000 W<\/li>\n<li style='margin-bottom: 5px;'><strong>2500D<\/strong> &#8211; 200-500 MHz&comma; 2500 W<\/li>\n<\/ul><\/div>\n<\/p><\/div>\n<\/p><\/div>\n<div style='flex: 1 1 300px; min-width: 280px;'>\n<div style='border: 1px solid rgba(150&comma; 150&comma; 150&comma; 0.4); border-radius: 8px; overflow: hidden;'>\n<div style='background-color: rgba(0&comma; 0&comma; 0&comma; 0.05); padding: 12px; font-weight: bold; color: inherit; border-bottom: 1px solid rgba(150&comma; 150&comma; 150&comma; 0.3);'>Modelo<\/div>\n<div style='padding: 12px; color: inherit; font-size: 14px;'>\n<ul style='padding-left: 20px; margin: 0; list-style-type: disc;'>\n<li style='margin-bottom: 5px;'><strong>5E<\/strong> &#8211; 400-1000 MHz&comma; 5 W<\/li>\n<li style='margin-bottom: 5px;'><strong>10E<\/strong> &#8211; 400-1000 MHz&comma; 10 W<\/li>\n<li style='margin-bottom: 5px;'><strong>25E<\/strong> &#8211; 400-1000 MHz&comma; 25 W<\/li>\n<li style='margin-bottom: 5px;'><strong>50E<\/strong> &#8211; 400-1000 MHz&comma; 50 W<\/li>\n<li style='margin-bottom: 5px;'><strong>100E<\/strong> &#8211; 400-1000 MHz&comma; 100 W<\/li>\n<li style='margin-bottom: 5px;'><strong>250E<\/strong> &#8211; 400-1000 MHz&comma; 250 W<\/li>\n<li style='margin-bottom: 5px;'><strong>500E<\/strong> &#8211; 400-1000 MHz&comma; 500 W<\/li>\n<li style='margin-bottom: 5px;'><strong>1000E<\/strong> &#8211; 400-1000 MHz&comma; 1000 W<\/li>\n<\/ul><\/div>\n<\/p><\/div>\n<\/p><\/div>\n<\/p><\/div>\n<p> <!-- Separador --> <\/p>\n<hr style='border: 0; border-top: 1px solid rgba(150&comma; 150&comma; 150&comma; 0.3); margin: 30px 0;'> <\/div>\n","protected":false},"excerpt":{"rendered":"<p>Elemento de 100 Watt para Wattmetro BIRD 43, 400-1000 MHz.<\/p>\n","protected":false},"featured_media":64554,"comment_status":"open","ping_status":"closed","template":"","meta":[],"product_brand":[],"product_cat":[1639],"product_tag":[1641,931,1640],"class_list":{"0":"post-64555","1":"product","2":"type-product","3":"status-publish","4":"has-post-thumbnail","6":"product_cat-wattmetros-y-elementos","7":"product_tag-bird-technologies","8":"product_tag-equipo-de-laboratorio","9":"product_tag-wattmetros-y-elementos","11":"first","12":"outofstock","13":"sale","14":"shipping-taxable","15":"purchasable","16":"product-type-simple"},"_links":{"self":[{"href":"https:\/\/soydeaqui.ddns.net\/pachuca\/index.php\/wp-json\/wp\/v2\/product\/64555","targetHints":{"allow":["GET"]}}],"collection":[{"href":"https:\/\/soydeaqui.ddns.net\/pachuca\/index.php\/wp-json\/wp\/v2\/product"}],"about":[{"href":"https:\/\/soydeaqui.ddns.net\/pachuca\/index.php\/wp-json\/wp\/v2\/types\/product"}],"replies":[{"embeddable":true,"href":"https:\/\/soydeaqui.ddns.net\/pachuca\/index.php\/wp-json\/wp\/v2\/comments?post=64555"}],"wp:featuredmedia":[{"embeddable":true,"href":"https:\/\/soydeaqui.ddns.net\/pachuca\/index.php\/wp-json\/wp\/v2\/media\/64554"}],"wp:attachment":[{"href":"https:\/\/soydeaqui.ddns.net\/pachuca\/index.php\/wp-json\/wp\/v2\/media?parent=64555"}],"wp:term":[{"taxonomy":"product_brand","embeddable":true,"href":"https:\/\/soydeaqui.ddns.net\/pachuca\/index.php\/wp-json\/wp\/v2\/product_brand?post=64555"},{"taxonomy":"product_cat","embeddable":true,"href":"https:\/\/soydeaqui.ddns.net\/pachuca\/index.php\/wp-json\/wp\/v2\/product_cat?post=64555"},{"taxonomy":"product_tag","embeddable":true,"href":"https:\/\/soydeaqui.ddns.net\/pachuca\/index.php\/wp-json\/wp\/v2\/product_tag?post=64555"}],"curies":[{"name":"wp","href":"https:\/\/api.w.org\/{rel}","templated":true}]}}