{"id":64540,"date":"2026-03-19T07:51:54","date_gmt":"2026-03-19T07:51:54","guid":{"rendered":"https:\/\/soydeaqui.ddns.net\/pachuca\/index.php\/producto\/protectores-poe-de-8-puertos-para-10-100-1000-mbps-cat5e\/"},"modified":"2026-03-19T07:51:56","modified_gmt":"2026-03-19T07:51:56","slug":"protectores-poe-de-8-puertos-para-10-100-1000-mbps-cat5e","status":"publish","type":"product","link":"https:\/\/soydeaqui.ddns.net\/pachuca\/index.php\/producto\/protectores-poe-de-8-puertos-para-10-100-1000-mbps-cat5e\/","title":{"rendered":"Protectores PoE de 8 puertos para 10\/100\/1000 Mbps (Cat5e)."},"content":{"rendered":"<div style='width: 100%; max-width: 1200px; margin: 0 auto; font-family: sans-serif; line-height: 1.6; color: inherit; background-color: transparent;'>\n<div style='display: flex; flex-wrap: wrap; gap: 30px; margin-bottom: 30px;'>\n<div style='flex: 1 1 300px; min-width: 280px;'>\n<h3 style='font-size: 22px; border-bottom: 2px solid currentColor; padding-bottom: 5px; margin-top: 0; color: inherit; opacity: 0.8;'>Caracter\u00edsticas principales<\/h3>\n<ul style='padding-left: 20px; font-size: 15px; color: inherit;'>\n<li style='margin-bottom: 5px;'>Protecci\u00f3n m\u00faltiple con tecnolog\u00eda Gas-Tube + TVS<\/li>\n<li style='margin-bottom: 5px;'>Doble protecci\u00f3n en m\u00f3dulos comunes y diferenciales<\/li>\n<li style='margin-bottom: 5px;'>Tecnolog\u00eda de matriz TVS con baja capacitancia<\/li>\n<li style='margin-bottom: 5px;'>Capacidad de m\u00faltiples descargas<\/li>\n<li style='margin-bottom: 5px;'>8 puertos de entrada\/salida para switch PoE<\/li>\n<\/ul><\/div>\n<div style='flex: 1 1 300px; min-width: 280px;'>\n<h3 style='font-size: 22px; border-bottom: 2px solid currentColor; padding-bottom: 5px; margin-top: 0; color: inherit; opacity: 0.8;'>Especificaciones el\u00e9ctricas<\/h3>\n<ul style='padding-left: 20px; font-size: 15px; color: inherit;'>\n<li style='margin-bottom: 5px;'><strong>Voltaje de trabajo:<\/strong> 48V DC<\/li>\n<li style='margin-bottom: 5px;'><strong>Voltaje m\u00e1ximo operaci\u00f3n:<\/strong> 57V DC<\/li>\n<li style='margin-bottom: 5px;'><strong>Corriente nominal descarga (8\/20\u00b5s):<\/strong> 5kA<\/li>\n<li style='margin-bottom: 5px;'><strong>Corriente m\u00e1xima descarga (8\/20\u00b5s):<\/strong> 10kA<\/li>\n<li style='margin-bottom: 5px;'><strong>Nivel de protecci\u00f3n (8\/20\u00b5s):<\/strong> 150V<\/li>\n<li style='margin-bottom: 5px;'><strong>Pines protegidos:<\/strong> 4\/5&comma; 7\/8<\/li>\n<\/ul><\/div>\n<div style='flex: 1 1 300px; min-width: 280px;'>\n<h3 style='font-size: 22px; border-bottom: 2px solid currentColor; padding-bottom: 5px; margin-top: 0; color: inherit; opacity: 0.8;'>Par\u00e1metros Ethernet<\/h3>\n<ul style='padding-left: 20px; font-size: 15px; color: inherit;'>\n<li style='margin-bottom: 5px;'><strong>Voltaje m\u00e1ximo operaci\u00f3n:<\/strong> 5V<\/li>\n<li style='margin-bottom: 5px;'><strong>Voltaje limitado (10\/700\u00b5s):<\/strong> \u2264500V (l\u00ednea-tierra)&comma; \u226420V (l\u00ednea-l\u00ednea)<\/li>\n<li style='margin-bottom: 5px;'><strong>Corriente nominal descarga (8\/20\u00b5s):<\/strong> 3kA<\/li>\n<li style='margin-bottom: 5px;'><strong>Corriente m\u00e1xima descarga (8\/20\u00b5s):<\/strong> 5kA<\/li>\n<li style='margin-bottom: 5px;'><strong>Pines protegidos:<\/strong> 1\/2&comma; 3\/6<\/li>\n<li style='margin-bottom: 5px;'><strong>Tiempo de respuesta:<\/strong> 1ns<\/li>\n<\/ul><\/div>\n<div style='flex: 1 1 300px; min-width: 280px;'>\n<h3 style='font-size: 22px; border-bottom: 2px solid currentColor; padding-bottom: 5px; margin-top: 0; color: inherit; opacity: 0.8;'>Caracter\u00edsticas mec\u00e1nicas<\/h3>\n<ul style='padding-left: 20px; font-size: 15px; color: inherit;'>\n<li style='margin-bottom: 5px;'><strong>Dimensiones:<\/strong> 190 x 85 x 48mm<\/li>\n<li style='margin-bottom: 5px;'><strong>Peso:<\/strong> 600g<\/li>\n<li style='margin-bottom: 5px;'><strong>Grado protecci\u00f3n:<\/strong> IP20<\/li>\n<li style='margin-bottom: 5px;'><strong>Temperatura operaci\u00f3n:<\/strong> -40\u00b0C a 85\u00b0C<\/li>\n<li style='margin-bottom: 5px;'><strong>Humedad relativa:<\/strong> \u226495%<\/li>\n<\/ul><\/div>\n<\/p><\/div>\n<div style='display: flex; flex-wrap: wrap; gap: 20px; margin-bottom: 30px;'>\n<div style='flex: 1 1 250px; border: 1px solid rgba(150&comma; 150&comma; 150&comma; 0.4); border-radius: 8px; overflow: hidden; display: flex; flex-direction: column;'>\n<div style='padding: 15px; border-bottom: 1px solid rgba(150&comma; 150&comma; 150&comma; 0.2); font-weight: bold; font-size: 18px; color: inherit;'>Velocidad<\/div>\n<div style='padding: 15px; color: inherit;'>\n<ul style='padding-left: 20px; margin: 0; font-size: 14px; list-style-type: disc;'>\n<li style='margin-bottom: 5px;'><strong>Transferencia de datos:<\/strong> Hasta 100Mbps<\/li>\n<li style='margin-bottom: 5px;'><strong>P\u00e9rdida de inserci\u00f3n:<\/strong> \u22640.5dB<\/li>\n<\/ul><\/div>\n<\/p><\/div>\n<div style='flex: 1 1 250px; border: 1px solid rgba(150&comma; 150&comma; 150&comma; 0.4); border-radius: 8px; overflow: hidden; display: flex; flex-direction: column;'>\n<div style='padding: 15px; border-bottom: 1px solid rgba(150&comma; 150&comma; 150&comma; 0.2); font-weight: bold; font-size: 18px; color: inherit;'>Certificaciones<\/div>\n<div style='padding: 15px; color: inherit;'>\n<ul style='padding-left: 20px; margin: 0; font-size: 14px; list-style-type: disc;'>\n<li style='margin-bottom: 5px;'>IEC61000<\/li>\n<li style='margin-bottom: 5px;'>RoHS<\/li>\n<\/ul><\/div>\n<\/p><\/div>\n<\/p><\/div>\n<div style='display: flex; flex-wrap: wrap; gap: 30px; margin-bottom: 30px;'>\n<div style='flex: 1 1 300px; min-width: 280px;'>\n<h3 style='font-size: 22px; border-bottom: 2px solid currentColor; padding-bottom: 5px; margin-top: 0; color: inherit; opacity: 0.8;'>Instrucciones de instalaci\u00f3n<\/h3>\n<ol style='padding-left: 20px; font-size: 15px; color: inherit;'>\n<li style='margin-bottom: 5px;'>Conectar en serie entre el dispositivo a proteger y el canal de transmisi\u00f3n<\/li>\n<li style='margin-bottom: 5px;'>Conectar terminal IN al canal de transmisi\u00f3n y terminal OUT al dispositivo protegido<\/li>\n<li style='margin-bottom: 5px;'>Conectar cable de tierra al bus de tierra del sistema de protecci\u00f3n del edificio<\/li>\n<\/ol><\/div>\n<div style='flex: 1 1 300px; min-width: 280px;'>\n<h3 style='font-size: 22px; border-bottom: 2px solid currentColor; padding-bottom: 5px; margin-top: 0; color: inherit; opacity: 0.8;'>Mantenimiento<\/h3>\n<ul style='padding-left: 20px; font-size: 15px; color: inherit;'>\n<li style='margin-bottom: 5px;'>No requiere mantenimiento especial<\/li>\n<li style='margin-bottom: 5px;'>Si hay problemas&comma; verificar el sistema con el protector fuera del circuito<\/li>\n<li style='margin-bottom: 5px;'>Si el sistema recupera funcionamiento&comma; reemplazar el protector inmediatamente<\/li>\n<\/ul><\/div>\n<\/p><\/div>\n<hr style='border: 0; border-top: 1px solid rgba(150&comma; 150&comma; 150&comma; 0.3); margin: 30px 0;'> <\/div>\n","protected":false},"excerpt":{"rendered":"<p>Protectores PoE de 8 puertos para 10\/100\/1000 Mbps (Cat5e).<\/p>\n","protected":false},"featured_media":64539,"comment_status":"open","ping_status":"closed","template":"","meta":[],"product_brand":[],"product_cat":[953],"product_tag":[898,954,560],"class_list":{"0":"post-64540","1":"product","2":"type-product","3":"status-publish","4":"has-post-thumbnail","6":"product_cat-redes","7":"product_tag-proteccion-contra-descargas","8":"product_tag-redes","9":"product_tag-txpro","11":"first","12":"outofstock","13":"sale","14":"shipping-taxable","15":"purchasable","16":"product-type-simple"},"_links":{"self":[{"href":"https:\/\/soydeaqui.ddns.net\/pachuca\/index.php\/wp-json\/wp\/v2\/product\/64540","targetHints":{"allow":["GET"]}}],"collection":[{"href":"https:\/\/soydeaqui.ddns.net\/pachuca\/index.php\/wp-json\/wp\/v2\/product"}],"about":[{"href":"https:\/\/soydeaqui.ddns.net\/pachuca\/index.php\/wp-json\/wp\/v2\/types\/product"}],"replies":[{"embeddable":true,"href":"https:\/\/soydeaqui.ddns.net\/pachuca\/index.php\/wp-json\/wp\/v2\/comments?post=64540"}],"wp:featuredmedia":[{"embeddable":true,"href":"https:\/\/soydeaqui.ddns.net\/pachuca\/index.php\/wp-json\/wp\/v2\/media\/64539"}],"wp:attachment":[{"href":"https:\/\/soydeaqui.ddns.net\/pachuca\/index.php\/wp-json\/wp\/v2\/media?parent=64540"}],"wp:term":[{"taxonomy":"product_brand","embeddable":true,"href":"https:\/\/soydeaqui.ddns.net\/pachuca\/index.php\/wp-json\/wp\/v2\/product_brand?post=64540"},{"taxonomy":"product_cat","embeddable":true,"href":"https:\/\/soydeaqui.ddns.net\/pachuca\/index.php\/wp-json\/wp\/v2\/product_cat?post=64540"},{"taxonomy":"product_tag","embeddable":true,"href":"https:\/\/soydeaqui.ddns.net\/pachuca\/index.php\/wp-json\/wp\/v2\/product_tag?post=64540"}],"curies":[{"name":"wp","href":"https:\/\/api.w.org\/{rel}","templated":true}]}}