{"id":64506,"date":"2026-03-19T07:50:40","date_gmt":"2026-03-19T07:50:40","guid":{"rendered":"https:\/\/soydeaqui.ddns.net\/pachuca\/index.php\/producto\/base-corta-para-seccion-7-para-torres-autosoportadas-rsl\/"},"modified":"2026-03-19T07:50:41","modified_gmt":"2026-03-19T07:50:41","slug":"base-corta-para-seccion-7-para-torres-autosoportadas-rsl","status":"publish","type":"product","link":"https:\/\/soydeaqui.ddns.net\/pachuca\/index.php\/producto\/base-corta-para-seccion-7-para-torres-autosoportadas-rsl\/","title":{"rendered":"Base corta para secci\u00f3n 7 para Torres Autosoportadas RSL."},"content":{"rendered":"<div style='width: 100%; max-width: 1200px; margin: 0 auto; font-family: sans-serif; line-height: 1.6; color: inherit; background-color: transparent;'>\n<div style='width: 100%; text-align: center; margin-bottom: 30px;'> <img style='width: auto; max-width: 100%; height: auto; border: 1px solid rgba(150&comma;150&comma;150&comma;0.3); border-radius: 8px;' src='http:\/\/ftp3.syscom.mx\/usuarios\/dcarreon\/TORRES\/ROHN\/ROHN_LLC_LOGO_JPG-423x166.jpg' alt='LOGO ROHN'> <\/div>\n<div style='display: flex; flex-wrap: wrap; gap: 30px; margin-bottom: 30px;'>\n<div style='flex: 1 1 300px; min-width: 280px;'>\n<h3 style='font-size: 22px; border-bottom: 2px solid currentColor; padding-bottom: 5px; margin-top: 0; color: inherit; opacity: 0.8;'>Caracter\u00edsticas Generales<\/h3>\n<ul style='padding-left: 20px; font-size: 15px; color: inherit;'>\n<li style='margin-bottom: 5px;'>L\u00edder Mundial en Dise\u00f1o y Fabricaci\u00f3n de Torres y M\u00e1stiles<\/li>\n<li style='margin-bottom: 5px;'>Dise\u00f1adas para uso en sistemas de telecomunicaciones&comma; redes inal\u00e1mbricas&comma; videovigilancia&comma; enlaces punto a punto&comma; radiodifusi\u00f3n&comma; seguridad p\u00fablica o privada<\/li>\n<li style='margin-bottom: 5px;'>Mejoran la comunicaci\u00f3n al alcanzar objetivos librando obst\u00e1culos como edificios&comma; desniveles de suelo y copas de \u00e1rboles<\/li>\n<li style='margin-bottom: 5px;'>Base corta con galvanizado en caliente<\/li>\n<li style='margin-bottom: 5px;'>Requiere un correcto trabajo de cimentaci\u00f3n para asegurar la estabilidad de la torre<\/li>\n<\/ul><\/div>\n<\/p><\/div>\n<div style='display: flex; flex-wrap: wrap; gap: 30px; margin-bottom: 30px;'>\n<div style='flex: 1 1 300px; min-width: 280px;'>\n<h3 style='font-size: 22px; border-bottom: 2px solid currentColor; padding-bottom: 5px; margin-top: 0; color: inherit; opacity: 0.8;'>Uso Recomendado<\/h3>\n<ul style='padding-left: 20px; font-size: 15px; color: inherit;'>\n<li style='margin-bottom: 5px;'>Sistemas de Telecomunicaciones<\/li>\n<li style='margin-bottom: 5px;'>Redes Inal\u00e1mbricas<\/li>\n<li style='margin-bottom: 5px;'>Videovigilancia<\/li>\n<li style='margin-bottom: 5px;'>Enlaces punto a punto<\/li>\n<li style='margin-bottom: 5px;'>Radiodifusi\u00f3n<\/li>\n<li style='margin-bottom: 5px;'>Seguridad p\u00fablica o privada<\/li>\n<\/ul><\/div>\n<\/p><\/div>\n<div style='width: 100%; margin: 30px 0;'> <img style='width: 100%; height: auto; border: 1px solid rgba(150&comma;150&comma;150&comma;0.3); border-radius: 8px;' src='http:\/\/ftp3.syscom.mx\/usuarios\/dcarreon\/TORRES\/ROHN\/RSL%20TOWERS\/IMAGENES%20PRODUCTOS\/SHORT%20BASE%20RSL.png' alt=''> <\/div>\n<\/p><\/div>\n","protected":false},"excerpt":{"rendered":"<p>Base corta para secci\u00f3n 7 para Torres Autosoportadas RSL.<\/p>\n","protected":false},"featured_media":64505,"comment_status":"open","ping_status":"closed","template":"","meta":[],"product_brand":[],"product_cat":[1645],"product_tag":[1646,1899,246],"class_list":{"0":"post-64506","1":"product","2":"type-product","3":"status-publish","4":"has-post-thumbnail","6":"product_cat-accesorios-para-torres-autosoportadas","7":"product_tag-accesorios-para-torres-autosoportadas","8":"product_tag-rohn","9":"product_tag-torres-y-mastiles","11":"first","12":"outofstock","13":"sale","14":"shipping-taxable","15":"purchasable","16":"product-type-simple"},"_links":{"self":[{"href":"https:\/\/soydeaqui.ddns.net\/pachuca\/index.php\/wp-json\/wp\/v2\/product\/64506","targetHints":{"allow":["GET"]}}],"collection":[{"href":"https:\/\/soydeaqui.ddns.net\/pachuca\/index.php\/wp-json\/wp\/v2\/product"}],"about":[{"href":"https:\/\/soydeaqui.ddns.net\/pachuca\/index.php\/wp-json\/wp\/v2\/types\/product"}],"replies":[{"embeddable":true,"href":"https:\/\/soydeaqui.ddns.net\/pachuca\/index.php\/wp-json\/wp\/v2\/comments?post=64506"}],"wp:featuredmedia":[{"embeddable":true,"href":"https:\/\/soydeaqui.ddns.net\/pachuca\/index.php\/wp-json\/wp\/v2\/media\/64505"}],"wp:attachment":[{"href":"https:\/\/soydeaqui.ddns.net\/pachuca\/index.php\/wp-json\/wp\/v2\/media?parent=64506"}],"wp:term":[{"taxonomy":"product_brand","embeddable":true,"href":"https:\/\/soydeaqui.ddns.net\/pachuca\/index.php\/wp-json\/wp\/v2\/product_brand?post=64506"},{"taxonomy":"product_cat","embeddable":true,"href":"https:\/\/soydeaqui.ddns.net\/pachuca\/index.php\/wp-json\/wp\/v2\/product_cat?post=64506"},{"taxonomy":"product_tag","embeddable":true,"href":"https:\/\/soydeaqui.ddns.net\/pachuca\/index.php\/wp-json\/wp\/v2\/product_tag?post=64506"}],"curies":[{"name":"wp","href":"https:\/\/api.w.org\/{rel}","templated":true}]}}