{"id":64502,"date":"2026-03-19T07:50:34","date_gmt":"2026-03-19T07:50:34","guid":{"rendered":"https:\/\/soydeaqui.ddns.net\/pachuca\/index.php\/producto\/base-corta-para-seccion-9-para-torres-autosoportadas-rsl\/"},"modified":"2026-03-19T07:50:35","modified_gmt":"2026-03-19T07:50:35","slug":"base-corta-para-seccion-9-para-torres-autosoportadas-rsl","status":"publish","type":"product","link":"https:\/\/soydeaqui.ddns.net\/pachuca\/index.php\/producto\/base-corta-para-seccion-9-para-torres-autosoportadas-rsl\/","title":{"rendered":"Base corta para secci\u00f3n 9 para Torres Autosoportadas RSL."},"content":{"rendered":"<div style='width: 100%; max-width: 1200px; margin: 0 auto; font-family: Arial&comma; 'Helvetica Neue'&comma; Helvetica&comma; sans-serif; line-height: 1.6; color: inherit; background-color: transparent;'> <!-- Logo ROHN --> <\/p>\n<div style='display: flex; justify-content: center; margin-bottom: 30px;'> <img style='width: 250px; height: 100px; border: 1px solid rgba(150&comma;150&comma;150&comma;0.3); border-radius: 8px;' src='http:\/\/ftp3.syscom.mx\/usuarios\/dcarreon\/TORRES\/ROHN\/ROHN_LLC_LOGO_JPG-423x166.jpg' alt='LOGO ROHN'> <\/div>\n<p> <!-- Contenido principal --> <\/p>\n<div style='display: flex; flex-direction: column; gap: 20px;'>\n<div style='font-size: 17px; color: #b40404; opacity: 0.9;'> L\u00edder Mundial en Dise\u00f1o y Fabricaci\u00f3n de Torres y M\u00e1stiles <\/div>\n<div style='font-size: 13px; color: inherit;'> La L\u00ednea de Torres Ligeras RSL Autosoportadas est\u00e1n dise\u00f1adas para uso en: <\/div>\n<p> <!-- Aplicaciones --> <\/p>\n<ul style='font-size: 13px; color: inherit; padding-left: 20px;'>\n<li style='margin-bottom: 5px;'>Sistemas de Telecomunicaciones<\/li>\n<li style='margin-bottom: 5px;'>Redes Inal\u00e1mbricas<\/li>\n<li style='margin-bottom: 5px;'>Videovigilancia<\/li>\n<li style='margin-bottom: 5px;'>Enlaces punto a punto<\/li>\n<li style='margin-bottom: 5px;'>Radiodifusi\u00f3n<\/li>\n<li style='margin-bottom: 5px;'>Seguridad p\u00fablica o privada&comma; etc.<\/li>\n<\/ul>\n<div style='font-size: 13px; color: inherit;'> Mejoran la comunicaci\u00f3n al alcanzar objetivos librando obst\u00e1culos como edificios&comma; desniveles de suelo y copas de \u00e1rboles&comma; entre otras. <\/div>\n<div style='font-size: 13px; color: inherit;'> La base corta cuenta con un galvanizado en caliente. <\/div>\n<div style='font-size: 13px; color: inherit;'> Se debe realizar un correcto trabajo de cimentaci\u00f3n para asegurar la estabilidad de la torre. <\/div>\n<p> <!-- Uso recomendado --> <\/p>\n<div style='font-size: 16px; color: inherit; margin-top: 20px; margin-bottom: 15px;'> Uso recomendado <\/div>\n<p> <!-- Imagen de uso recomendado --> <\/p>\n<div style='width: 100%; max-width: 820px; margin: 0 auto;'> <img style='width: 100%; height: auto; border: 1px solid rgba(150&comma;150&comma;150&comma;0.3); border-radius: 8px;' src='http:\/\/ftp3.syscom.mx\/usuarios\/dcarreon\/TORRES\/ROHN\/RSL%20TOWERS\/IMAGENES%20PRODUCTOS\/SHORT%20BASE%20RSL.png' alt=''> <\/div>\n<\/p><\/div>\n<\/p><\/div>\n","protected":false},"excerpt":{"rendered":"<p>Base corta para secci\u00f3n 9 para Torres Autosoportadas RSL.<\/p>\n","protected":false},"featured_media":64501,"comment_status":"open","ping_status":"closed","template":"","meta":[],"product_brand":[],"product_cat":[1713],"product_tag":[1899,1714,246],"class_list":{"0":"post-64502","1":"product","2":"type-product","3":"status-publish","4":"has-post-thumbnail","6":"product_cat-torres-autosoportadas","7":"product_tag-rohn","8":"product_tag-torres-autosoportadas","9":"product_tag-torres-y-mastiles","11":"first","12":"outofstock","13":"sale","14":"shipping-taxable","15":"purchasable","16":"product-type-simple"},"_links":{"self":[{"href":"https:\/\/soydeaqui.ddns.net\/pachuca\/index.php\/wp-json\/wp\/v2\/product\/64502","targetHints":{"allow":["GET"]}}],"collection":[{"href":"https:\/\/soydeaqui.ddns.net\/pachuca\/index.php\/wp-json\/wp\/v2\/product"}],"about":[{"href":"https:\/\/soydeaqui.ddns.net\/pachuca\/index.php\/wp-json\/wp\/v2\/types\/product"}],"replies":[{"embeddable":true,"href":"https:\/\/soydeaqui.ddns.net\/pachuca\/index.php\/wp-json\/wp\/v2\/comments?post=64502"}],"wp:featuredmedia":[{"embeddable":true,"href":"https:\/\/soydeaqui.ddns.net\/pachuca\/index.php\/wp-json\/wp\/v2\/media\/64501"}],"wp:attachment":[{"href":"https:\/\/soydeaqui.ddns.net\/pachuca\/index.php\/wp-json\/wp\/v2\/media?parent=64502"}],"wp:term":[{"taxonomy":"product_brand","embeddable":true,"href":"https:\/\/soydeaqui.ddns.net\/pachuca\/index.php\/wp-json\/wp\/v2\/product_brand?post=64502"},{"taxonomy":"product_cat","embeddable":true,"href":"https:\/\/soydeaqui.ddns.net\/pachuca\/index.php\/wp-json\/wp\/v2\/product_cat?post=64502"},{"taxonomy":"product_tag","embeddable":true,"href":"https:\/\/soydeaqui.ddns.net\/pachuca\/index.php\/wp-json\/wp\/v2\/product_tag?post=64502"}],"curies":[{"name":"wp","href":"https:\/\/api.w.org\/{rel}","templated":true}]}}