{"id":64495,"date":"2026-03-19T07:50:17","date_gmt":"2026-03-19T07:50:17","guid":{"rendered":"https:\/\/soydeaqui.ddns.net\/pachuca\/index.php\/producto\/torre-autosoportada-de-21-33-metros-linea-rsl-secciones-1-a-7\/"},"modified":"2026-03-19T07:50:18","modified_gmt":"2026-03-19T07:50:18","slug":"torre-autosoportada-de-21-33-metros-linea-rsl-secciones-1-a-7","status":"publish","type":"product","link":"https:\/\/soydeaqui.ddns.net\/pachuca\/index.php\/producto\/torre-autosoportada-de-21-33-metros-linea-rsl-secciones-1-a-7\/","title":{"rendered":"Torre Autosoportada de 21.33 metros Linea RSL (Secciones 1 a 7)."},"content":{"rendered":"<div style='width: 100%; max-width: 1200px; margin: 0 auto; font-family: sans-serif; line-height: 1.6; color: inherit; background-color: transparent;'> <!-- Logo container --> <\/p>\n<div style='display: flex; justify-content: center; margin: 20px 0;'> <img style='width: 250px; height: auto; border: 1px solid rgba(150&comma;150&comma;150&comma;0.3); border-radius: 8px;' src='http:\/\/ftp3.syscom.mx\/usuarios\/dcarreon\/TORRES\/ROHN\/ROHN_LLC_LOGO_JPG-423x166.jpg' alt='LOGO ROHN'> <\/div>\n<p> <!-- Main content --> <\/p>\n<div style='margin-top: 30px;'>\n<div style='text-align: center; margin-bottom: 30px;'> <span style='color: #b40404; font-size: 17px; display: inline-block; padding: 10px 20px; background-color: rgba(180&comma;4&comma;4&comma;0.1); border-radius: 6px; margin: 0 auto; max-width: 500px;'>L\u00edder Mundial en Dise\u00f1o y Fabricaci\u00f3n de Torres y M\u00e1stiles<\/span> <\/div>\n<p>La Nueva L\u00ednea de Torres Ligeras RSL Autosoportadas est\u00e1n dise\u00f1adas para uso en:<\/p>\n<p> <!-- Application list --> <\/p>\n<ul style='margin: 15px 0; padding-left: 20px; font-size: 14px; color: inherit;'>\n<li style='margin-bottom: 8px;'>Sistemas de Telecomunicaciones<\/li>\n<li style='margin-bottom: 8px;'>Redes Inal\u00e1mbricas<\/li>\n<li style='margin-bottom: 8px;'>Videovigilancia<\/li>\n<li style='margin-bottom: 8px;'>Enlaces punto a punto<\/li>\n<li style='margin-bottom: 8px;'>Radiodifusi\u00f3n<\/li>\n<li style='margin-bottom: 8px;'>Seguridad p\u00fablica o privada&comma; etc.<\/li>\n<\/ul>\n<p>Tambi\u00e9n para mejorar la comunicaci\u00f3n al alcanzar objetivos librando obst\u00e1culos como edificios&comma; desniveles de suelo y copas de \u00e1rboles&comma; entre otras.<\/p>\n<p> <!-- Features section --> <\/p>\n<div style='margin: 30px 0;'>\n<h3 style='font-size: 18px; border-bottom: 2px solid currentColor; padding-bottom: 5px; margin-top: 0; color: inherit; opacity: 0.8;'>Caracter\u00edsticas:<\/h3>\n<ul style='margin: 15px 0; padding-left: 20px; font-size: 14px; color: inherit;'>\n<li style='margin-bottom: 8px;'>Galvanizado por inmersi\u00f3n en caliente (Hot Dip)<\/li>\n<li style='margin-bottom: 8px;'>Altura: 70 Pies (21.33 metros)<\/li>\n<li style='margin-bottom: 8px;'>Secciones: 1&comma; 2&comma; 3&comma; 4&comma; 5&comma; 6 y 7<\/li>\n<li style='margin-bottom: 8px;'>Dise\u00f1o \u00fanico en Piernas Tipo &#8216;U&#8217; para f\u00e1cil instalaci\u00f3n<\/li>\n<li style='margin-bottom: 8px;'>Disponible en modelos Est\u00e1ndar y Uso Rudo<\/li>\n<li style='margin-bottom: 8px;'>Orificios troquelados para la fijaci\u00f3n de sistemas de seguridad de ascenso&comma; kits de montaje&comma; etc.<\/li>\n<li style='margin-bottom: 8px;'>Los brazos de apoyo de cada secci\u00f3n son del mismo tama\u00f1o&comma; mientras que los pernos son est\u00e1ndar<\/li>\n<li style='margin-bottom: 8px;'>Diagramas de montaje se incluyen con la torre<\/li>\n<li style='margin-bottom: 8px;'>\u00c1ngulo de cierre superior est\u00e1ndar con cada paquete de torre<\/li>\n<\/ul><\/div>\n<p> <!-- Installation accessories section --> <\/p>\n<div style='margin: 30px 0;'>\n<h3 style='font-size: 18px; border-bottom: 2px solid currentColor; padding-bottom: 5px; margin-top: 0; color: inherit; opacity: 0.8;'>Accesorios B\u00e1sico de Instalaci\u00f3n (Necesario para instalaci\u00f3n):<\/h3>\n<ul style='margin: 15px 0; padding-left: 20px; font-size: 14px; color: inherit;'>\n<li style='margin-bottom: 8px;'>Base de torre (<a style='color: inherit; text-decoration: underline;' href='http:\/\/www.syscom.mx\/producto\/RSB10-ROHN-66093.html'>RSB<\/a><a style='color: inherit; text-decoration: underline;' href='http:\/\/www.syscom.mx\/producto\/RSB09-ROHN-66902.html'>07<\/a>). Base para cimentaci\u00f3n de torre RSL (cotizar 1 pieza)<\/li>\n<li style='margin-bottom: 8px;'>Placa superior (<a style='color: inherit; text-decoration: underline;' href='http:\/\/www.syscom.mx\/producto\/RTP12-ROHN-66091.html'>RTP12<\/a>). Placa para cierre de torre tipo RSL (cotizar 1 pieza)<\/li>\n<li style='margin-bottom: 8px;'>Pelda\u00f1os de ascenso (<a style='color: inherit; text-decoration: underline;' href='http:\/\/www.syscom.mx\/producto\/RSLSTEP-ROHN-66094.html'>RSLSTEP<\/a>). Kit de pelda\u00f1os de ascenso para una secci\u00f3n de torre (cotizar 7 piezas)<\/li>\n<\/ul><\/div>\n<p> <!-- Optional accessories section --> <\/p>\n<div style='margin: 30px 0;'>\n<h3 style='font-size: 18px; border-bottom: 2px solid currentColor; padding-bottom: 5px; margin-top: 0; color: inherit; opacity: 0.8;'>Accesorios Opcionales:<\/h3>\n<ul style='margin: 15px 0; padding-left: 20px; font-size: 14px; color: inherit;'>\n<li style='margin-bottom: 8px;'>M\u00e1stil (<a style='color: inherit; text-decoration: underline;' href='http:\/\/www.syscom.mx\/producto\/RSLTMA-ROHN-67010.html'>RSLTMA<\/a>). M\u00e1stil superior para instalar sobre placa (1 pieza por torre)<\/li>\n<li style='margin-bottom: 8px;'>L\u00ednea de Vida (<a style='color: inherit; text-decoration: underline;' href='http:\/\/www.syscom.mx\/producto\/TTRSL100-ROHN-66095.html'>TTRSL100<\/a>). Sistema de seguridad para el instalador (1 pieza por torre)<\/li>\n<li style='margin-bottom: 8px;'>Sistema de aterrizaje original ROHN (<a style='color: inherit; text-decoration: underline;' href='http:\/\/www.syscom.mx\/producto\/RGKG-ROHN-66906.html'>RGKG<\/a>). Sistema de Tierra f\u00edsica para torre RSL (1 pieza por torre)<\/li>\n<li style='margin-bottom: 8px;'>Sistema de pararrayo original ROHN (<a style='color: inherit; text-decoration: underline;' href='http:\/\/www.syscom.mx\/producto\/LRCL-ROHN-37386.html'>LRCL<\/a>). Punta pararrayo para torre RSL (1 pieza por torre)<\/li>\n<li style='margin-bottom: 8px;'>Kit de arn\u00e9s de Seguridad (<a style='color: inherit; text-decoration: underline;' href='http:\/\/www.syscom.mx\/producto\/SKIT072-3M-72036.html'>SKIT072<\/a>). Arn\u00e9s profesional para instalador para escala en alturas<\/li>\n<li style='margin-bottom: 8px;'>Carro de seguridad anticaida (<a style='color: inherit; text-decoration: underline;' href='http:\/\/www.syscom.mx\/principal\/verproductoazul\/ttwg500w-smc-rohn-21056.html'>TTWG500W\/SMC<\/a>). Se bloquea al sentir una carga descendente&comma; por lo que puede salvar la vida del instalador<\/li>\n<\/ul><\/div>\n<p> <!-- Notes --> <\/p>\n<div style='margin: 30px 0;'>\n<p style='font-style: italic; margin-bottom: 15px;'>Las bases de cimentaci\u00f3n y todos los accesorios deben pedirse por separado&comma; incluyendo kits de pernos para escalar&comma; sistemas de seguridad para ascender&comma; arn\u00e9s de escalada con corredera&comma; kits de puesta a tierra&comma; pararrayos&comma; placa superior&comma; m\u00e1stil superior&comma; kits de montaje&comma; soportes gu\u00eda de onda&comma; ensambles antiascenso&comma; etc.<\/p>\n<p>Las 3 patas de la torre de cada secci\u00f3n tienen la disposici\u00f3n para instalarles sistemas de seguridad y pernos de escalada de ascenso&comma; debiendo ordenarse en juegos de 10 por cada secci\u00f3n de torre.<\/p>\n<\/p><\/div>\n<p> <!-- Embedded content --> <\/p>\n<div style='margin: 30px 0;'>\n<div style='position: relative; padding-bottom: 63.75%; height: 0; overflow: hidden; margin-bottom: 30px;'>\n<div class='issuuembed' style='position: absolute; top: 0; left: 0; width: 100%; height: 100%;' data-configid='0\/2456038'><\/div>\n<\/p><\/div>\n<\/p><\/div>\n<\/p><\/div>\n<p> <!-- Separator --> <\/p>\n<hr style='border: 0; border-top: 1px solid rgba(150&comma; 150&comma; 150&comma; 0.3); margin: 30px 0;'> <\/div>\n","protected":false},"excerpt":{"rendered":"<p>Torre Autosoportada de 21.33 metros Linea RSL (Secciones 1 a 7).<\/p>\n","protected":false},"featured_media":63540,"comment_status":"open","ping_status":"closed","template":"","meta":[],"product_brand":[],"product_cat":[1713],"product_tag":[1899,1714,246],"class_list":{"0":"post-64495","1":"product","2":"type-product","3":"status-publish","4":"has-post-thumbnail","6":"product_cat-torres-autosoportadas","7":"product_tag-rohn","8":"product_tag-torres-autosoportadas","9":"product_tag-torres-y-mastiles","11":"first","12":"outofstock","13":"sale","14":"shipping-taxable","15":"purchasable","16":"product-type-simple"},"_links":{"self":[{"href":"https:\/\/soydeaqui.ddns.net\/pachuca\/index.php\/wp-json\/wp\/v2\/product\/64495","targetHints":{"allow":["GET"]}}],"collection":[{"href":"https:\/\/soydeaqui.ddns.net\/pachuca\/index.php\/wp-json\/wp\/v2\/product"}],"about":[{"href":"https:\/\/soydeaqui.ddns.net\/pachuca\/index.php\/wp-json\/wp\/v2\/types\/product"}],"replies":[{"embeddable":true,"href":"https:\/\/soydeaqui.ddns.net\/pachuca\/index.php\/wp-json\/wp\/v2\/comments?post=64495"}],"wp:featuredmedia":[{"embeddable":true,"href":"https:\/\/soydeaqui.ddns.net\/pachuca\/index.php\/wp-json\/wp\/v2\/media\/63540"}],"wp:attachment":[{"href":"https:\/\/soydeaqui.ddns.net\/pachuca\/index.php\/wp-json\/wp\/v2\/media?parent=64495"}],"wp:term":[{"taxonomy":"product_brand","embeddable":true,"href":"https:\/\/soydeaqui.ddns.net\/pachuca\/index.php\/wp-json\/wp\/v2\/product_brand?post=64495"},{"taxonomy":"product_cat","embeddable":true,"href":"https:\/\/soydeaqui.ddns.net\/pachuca\/index.php\/wp-json\/wp\/v2\/product_cat?post=64495"},{"taxonomy":"product_tag","embeddable":true,"href":"https:\/\/soydeaqui.ddns.net\/pachuca\/index.php\/wp-json\/wp\/v2\/product_tag?post=64495"}],"curies":[{"name":"wp","href":"https:\/\/api.w.org\/{rel}","templated":true}]}}