{"id":64467,"date":"2026-03-19T07:49:19","date_gmt":"2026-03-19T07:49:19","guid":{"rendered":"https:\/\/soydeaqui.ddns.net\/pachuca\/index.php\/producto\/funda-reforzada-de-piel-con-frente-transparente-para-radios-tk-2312-tk3312k\/"},"modified":"2026-03-19T07:49:21","modified_gmt":"2026-03-19T07:49:21","slug":"funda-reforzada-de-piel-con-frente-transparente-para-radios-tk-2312-tk3312k","status":"publish","type":"product","link":"https:\/\/soydeaqui.ddns.net\/pachuca\/index.php\/producto\/funda-reforzada-de-piel-con-frente-transparente-para-radios-tk-2312-tk3312k\/","title":{"rendered":"Funda Reforzada de Piel con Frente Transparente para Radios TK-2312\/ TK3312K."},"content":{"rendered":"<div style='width: 100%; max-width: 1200px; margin: 0 auto; font-family: sans-serif; line-height: 1.6; color: inherit; background-color: transparent;'>\n<div style='display: flex; flex-wrap: wrap; gap: 30px; margin-bottom: 30px;'>\n<div style='flex: 1 1 300px; min-width: 280px;'>\n<h3 style='font-size: 22px; border-bottom: 2px solid currentColor; padding-bottom: 5px; margin-top: 0; color: inherit; opacity: 0.8;'>Caracter\u00edsticas Principales<\/h3>\n<ul style='padding-left: 20px; font-size: 15px; color: inherit;'>\n<li style='margin-bottom: 5px;'>Material externo: Piel vacuno original<\/li>\n<li style='margin-bottom: 5px;'>Material interno: Forro sint\u00e9tico<\/li>\n<li style='margin-bottom: 5px;'>Secciones transparentes: Mica de uso industrial<\/li>\n<li style='margin-bottom: 5px;'>Hilo: Nylon de alta resistencia<\/li>\n<li style='margin-bottom: 5px;'>Cerradura: Zipper met\u00e1lico<\/li>\n<li style='margin-bottom: 5px;'>Dimensiones: 54 x 122 x 33.7 mm<\/li>\n<li style='margin-bottom: 5px;'>Compatible con: Radios KENWOOD TK-2312 \/ TK-3312K<\/li>\n<\/ul><\/div>\n<div style='flex: 1 1 300px; min-width: 280px;'>\n<h3 style='font-size: 22px; border-bottom: 2px solid currentColor; padding-bottom: 5px; margin-top: 0; color: inherit; opacity: 0.8;'>Aplicaciones<\/h3>\n<ul style='padding-left: 20px; font-size: 15px; color: inherit;'>\n<li style='margin-bottom: 5px;'>Dise\u00f1ada para usuarios de seguridad p\u00fablica y privada<\/li>\n<li style='margin-bottom: 5px;'>Ideal para ambientes hostiles&comma; extremosos y de alta actividad<\/li>\n<li style='margin-bottom: 5px;'>Perforaciones para bocina sin comprometer calidad de audio<\/li>\n<li style='margin-bottom: 5px;'>Zona abierta para bot\u00f3n PTT&comma; conector de accesorios y micr\u00f3fono<\/li>\n<li style='margin-bottom: 5px;'>Soporte para bater\u00edas del radio<\/li>\n<li style='margin-bottom: 5px;'>Acceso a controles y clip<\/li>\n<\/ul><\/div>\n<\/p><\/div>\n<div style='display: flex; flex-wrap: wrap; gap: 20px; margin-bottom: 30px;'>\n<div style='flex: 1 1 250px; border: 1px solid rgba(150&comma; 150&comma; 150&comma; 0.4); border-radius: 8px; overflow: hidden; display: flex; flex-direction: column;'>\n<div style='padding: 15px; border-bottom: 1px solid rgba(150&comma; 150&comma; 150&comma; 0.2); font-weight: bold; font-size: 18px; color: inherit;'>Especificaciones T\u00e9cnicas<\/div>\n<div style='padding: 15px; color: inherit;'>\n<ul style='padding-left: 20px; margin: 0; font-size: 14px; list-style-type: disc;'>\n<li style='margin-bottom: 5px;'><strong>Material:<\/strong> Piel vacuno original con forro sint\u00e9tico interno<\/li>\n<li style='margin-bottom: 5px;'><strong>Transparencia:<\/strong> Mica de uso industrial<\/li>\n<li style='margin-bottom: 5px;'><strong>Dimensiones:<\/strong> 54 x 122 x 33.7 mm<\/li>\n<\/ul><\/div>\n<\/p><\/div>\n<div style='flex: 1 1 250px; border: 1px solid rgba(150&comma; 150&comma; 150&comma; 0.4); border-radius: 8px; overflow: hidden; display: flex; flex-direction: column;'>\n<div style='padding: 15px; border-bottom: 1px solid rgba(150&comma; 150&comma; 150&comma; 0.2); font-weight: bold; font-size: 18px; color: inherit;'>Compatibilidad<\/div>\n<div style='padding: 15px; color: inherit;'>\n<ul style='padding-left: 20px; margin: 0; font-size: 14px; list-style-type: disc;'>\n<li style='margin-bottom: 5px;'><strong>Radios compatibles:<\/strong> KENWOOD TK-2312 \/ TK-3312K<\/li>\n<\/ul><\/div>\n<\/p><\/div>\n<div style='flex: 1 1 250px; border: 1px solid rgba(150&comma; 150&comma; 150&comma; 0.4); border-radius: 8px; overflow: hidden; display: flex; flex-direction: column;'>\n<div style='padding: 15px; border-bottom: 1px solid rgba(150&comma; 150&comma; 150&comma; 0.2); font-weight: bold; font-size: 18px; color: inherit;'>Dise\u00f1o<\/div>\n<div style='padding: 15px; color: inherit;'>\n<ul style='padding-left: 20px; margin: 0; font-size: 14px; list-style-type: disc;'>\n<li style='margin-bottom: 5px;'>Cerradura con zipper met\u00e1lico<\/li>\n<li style='margin-bottom: 5px;'>Zona abierta para bot\u00f3n PTT<\/li>\n<li style='margin-bottom: 5px;'>Acceso a conector de accesorios y micr\u00f3fono<\/li>\n<li style='margin-bottom: 5px;'>Perforaciones para bocina<\/li>\n<li style='margin-bottom: 5px;'>Soporte para bater\u00edas del radio<\/li>\n<\/ul><\/div>\n<\/p><\/div>\n<\/p><\/div>\n<hr style='border: 0; border-top: 1px solid rgba(150&comma; 150&comma; 150&comma; 0.3); margin: 30px 0;'>\n<div style='display: flex; flex-wrap: wrap; gap: 30px; margin-bottom: 30px;'>\n<div style='flex: 1 1 300px; min-width: 280px;'>\n<h3 style='font-size: 22px; border-bottom: 2px solid currentColor; padding-bottom: 5px; margin-top: 0; color: inherit; opacity: 0.8;'>Descripci\u00f3n Detallada<\/h3>\n<p style='font-size: 15px; color: inherit; margin-top: 0;'>Aumente la funcionalidad y confiabilidad de sus radios de dos v\u00edas con las fundas SYSCOM de piel reforzada&comma; producto genuino dise\u00f1ado especialmente para satisfacer la demanda de usuarios de seguridad p\u00fablica y privada&comma; as\u00ed como de todo tipo donde se trabaje en ambientes hostiles&comma; extremosos y de alta actividad.<\/p>\n<p style='font-size: 15px; color: inherit;'>Ofrecen excelente nivel de conveniencia y practicidad&comma; aptas para una amplia variedad de radios con cubierta de pantalla en mica de uso industrial&comma; acceso a los controles y clip&comma; zona abierta para el bot\u00f3n PTT&comma; conector de accesorios y micr\u00f3fono&comma; perforaciones para la bocina&comma; fabricadas en piel original de res con forro sint\u00e9tico interno&comma; incluyendo soportar sus respectivas bater\u00edas sin comprometer en lo m\u00e1s m\u00ednimo la calidad de audio.<\/p>\n<\/p><\/div>\n<\/p><\/div>\n<hr style='border: 0; border-top: 1px solid rgba(150&comma; 150&comma; 150&comma; 0.3); margin: 30px 0;'>\n<div style='display: flex; flex-wrap: wrap; gap: 30px; margin-bottom: 30px;'>\n<div style='flex: 1 1 300px; min-width: 280px;'>\n<h3 style='font-size: 22px; border-bottom: 2px solid currentColor; padding-bottom: 5px; margin-top: 0; color: inherit; opacity: 0.8;'>Funda Reforzada<\/h3>\n<p style='font-size: 15px; color: inherit; margin-top: 0;'>Las fundas de piel reforzada SYSCOM est\u00e1n fabricadas con materiales de alta resistencia para ofrecer protecci\u00f3n y durabilidad en condiciones exigentes&comma; combinando piel vacuna original con forro sint\u00e9tico interno para mayor resistencia y comodidad al uso prolongado.<\/p>\n<\/p><\/div>\n<\/p><\/div>\n<\/p><\/div>\n","protected":false},"excerpt":{"rendered":"<p>Funda Reforzada de Piel con Frente Transparente para Radios TK-2312\/ TK3312K.<\/p>\n","protected":false},"featured_media":64466,"comment_status":"open","ping_status":"closed","template":"","meta":[],"product_brand":[],"product_cat":[1753],"product_tag":[1579,1724,63],"class_list":{"0":"post-64467","1":"product","2":"type-product","3":"status-publish","4":"has-post-thumbnail","6":"product_cat-fundas-accesorios-para-kenwood","7":"product_tag-accesorios-para-kenwood","8":"product_tag-fundas","9":"product_tag-syscom","11":"first","12":"outofstock","13":"sale","14":"shipping-taxable","15":"purchasable","16":"product-type-simple"},"_links":{"self":[{"href":"https:\/\/soydeaqui.ddns.net\/pachuca\/index.php\/wp-json\/wp\/v2\/product\/64467","targetHints":{"allow":["GET"]}}],"collection":[{"href":"https:\/\/soydeaqui.ddns.net\/pachuca\/index.php\/wp-json\/wp\/v2\/product"}],"about":[{"href":"https:\/\/soydeaqui.ddns.net\/pachuca\/index.php\/wp-json\/wp\/v2\/types\/product"}],"replies":[{"embeddable":true,"href":"https:\/\/soydeaqui.ddns.net\/pachuca\/index.php\/wp-json\/wp\/v2\/comments?post=64467"}],"wp:featuredmedia":[{"embeddable":true,"href":"https:\/\/soydeaqui.ddns.net\/pachuca\/index.php\/wp-json\/wp\/v2\/media\/64466"}],"wp:attachment":[{"href":"https:\/\/soydeaqui.ddns.net\/pachuca\/index.php\/wp-json\/wp\/v2\/media?parent=64467"}],"wp:term":[{"taxonomy":"product_brand","embeddable":true,"href":"https:\/\/soydeaqui.ddns.net\/pachuca\/index.php\/wp-json\/wp\/v2\/product_brand?post=64467"},{"taxonomy":"product_cat","embeddable":true,"href":"https:\/\/soydeaqui.ddns.net\/pachuca\/index.php\/wp-json\/wp\/v2\/product_cat?post=64467"},{"taxonomy":"product_tag","embeddable":true,"href":"https:\/\/soydeaqui.ddns.net\/pachuca\/index.php\/wp-json\/wp\/v2\/product_tag?post=64467"}],"curies":[{"name":"wp","href":"https:\/\/api.w.org\/{rel}","templated":true}]}}