{"id":64444,"date":"2026-03-19T07:48:31","date_gmt":"2026-03-19T07:48:31","guid":{"rendered":"https:\/\/soydeaqui.ddns.net\/pachuca\/index.php\/producto\/kit-de-aterrizaje-estandar-para-cable-coaxial-de-1-4-3-8-cnt-400-9913-longitud-del-conductor-60\/"},"modified":"2026-03-19T07:48:32","modified_gmt":"2026-03-19T07:48:32","slug":"kit-de-aterrizaje-estandar-para-cable-coaxial-de-1-4-3-8-cnt-400-9913-longitud-del-conductor-60","status":"publish","type":"product","link":"https:\/\/soydeaqui.ddns.net\/pachuca\/index.php\/producto\/kit-de-aterrizaje-estandar-para-cable-coaxial-de-1-4-3-8-cnt-400-9913-longitud-del-conductor-60\/","title":{"rendered":"Kit de aterrizaje Est\u00e1ndar para cable coaxial de 1\/4&#8243;, 3\/8&#8243;, CNT-400, 9913. Longitud del conductor 60&#8243;."},"content":{"rendered":"<div style='width: 100%; max-width: 1200px; margin: 0 auto; font-family: sans-serif; line-height: 1.6; color: inherit; background-color: transparent;'> <!-- Secci\u00f3n de descripci\u00f3n general --> <\/p>\n<div style='margin-bottom: 30px;'>\n<p style='font-size: 15px; margin: 0; color: inherit;'> Kit de puesta a tierra est\u00e1ndar para 1\/4 y 3\/8 en el cable coaxial corrugado&comma; CNT-300 y la CNT-400 cable trenzado&comma; y gu\u00eda de onda el\u00edptica 240 y 380 <\/p>\n<\/p><\/div>\n<p> <!-- Secci\u00f3n de especificaciones --> <\/p>\n<div style='display: flex; flex-wrap: wrap; gap: 30px; margin-bottom: 30px;'>\n<div style='flex: 1 1 300px; min-width: 280px;'>\n<h3 style='font-size: 22px; border-bottom: 2px solid currentColor; padding-bottom: 5px; margin-top: 0; color: inherit; opacity: 0.8;'>Dimensiones<\/h3>\n<ul style='padding-left: 20px; font-size: 14px; color: inherit;'>\n<li style='margin-bottom: 5px;'><strong>Tama\u00f1o nominal:<\/strong> 1\/4 | 3\/8<\/li>\n<li style='margin-bottom: 5px;'><strong>Waveguide:<\/strong> WR28 | WG22 | R320 | WR42 | WG20 | R220<\/li>\n<li style='margin-bottom: 5px;'><strong>Vinculaci\u00f3n del conductor Longitud:<\/strong> 1524.0 mm | 60&#8242;<\/li>\n<li style='margin-bottom: 5px;'><strong>Cable Jacketing Remoci\u00f3n de Longitud&comma; m\u00e1ximo:<\/strong> 59&comma;1 mm | 2.3&#8242;<\/li>\n<li style='margin-bottom: 5px;'><strong>Cable Aislamiento de Remoci\u00f3n de cuerpo entero&comma; m\u00ednimo:<\/strong> 55&comma;9 mm | 2.2&#8242;<\/li>\n<li style='margin-bottom: 5px;'><strong>Di\u00e1metro compatible&comma; m\u00e1ximo:<\/strong> 9.652 mm | 0.380&#8242;<\/li>\n<li style='margin-bottom: 5px;'><strong>Di\u00e1metro compatible&comma; m\u00ednimo:<\/strong> 6.223 mm | 0.24&#8242;<\/li>\n<\/ul><\/div>\n<div style='flex: 1 1 300px; min-width: 280px;'>\n<h3 style='font-size: 22px; border-bottom: 2px solid currentColor; padding-bottom: 5px; margin-top: 0; color: inherit; opacity: 0.8;'>Especificaciones el\u00e9ctricas<\/h3>\n<ul style='padding-left: 20px; font-size: 14px; color: inherit;'>\n<li style='margin-bottom: 5px;'><strong>Manejo actual:<\/strong> Probado para soportar 100.000 amperios pico de corriente de pico<\/li>\n<li style='margin-bottom: 5px;'><strong>Current Manipulaci\u00f3n M\u00e9todo de prueba:<\/strong> MIL-STD-1.757<\/li>\n<li style='margin-bottom: 5px;'><strong>Conexi\u00f3n a tierra&comma; Vinculaci\u00f3n y blindar el m\u00e9todo de prueba:<\/strong> MIL-STD-188-124A<\/li>\n<li style='margin-bottom: 5px;'><strong>Protecci\u00f3n contra rayos M\u00e9todo de prueba:<\/strong> IEC 1.024-1<\/li>\n<\/ul><\/div>\n<div style='flex: 1 1 300px; min-width: 280px;'>\n<h3 style='font-size: 22px; border-bottom: 2px solid currentColor; padding-bottom: 5px; margin-top: 0; color: inherit; opacity: 0.8;'>Especificaciones generales<\/h3>\n<ul style='padding-left: 20px; font-size: 14px; color: inherit;'>\n<li style='margin-bottom: 5px;'><strong>Tipo de cable:<\/strong> trenzado | Ondulado | Gu\u00eda de onda el\u00edptica<\/li>\n<li style='margin-bottom: 5px;'><strong>Puesta a tierra Tipo Kit:<\/strong> Kits de conexi\u00f3n a tierra Est\u00e1ndar<\/li>\n<li style='margin-bottom: 5px;'><strong>Ordenando Nota:<\/strong> CommScope\u00ae producto est\u00e1ndar en los Estados Unidos y Canad\u00e1<\/li>\n<li style='margin-bottom: 5px;'><strong>Color:<\/strong> Negro<\/li>\n<li style='margin-bottom: 5px;'><strong>Vinculaci\u00f3n Material del conductor:<\/strong> Cobre<\/li>\n<li style='margin-bottom: 5px;'><strong>Vinculaci\u00f3n del conductor de alambre de calibre Tama\u00f1o:<\/strong> 6<\/li>\n<li style='margin-bottom: 5px;'><strong>PVC Vinculaci\u00f3n Conductor Aislamiento de material:<\/strong> PVC<\/li>\n<li style='margin-bottom: 5px;'><strong>Puesta a tierra de cobre esta\u00f1ado Material Correa:<\/strong> Cobre esta\u00f1ado<\/li>\n<li style='margin-bottom: 5px;'><strong>Incluye:<\/strong> kit de puesta a tierra | Hardware | Lug | Un rollo de 2-1\/2 en la cinta de goma de butilo | Un rollo de 3\/4&#8242; en cinta de PVC<\/li>\n<li style='margin-bottom: 5px;'><strong>Campo Adjunto Lug adjunta:<\/strong> Uno hoyos lug<\/li>\n<li style='margin-bottom: 5px;'><strong>Cantidad de empaque:<\/strong> 1<\/li>\n<li style='margin-bottom: 5px;'><strong>Remache Material:<\/strong> Cobre<\/li>\n<li style='margin-bottom: 5px;'><strong>Impermeabilizaci\u00f3n M\u00e9todo:<\/strong> butilo y cinta el\u00e9ctrica<\/li>\n<\/ul><\/div>\n<div style='flex: 1 1 300px; min-width: 280px;'>\n<h3 style='font-size: 22px; border-bottom: 2px solid currentColor; padding-bottom: 5px; margin-top: 0; color: inherit; opacity: 0.8;'>Especificaciones mec\u00e1nicas<\/h3>\n<ul style='padding-left: 20px; font-size: 14px; color: inherit;'>\n<li style='margin-bottom: 5px;'><strong>Blowing Lluvia M\u00e9todo de prueba:<\/strong> MIL-STD-810&comma; M\u00e9todo 506<\/li>\n<li style='margin-bottom: 5px;'><strong>Corrosi\u00f3n M\u00e9todo de prueba:<\/strong> MIL-STD-1344&comma; M\u00e9todo 1001<\/li>\n<li style='margin-bottom: 5px;'><strong>Congelaci\u00f3n Lluvia \/ formaci\u00f3n de hielo M\u00e9todo de prueba:<\/strong> MIL-STD-810&comma; M\u00e9todo 521<\/li>\n<li style='margin-bottom: 5px;'><strong>Humedad M\u00e9todo de prueba:<\/strong> MIL-STD-1344&comma; M\u00e9todo 1002<\/li>\n<li style='margin-bottom: 5px;'><strong>Inmersi\u00f3n M\u00e9todo de prueba:<\/strong> IEC 60529: 2001&comma; IP68<\/li>\n<li style='margin-bottom: 5px;'><strong>Temperatura de funcionamiento:<\/strong> -40 \u00b0C a 85 \u00b0C (-40 \u00b0F a 185 \u00b0F)<\/li>\n<li style='margin-bottom: 5px;'><strong>Temperatura de almacenamiento:<\/strong> -40 \u00b0C a 80 \u00b0C (-40 \u00b0F a 176 \u00b0F)<\/li>\n<li style='margin-bottom: 5px;'><strong>Tama\u00f1o de rosca:<\/strong> 3\/8&#8242;<\/li>\n<li style='margin-bottom: 5px;'><strong>Resistencia UV M\u00e9todo de prueba:<\/strong> MIL-STD-810&comma; M\u00e9todo 505<\/li>\n<li style='margin-bottom: 5px;'><strong>M\u00e9todo de prueba de vibraci\u00f3n:<\/strong> MIL-STD-202&comma; M\u00e9todo 214<\/li>\n<\/ul><\/div>\n<div style='flex: 1 1 300px; min-width: 280px;'>\n<h3 style='font-size: 22px; border-bottom: 2px solid currentColor; padding-bottom: 5px; margin-top: 0; color: inherit; opacity: 0.8;'>Dimensiones de empaque<\/h3>\n<ul style='padding-left: 20px; font-size: 14px; color: inherit;'>\n<li style='margin-bottom: 5px;'><strong>Altura:<\/strong> 266.7 mm | 10.5 en<\/li>\n<li style='margin-bottom: 5px;'><strong>Longitud:<\/strong> 57.2 mm | 2.3 en<\/li>\n<li style='margin-bottom: 5px;'><strong>Peso de env\u00edo:<\/strong> 0.34 kg | 0.75 libras<\/li>\n<li style='margin-bottom: 5px;'><strong>Ancho:<\/strong> 175.3 mm | 6.9 en<\/li>\n<\/ul><\/div>\n<\/p><\/div>\n<p> <!-- Separador --> <\/p>\n<hr style='border: 0; border-top: 1px solid rgba(150&comma; 150&comma; 150&comma; 0.3); margin: 30px 0;'> <\/div>\n","protected":false},"excerpt":{"rendered":"<p>Kit de aterrizaje Est\u00e1ndar para cable coaxial de 1\/4&#8243;, 3\/8&#8243;, CNT-400, 9913. Longitud del conductor 60&#8243;.<\/p>\n","protected":false},"featured_media":64443,"comment_status":"open","ping_status":"closed","template":"","meta":[],"product_brand":[],"product_cat":[543],"product_tag":[1330,545,544],"class_list":{"0":"post-64444","1":"product","2":"type-product","3":"status-publish","4":"has-post-thumbnail","6":"product_cat-coaxial","7":"product_tag-andrew-commscope","8":"product_tag-coaxial","9":"product_tag-proteccion-contra-descarga","11":"first","12":"instock","13":"sale","14":"shipping-taxable","15":"purchasable","16":"product-type-simple"},"_links":{"self":[{"href":"https:\/\/soydeaqui.ddns.net\/pachuca\/index.php\/wp-json\/wp\/v2\/product\/64444","targetHints":{"allow":["GET"]}}],"collection":[{"href":"https:\/\/soydeaqui.ddns.net\/pachuca\/index.php\/wp-json\/wp\/v2\/product"}],"about":[{"href":"https:\/\/soydeaqui.ddns.net\/pachuca\/index.php\/wp-json\/wp\/v2\/types\/product"}],"replies":[{"embeddable":true,"href":"https:\/\/soydeaqui.ddns.net\/pachuca\/index.php\/wp-json\/wp\/v2\/comments?post=64444"}],"wp:featuredmedia":[{"embeddable":true,"href":"https:\/\/soydeaqui.ddns.net\/pachuca\/index.php\/wp-json\/wp\/v2\/media\/64443"}],"wp:attachment":[{"href":"https:\/\/soydeaqui.ddns.net\/pachuca\/index.php\/wp-json\/wp\/v2\/media?parent=64444"}],"wp:term":[{"taxonomy":"product_brand","embeddable":true,"href":"https:\/\/soydeaqui.ddns.net\/pachuca\/index.php\/wp-json\/wp\/v2\/product_brand?post=64444"},{"taxonomy":"product_cat","embeddable":true,"href":"https:\/\/soydeaqui.ddns.net\/pachuca\/index.php\/wp-json\/wp\/v2\/product_cat?post=64444"},{"taxonomy":"product_tag","embeddable":true,"href":"https:\/\/soydeaqui.ddns.net\/pachuca\/index.php\/wp-json\/wp\/v2\/product_tag?post=64444"}],"curies":[{"name":"wp","href":"https:\/\/api.w.org\/{rel}","templated":true}]}}