{"id":64424,"date":"2026-03-19T07:47:47","date_gmt":"2026-03-19T07:47:47","guid":{"rendered":"https:\/\/soydeaqui.ddns.net\/pachuca\/index.php\/producto\/panel-de-proteccion-contra-sobretensiones-120-240-vca-exterior\/"},"modified":"2026-03-19T07:47:48","modified_gmt":"2026-03-19T07:47:48","slug":"panel-de-proteccion-contra-sobretensiones-120-240-vca-exterior","status":"publish","type":"product","link":"https:\/\/soydeaqui.ddns.net\/pachuca\/index.php\/producto\/panel-de-proteccion-contra-sobretensiones-120-240-vca-exterior\/","title":{"rendered":"Panel de Protecci\u00f3n contra Sobretensiones, 120\/240 Vca, Exterior"},"content":{"rendered":"<div style='width: 100%; max-width: 1200px; margin: 0 auto; font-family: sans-serif; line-height: 1.6; color: inherit; background-color: transparent;'>\n<div style='display: flex; flex-wrap: wrap; gap: 30px; margin-bottom: 30px;'>\n<div style='flex: 1 1 300px; min-width: 280px;'>\n<h3 style='font-size: 22px; border-bottom: 2px solid currentColor; padding-bottom: 5px; margin-top: 0; color: inherit; opacity: 0.8;'>Descripci\u00f3n<\/h3>\n<p style='font-size: 15px; color: inherit; margin-top: 0;'> Proteja la inversi\u00f3n de sus equipos el\u00e9ctricos y electr\u00f3nicos con los paneles de protecci\u00f3n de corriente alterna CA de Transtector. Que utilizan la m\u00e1s alta tecnolog\u00eda en sistemas de protecci\u00f3n desarrollada con <strong>diodos de avalancha de silicio (SASD).<\/strong> <\/p>\n<p style='font-size: 15px; color: inherit;'> A diferencia de otros fabricantes de protectores que utilizan <strong>varistores de oxido de metal (MOV)<\/strong> que se van degradando con el tiempo al oponerse a los transitorios o sobretensiones de voltaje que da\u00f1an sus equipos electr\u00f3nicos. Transtector utiliza la tecnolog\u00eda de <strong>diodos de avalancha de silicio (SASD)<\/strong> que no se degrada al oponerse a las sobretensiones&comma; cuentan con la m\u00e1s r\u00e1pida respuesta y el m\u00e1s alto rendimiento en sus protectores; manteniendo as\u00ed la mejor protecci\u00f3n y minimizando los costos de reparaci\u00f3n y reemplazo de equipo electr\u00f3nico. <\/p>\n<\/p><\/div>\n<\/p><\/div>\n<div style='display: flex; flex-wrap: wrap; gap: 20px; margin-bottom: 30px;'>\n<div style='flex: 1 1 250px; border: 1px solid rgba(150&comma; 150&comma; 150&comma; 0.4); border-radius: 8px; overflow: hidden; display: flex; flex-direction: column;'>\n<div style='padding: 15px; border-bottom: 1px solid rgba(150&comma; 150&comma; 150&comma; 0.2); font-weight: bold; font-size: 18px; color: inherit;'>Especificaciones<\/div>\n<div style='padding: 15px; color: inherit;'>\n<ul style='padding-left: 20px; margin: 0; font-size: 14px; list-style-type: disc;'>\n<li style='margin-bottom: 5px;'><strong>Tecnolog\u00eda:<\/strong> Diodo de Avalancha de Silicio (SASD)<\/li>\n<li style='margin-bottom: 5px;'><strong>No se degrada<\/strong><\/li>\n<li style='margin-bottom: 5px;'><strong>Alta capacidad<\/strong><\/li>\n<li style='margin-bottom: 5px;'><strong>Protecci\u00f3n bidireccional l\u00ednea y carga<\/strong><\/li>\n<li style='margin-bottom: 5px;'><strong>Voltaje:<\/strong> 120\/240 Vca<\/li>\n<li style='margin-bottom: 5px;'><strong>Monitorizaci\u00f3n remota<\/strong><\/li>\n<li style='margin-bottom: 5px;'><strong>Indicador de estatus visual y audible<\/strong><\/li>\n<li style='margin-bottom: 5px;'><strong>Filtro de arm\u00f3nicos<\/strong><\/li>\n<li style='margin-bottom: 5px;'><strong>Tipo de montaje:<\/strong> Panel<\/li>\n<li style='margin-bottom: 5px;'><strong>Temperatura:<\/strong> -40\u00b0 a 65\u00b0 C<\/li>\n<\/ul><\/div>\n<\/p><\/div>\n<\/p><\/div>\n<div style='display: flex; flex-wrap: wrap; gap: 30px; margin-bottom: 30px;'>\n<div style='flex: 1 1 300px; min-width: 280px;'>\n<div style='padding: 15px; border: 1px solid rgba(150&comma; 150&comma; 150&comma; 0.4); border-radius: 8px; color: inherit;'>\n<p style='margin: 0; font-size: 14px; color: inherit;'> <strong>*Pregunte por tiempo de entrega.<\/strong> <\/p>\n<\/p><\/div>\n<\/p><\/div>\n<\/p><\/div>\n<\/p><\/div>\n","protected":false},"excerpt":{"rendered":"<p>Panel de Protecci\u00f3n contra Sobretensiones, 120\/240 Vca, Exterior<\/p>\n","protected":false},"featured_media":64423,"comment_status":"open","ping_status":"closed","template":"","meta":[],"product_brand":[],"product_cat":[967],"product_tag":[968,898,546],"class_list":{"0":"post-64424","1":"product","2":"type-product","3":"status-publish","4":"has-post-thumbnail","6":"product_cat-corriente-alterna","7":"product_tag-corriente-alterna","8":"product_tag-proteccion-contra-descargas","9":"product_tag-transtector","11":"first","12":"outofstock","13":"sale","14":"shipping-taxable","15":"purchasable","16":"product-type-simple"},"_links":{"self":[{"href":"https:\/\/soydeaqui.ddns.net\/pachuca\/index.php\/wp-json\/wp\/v2\/product\/64424","targetHints":{"allow":["GET"]}}],"collection":[{"href":"https:\/\/soydeaqui.ddns.net\/pachuca\/index.php\/wp-json\/wp\/v2\/product"}],"about":[{"href":"https:\/\/soydeaqui.ddns.net\/pachuca\/index.php\/wp-json\/wp\/v2\/types\/product"}],"replies":[{"embeddable":true,"href":"https:\/\/soydeaqui.ddns.net\/pachuca\/index.php\/wp-json\/wp\/v2\/comments?post=64424"}],"wp:featuredmedia":[{"embeddable":true,"href":"https:\/\/soydeaqui.ddns.net\/pachuca\/index.php\/wp-json\/wp\/v2\/media\/64423"}],"wp:attachment":[{"href":"https:\/\/soydeaqui.ddns.net\/pachuca\/index.php\/wp-json\/wp\/v2\/media?parent=64424"}],"wp:term":[{"taxonomy":"product_brand","embeddable":true,"href":"https:\/\/soydeaqui.ddns.net\/pachuca\/index.php\/wp-json\/wp\/v2\/product_brand?post=64424"},{"taxonomy":"product_cat","embeddable":true,"href":"https:\/\/soydeaqui.ddns.net\/pachuca\/index.php\/wp-json\/wp\/v2\/product_cat?post=64424"},{"taxonomy":"product_tag","embeddable":true,"href":"https:\/\/soydeaqui.ddns.net\/pachuca\/index.php\/wp-json\/wp\/v2\/product_tag?post=64424"}],"curies":[{"name":"wp","href":"https:\/\/api.w.org\/{rel}","templated":true}]}}