{"id":64412,"date":"2026-03-19T07:47:20","date_gmt":"2026-03-19T07:47:20","guid":{"rendered":"https:\/\/soydeaqui.ddns.net\/pachuca\/index.php\/producto\/chassis-metalico-de-aterrizaje-hasta-16-modulos-ethernet-giga-ethernet\/"},"modified":"2026-03-19T07:47:21","modified_gmt":"2026-03-19T07:47:21","slug":"chassis-metalico-de-aterrizaje-hasta-16-modulos-ethernet-giga-ethernet","status":"publish","type":"product","link":"https:\/\/soydeaqui.ddns.net\/pachuca\/index.php\/producto\/chassis-metalico-de-aterrizaje-hasta-16-modulos-ethernet-giga-ethernet\/","title":{"rendered":"Chassis met\u00e1lico de aterrizaje hasta 16 m\u00f3dulos Ethernet, Giga Ethernet"},"content":{"rendered":"<div style='width: 100%; max-width: 1200px; margin: 0 auto; font-family: sans-serif; line-height: 1.6; color: inherit; background-color: transparent;'>\n<div style='display: flex; flex-direction: column; align-items: center; margin-bottom: 30px;'> <img style='width: 100%; max-width: 300px; height: auto; border: 1px solid rgba(150&comma;150&comma;150&comma;0.3); border-radius: 8px;' src='https:\/\/ftp3.syscom.mx\/usuarios\/fotos\/ALPUF140\/80800-transtector_logo.jpg' alt='Logo Transtector'> <\/div>\n<div style='display: flex; flex-direction: column; margin-bottom: 30px;'>\n<p style='margin: 0 0 15px; color: inherit;'>El protector contra sobretensiones \/ pararrayos de montaje en bastidor Transtector CPX (tambi\u00e9n conocido como dispositivo de protecci\u00f3n contra sobretensiones de l\u00ednea de datos o SPD&comma; as\u00ed como supresor de sobretensiones de voltaje transitorio o TVSS) 1101-972 est\u00e1 en stock y se enviar\u00e1 el mismo d\u00eda h\u00e1bil en que se nos compr\u00f3 directamente. Nuestro supresor\/protector de sobretensiones CPX para montaje en bastidor proporciona protecci\u00f3n para su equipo electr\u00f3nico y respalda la confiabilidad del sistema a largo plazo al absorber grandes cantidades de energ\u00eda transitoria.<\/p>\n<p style='margin: 0 0 15px; color: inherit;'>Este dispositivo industrial de protecci\u00f3n contra sobretensiones de montaje en bastidor CPX para aplicaciones de l\u00ednea de datos ayuda a prevenir da\u00f1os por picos de energ\u00eda que pueden ser causados por rayos y otras fuentes de energ\u00eda el\u00e9ctrica intensa.<\/p>\n<p style='margin: 0 0 15px; color: inherit;'>El dispositivo de supresi\u00f3n de sobretensiones transitorias\/TVSS para CPX Rack Mount puede actuar como pararrayos y como unidad de protecci\u00f3n contra picos de sobretensi\u00f3n el\u00e9ctrica. El dispositivo protector contra sobretensiones para equipos de l\u00ednea de datos n\u00famero de pieza 1101-972 de Transtector est\u00e1 dise\u00f1ado para proteger el montaje en bastidor CPX de picos de tensi\u00f3n transitorios. Este supresor de sobretensiones CPX de montaje en bastidor comercial proporciona protecci\u00f3n supresor de sobretensiones el\u00e9ctricas de alta calidad. La unidad de protecci\u00f3n contra sobretensiones de datos est\u00e1 clasificada para uso en interiores. El protector contra sobretensiones de montaje en bastidor CPX para interiores es solo uno de los muchos productos SPD disponibles para env\u00edo el mismo d\u00eda.<\/p>\n<\/p><\/div>\n<div style='display: flex; flex-wrap: wrap; gap: 20px; margin-bottom: 30px;'>\n<div style='flex: 1 1 300px; min-width: 280px;'>\n<div style='border: 1px solid rgba(150&comma; 150&comma; 150&comma; 0.4); border-radius: 8px; overflow: hidden; display: flex; flex-direction: column; height: 100%;'>\n<div style='padding: 15px; border-bottom: 1px solid rgba(150&comma; 150&comma; 150&comma; 0.2); font-weight: bold; font-size: 18px; background-color: rgba(149&comma;47&comma;107&comma;0.1); color: inherit;'>Caracter\u00edsticas principales<\/div>\n<div style='padding: 15px; color: inherit;'>\n<ul style='padding-left: 20px; margin: 0; font-size: 14px; list-style-type: disc;'>\n<li style='margin-bottom: 5px;'>Instalaci\u00f3n en Rack<\/li>\n<li style='margin-bottom: 5px;'>Ranuras de Aterrizaje a tierra<\/li>\n<li style='margin-bottom: 5px;'>Hasta 16 m\u00f3dulos<\/li>\n<li style='margin-bottom: 5px;'>Instalaci\u00f3n en Interior<\/li>\n<li style='margin-bottom: 5px;'>M\u00f3dulos compatibles<\/li>\n<\/ul><\/div>\n<\/p><\/div>\n<\/p><\/div>\n<div style='flex: 1 1 300px; min-width: 280px;'>\n<div style='border: 1px solid rgba(150&comma; 150&comma; 150&comma; 0.4); border-radius: 8px; overflow: hidden; display: flex; flex-direction: column; height: 100%;'>\n<div style='padding: 15px; border-bottom: 1px solid rgba(150&comma; 150&comma; 150&comma; 0.2); font-weight: bold; font-size: 18px; background-color: rgba(149&comma;47&comma;107&comma;0.1); color: inherit;'>Beneficios<\/div>\n<div style='padding: 15px; color: inherit;'>\n<ul style='padding-left: 20px; margin: 0; font-size: 14px; list-style-type: disc;'>\n<li style='margin-bottom: 5px;'>F\u00e1cil instalaci\u00f3n<\/li>\n<li style='margin-bottom: 5px;'>Rango de temperatura: -40\u00b0 a 85\u00b0C<\/li>\n<li style='margin-bottom: 5px;'>Peso: 0.7 Kg<\/li>\n<li style='margin-bottom: 5px;'>Dimensiones: H 482.6 * W 84.58 * D 44.45 mm<\/li>\n<\/ul><\/div>\n<\/p><\/div>\n<\/p><\/div>\n<div style='flex: 1 1 300px; min-width: 280px;'>\n<div style='border: 1px solid rgba(150&comma; 150&comma; 150&comma; 0.4); border-radius: 8px; overflow: hidden; display: flex; flex-direction: column; height: 100%;'>\n<div style='padding: 15px; border-bottom: 1px solid rgba(150&comma; 150&comma; 150&comma; 0.2); font-weight: bold; font-size: 18px; background-color: rgba(149&comma;47&comma;107&comma;0.1); color: inherit;'>Aplicaciones<\/div>\n<div style='padding: 15px; color: inherit;'>\n<ul style='padding-left: 20px; margin: 0; font-size: 14px; list-style-type: disc;'>\n<li style='margin-bottom: 5px;'>Paneles el\u00e9ctricos<\/li>\n<li style='margin-bottom: 5px;'>Control central de motores<\/li>\n<li style='margin-bottom: 5px;'>Automatizaci\u00f3n industrial<\/li>\n<li style='margin-bottom: 5px;'>Estaci\u00f3n de comunicaciones<\/li>\n<li style='margin-bottom: 5px;'>Centros de datos<\/li>\n<li style='margin-bottom: 5px;'>WIPS\/ISP<\/li>\n<\/ul><\/div>\n<\/p><\/div>\n<\/p><\/div>\n<\/p><\/div>\n<\/p><\/div>\n","protected":false},"excerpt":{"rendered":"<p>Chassis met\u00e1lico de aterrizaje hasta 16 m\u00f3dulos Ethernet, Giga Ethernet<\/p>\n","protected":false},"featured_media":64411,"comment_status":"open","ping_status":"closed","template":"","meta":[],"product_brand":[],"product_cat":[953],"product_tag":[898,954,546],"class_list":{"0":"post-64412","1":"product","2":"type-product","3":"status-publish","4":"has-post-thumbnail","6":"product_cat-redes","7":"product_tag-proteccion-contra-descargas","8":"product_tag-redes","9":"product_tag-transtector","11":"first","12":"outofstock","13":"sale","14":"shipping-taxable","15":"purchasable","16":"product-type-simple"},"_links":{"self":[{"href":"https:\/\/soydeaqui.ddns.net\/pachuca\/index.php\/wp-json\/wp\/v2\/product\/64412","targetHints":{"allow":["GET"]}}],"collection":[{"href":"https:\/\/soydeaqui.ddns.net\/pachuca\/index.php\/wp-json\/wp\/v2\/product"}],"about":[{"href":"https:\/\/soydeaqui.ddns.net\/pachuca\/index.php\/wp-json\/wp\/v2\/types\/product"}],"replies":[{"embeddable":true,"href":"https:\/\/soydeaqui.ddns.net\/pachuca\/index.php\/wp-json\/wp\/v2\/comments?post=64412"}],"wp:featuredmedia":[{"embeddable":true,"href":"https:\/\/soydeaqui.ddns.net\/pachuca\/index.php\/wp-json\/wp\/v2\/media\/64411"}],"wp:attachment":[{"href":"https:\/\/soydeaqui.ddns.net\/pachuca\/index.php\/wp-json\/wp\/v2\/media?parent=64412"}],"wp:term":[{"taxonomy":"product_brand","embeddable":true,"href":"https:\/\/soydeaqui.ddns.net\/pachuca\/index.php\/wp-json\/wp\/v2\/product_brand?post=64412"},{"taxonomy":"product_cat","embeddable":true,"href":"https:\/\/soydeaqui.ddns.net\/pachuca\/index.php\/wp-json\/wp\/v2\/product_cat?post=64412"},{"taxonomy":"product_tag","embeddable":true,"href":"https:\/\/soydeaqui.ddns.net\/pachuca\/index.php\/wp-json\/wp\/v2\/product_tag?post=64412"}],"curies":[{"name":"wp","href":"https:\/\/api.w.org\/{rel}","templated":true}]}}