{"id":64401,"date":"2026-03-19T07:46:51","date_gmt":"2026-03-19T07:46:51","guid":{"rendered":"https:\/\/soydeaqui.ddns.net\/pachuca\/index.php\/producto\/microfono-remoto-para-radio-marino-ic-m604-a-ic-m504a\/"},"modified":"2026-03-19T07:46:58","modified_gmt":"2026-03-19T07:46:58","slug":"microfono-remoto-para-radio-marino-ic-m604-a-ic-m504a","status":"publish","type":"product","link":"https:\/\/soydeaqui.ddns.net\/pachuca\/index.php\/producto\/microfono-remoto-para-radio-marino-ic-m604-a-ic-m504a\/","title":{"rendered":"Micr\u00f3fono Remoto para Radio Marino IC-M604\/A, IC-M504A"},"content":{"rendered":"<div style='width: 100%; max-width: 1200px; margin: 0 auto; font-family: sans-serif; line-height: 1.6; color: inherit; background-color: transparent;'>\n<div style='display: flex; flex-wrap: wrap; gap: 30px; margin-bottom: 30px;'>\n<div style='flex: 1 1 300px; min-width: 280px;'>\n<h3 style='font-size: 22px; border-bottom: 2px solid currentColor; padding-bottom: 5px; margin-top: 0; color: inherit; opacity: 0.8;'>Caracter\u00edsticas Principales<\/h3>\n<ul style='padding-left: 20px; font-size: 15px; color: inherit;'>\n<li style='margin-bottom: 5px;'>Compatible con radios marinas IC-M604\/M504A<\/li>\n<li style='margin-bottom: 5px;'>Dise\u00f1o ergon\u00f3mico para uso c\u00f3modo prolongado<\/li>\n<li style='margin-bottom: 5px;'>Control remoto para f\u00e1cil operaci\u00f3n inal\u00e1mbrica<\/li>\n<li style='margin-bottom: 5px;'>Alta resistencia a la corrosi\u00f3n marina<\/li>\n<li style='margin-bottom: 5px;'>Botones retroiluminados para uso nocturno<\/li>\n<\/ul><\/div>\n<\/p><\/div>\n<hr style='border: 0; border-top: 1px solid rgba(150&comma; 150&comma; 150&comma; 0.3); margin: 30px 0;'> <\/div>\n","protected":false},"excerpt":{"rendered":"<p>Micr\u00f3fono Remoto para Radio Marino IC-M604\/A, IC-M504A<\/p>\n","protected":false},"featured_media":64400,"comment_status":"open","ping_status":"closed","template":"","meta":[],"product_brand":[],"product_cat":[1567],"product_tag":[1517,1288,1568],"class_list":{"0":"post-64401","1":"product","2":"type-product","3":"status-publish","4":"has-post-thumbnail","6":"product_cat-microfono-bocina","7":"product_tag-accesorios-para-icom","8":"product_tag-icom","9":"product_tag-microfono-bocina","11":"first","12":"instock","13":"sale","14":"shipping-taxable","15":"purchasable","16":"product-type-simple"},"_links":{"self":[{"href":"https:\/\/soydeaqui.ddns.net\/pachuca\/index.php\/wp-json\/wp\/v2\/product\/64401","targetHints":{"allow":["GET"]}}],"collection":[{"href":"https:\/\/soydeaqui.ddns.net\/pachuca\/index.php\/wp-json\/wp\/v2\/product"}],"about":[{"href":"https:\/\/soydeaqui.ddns.net\/pachuca\/index.php\/wp-json\/wp\/v2\/types\/product"}],"replies":[{"embeddable":true,"href":"https:\/\/soydeaqui.ddns.net\/pachuca\/index.php\/wp-json\/wp\/v2\/comments?post=64401"}],"wp:featuredmedia":[{"embeddable":true,"href":"https:\/\/soydeaqui.ddns.net\/pachuca\/index.php\/wp-json\/wp\/v2\/media\/64400"}],"wp:attachment":[{"href":"https:\/\/soydeaqui.ddns.net\/pachuca\/index.php\/wp-json\/wp\/v2\/media?parent=64401"}],"wp:term":[{"taxonomy":"product_brand","embeddable":true,"href":"https:\/\/soydeaqui.ddns.net\/pachuca\/index.php\/wp-json\/wp\/v2\/product_brand?post=64401"},{"taxonomy":"product_cat","embeddable":true,"href":"https:\/\/soydeaqui.ddns.net\/pachuca\/index.php\/wp-json\/wp\/v2\/product_cat?post=64401"},{"taxonomy":"product_tag","embeddable":true,"href":"https:\/\/soydeaqui.ddns.net\/pachuca\/index.php\/wp-json\/wp\/v2\/product_tag?post=64401"}],"curies":[{"name":"wp","href":"https:\/\/api.w.org\/{rel}","templated":true}]}}