{"id":64343,"date":"2026-03-19T07:44:57","date_gmt":"2026-03-19T07:44:57","guid":{"rendered":"https:\/\/soydeaqui.ddns.net\/pachuca\/index.php\/producto\/carga-fantasma-coaxial-seca-de-50-ohm-0-1000-mhz-60-watt-con-conector-n-macho\/"},"modified":"2026-03-19T07:44:58","modified_gmt":"2026-03-19T07:44:58","slug":"carga-fantasma-coaxial-seca-de-50-ohm-0-1000-mhz-60-watt-con-conector-n-macho","status":"publish","type":"product","link":"https:\/\/soydeaqui.ddns.net\/pachuca\/index.php\/producto\/carga-fantasma-coaxial-seca-de-50-ohm-0-1000-mhz-60-watt-con-conector-n-macho\/","title":{"rendered":"Carga Fantasma Coaxial Seca de 50 Ohm, 0-1000 MHz, 60 Watt con conector N Macho."},"content":{"rendered":"<div style='width: 100%; max-width: 1200px; margin: 0 auto; font-family: sans-serif; line-height: 1.6; color: inherit; background-color: transparent;'> <!-- Descripci\u00f3n principal --> <\/p>\n<div style='margin-bottom: 30px;'>\n<p style='font-size: 16px; margin: 0 0 15px 0; padding-left: 10px; font-weight: bold; color: inherit;'> Carga fantasma coaxial seca de 50 Ohm&comma; 60 Watt con conector N macho coaxial. <\/p>\n<ul style='padding-left: 20px; font-size: 15px; color: inherit;'>\n<li style='margin-bottom: 8px;'>Las cargas coaxiales Telewave TWL-60 de 60 vatios est\u00e1n mecanizadas para soportar cualquier banco o campo de trabajo.<\/li>\n<li style='margin-bottom: 8px;'>Su clasificaci\u00f3n de potencia proporciona una protecci\u00f3n de sobrecarga sustancial.<\/li>\n<li style='margin-bottom: 8px;'>Las cargas cuentan con un conector Tipo N Macho empotrado o un conector UHF macho opcional para un tama\u00f1o reducido y facilidad de uso&comma; con un pasador central enchapado en plata.<\/li>\n<li style='margin-bottom: 8px;'>La carga tiene una impedancia nominal de 50 ohmios&comma; un amplio rango de frecuencias de 0-1000 MHz y VSWR 1.05: 1 extremadamente bajo.<\/li>\n<li style='margin-bottom: 8px;'>Las cargas coaxiales compactas de Telewave ofrecen VSWR extremadamente bajo.<\/li>\n<li style='margin-bottom: 8px;'>Todas las cargas est\u00e1n mecanizadas para resistir cualquier uso en banco o campo&comma; y su clasificaci\u00f3n de potencia proporciona una protecci\u00f3n de sobrecarga sustancial.<\/li>\n<li style='margin-bottom: 8px;'>A diferencia de las cargas cargadas con aceite&comma; estas cargas coaxiales secas pueden operarse en cualquier posici\u00f3n.<\/li>\n<li style='margin-bottom: 8px;'>Los conectores tienen un conductor central plateado.<\/li>\n<li style='margin-bottom: 8px;'>TWL-60 cuentan con conectores macho empotrados para un tama\u00f1o reducido y facilidad de uso.<\/li>\n<li style='margin-bottom: 8px;'>Las aplicaciones incluyen h\u00edbridos&comma; aisladores&comma; monitores de potencia&comma; watt\u00edmetros y terminaciones de puertos coaxiales.<\/li>\n<\/ul><\/div>\n<p> <!-- Secci\u00f3n de caracter\u00edsticas --> <\/p>\n<div style='display: flex; flex-wrap: wrap; gap: 30px; margin-bottom: 30px;'>\n<div style='flex: 1 1 300px; min-width: 280px;'>\n<h3 style='font-size: 22px; border-bottom: 2px solid currentColor; padding-bottom: 5px; margin-top: 0; margin-bottom: 15px; color: inherit; opacity: 0.8;'>Caracter\u00edsticas<\/h3>\n<ul style='padding-left: 20px; font-size: 15px; color: inherit;'>\n<li style='margin-bottom: 8px;'><strong>VSWR:<\/strong> Extremadamente bajo<\/li>\n<li style='margin-bottom: 8px;'><strong>Potencia CW:<\/strong> Hasta 60 W<\/li>\n<li style='margin-bottom: 8px;'><strong>Tipo:<\/strong> Carga seca<\/li>\n<li style='margin-bottom: 8px;'><strong>Rango de frecuencia:<\/strong> Amplio rango de frecuencia<\/li>\n<li style='margin-bottom: 8px;'><strong>Construcci\u00f3n:<\/strong> Robusta<\/li>\n<li style='margin-bottom: 8px;'><strong>Conector:<\/strong> N&comma; BNC o UHF macho (especificar el tipo de conector)<\/li>\n<li style='margin-bottom: 8px;'><strong>Rango de frecuencia:<\/strong> 0-1000 MHz<\/li>\n<li style='margin-bottom: 8px;'><strong>Potencia m\u00e1xima CW:<\/strong> 60 W (promedio)<\/li>\n<li style='margin-bottom: 8px;'><strong>Impedancia:<\/strong> 50 ohmios (nominal)<\/li>\n<li style='margin-bottom: 8px;'><strong>Temperatura:<\/strong> 100% de la potencia nominal a 40 \u00b0C&comma; 50% de la potencia nominal a 95 \u00b0C<\/li>\n<li style='margin-bottom: 8px;'><strong>Sobrecarga:<\/strong> 50% de clasificaci\u00f3n de sobrecarga: 2 minutos<\/li>\n<li style='margin-bottom: 8px;'><strong>Conectores:<\/strong> N o UHF macho<\/li>\n<li style='margin-bottom: 8px;'><strong>Dimensiones:<\/strong> 4.1 x 6.0 cm<\/li>\n<li style='margin-bottom: 8px;'><strong>Peso:<\/strong> 0.2 kg<\/li>\n<\/ul>\n<p style='margin-top: 20px; font-weight: bold; color: inherit;'> *Pregunte por disponibilidad. <\/p>\n<\/p><\/div>\n<\/p><\/div>\n<\/p><\/div>\n","protected":false},"excerpt":{"rendered":"<p>Carga Fantasma Coaxial Seca de 50 Ohm, 0-1000 MHz, 60 Watt con conector N Macho.<\/p>\n","protected":false},"featured_media":64342,"comment_status":"open","ping_status":"closed","template":"","meta":[],"product_brand":[],"product_cat":[1635],"product_tag":[1636,931,165,1737],"class_list":{"0":"post-64343","1":"product","2":"type-product","3":"status-publish","4":"has-post-thumbnail","6":"product_cat-cargas-fantasma","7":"product_tag-cargas-fantasma","8":"product_tag-equipo-de-laboratorio","9":"product_tag-inc","10":"product_tag-telewave","12":"first","13":"outofstock","14":"sale","15":"shipping-taxable","16":"purchasable","17":"product-type-simple"},"_links":{"self":[{"href":"https:\/\/soydeaqui.ddns.net\/pachuca\/index.php\/wp-json\/wp\/v2\/product\/64343","targetHints":{"allow":["GET"]}}],"collection":[{"href":"https:\/\/soydeaqui.ddns.net\/pachuca\/index.php\/wp-json\/wp\/v2\/product"}],"about":[{"href":"https:\/\/soydeaqui.ddns.net\/pachuca\/index.php\/wp-json\/wp\/v2\/types\/product"}],"replies":[{"embeddable":true,"href":"https:\/\/soydeaqui.ddns.net\/pachuca\/index.php\/wp-json\/wp\/v2\/comments?post=64343"}],"wp:featuredmedia":[{"embeddable":true,"href":"https:\/\/soydeaqui.ddns.net\/pachuca\/index.php\/wp-json\/wp\/v2\/media\/64342"}],"wp:attachment":[{"href":"https:\/\/soydeaqui.ddns.net\/pachuca\/index.php\/wp-json\/wp\/v2\/media?parent=64343"}],"wp:term":[{"taxonomy":"product_brand","embeddable":true,"href":"https:\/\/soydeaqui.ddns.net\/pachuca\/index.php\/wp-json\/wp\/v2\/product_brand?post=64343"},{"taxonomy":"product_cat","embeddable":true,"href":"https:\/\/soydeaqui.ddns.net\/pachuca\/index.php\/wp-json\/wp\/v2\/product_cat?post=64343"},{"taxonomy":"product_tag","embeddable":true,"href":"https:\/\/soydeaqui.ddns.net\/pachuca\/index.php\/wp-json\/wp\/v2\/product_tag?post=64343"}],"curies":[{"name":"wp","href":"https:\/\/api.w.org\/{rel}","templated":true}]}}