{"id":64331,"date":"2026-03-19T07:44:34","date_gmt":"2026-03-19T07:44:34","guid":{"rendered":"https:\/\/soydeaqui.ddns.net\/pachuca\/index.php\/producto\/tramo-de-torre-arriostrada-de-3-m-x-90-cm-de-cara-para-zonas-humedas-hasta-120-metros-de-elevacion\/"},"modified":"2026-03-19T07:44:35","modified_gmt":"2026-03-19T07:44:35","slug":"tramo-de-torre-arriostrada-de-3-m-x-90-cm-de-cara-para-zonas-humedas-hasta-120-metros-de-elevacion","status":"publish","type":"product","link":"https:\/\/soydeaqui.ddns.net\/pachuca\/index.php\/producto\/tramo-de-torre-arriostrada-de-3-m-x-90-cm-de-cara-para-zonas-humedas-hasta-120-metros-de-elevacion\/","title":{"rendered":"Tramo de Torre Arriostrada de 3 m x 90 cm de Cara para Zonas H\u00famedas. Hasta 120 metros de elevaci\u00f3n."},"content":{"rendered":"<div style='width: 100%; max-width: 1200px; margin: 0 auto; font-family: sans-serif; line-height: 1.6; color: inherit; background-color: transparent;'> <!-- Imagen principal --> <\/p>\n<div style='margin-bottom: 30px;'> <img style='width: 100%; height: auto; border: 1px solid rgba(150&comma;150&comma;150&comma;0.3); border-radius: 8px;' src='https:\/\/ftp3.syscom.mx\/usuarios\/fotos\/STZ30\/31572-imagen.png' alt='Tramo de Torre Arriostrada'> <\/div>\n<p> <!-- Secciones en grid --> <\/p>\n<div style='display: grid; grid-template-columns: repeat(auto-fill&comma; minmax(300px&comma; 1fr)); gap: 30px; margin-bottom: 30px;'> <!-- Puntos Destacados --> <\/p>\n<div style='border: 1px solid rgba(150&comma;150&comma;150&comma;0.3); border-radius: 8px; overflow: hidden;'>\n<div style='padding: 15px; background: rgba(0&comma;145&comma;255&comma;0.1); border-bottom: 1px solid rgba(150&comma;150&comma;150&comma;0.2); font-weight: bold; font-size: 18px; color: inherit;'>Puntos Destacados<\/div>\n<div style='padding: 15px; color: inherit;'>\n<ul style='padding-left: 20px; margin: 0; font-size: 14px; list-style-type: disc;'>\n<li style='margin-bottom: 5px;'>Producto elaborado bajo norma: <strong style='color: inherit;'>ISO 9001:2015<\/strong><\/li>\n<li style='margin-bottom: 5px;'>Cada uno de los tramos es fabricado por m\u00e1quiner\u00eda de control num\u00e9rico<\/li>\n<li style='margin-bottom: 5px;'><strong style='text-decoration: underline; color: inherit;'>Incluye torniller\u00eda para su instalaci\u00f3n<\/strong><\/li>\n<li style='margin-bottom: 5px;'>Recomendado para Zonas H\u00famedas o en ambientes con corrosi\u00f3n moderada<\/li>\n<li style='margin-bottom: 5px;'>Acorde a la norma de galvanizado por inmersi\u00f3n en caliente <strong style='color: inherit;'>NMX-H-004-SCFI-2008&comma; ASTM A-123 y ISO-1461<\/strong><\/li>\n<\/ul><\/div>\n<\/p><\/div>\n<p> <!-- Caracter\u00edsticas F\u00edsicas --> <\/p>\n<div style='border: 1px solid rgba(150&comma;150&comma;150&comma;0.3); border-radius: 8px; overflow: hidden;'>\n<div style='padding: 15px; background: rgba(0&comma;145&comma;255&comma;0.1); border-bottom: 1px solid rgba(150&comma;150&comma;150&comma;0.2); font-weight: bold; font-size: 18px; color: inherit;'>Caracter\u00edsticas F\u00edsicas<\/div>\n<div style='padding: 15px; color: inherit;'>\n<ul style='padding-left: 20px; margin: 0; font-size: 14px; list-style-type: disc;'>\n<li style='margin-bottom: 5px;'>Carga M\u00e1xima: 1000 Kg<\/li>\n<li style='margin-bottom: 5px;'>Altura M\u00e1xima: 120 m (40 tramos)<\/li>\n<li style='margin-bottom: 5px;'>Resistencia al Viento: 200 Km\/hr<\/li>\n<li style='margin-bottom: 5px;'>Material: Tubo industrial 2&#8242; (Ced. 30)<\/li>\n<li style='margin-bottom: 5px;'>Semiflecha (Zig-zag): Redondo 9\/16&#8242;<\/li>\n<li style='margin-bottom: 5px;'>Niple: 16 cm<\/li>\n<li style='margin-bottom: 5px;'>Ancho de cara: 90 cm<\/li>\n<li style='margin-bottom: 5px;'>Peso: 84 Kg<\/li>\n<li style='margin-bottom: 5px;'>Dimensiones: 3 m de Longitud<\/li>\n<li style='margin-bottom: 5px;'>Material de estructura: Acero (A-36)<\/li>\n<li style='margin-bottom: 5px;'>Protecci\u00f3n anticorrosiva: <strong style='color: inherit;'>Galvanizado por inmersi\u00f3n en caliente (NMX-H-004-SCFI-2008)<\/strong><\/li>\n<\/ul><\/div>\n<\/p><\/div>\n<p> <!-- Aplicaci\u00f3n --> <\/p>\n<div style='border: 1px solid rgba(150&comma;150&comma;150&comma;0.3); border-radius: 8px; overflow: hidden;'>\n<div style='padding: 15px; background: rgba(0&comma;145&comma;255&comma;0.1); border-bottom: 1px solid rgba(150&comma;150&comma;150&comma;0.2); font-weight: bold; font-size: 18px; color: inherit;'>Aplicaci\u00f3n<\/div>\n<div style='padding: 15px; color: inherit;'>\n<ul style='padding-left: 20px; margin: 0; font-size: 14px; list-style-type: disc;'>\n<li style='margin-bottom: 5px;'>Sistemas Punto &#8211; Punto<\/li>\n<li style='margin-bottom: 5px;'>Sistema Punto &#8211; Multipunto<\/li>\n<li style='margin-bottom: 5px;'>Amplificaci\u00f3n de se\u00f1al celular<\/li>\n<li style='margin-bottom: 5px;'>Sistemas pararrayos<\/li>\n<li style='margin-bottom: 5px;'>Radios bases de repetici\u00f3n<\/li>\n<li style='margin-bottom: 5px;'>Puntos de monitoreo<\/li>\n<li style='margin-bottom: 5px;'>Iluminaci\u00f3n<\/li>\n<li style='margin-bottom: 5px;'>Se\u00f1alizaci\u00f3n auditiva de emergencia<\/li>\n<li style='margin-bottom: 5px;'>Y m\u00e1s<\/li>\n<\/ul><\/div>\n<\/p><\/div>\n<\/p><\/div>\n<p> <!-- Notas t\u00e9cnicas destacadas --> <\/p>\n<div style='margin-bottom: 30px;'>\n<h3 style='font-size: 22px; border-bottom: 2px solid currentColor; padding-bottom: 5px; margin-top: 0; color: inherit; opacity: 0.8;'>Notas t\u00e9cnicas destacadas<\/h3>\n<ul style='padding-left: 20px; font-size: 14px; color: inherit;'>\n<li style='margin-bottom: 5px;'>Aseg\u00farese de que la instalaci\u00f3n sea realizada por un profesional capacitado<\/li>\n<li style='margin-bottom: 5px;'>Programe un plan de mantenimiento para revisi\u00f3n de tensiones en retenidas y ajuste de torniller\u00eda<\/li>\n<li style='margin-bottom: 5px;'>No instalar paneles solares a m\u00e1s de 6 metros de altura. Revisar la compatibilidad entre celdas solares y montajes<\/li>\n<li style='margin-bottom: 5px;'>Debe de realizarse un estudio de esfuerzos cuando se coloque una carga exc\u00e9ntrica en torre. \u00c9sta puede causar torsi\u00f3n y flexi\u00f3n excesiva en torre causando fallas estructurales<\/li>\n<li style='margin-bottom: 5px;'>El peso declarado es de los equipos sin accesorios y sin embalaje<\/li>\n<li style='margin-bottom: 5px;'>Se pueden adquirir las torres en kits completos <a style='color: #0091ff; text-decoration: none;' href='https:\/\/ftp3.syscom.mx\/usuarios\/ftp\/2021\/07\/27\/a827a\/KITS%20DE%20TORRES.pdf' target='_blank' rel='noopener'>VER KITS DE TORRES<\/a><\/li>\n<\/ul><\/div>\n<p> <!-- Advertencias --> <\/p>\n<div style='margin-bottom: 30px;'>\n<h3 style='font-size: 22px; border-bottom: 2px solid currentColor; padding-bottom: 5px; margin-top: 0; color: inherit; opacity: 0.8;'>Advertencia<\/h3>\n<ul style='padding-left: 20px; font-size: 14px; color: inherit;'>\n<li style='margin-bottom: 5px;'>El galvanizado por inmersi\u00f3n en caliente es recomendado para zonas h\u00famedas&comma; ambientes salitrosos y\/o corrosivos&comma; parques industriales con liberaci\u00f3n de gases <a style='color: #0091ff; text-decoration: none;' href='http:\/\/ftp3.syscom.mx\/usuarios\/dcarreon\/TORRES\/GALVANIZADO%20EN%20M%C3%89XICO%20(1).png' target='_blank' rel='noopener'><strong>VER MAPA DE \u00c1REAS<\/strong><\/a><\/li>\n<li style='margin-bottom: 5px;'>La torre debe ser pintada de acuerdo a (al menos) la especificaci\u00f3n CFE D8500-02 (7 Franjas sim\u00e9tricas de colores naranja y blanco intercaladas&comma; empezando y terminando en color naranja)<\/li>\n<li style='margin-bottom: 5px;'>Debe incluir alumbrado nocturno&comma; al menos dos luminarias una a la mitad y otra en la parte superior<\/li>\n<li style='margin-bottom: 5px;'>Se debe consultar la reglamentaci\u00f3n local seg\u00fan municipio para asegurar una correcta y legal instalaci\u00f3n de torre<\/li>\n<li style='margin-bottom: 5px;'>Recomendamos en todo momento seguir las recomendaciones de instalaci\u00f3n de retenida: <a style='color: #0091ff; text-decoration: none;' href='https:\/\/ftp3.syscom.mx\/usuarios\/fotos\/KTZ30G030\/75810-recomendaci%C3%B3n_de_instalaci%C3%B3n_de_retenida_2.0.png' target='_blank' rel='noopener'><strong>VER DIAGRAMA DE INSTALACI\u00d3N DE RETENIDA<\/strong><\/a><\/li>\n<\/ul><\/div>\n<p> <!-- Nota importante --> <\/p>\n<div style='margin-bottom: 30px;'>\n<p style='font-style: italic; color: inherit;'><strong>El armado de una torre con tramo STZ90G necesita forzosamente un tramo de desplante modelo <strong style='color: inherit;'>STZ90GDES<\/strong> para la correcta instalaci\u00f3n (Consultar con depto. de ingenier\u00eda para mayor informaci\u00f3n)<\/strong><\/p>\n<\/p><\/div>\n<p> <!-- Videos --> <\/p>\n<div style='margin-bottom: 30px;'>\n<h3 style='font-size: 22px; border-bottom: 2px solid currentColor; padding-bottom: 5px; margin-top: 0; color: inherit; opacity: 0.8;'>Curso Inductivo de Torres<\/h3>\n<div style='display: grid; grid-template-columns: repeat(auto-fit&comma; minmax(300px&comma; 1fr)); gap: 20px; margin-top: 20px;'> <!-- Video 1 --> <\/p>\n<div style='position: relative; padding-bottom: 56.25%; height: 0; overflow: hidden;'>   <\/div>\n<p> <!-- Video 2 --> <\/p>\n<div style='position: relative; padding-bottom: 56.25%; height: 0; overflow: hidden;'>   <\/div>\n<\/p><\/div>\n<\/p><\/div>\n<\/p><\/div>\n","protected":false},"excerpt":{"rendered":"<p>Tramo de Torre Arriostrada de 3 m x 90 cm de Cara para Zonas H\u00famedas. Hasta 120 metros de elevaci\u00f3n.<\/p>\n","protected":false},"featured_media":64330,"comment_status":"open","ping_status":"closed","template":"","meta":[],"product_brand":[],"product_cat":[1693],"product_tag":[733,1694,246],"class_list":{"0":"post-64331","1":"product","2":"type-product","3":"status-publish","4":"has-post-thumbnail","6":"product_cat-torres-arriostradas-kits","7":"product_tag-syscom-towers","8":"product_tag-torres-arriostradas-kits","9":"product_tag-torres-y-mastiles","11":"first","12":"outofstock","13":"sale","14":"shipping-taxable","15":"purchasable","16":"product-type-simple"},"_links":{"self":[{"href":"https:\/\/soydeaqui.ddns.net\/pachuca\/index.php\/wp-json\/wp\/v2\/product\/64331","targetHints":{"allow":["GET"]}}],"collection":[{"href":"https:\/\/soydeaqui.ddns.net\/pachuca\/index.php\/wp-json\/wp\/v2\/product"}],"about":[{"href":"https:\/\/soydeaqui.ddns.net\/pachuca\/index.php\/wp-json\/wp\/v2\/types\/product"}],"replies":[{"embeddable":true,"href":"https:\/\/soydeaqui.ddns.net\/pachuca\/index.php\/wp-json\/wp\/v2\/comments?post=64331"}],"wp:featuredmedia":[{"embeddable":true,"href":"https:\/\/soydeaqui.ddns.net\/pachuca\/index.php\/wp-json\/wp\/v2\/media\/64330"}],"wp:attachment":[{"href":"https:\/\/soydeaqui.ddns.net\/pachuca\/index.php\/wp-json\/wp\/v2\/media?parent=64331"}],"wp:term":[{"taxonomy":"product_brand","embeddable":true,"href":"https:\/\/soydeaqui.ddns.net\/pachuca\/index.php\/wp-json\/wp\/v2\/product_brand?post=64331"},{"taxonomy":"product_cat","embeddable":true,"href":"https:\/\/soydeaqui.ddns.net\/pachuca\/index.php\/wp-json\/wp\/v2\/product_cat?post=64331"},{"taxonomy":"product_tag","embeddable":true,"href":"https:\/\/soydeaqui.ddns.net\/pachuca\/index.php\/wp-json\/wp\/v2\/product_tag?post=64331"}],"curies":[{"name":"wp","href":"https:\/\/api.w.org\/{rel}","templated":true}]}}