{"id":64326,"date":"2026-03-19T07:44:24","date_gmt":"2026-03-19T07:44:24","guid":{"rendered":"https:\/\/soydeaqui.ddns.net\/pachuca\/index.php\/producto\/cable-coaxial-rg8-50-ohms-4-1db-100-cobre-hecho-en-mexico-retazo-de-3-metros\/"},"modified":"2026-03-19T07:44:26","modified_gmt":"2026-03-19T07:44:26","slug":"cable-coaxial-rg8-50-ohms-4-1db-100-cobre-hecho-en-mexico-retazo-de-3-metros","status":"publish","type":"product","link":"https:\/\/soydeaqui.ddns.net\/pachuca\/index.php\/producto\/cable-coaxial-rg8-50-ohms-4-1db-100-cobre-hecho-en-mexico-retazo-de-3-metros\/","title":{"rendered":"Cable Coaxial RG8, 50 OHMS, 4.1DB, 100% Cobre, Hecho en M\u00e9xico, Retazo de 3 Metros"},"content":{"rendered":"<div style='width: 100%; max-width: 1200px; margin: 0 auto; font-family: sans-serif; line-height: 1.6; color: inherit; background-color: transparent;'> <!-- Secci\u00f3n de descripci\u00f3n general --> <\/p>\n<div style='margin-bottom: 30px;'>\n<h3 style='font-size: 18px; border-bottom: 2px solid currentColor; padding-bottom: 5px; margin-top: 0; color: inherit; opacity: 0.8;'>Descripci\u00f3n general<\/h3>\n<p style='font-size: 14px; color: inherit; margin-top: 10px; margin-bottom: 15px;'>Coaxial formado por un conductor flexible o s\u00f3lido de cobre&comma; aislamiento de polietileno espumado o polietileno semi-r\u00edgido&comma; blindaje formado por una malla de cobre o cobre esta\u00f1ado y cubierta general de policloruro de vinilo retardante a la flama (FRPVC).<\/p>\n<\/p><\/div>\n<p> <!-- Secci\u00f3n de especificaciones --> <\/p>\n<div style='margin-bottom: 30px;'>\n<h3 style='font-size: 18px; border-bottom: 2px solid currentColor; padding-bottom: 5px; margin-top: 0; color: inherit; opacity: 0.8;'>Especificaciones<\/h3>\n<ul style='padding-left: 20px; font-size: 14px; color: inherit; margin-top: 10px; margin-bottom: 15px;'>\n<li style='margin-bottom: 5px;'>UL 444 Communications Cable<\/li>\n<li style='margin-bottom: 5px;'>UL 1655 Community-Antenna Television Cable<\/li>\n<\/ul><\/div>\n<p> <!-- Secci\u00f3n de aplicaciones --> <\/p>\n<div style='margin-bottom: 30px;'>\n<h3 style='font-size: 18px; border-bottom: 2px solid currentColor; padding-bottom: 5px; margin-top: 0; color: inherit; opacity: 0.8;'>Principales aplicaciones<\/h3>\n<ul style='padding-left: 20px; font-size: 14px; color: inherit; margin-top: 10px; margin-bottom: 15px;'>\n<li style='margin-bottom: 5px;'>Los cables Viakon\u00ae Coaxial RG 8 son usados en aplicaciones de video&comma; como circuitos cerrados&comma; antenas para TV y monitores de video monocromados.<\/li>\n<\/ul><\/div>\n<p> <!-- Secci\u00f3n de informaci\u00f3n complementaria --> <\/p>\n<div style='margin-bottom: 30px;'>\n<h3 style='font-size: 18px; border-bottom: 2px solid currentColor; padding-bottom: 5px; margin-top: 0; color: inherit; opacity: 0.8;'>Informaci\u00f3n complementaria<\/h3>\n<ul style='padding-left: 20px; font-size: 14px; color: inherit; margin-top: 10px; margin-bottom: 15px;'>\n<li style='margin-bottom: 5px;'><strong>Capacitancia Nominal:<\/strong> 85.3 pF\/m<\/li>\n<li style='margin-bottom: 5px;'><strong>Impedancia Caracter\u00edstica:<\/strong> 50 ohms<\/li>\n<li style='margin-bottom: 5px;'><strong>Velocidad de Propagaci\u00f3n Nom.:<\/strong> 78%<\/li>\n<li style='margin-bottom: 5px;'><strong>Color:<\/strong> Negro o de acuerdo a requerimiento del cliente<\/li>\n<li style='margin-bottom: 5px;'><strong>Empaque:<\/strong> Carretes&comma; Cajas o Rollos<\/li>\n<li style='margin-bottom: 5px;'><strong>Leyenda:<\/strong> Est\u00e1ndar Viakon\u00ae u opcional de acuerdo al requerimiento del cliente<\/li>\n<\/ul><\/div>\n<p> <!-- Nota sobre retazo --> <\/p>\n<div>\n<p style='font-size: 14px; color: inherit; margin-top: 0;'><strong>* Retazo de 3 metros<\/strong><\/p>\n<\/p><\/div>\n<\/p><\/div>\n","protected":false},"excerpt":{"rendered":"<p>Cable Coaxial RG8, 50 OHMS, 4.1DB, 100% Cobre, Hecho en M\u00e9xico, Retazo de 3 Metros<\/p>\n","protected":false},"featured_media":64325,"comment_status":"open","ping_status":"closed","template":"","meta":[],"product_brand":[],"product_cat":[1710],"product_tag":[138,1711,242],"class_list":{"0":"post-64326","1":"product","2":"type-product","3":"status-publish","4":"has-post-thumbnail","6":"product_cat-retazos","7":"product_tag-cables","8":"product_tag-retazos","9":"product_tag-viakon","11":"first","12":"outofstock","13":"sale","14":"shipping-taxable","15":"purchasable","16":"product-type-simple"},"_links":{"self":[{"href":"https:\/\/soydeaqui.ddns.net\/pachuca\/index.php\/wp-json\/wp\/v2\/product\/64326","targetHints":{"allow":["GET"]}}],"collection":[{"href":"https:\/\/soydeaqui.ddns.net\/pachuca\/index.php\/wp-json\/wp\/v2\/product"}],"about":[{"href":"https:\/\/soydeaqui.ddns.net\/pachuca\/index.php\/wp-json\/wp\/v2\/types\/product"}],"replies":[{"embeddable":true,"href":"https:\/\/soydeaqui.ddns.net\/pachuca\/index.php\/wp-json\/wp\/v2\/comments?post=64326"}],"wp:featuredmedia":[{"embeddable":true,"href":"https:\/\/soydeaqui.ddns.net\/pachuca\/index.php\/wp-json\/wp\/v2\/media\/64325"}],"wp:attachment":[{"href":"https:\/\/soydeaqui.ddns.net\/pachuca\/index.php\/wp-json\/wp\/v2\/media?parent=64326"}],"wp:term":[{"taxonomy":"product_brand","embeddable":true,"href":"https:\/\/soydeaqui.ddns.net\/pachuca\/index.php\/wp-json\/wp\/v2\/product_brand?post=64326"},{"taxonomy":"product_cat","embeddable":true,"href":"https:\/\/soydeaqui.ddns.net\/pachuca\/index.php\/wp-json\/wp\/v2\/product_cat?post=64326"},{"taxonomy":"product_tag","embeddable":true,"href":"https:\/\/soydeaqui.ddns.net\/pachuca\/index.php\/wp-json\/wp\/v2\/product_tag?post=64326"}],"curies":[{"name":"wp","href":"https:\/\/api.w.org\/{rel}","templated":true}]}}