{"id":64275,"date":"2026-03-19T07:42:45","date_gmt":"2026-03-19T07:42:45","guid":{"rendered":"https:\/\/soydeaqui.ddns.net\/pachuca\/index.php\/producto\/precio-por-metro-cable-rg59-conductor-central-de-alambre-de-cobre-calibre-20-blindado-de-malla-trenzada-de-cobre-80-aislante-de-polietileno-slido-hasta-agotar-existencias\/"},"modified":"2026-03-19T07:42:46","modified_gmt":"2026-03-19T07:42:46","slug":"precio-por-metro-cable-rg59-conductor-central-de-alambre-de-cobre-calibre-20-blindado-de-malla-trenzada-de-cobre-80-aislante-de-polietileno-slido-hasta-agotar-existencias","status":"publish","type":"product","link":"https:\/\/soydeaqui.ddns.net\/pachuca\/index.php\/producto\/precio-por-metro-cable-rg59-conductor-central-de-alambre-de-cobre-calibre-20-blindado-de-malla-trenzada-de-cobre-80-aislante-de-polietileno-slido-hasta-agotar-existencias\/","title":{"rendered":"( Precio Por Metro ) Cable RG59, Conductor Central De Alambre De Cobre Calibre 20, Blindado De Malla Trenzada De Cobre 80%, Aislante De Polietileno S?lido. Hasta Agotar Existencias"},"content":{"rendered":"<div style='width: 100%; max-width: 1200px; margin: 0 auto; font-family: sans-serif; line-height: 1.6; color: inherit; background-color: transparent;'>\n<div style='display: flex; flex-wrap: wrap; gap: 30px; margin-bottom: 30px;'>\n<div style='flex: 1 1 300px; min-width: 280px;'>\n<h3 style='font-size: 22px; border-bottom: 2px solid currentColor; padding-bottom: 5px; margin-top: 0; color: inherit; opacity: 0.8;'>DESCRIPCION<\/h3>\n<p style='font-size: 15px; color: inherit; margin-top: 0;'>Conductor de cobre solido&comma; aislamiento de polietileno espumado tipo SFS\u00ae (Skin Foam Skin)&comma; blindaje electromagn\u00e9tico contra interferencias (Malla de cobre al 80% de cobertura)&comma; cubierta de PVC (Policloruro de vinilo) con propiedades Retardantes a la flama y resistente a los rayos UV.<\/p>\n<\/p><\/div>\n<\/p><\/div>\n<div style='display: flex; flex-wrap: wrap; gap: 30px; margin-bottom: 30px;'>\n<div style='flex: 1 1 300px; min-width: 280px;'>\n<h3 style='font-size: 22px; border-bottom: 2px solid currentColor; padding-bottom: 5px; margin-top: 0; color: inherit; opacity: 0.8;'>APLICACI\u00d3N<\/h3>\n<p style='font-size: 15px; color: inherit; margin-top: 0;'>Los cables coaxiales est\u00e1n dise\u00f1ados para conectar y controlar los sistemas de video vigilancia&comma; tales como: C\u00e1maras en HD y DVR<\/p>\n<\/p><\/div>\n<\/p><\/div>\n<div style='display: flex; flex-wrap: wrap; gap: 20px; margin-bottom: 30px;'>\n<div style='flex: 1 1 250px; border: 1px solid rgba(150&comma; 150&comma; 150&comma; 0.4); border-radius: 8px; overflow: hidden; display: flex; flex-direction: column;'>\n<div style='padding: 15px; border-bottom: 1px solid rgba(150&comma; 150&comma; 150&comma; 0.2); font-weight: bold; font-size: 18px; color: inherit;'>CARACTERISTICAS<\/div>\n<div style='padding: 15px; color: inherit;'>\n<ul style='padding-left: 20px; margin: 0; font-size: 14px; list-style-type: disc;'>\n<li style='margin-bottom: 5px;'><strong>Impedancia:<\/strong> 76 Ohms<\/li>\n<li style='margin-bottom: 5px;'><strong>Factor de Velocidad:<\/strong> 82 %<\/li>\n<li style='margin-bottom: 5px;'><strong>Atenuaci\u00f3n en 30 mts. UHF 450 MHz:<\/strong> 6.9 dB<\/li>\n<li style='margin-bottom: 5px;'><strong>Conductor Interno Calibre AWG:<\/strong> 20<\/li>\n<li style='margin-bottom: 5px;'><strong>Aislamiento:<\/strong> Polietileno espumado<\/li>\n<li style='margin-bottom: 5px;'><strong>Blindaje:<\/strong> Malla trenzada de cobre 80%<\/li>\n<li style='margin-bottom: 5px;'><strong>Di\u00e1metro Exterior:<\/strong> 6.5 mm<\/li>\n<\/ul><\/div>\n<\/p><\/div>\n<\/p><\/div>\n<div style='display: flex; flex-wrap: wrap; gap: 30px; margin-bottom: 30px;'>\n<div style='flex: 1 1 300px; min-width: 280px;'>\n<h3 style='font-size: 22px; border-bottom: 2px solid currentColor; padding-bottom: 5px; margin-top: 0; color: inherit; opacity: 0.8;'>INFORMACI\u00d3N ADICIONAL<\/h3>\n<p style='font-size: 15px; color: inherit; margin-top: 0;'>Aplicaci\u00f3n: Para llevar se\u00f1ales de video compuesto&comma; 1 Vp-p&comma; 75 Ohms&comma; distancia t\u00edpica de video 150 mts. Requiere conector BNC para RG-59.<\/p>\n<p style='font-size: 15px; color: inherit; margin-top: 0;'><strong>* Precio por metro.<\/strong><\/p>\n<\/p><\/div>\n<\/p><\/div>\n<hr style='border: 0; border-top: 1px solid rgba(150&comma; 150&comma; 150&comma; 0.3); margin: 30px 0;'> <\/div>\n","protected":false},"excerpt":{"rendered":"<p>( Precio Por Metro ) Cable RG59, Conductor Central De Alambre De Cobre Calibre 20, Blindado De Malla Trenzada De Cobre 80%, Aislante De Polietileno S?lido. Hasta Agotar Existencias<\/p>\n","protected":false},"featured_media":64274,"comment_status":"open","ping_status":"closed","template":"","meta":[],"product_brand":[],"product_cat":[1558],"product_tag":[138,1559,242],"class_list":{"0":"post-64275","1":"product","2":"type-product","3":"status-publish","4":"has-post-thumbnail","6":"product_cat-coaxiales","7":"product_tag-cables","8":"product_tag-coaxiales","9":"product_tag-viakon","11":"first","12":"instock","13":"sale","14":"shipping-taxable","15":"purchasable","16":"product-type-simple"},"_links":{"self":[{"href":"https:\/\/soydeaqui.ddns.net\/pachuca\/index.php\/wp-json\/wp\/v2\/product\/64275","targetHints":{"allow":["GET"]}}],"collection":[{"href":"https:\/\/soydeaqui.ddns.net\/pachuca\/index.php\/wp-json\/wp\/v2\/product"}],"about":[{"href":"https:\/\/soydeaqui.ddns.net\/pachuca\/index.php\/wp-json\/wp\/v2\/types\/product"}],"replies":[{"embeddable":true,"href":"https:\/\/soydeaqui.ddns.net\/pachuca\/index.php\/wp-json\/wp\/v2\/comments?post=64275"}],"wp:featuredmedia":[{"embeddable":true,"href":"https:\/\/soydeaqui.ddns.net\/pachuca\/index.php\/wp-json\/wp\/v2\/media\/64274"}],"wp:attachment":[{"href":"https:\/\/soydeaqui.ddns.net\/pachuca\/index.php\/wp-json\/wp\/v2\/media?parent=64275"}],"wp:term":[{"taxonomy":"product_brand","embeddable":true,"href":"https:\/\/soydeaqui.ddns.net\/pachuca\/index.php\/wp-json\/wp\/v2\/product_brand?post=64275"},{"taxonomy":"product_cat","embeddable":true,"href":"https:\/\/soydeaqui.ddns.net\/pachuca\/index.php\/wp-json\/wp\/v2\/product_cat?post=64275"},{"taxonomy":"product_tag","embeddable":true,"href":"https:\/\/soydeaqui.ddns.net\/pachuca\/index.php\/wp-json\/wp\/v2\/product_tag?post=64275"}],"curies":[{"name":"wp","href":"https:\/\/api.w.org\/{rel}","templated":true}]}}