{"id":64239,"date":"2026-03-19T07:41:27","date_gmt":"2026-03-19T07:41:27","guid":{"rendered":"https:\/\/soydeaqui.ddns.net\/pachuca\/index.php\/producto\/atenuador-en-linea-de-10-db-1-w-conectores-sma-macho-hembra-cd-6-ghz\/"},"modified":"2026-03-19T07:41:27","modified_gmt":"2026-03-19T07:41:27","slug":"atenuador-en-linea-de-10-db-1-w-conectores-sma-macho-hembra-cd-6-ghz","status":"publish","type":"product","link":"https:\/\/soydeaqui.ddns.net\/pachuca\/index.php\/producto\/atenuador-en-linea-de-10-db-1-w-conectores-sma-macho-hembra-cd-6-ghz\/","title":{"rendered":"Atenuador en L\u00ednea de 10 dB, 1 W, Conectores SMA Macho-Hembra, CD-6 GHz."},"content":{"rendered":"<div style='width: 100%; max-width: 1200px; margin: 0 auto; font-family: sans-serif; line-height: 1.6; color: inherit; background-color: transparent;'> <!-- Secci\u00f3n de caracter\u00edsticas principales --> <\/p>\n<div style='display: flex; flex-wrap: wrap; gap: 30px; margin-bottom: 30px;'>\n<div style='flex: 1 1 300px; min-width: 280px;'>\n<h3 style='font-size: 22px; border-bottom: 2px solid currentColor; padding-bottom: 5px; margin-top: 0; color: inherit; opacity: 0.8;'>Caracter\u00edsticas Principales<\/h3>\n<ul style='padding-left: 20px; font-size: 15px; color: inherit;'>\n<li style='margin-bottom: 5px;'>Atenuador de 10 dB para reducci\u00f3n precisa<\/li>\n<li style='margin-bottom: 5px;'>Capacidad hasta 1 W de potencia<\/li>\n<li style='margin-bottom: 5px;'>Compatible con conectores SMA macho-hembra<\/li>\n<li style='margin-bottom: 5px;'>Rango de frecuencia hasta 6 GHz<\/li>\n<li style='margin-bottom: 5px;'>Ideal para aplicaciones RF avanzadas<\/li>\n<\/ul><\/div>\n<\/p><\/div>\n<p> <!-- Secci\u00f3n de especificaciones el\u00e9ctricas --> <\/p>\n<div style='display: flex; flex-wrap: wrap; gap: 30px; margin-bottom: 30px;'>\n<div style='flex: 1 1 300px; min-width: 280px;'>\n<h3 style='font-size: 22px; border-bottom: 2px solid currentColor; padding-bottom: 5px; margin-top: 0; color: inherit; opacity: 0.8;'>Especificaciones El\u00e9ctricas<\/h3>\n<ul style='padding-left: 20px; font-size: 15px; color: inherit;'>\n<li style='margin-bottom: 5px;'><strong>Atenuaci\u00f3n:<\/strong> 10 \u00b1 0.3 dB<\/li>\n<li style='margin-bottom: 5px;'><strong>Rango de Frecuencia:<\/strong> DC a 6000 MHz<\/li>\n<li style='margin-bottom: 5px;'><strong>Flatness:<\/strong> 0.10 dB (DC-3 GHz)&comma; 0.20 dB (3-5 GHz)&comma; 0.15 dB (5-6 GHz)<\/li>\n<li style='margin-bottom: 5px;'><strong>VSWR:<\/strong> 1.05:1 (DC-3 GHz)&comma; 1.25:1 (3-5 GHz)&comma; 1.60:1 (5-6 GHz)<\/li>\n<li style='margin-bottom: 5px;'><strong>Potencia M\u00e1xima:<\/strong> 1 W<\/li>\n<li style='margin-bottom: 5px;'><strong>Impedancia:<\/strong> 50 \u03a9<\/li>\n<li style='margin-bottom: 5px;'><strong>Atenuaci\u00f3n de Temperatura:<\/strong> Var\u00eda m\u00e1ximo 0.3 dB sobre temperatura<\/li>\n<\/ul><\/div>\n<p> <!-- Secci\u00f3n de especificaciones mec\u00e1nicas --> <\/p>\n<div style='flex: 1 1 300px; min-width: 280px;'>\n<h3 style='font-size: 22px; border-bottom: 2px solid currentColor; padding-bottom: 5px; margin-top: 0; color: inherit; opacity: 0.8;'>Especificaciones Mec\u00e1nicas<\/h3>\n<ul style='padding-left: 20px; font-size: 15px; color: inherit;'>\n<li style='margin-bottom: 5px;'><strong>Conectores:<\/strong> SMA Macho-Hembra<\/li>\n<li style='margin-bottom: 5px;'><strong>Estilo de Carcasa:<\/strong> FF704<\/li>\n<li style='margin-bottom: 5px;'><strong>Peso:<\/strong> 10.0 gramos<\/li>\n<li style='margin-bottom: 5px;'><strong>Dimensiones:<\/strong> 1.43&#8242; (36.32 mm) de longitud<\/li>\n<li style='margin-bottom: 5px;'><strong>Ancho de Flats:<\/strong> 0.312&#8242; (7.92 mm)<\/li>\n<li style='margin-bottom: 5px;'><strong>Material:<\/strong> Construcci\u00f3n r\u00edgida de cuerpo \u00fanico<\/li>\n<\/ul><\/div>\n<\/p><\/div>\n<p> <!-- Secci\u00f3n de condiciones de operaci\u00f3n --> <\/p>\n<div style='display: flex; flex-wrap: wrap; gap: 30px; margin-bottom: 30px;'>\n<div style='flex: 1 1 300px; min-width: 280px;'>\n<h3 style='font-size: 22px; border-bottom: 2px solid currentColor; padding-bottom: 5px; margin-top: 0; color: inherit; opacity: 0.8;'>Condiciones de Operaci\u00f3n<\/h3>\n<ul style='padding-left: 20px; font-size: 15px; color: inherit;'>\n<li style='margin-bottom: 5px;'><strong>Temperatura de Operaci\u00f3n:<\/strong> -45\u00b0C a 100\u00b0C<\/li>\n<li style='margin-bottom: 5px;'><strong>Temperatura de Almacenamiento:<\/strong> -55\u00b0C a 100\u00b0C<\/li>\n<li style='margin-bottom: 5px;'><strong>RoHS Compliant:<\/strong> S\u00ed&comma; con sufijo +<\/li>\n<\/ul><\/div>\n<p> <!-- Secci\u00f3n de aplicaciones --> <\/p>\n<div style='flex: 1 1 300px; min-width: 280px;'>\n<h3 style='font-size: 22px; border-bottom: 2px solid currentColor; padding-bottom: 5px; margin-top: 0; color: inherit; opacity: 0.8;'>Aplicaciones<\/h3>\n<ul style='padding-left: 20px; font-size: 15px; color: inherit;'>\n<li style='margin-bottom: 5px;'>Ajuste de nivel de se\u00f1al<\/li>\n<li style='margin-bottom: 5px;'>Emparejamiento de impedancia<\/li>\n<li style='margin-bottom: 5px;'>Instrumentaci\u00f3n RF<\/li>\n<li style='margin-bottom: 5px;'>Sistemas de comunicaci\u00f3n<\/li>\n<\/ul><\/div>\n<\/p><\/div>\n<p> <!-- Secci\u00f3n de datos t\u00edpicos --> <\/p>\n<div style='display: flex; flex-wrap: wrap; gap: 30px; margin-bottom: 30px;'>\n<div style='flex: 1 1 300px; min-width: 280px;'>\n<h3 style='font-size: 22px; border-bottom: 2px solid currentColor; padding-bottom: 5px; margin-top: 0; color: inherit; opacity: 0.8;'>Datos El\u00e9ctricos T\u00edpicos<\/h3>\n<table style='width: 100%; border-collapse: collapse; font-size: 14px; color: inherit;'>\n<thead>\n<tr style='border-bottom: 2px solid rgba(150&comma;150&comma;150&comma;0.3);'>\n<th style='text-align: left; padding: 8px 0;'>Frecuencia (MHz)<\/th>\n<th style='text-align: left; padding: 8px 0;'>Atenuaci\u00f3n (dB)<\/th>\n<th style='text-align: left; padding: 8px 0;'>VSWR<\/th>\n<\/tr>\n<\/thead>\n<tbody>\n<tr>\n<td style='padding: 6px 0;'>50<\/td>\n<td>10.06 dB<\/td>\n<td>1.00:1<\/td>\n<\/tr>\n<tr>\n<td style='padding: 6px 0;'>100<\/td>\n<td>10.01 dB<\/td>\n<td>1.01:1<\/td>\n<\/tr>\n<tr>\n<td style='padding: 6px 0;'>500<\/td>\n<td>10.06 dB<\/td>\n<td>1.01:1<\/td>\n<\/tr>\n<tr>\n<td style='padding: 6px 0;'>1000<\/td>\n<td>10.06 dB<\/td>\n<td>1.02:1<\/td>\n<\/tr>\n<tr>\n<td style='padding: 6px 0;'>2000<\/td>\n<td>10.01 dB<\/td>\n<td>1.03:1<\/td>\n<\/tr>\n<tr>\n<td style='padding: 6px 0;'>3000<\/td>\n<td>9.89 dB<\/td>\n<td>1.07:1<\/td>\n<\/tr>\n<tr>\n<td style='padding: 6px 0;'>4000<\/td>\n<td>9.60 dB<\/td>\n<td>1.19:1<\/td>\n<\/tr>\n<tr>\n<td style='padding: 6px 0;'>5000<\/td>\n<td>9.51 dB<\/td>\n<td>1.31:1<\/td>\n<\/tr>\n<tr>\n<td style='padding: 6px 0;'>6000<\/td>\n<td>9.69 dB<\/td>\n<td>1.50:1<\/td>\n<\/tr>\n<\/tbody>\n<\/table><\/div>\n<p> <!-- Secci\u00f3n de notas importantes --> <\/p>\n<div style='flex: 1 1 300px; min-width: 280px;'>\n<h3 style='font-size: 22px; border-bottom: 2px solid currentColor; padding-bottom: 5px; margin-top: 0; color: inherit; opacity: 0.8;'>Notas Importantes<\/h3>\n<ul style='padding-left: 20px; font-size: 14px; color: inherit;'>\n<li style='margin-bottom: 5px;'>A. Las especificaciones y condiciones no expresamente declaradas en este documento est\u00e1n excluidas y no forman parte de la especificaci\u00f3n.<\/li>\n<li style='margin-bottom: 5px;'>B. Las especificaciones el\u00e9ctricas est\u00e1n basadas en los criterios de prueba establecidos por Mini-Circuits.<\/li>\n<li style='margin-bottom: 5px;'>C. Los productos est\u00e1n sujetos a la garant\u00eda limitada est\u00e1ndar de Mini-Circuits. Visite www.minicircuits.com\/MCLStore\/terms.jsp para m\u00e1s informaci\u00f3n.<\/li>\n<\/ul><\/div>\n<\/p><\/div>\n<p> <!-- Separador --> <\/p>\n<hr style='border: 0; border-top: 1px solid rgba(150&comma; 150&comma; 150&comma; 0.3); margin: 30px 0;'> <!-- Secci\u00f3n de contacto --> <\/p>\n<div style='margin-top: 30px; padding: 15px; border-left: 4px solid rgba(0&comma; 120&comma; 215&comma; 0.8); background-color: rgba(0&comma; 0&comma; 0&comma; 0.05);'>\n<p style='margin: 0; font-size: 15px; color: inherit;'> <strong>Para potencias mayores y diferentes conectores&#8230; \u00a1Cont\u00e1ctenos!<\/strong><br \/> <strong>Soporte T\u00e9cnico:<\/strong> ventas@minicircuits.com<br \/> <strong>Tel\u00e9fono:<\/strong> (718) 934-4500 <\/p>\n<\/p><\/div>\n<\/p><\/div>\n","protected":false},"excerpt":{"rendered":"<p>Atenuador en L\u00ednea de 10 dB, 1 W, Conectores SMA Macho-Hembra, CD-6 GHz.<\/p>\n","protected":false},"featured_media":64238,"comment_status":"open","ping_status":"closed","template":"","meta":[],"product_brand":[],"product_cat":[1904],"product_tag":[1905,931,1720],"class_list":{"0":"post-64239","1":"product","2":"type-product","3":"status-publish","4":"has-post-thumbnail","6":"product_cat-atenuadores","7":"product_tag-atenuadores","8":"product_tag-equipo-de-laboratorio","9":"product_tag-mini-circuits","11":"first","12":"instock","13":"sale","14":"shipping-taxable","15":"purchasable","16":"product-type-simple"},"_links":{"self":[{"href":"https:\/\/soydeaqui.ddns.net\/pachuca\/index.php\/wp-json\/wp\/v2\/product\/64239","targetHints":{"allow":["GET"]}}],"collection":[{"href":"https:\/\/soydeaqui.ddns.net\/pachuca\/index.php\/wp-json\/wp\/v2\/product"}],"about":[{"href":"https:\/\/soydeaqui.ddns.net\/pachuca\/index.php\/wp-json\/wp\/v2\/types\/product"}],"replies":[{"embeddable":true,"href":"https:\/\/soydeaqui.ddns.net\/pachuca\/index.php\/wp-json\/wp\/v2\/comments?post=64239"}],"wp:featuredmedia":[{"embeddable":true,"href":"https:\/\/soydeaqui.ddns.net\/pachuca\/index.php\/wp-json\/wp\/v2\/media\/64238"}],"wp:attachment":[{"href":"https:\/\/soydeaqui.ddns.net\/pachuca\/index.php\/wp-json\/wp\/v2\/media?parent=64239"}],"wp:term":[{"taxonomy":"product_brand","embeddable":true,"href":"https:\/\/soydeaqui.ddns.net\/pachuca\/index.php\/wp-json\/wp\/v2\/product_brand?post=64239"},{"taxonomy":"product_cat","embeddable":true,"href":"https:\/\/soydeaqui.ddns.net\/pachuca\/index.php\/wp-json\/wp\/v2\/product_cat?post=64239"},{"taxonomy":"product_tag","embeddable":true,"href":"https:\/\/soydeaqui.ddns.net\/pachuca\/index.php\/wp-json\/wp\/v2\/product_tag?post=64239"}],"curies":[{"name":"wp","href":"https:\/\/api.w.org\/{rel}","templated":true}]}}