{"id":64134,"date":"2026-03-19T07:37:48","date_gmt":"2026-03-19T07:37:48","guid":{"rendered":"https:\/\/soydeaqui.ddns.net\/pachuca\/index.php\/producto\/punta-larga-tipo-cincel-para-soldar-de-5-mm-0-197-en-cautin-ps-900\/"},"modified":"2026-03-19T07:37:49","modified_gmt":"2026-03-19T07:37:49","slug":"punta-larga-tipo-cincel-para-soldar-de-5-mm-0-197-en-cautin-ps-900","status":"publish","type":"product","link":"https:\/\/soydeaqui.ddns.net\/pachuca\/index.php\/producto\/punta-larga-tipo-cincel-para-soldar-de-5-mm-0-197-en-cautin-ps-900\/","title":{"rendered":"Punta Larga Tipo Cincel para Soldar, de 5 mm (0.197&#8243;) en Caut\u00edn PS-900."},"content":{"rendered":"<div style='width: 100%; max-width: 1200px; margin: 0 auto; font-family: sans-serif; line-height: 1.6; color: inherit; background-color: transparent;'> <!-- Secci\u00f3n de caracter\u00edsticas principales --> <\/p>\n<div style='display: flex; flex-wrap: wrap; gap: 30px; margin-bottom: 30px;'>\n<div style='flex: 1 1 300px; min-width: 280px;'>\n<h3 style='font-size: 22px; border-bottom: 2px solid currentColor; padding-bottom: 5px; margin-top: 0; color: inherit; opacity: 0.8;'>Caracter\u00edsticas Principales<\/h3>\n<ul style='padding-left: 20px; font-size: 15px; color: inherit;'>\n<li style='margin-bottom: 5px;'>Punta tipo cincel para aplicaciones de servicio pesado<\/li>\n<li style='margin-bottom: 5px;'>Di\u00e1metro de 5 mm para precisi\u00f3n y eficiencia<\/li>\n<li style='margin-bottom: 5px;'>Compatibilidad con estaci\u00f3n de soldar PS-900<\/li>\n<li style='margin-bottom: 5px;'>Dise\u00f1o de punta larga para mejor alcance<\/li>\n<li style='margin-bottom: 5px;'>Material resistente ideal para altas temperaturas<\/li>\n<\/ul><\/div>\n<\/p><\/div>\n<p> <!-- Secci\u00f3n de especificaciones t\u00e9cnicas --> <\/p>\n<div style='display: flex; flex-wrap: wrap; gap: 20px; margin-bottom: 30px;'>\n<div style='flex: 1 1 250px; border: 1px solid rgba(150&comma; 150&comma; 150&comma; 0.4); border-radius: 8px; overflow: hidden; display: flex; flex-direction: column;'>\n<div style='padding: 15px; border-bottom: 1px solid rgba(150&comma; 150&comma; 150&comma; 0.2); font-weight: bold; font-size: 18px; color: inherit;'>Especificaciones T\u00e9cnicas<\/div>\n<div style='padding: 15px; color: inherit;'>\n<ul style='padding-left: 20px; margin: 0; font-size: 14px; list-style-type: disc;'>\n<li style='margin-bottom: 5px;'><strong>Tipo:<\/strong> Punta tipo cincel (Chisel)<\/li>\n<li style='margin-bottom: 5px;'><strong>Modelo:<\/strong> SFV-CH50A<\/li>\n<li style='margin-bottom: 5px;'><strong>Di\u00e1metro:<\/strong> 5.0 mm (0.197&#8242;)<\/li>\n<li style='margin-bottom: 5px;'><strong>Material:<\/strong> Aleaci\u00f3n resistente a altas temperaturas<\/li>\n<li style='margin-bottom: 5px;'><strong>Compatibilidad:<\/strong> Estaci\u00f3n de soldar PS-900<\/li>\n<li style='margin-bottom: 5px;'><strong>Aplicaciones:<\/strong> Soldadura de componentes de alta demanda t\u00e9rmica<\/li>\n<\/ul><\/div>\n<\/p><\/div>\n<p> <!-- Secci\u00f3n de aplicaciones --> <\/p>\n<div style='flex: 1 1 250px; border: 1px solid rgba(150&comma; 150&comma; 150&comma; 0.4); border-radius: 8px; overflow: hidden; display: flex; flex-direction: column;'>\n<div style='padding: 15px; border-bottom: 1px solid rgba(150&comma; 150&comma; 150&comma; 0.2); font-weight: bold; font-size: 18px; color: inherit;'>Aplicaciones<\/div>\n<div style='padding: 15px; color: inherit;'>\n<ul style='padding-left: 20px; margin: 0; font-size: 14px; list-style-type: disc;'>\n<li style='margin-bottom: 5px;'>Soldadura de componentes de alta densidad t\u00e9rmica<\/li>\n<li style='margin-bottom: 5px;'>Reparaci\u00f3n de PCB multicapa<\/li>\n<li style='margin-bottom: 5px;'>Aplicaciones de soldadura sin plomo<\/li>\n<li style='margin-bottom: 5px;'>Trabajo en \u00e1reas dif\u00edciles de alcanzar gracias a su dise\u00f1o de punta larga<\/li>\n<\/ul><\/div>\n<\/p><\/div>\n<p> <!-- Secci\u00f3n de beneficios --> <\/p>\n<div style='flex: 1 1 250px; border: 1px solid rgba(150&comma; 150&comma; 150&comma; 0.4); border-radius: 8px; overflow: hidden; display: flex; flex-direction: column;'>\n<div style='padding: 15px; border-bottom: 1px solid rgba(150&comma; 150&comma; 150&comma; 0.2); font-weight: bold; font-size: 18px; color: inherit;'>Beneficios<\/div>\n<div style='padding: 15px; color: inherit;'>\n<ul style='padding-left: 20px; margin: 0; font-size: 14px; list-style-type: disc;'>\n<li style='margin-bottom: 5px;'>Mayor durabilidad gracias al grosor adicional de plaquado<\/li>\n<li style='margin-bottom: 5px;'>Eficiencia en soldadura a temperaturas m\u00e1s bajas<\/li>\n<li style='margin-bottom: 5px;'>Reducci\u00f3n de oxidaci\u00f3n de la punta con el porta-puntas autom\u00e1tico<\/li>\n<li style='margin-bottom: 5px;'>Dise\u00f1o ergon\u00f3mico que reduce la fatiga del operador<\/li>\n<li style='margin-bottom: 5px;'>Bajos costos operativos y mantenimiento sencillo<\/li>\n<\/ul><\/div>\n<\/p><\/div>\n<\/p><\/div>\n<p> <!-- Secci\u00f3n de compatibilidad --> <\/p>\n<div style='display: flex; flex-wrap: wrap; gap: 30px; margin-bottom: 30px;'>\n<div style='flex: 1 1 300px; min-width: 280px;'>\n<h3 style='font-size: 22px; border-bottom: 2px solid currentColor; padding-bottom: 5px; margin-top: 0; color: inherit; opacity: 0.8;'>Compatibilidad<\/h3>\n<ul style='padding-left: 20px; font-size: 15px; color: inherit;'>\n<li style='margin-bottom: 5px;'>Estaci\u00f3n de soldar PS-900<\/li>\n<li style='margin-bottom: 5px;'>Porta-puntas PS-900<\/li>\n<li style='margin-bottom: 5px;'>Sistemas de soldadura con tecnolog\u00eda SmartHeat\u00ae<\/li>\n<\/ul><\/div>\n<\/p><\/div>\n<p> <!-- Separador --> <\/p>\n<hr style='border: 0; border-top: 1px solid rgba(150&comma; 150&comma; 150&comma; 0.3); margin: 30px 0;'> <\/div>\n","protected":false},"excerpt":{"rendered":"<p>Punta Larga Tipo Cincel para Soldar, de 5 mm (0.197&#8243;) en Caut\u00edn PS-900.<\/p>\n","protected":false},"featured_media":64133,"comment_status":"open","ping_status":"closed","template":"","meta":[],"product_brand":[],"product_cat":[930],"product_tag":[931,932,63],"class_list":{"0":"post-64134","1":"product","2":"type-product","3":"status-publish","4":"has-post-thumbnail","6":"product_cat-estacion-de-soldar-y-desoldadoras","7":"product_tag-equipo-de-laboratorio","8":"product_tag-estacion-de-soldar-y-desoldadoras","9":"product_tag-syscom","11":"first","12":"instock","13":"sale","14":"shipping-taxable","15":"purchasable","16":"product-type-simple"},"_links":{"self":[{"href":"https:\/\/soydeaqui.ddns.net\/pachuca\/index.php\/wp-json\/wp\/v2\/product\/64134","targetHints":{"allow":["GET"]}}],"collection":[{"href":"https:\/\/soydeaqui.ddns.net\/pachuca\/index.php\/wp-json\/wp\/v2\/product"}],"about":[{"href":"https:\/\/soydeaqui.ddns.net\/pachuca\/index.php\/wp-json\/wp\/v2\/types\/product"}],"replies":[{"embeddable":true,"href":"https:\/\/soydeaqui.ddns.net\/pachuca\/index.php\/wp-json\/wp\/v2\/comments?post=64134"}],"wp:featuredmedia":[{"embeddable":true,"href":"https:\/\/soydeaqui.ddns.net\/pachuca\/index.php\/wp-json\/wp\/v2\/media\/64133"}],"wp:attachment":[{"href":"https:\/\/soydeaqui.ddns.net\/pachuca\/index.php\/wp-json\/wp\/v2\/media?parent=64134"}],"wp:term":[{"taxonomy":"product_brand","embeddable":true,"href":"https:\/\/soydeaqui.ddns.net\/pachuca\/index.php\/wp-json\/wp\/v2\/product_brand?post=64134"},{"taxonomy":"product_cat","embeddable":true,"href":"https:\/\/soydeaqui.ddns.net\/pachuca\/index.php\/wp-json\/wp\/v2\/product_cat?post=64134"},{"taxonomy":"product_tag","embeddable":true,"href":"https:\/\/soydeaqui.ddns.net\/pachuca\/index.php\/wp-json\/wp\/v2\/product_tag?post=64134"}],"curies":[{"name":"wp","href":"https:\/\/api.w.org\/{rel}","templated":true}]}}