{"id":64116,"date":"2026-03-19T07:37:12","date_gmt":"2026-03-19T07:37:12","guid":{"rendered":"https:\/\/soydeaqui.ddns.net\/pachuca\/index.php\/producto\/kit-de-microfono-audifono-profesional-de-3-cables-para-kenwood-nx-340-320-420-tk-3230-3000-3402-3312-3360-3170-2\/"},"modified":"2026-03-19T07:37:13","modified_gmt":"2026-03-19T07:37:13","slug":"kit-de-microfono-audifono-profesional-de-3-cables-para-kenwood-nx-340-320-420-tk-3230-3000-3402-3312-3360-3170-2","status":"publish","type":"product","link":"https:\/\/soydeaqui.ddns.net\/pachuca\/index.php\/producto\/kit-de-microfono-audifono-profesional-de-3-cables-para-kenwood-nx-340-320-420-tk-3230-3000-3402-3312-3360-3170-2\/","title":{"rendered":"Kit de Micr\u00f3fono-Aud\u00edfono profesional de 3 cables para KENWOOD NX-340\/320\/420, TK-3230\/3000\/3402\/3312\/3360\/3170"},"content":{"rendered":"<div style='width: 100%; max-width: 1200px; margin: 0 auto; font-family: sans-serif; line-height: 1.6; color: inherit; background-color: transparent;'> <!-- Secci\u00f3n de im\u00e1genes y caracter\u00edsticas principales --> <\/p>\n<div style='display: flex; flex-wrap: wrap; gap: 30px; margin-bottom: 30px;'>\n<div style='flex: 1 1 300px; min-width: 280px;'> <img style='width: 100%; height: auto; border: 1px solid rgba(150&comma;150&comma;150&comma;0.3); border-radius: 8px;' src='http:\/\/ftp3.syscom.mx\/usuarios\/fotos\/E2RE2KB5111\/87816-otto.png' alt='Kit de Micr\u00f3fono-Aud\u00edfono profesional OTTO V110265'> <\/div>\n<div style='flex: 1 1 300px; min-width: 280px;'>\n<h3 style='font-size: 22px; border-bottom: 2px solid currentColor; padding-bottom: 5px; margin-top: 0; color: inherit; opacity: 0.8;'>Caracter\u00edsticas principales<\/h3>\n<ul style='padding-left: 20px; font-size: 15px; color: inherit;'>\n<li>Kit de solapa de 3 cables<\/li>\n<li>Tubo ac\u00fastico transparente y flexible de bajo perfil<\/li>\n<li>Bot\u00f3n de PTT independiente<\/li>\n<li>Inserto de o\u00eddo confortable para largas jornadas<\/li>\n<li>Partes reemplazables<\/li>\n<li>Tubo ac\u00fastico Plug and Play para uso en m\u00faltiples turnos<\/li>\n<li>Cables reforzados con Kevlar<\/li>\n<li>Color Negro<\/li>\n<\/ul><\/div>\n<\/p><\/div>\n<p> <!-- Secci\u00f3n de especificaciones t\u00e9cnicas --> <\/p>\n<div style='display: flex; flex-wrap: wrap; gap: 20px; margin-bottom: 30px;'>\n<div style='flex: 1 1 250px; border: 1px solid rgba(150&comma; 150&comma; 150&comma; 0.4); border-radius: 8px; overflow: hidden; display: flex; flex-direction: column;'>\n<div style='padding: 15px; border-bottom: 1px solid rgba(150&comma; 150&comma; 150&comma; 0.2); font-weight: bold; font-size: 18px; color: inherit;'>Especificaciones Mec\u00e1nicas<\/div>\n<div style='padding: 15px; color: inherit;'>\n<ul style='padding-left: 20px; margin: 0; font-size: 14px; list-style-type: disc;'>\n<li style='margin-bottom: 5px;'><strong>Cable Pull desde el enchufe:<\/strong> 20 lbs<\/li>\n<li style='margin-bottom: 5px;'><strong>Cable Pull desde el PTT:<\/strong> 10 lbs<\/li>\n<li style='margin-bottom: 5px;'><strong>Cable Pull desde el aud\u00edfono:<\/strong> 10 lbs<\/li>\n<\/ul><\/div>\n<\/p><\/div>\n<div style='flex: 1 1 250px; border: 1px solid rgba(150&comma; 150&comma; 150&comma; 0.4); border-radius: 8px; overflow: hidden; display: flex; flex-direction: column;'>\n<div style='padding: 15px; border-bottom: 1px solid rgba(150&comma; 150&comma; 150&comma; 0.2); font-weight: bold; font-size: 18px; color: inherit;'>Especificaciones Ambientales<\/div>\n<div style='padding: 15px; color: inherit;'>\n<ul style='padding-left: 20px; margin: 0; font-size: 14px; list-style-type: disc;'>\n<li style='margin-bottom: 5px;'><strong>Temperatura de operaci\u00f3n:<\/strong> -30\u00b0 C a +75\u00b0 C<\/li>\n<li style='margin-bottom: 5px;'><strong>Temperatura de almacenamiento:<\/strong> -40\u00b0 C a +85\u00b0 C<\/li>\n<\/ul><\/div>\n<\/p><\/div>\n<div style='flex: 1 1 250px; border: 1px solid rgba(150&comma; 150&comma; 150&comma; 0.4); border-radius: 8px; overflow: hidden; display: flex; flex-direction: column;'>\n<div style='padding: 15px; border-bottom: 1px solid rgba(150&comma; 150&comma; 150&comma; 0.2); font-weight: bold; font-size: 18px; color: inherit;'>Caracter\u00edsticas Adicionales<\/div>\n<div style='padding: 15px; color: inherit;'>\n<ul style='padding-left: 20px; margin: 0; font-size: 14px; list-style-type: disc;'>\n<li style='margin-bottom: 5px;'>Cable ret\u00e9n para mayor seguridad<\/li>\n<li style='margin-bottom: 5px;'>Tubos ac\u00fasticos intercambiables<\/li>\n<li style='margin-bottom: 5px;'>Insertos de marco abierto para escucha ambiental<\/li>\n<li style='margin-bottom: 5px;'>Material hipoalerg\u00e9nico<\/li>\n<li style='margin-bottom: 5px;'>Reducci\u00f3n de ruido certificada (NRR) de 25dB<\/li>\n<\/ul><\/div>\n<\/p><\/div>\n<\/p><\/div>\n<p> <!-- Secci\u00f3n de aplicaciones --> <\/p>\n<div style='margin-bottom: 30px;'>\n<h3 style='font-size: 22px; border-bottom: 2px solid currentColor; padding-bottom: 5px; margin-top: 0; color: inherit; opacity: 0.8;'>Aplicaciones<\/h3>\n<p style='font-size: 15px; color: inherit;'>Ideal para seguridad en aeropuertos&comma; casinos&comma; plantas de manufactura&comma; control de multitudes en convenciones y conciertos&comma; y otros ambientes que requieren comunicaci\u00f3n discreta.<\/p>\n<ul style='padding-left: 20px; font-size: 15px; color: inherit;'>\n<li>Seguridad y vigilancia<\/li>\n<li>Comunicaciones discretas<\/li>\n<li>Uso en m\u00faltiples turnos<\/li>\n<li>Entornos ruidosos y silenciosos<\/li>\n<\/ul><\/div>\n<p> <!-- Separador --> <\/p>\n<hr style='border: 0; border-top: 1px solid rgba(150&comma; 150&comma; 150&comma; 0.3); margin: 30px 0;'> <!-- Secci\u00f3n de compatibilidad --> <\/p>\n<div style='margin-bottom: 30px;'>\n<h3 style='font-size: 22px; border-bottom: 2px solid currentColor; padding-bottom: 5px; margin-top: 0; color: inherit; opacity: 0.8;'>Compatibilidad<\/h3>\n<p style='font-size: 15px; color: inherit;'>Este kit es compatible con las siguientes radios Kenwood:<\/p>\n<ul style='padding-left: 20px; font-size: 15px; color: inherit;'>\n<li>Kenwood NX-340\/320\/420<\/li>\n<li>Kenwood TK-3230\/3000\/3402\/3312\/3360\/3170<\/li>\n<\/ul><\/div>\n<p> <!-- Secci\u00f3n de garant\u00eda --> <\/p>\n<div style='margin-bottom: 30px;'>\n<h3 style='font-size: 22px; border-bottom: 2px solid currentColor; padding-bottom: 5px; margin-top: 0; color: inherit; opacity: 0.8;'>Garant\u00eda<\/h3>\n<p style='font-size: 15px; color: inherit;'>24 meses de garant\u00eda del fabricante.<\/p>\n<\/p><\/div>\n<\/p><\/div>\n","protected":false},"excerpt":{"rendered":"<p>Kit de Micr\u00f3fono-Aud\u00edfono profesional de 3 cables para KENWOOD NX-340\/320\/420, TK-3230\/3000\/3402\/3312\/3360\/3170<\/p>\n","protected":false},"featured_media":64047,"comment_status":"open","ping_status":"closed","template":"","meta":[],"product_brand":[],"product_cat":[1586],"product_tag":[1579,1518,1585],"class_list":{"0":"post-64116","1":"product","2":"type-product","3":"status-publish","4":"has-post-thumbnail","6":"product_cat-microfono-audifono-accesorios-para-kenwood","7":"product_tag-accesorios-para-kenwood","8":"product_tag-microfono-audifono","9":"product_tag-otto","11":"first","12":"outofstock","13":"sale","14":"shipping-taxable","15":"purchasable","16":"product-type-simple"},"_links":{"self":[{"href":"https:\/\/soydeaqui.ddns.net\/pachuca\/index.php\/wp-json\/wp\/v2\/product\/64116","targetHints":{"allow":["GET"]}}],"collection":[{"href":"https:\/\/soydeaqui.ddns.net\/pachuca\/index.php\/wp-json\/wp\/v2\/product"}],"about":[{"href":"https:\/\/soydeaqui.ddns.net\/pachuca\/index.php\/wp-json\/wp\/v2\/types\/product"}],"replies":[{"embeddable":true,"href":"https:\/\/soydeaqui.ddns.net\/pachuca\/index.php\/wp-json\/wp\/v2\/comments?post=64116"}],"wp:featuredmedia":[{"embeddable":true,"href":"https:\/\/soydeaqui.ddns.net\/pachuca\/index.php\/wp-json\/wp\/v2\/media\/64047"}],"wp:attachment":[{"href":"https:\/\/soydeaqui.ddns.net\/pachuca\/index.php\/wp-json\/wp\/v2\/media?parent=64116"}],"wp:term":[{"taxonomy":"product_brand","embeddable":true,"href":"https:\/\/soydeaqui.ddns.net\/pachuca\/index.php\/wp-json\/wp\/v2\/product_brand?post=64116"},{"taxonomy":"product_cat","embeddable":true,"href":"https:\/\/soydeaqui.ddns.net\/pachuca\/index.php\/wp-json\/wp\/v2\/product_cat?post=64116"},{"taxonomy":"product_tag","embeddable":true,"href":"https:\/\/soydeaqui.ddns.net\/pachuca\/index.php\/wp-json\/wp\/v2\/product_tag?post=64116"}],"curies":[{"name":"wp","href":"https:\/\/api.w.org\/{rel}","templated":true}]}}