{"id":64113,"date":"2026-03-19T07:37:06","date_gmt":"2026-03-19T07:37:06","guid":{"rendered":"https:\/\/soydeaqui.ddns.net\/pachuca\/index.php\/producto\/kit-de-microfono-audifono-profesional-de-2-cables-motorola-ep350-450-450s-magone-mototrbo-dep450xpr3000cp200d-hytera-tc500-600-5\/"},"modified":"2026-03-19T07:37:07","modified_gmt":"2026-03-19T07:37:07","slug":"kit-de-microfono-audifono-profesional-de-2-cables-motorola-ep350-450-450s-magone-mototrbo-dep450xpr3000cp200d-hytera-tc500-600-5","status":"publish","type":"product","link":"https:\/\/soydeaqui.ddns.net\/pachuca\/index.php\/producto\/kit-de-microfono-audifono-profesional-de-2-cables-motorola-ep350-450-450s-magone-mototrbo-dep450xpr3000cp200d-hytera-tc500-600-5\/","title":{"rendered":"Kit de Micr\u00f3fono-Aud\u00edfono profesional de 2 cables Motorola EP350\/450\/450S, MAGONE, MOTOTRBO: DEP450,XPR3000,CP200D. Hytera TC500\/600"},"content":{"rendered":"<div style='width: 100%; max-width: 1200px; margin: 0 auto; font-family: sans-serif; line-height: 1.6; color: inherit; background-color: transparent;'> <!-- Imagen --> <\/p>\n<div style='margin-bottom: 30px;'> <img style='width: 100%; height: auto; border: 1px solid rgba(150&comma;150&comma;150&comma;0.3); border-radius: 8px;' src='http:\/\/ftp3.syscom.mx\/usuarios\/fotos\/E2RE2KB5111\/87816-otto.png' alt='Kit de Micr\u00f3fono-Aud\u00edfono profesional OTTO V110176'> <\/div>\n<p> <!-- Secci\u00f3n de compatibilidad --> <\/p>\n<div style='display: flex; flex-wrap: wrap; gap: 30px; margin-bottom: 30px;'>\n<div style='flex: 1 1 300px; min-width: 280px;'>\n<h3 style='font-size: 22px; border-bottom: 2px solid currentColor; padding-bottom: 5px; margin-top: 0; color: inherit; opacity: 0.8;'>Compatibilidad<\/h3>\n<ul style='padding-left: 20px; font-size: 15px; color: inherit;'>\n<li style='margin-bottom: 5px;'><strong>Motorola:<\/strong> EP350\/450\/450S&comma; MAGONE&comma; MOTOTRBO: DEP450&comma; XPR3000&comma; CP200D<\/li>\n<li style='margin-bottom: 5px;'><strong>Hytera:<\/strong> TC500\/600<\/li>\n<\/ul><\/div>\n<\/p><\/div>\n<p> <!-- Secci\u00f3n de caracter\u00edsticas principales --> <\/p>\n<div style='display: flex; flex-wrap: wrap; gap: 30px; margin-bottom: 30px;'>\n<div style='flex: 1 1 300px; min-width: 280px;'>\n<h3 style='font-size: 22px; border-bottom: 2px solid currentColor; padding-bottom: 5px; margin-top: 0; color: inherit; opacity: 0.8;'>Caracter\u00edsticas<\/h3>\n<ul style='padding-left: 20px; font-size: 15px; color: inherit;'>\n<li style='margin-bottom: 5px;'>Kit de solapa de 2 cables<\/li>\n<li style='margin-bottom: 5px;'>Tubo ac\u00fastico transparente y flexible de bajo perfil para excelente calidad de audio y comunicaci\u00f3n discreta<\/li>\n<li style='margin-bottom: 5px;'>Bot\u00f3n de PTT al lado del micr\u00f3fono<\/li>\n<li style='margin-bottom: 5px;'>Inserto de o\u00eddo confortable para largas jornadas de trabajo<\/li>\n<li style='margin-bottom: 5px;'>Partes reemplazables<\/li>\n<li style='margin-bottom: 5px;'>Tubo ac\u00fastico Plug and Play para compartir equipo en m\u00faltiples turnos manteniendo higiene<\/li>\n<li style='margin-bottom: 5px;'>Cables reforzados con Kevlar para mayor resistencia<\/li>\n<\/ul><\/div>\n<\/p><\/div>\n<p> <!-- Secci\u00f3n de especificaciones t\u00e9cnicas --> <\/p>\n<div style='display: flex; flex-wrap: wrap; gap: 20px; margin-bottom: 30px;'>\n<div style='flex: 1 1 250px; border: 1px solid rgba(150&comma; 150&comma; 150&comma; 0.4); border-radius: 8px; overflow: hidden; display: flex; flex-direction: column;'>\n<div style='padding: 15px; border-bottom: 1px solid rgba(150&comma; 150&comma; 150&comma; 0.2); font-weight: bold; font-size: 18px; color: inherit;'>Especificaciones Mec\u00e1nicas<\/div>\n<div style='padding: 15px; color: inherit;'>\n<ul style='padding-left: 20px; margin: 0; font-size: 14px; list-style-type: disc;'>\n<li style='margin-bottom: 5px;'>Resistencia de cable en conector: 30 lbs<\/li>\n<li style='margin-bottom: 5px;'>Resistencia de cable en auricular: 10 lbs<\/li>\n<li style='margin-bottom: 5px;'>Fuerza operativa del micr\u00f3fono\/interruptor: 1.5 \u2013 2.0 lbs<\/li>\n<li style='margin-bottom: 5px;'>Resistencia de cable desde extremo PTT: 10 lbs<\/li>\n<li style='margin-bottom: 5px;'>Resistencia de cable desde extremo auricular: 10 lbs<\/li>\n<\/ul><\/div>\n<\/p><\/div>\n<div style='flex: 1 1 250px; border: 1px solid rgba(150&comma; 150&comma; 150&comma; 0.4); border-radius: 8px; overflow: hidden; display: flex; flex-direction: column;'>\n<div style='padding: 15px; border-bottom: 1px solid rgba(150&comma; 150&comma; 150&comma; 0.2); font-weight: bold; font-size: 18px; color: inherit;'>Especificaciones Ambientales<\/div>\n<div style='padding: 15px; color: inherit;'>\n<ul style='padding-left: 20px; margin: 0; font-size: 14px; list-style-type: disc;'>\n<li style='margin-bottom: 5px;'>Temperatura de operaci\u00f3n: -30\u00b0 C a +75\u00b0 C<\/li>\n<li style='margin-bottom: 5px;'>Temperatura de almacenamiento: -40\u00b0 C a +85\u00b0 C<\/li>\n<\/ul><\/div>\n<\/p><\/div>\n<div style='flex: 1 1 250px; border: 1px solid rgba(150&comma; 150&comma; 150&comma; 0.4); border-radius: 8px; overflow: hidden; display: flex; flex-direction: column;'>\n<div style='padding: 15px; border-bottom: 1px solid rgba(150&comma; 150&comma; 150&comma; 0.2); font-weight: bold; font-size: 18px; color: inherit;'>Caracter\u00edsticas Adicionales<\/div>\n<div style='padding: 15px; color: inherit;'>\n<ul style='padding-left: 20px; margin: 0; font-size: 14px; list-style-type: disc;'>\n<li style='margin-bottom: 5px;'>Dise\u00f1o de marco abierto para permitir escuchar ruido ambiente<\/li>\n<li style='margin-bottom: 5px;'>Material hipoalerg\u00e9nico<\/li>\n<li style='margin-bottom: 5px;'>Atenuaci\u00f3n de ruido certificada (NRR) de 25dB<\/li>\n<li style='margin-bottom: 5px;'>Insertos de espuma ajustables<\/li>\n<li style='margin-bottom: 5px;'>Caracter\u00edstica de retenci\u00f3n de cable para eliminar tensi\u00f3n en el auricular<\/li>\n<\/ul><\/div>\n<\/p><\/div>\n<\/p><\/div>\n<p> <!-- Separador --> <\/p>\n<hr style='border: 0; border-top: 1px solid rgba(150&comma; 150&comma; 150&comma; 0.3); margin: 30px 0;'> <!-- Secci\u00f3n de aplicaciones --> <\/p>\n<div style='display: flex; flex-wrap: wrap; gap: 30px; margin-bottom: 30px;'>\n<div style='flex: 1 1 300px; min-width: 280px;'>\n<h3 style='font-size: 22px; border-bottom: 2px solid currentColor; padding-bottom: 5px; margin-top: 0; color: inherit; opacity: 0.8;'>Aplicaciones<\/h3>\n<ul style='padding-left: 20px; font-size: 15px; color: inherit;'>\n<li style='margin-bottom: 5px;'>Seguridad en aeropuertos<\/li>\n<li style='margin-bottom: 5px;'>Casinos<\/li>\n<li style='margin-bottom: 5px;'>Plantas manufactureras<\/li>\n<li style='margin-bottom: 5px;'>Control de multitudes en convenciones y conciertos<\/li>\n<li style='margin-bottom: 5px;'>Cualquier entorno que requiera comunicaciones discretas<\/li>\n<\/ul><\/div>\n<\/p><\/div>\n<p> <!-- Secci\u00f3n de garant\u00eda y detalles --> <\/p>\n<div style='display: flex; flex-wrap: wrap; gap: 30px; margin-bottom: 30px;'>\n<div style='flex: 1 1 300px; min-width: 280px;'>\n<h3 style='font-size: 22px; border-bottom: 2px solid currentColor; padding-bottom: 5px; margin-top: 0; color: inherit; opacity: 0.8;'>Detalles del Producto<\/h3>\n<ul style='padding-left: 20px; font-size: 15px; color: inherit;'>\n<li style='margin-bottom: 5px;'><strong>Color:<\/strong> Negro<\/li>\n<li style='margin-bottom: 5px;'><strong>Garant\u00eda:<\/strong> 24 meses del fabricante<\/li>\n<li style='margin-bottom: 5px;'><strong>Conector:<\/strong> Adaptador de desconexi\u00f3n r\u00e1pida<\/li>\n<li style='margin-bottom: 5px;'><strong>Colores disponibles:<\/strong> Negro o beige<\/li>\n<\/ul><\/div>\n<\/p><\/div>\n<\/p><\/div>\n","protected":false},"excerpt":{"rendered":"<p>Kit de Micr\u00f3fono-Aud\u00edfono profesional de 2 cables Motorola EP350\/450\/450S, MAGONE, MOTOTRBO: DEP450,XPR3000,CP200D. Hytera TC500\/600<\/p>\n","protected":false},"featured_media":64045,"comment_status":"open","ping_status":"closed","template":"","meta":[],"product_brand":[],"product_cat":[1888],"product_tag":[1583,1518,1585],"class_list":{"0":"post-64113","1":"product","2":"type-product","3":"status-publish","4":"has-post-thumbnail","6":"product_cat-microfono-audifono-accesorios-para-hytera-hyt","7":"product_tag-accesorios-para-hytera-hyt","8":"product_tag-microfono-audifono","9":"product_tag-otto","11":"first","12":"outofstock","13":"sale","14":"shipping-taxable","15":"purchasable","16":"product-type-simple"},"_links":{"self":[{"href":"https:\/\/soydeaqui.ddns.net\/pachuca\/index.php\/wp-json\/wp\/v2\/product\/64113","targetHints":{"allow":["GET"]}}],"collection":[{"href":"https:\/\/soydeaqui.ddns.net\/pachuca\/index.php\/wp-json\/wp\/v2\/product"}],"about":[{"href":"https:\/\/soydeaqui.ddns.net\/pachuca\/index.php\/wp-json\/wp\/v2\/types\/product"}],"replies":[{"embeddable":true,"href":"https:\/\/soydeaqui.ddns.net\/pachuca\/index.php\/wp-json\/wp\/v2\/comments?post=64113"}],"wp:featuredmedia":[{"embeddable":true,"href":"https:\/\/soydeaqui.ddns.net\/pachuca\/index.php\/wp-json\/wp\/v2\/media\/64045"}],"wp:attachment":[{"href":"https:\/\/soydeaqui.ddns.net\/pachuca\/index.php\/wp-json\/wp\/v2\/media?parent=64113"}],"wp:term":[{"taxonomy":"product_brand","embeddable":true,"href":"https:\/\/soydeaqui.ddns.net\/pachuca\/index.php\/wp-json\/wp\/v2\/product_brand?post=64113"},{"taxonomy":"product_cat","embeddable":true,"href":"https:\/\/soydeaqui.ddns.net\/pachuca\/index.php\/wp-json\/wp\/v2\/product_cat?post=64113"},{"taxonomy":"product_tag","embeddable":true,"href":"https:\/\/soydeaqui.ddns.net\/pachuca\/index.php\/wp-json\/wp\/v2\/product_tag?post=64113"}],"curies":[{"name":"wp","href":"https:\/\/api.w.org\/{rel}","templated":true}]}}