{"id":64067,"date":"2026-03-19T07:35:33","date_gmt":"2026-03-19T07:35:33","guid":{"rendered":"https:\/\/soydeaqui.ddns.net\/pachuca\/index.php\/producto\/microfono-bocina-de-uso-rudo-a-prueba-de-agua-para-motorola-gp300-ep450\/"},"modified":"2026-03-19T07:35:36","modified_gmt":"2026-03-19T07:35:36","slug":"microfono-bocina-de-uso-rudo-a-prueba-de-agua-para-motorola-gp300-ep450","status":"publish","type":"product","link":"https:\/\/soydeaqui.ddns.net\/pachuca\/index.php\/producto\/microfono-bocina-de-uso-rudo-a-prueba-de-agua-para-motorola-gp300-ep450\/","title":{"rendered":"Micr\u00f3fono Bocina de Uso Rudo a prueba de agua para Motorola GP300, EP450"},"content":{"rendered":"<div style='width: 100%; max-width: 1200px; margin: 0 auto; font-family: sans-serif; line-height: 1.6; color: inherit; background-color: transparent;'>\n<div style='display: flex; flex-wrap: wrap; gap: 30px; margin-bottom: 30px;'>\n<div style='flex: 1 1 300px; min-width: 280px;'>\n<h3 style='font-size: 22px; border-bottom: 2px solid currentColor; padding-bottom: 5px; margin-top: 0; color: inherit; opacity: 0.8;'>Compatibilidad<\/h3>\n<ul style='padding-left: 20px; font-size: 15px; color: inherit;'>\n<li style='margin-bottom: 5px;'>Radicomunicadores Motorola GP300<\/li>\n<li style='margin-bottom: 5px;'>CP040<\/li>\n<li style='margin-bottom: 5px;'>CP88<\/li>\n<li style='margin-bottom: 5px;'>CP125<\/li>\n<li style='margin-bottom: 5px;'>CP140<\/li>\n<li style='margin-bottom: 5px;'>CP150<\/li>\n<li style='margin-bottom: 5px;'>CP160<\/li>\n<li style='margin-bottom: 5px;'>CP180<\/li>\n<li style='margin-bottom: 5px;'>CP185<\/li>\n<li style='margin-bottom: 5px;'>CP200<\/li>\n<li style='margin-bottom: 5px;'>CP200D<\/li>\n<li style='margin-bottom: 5px;'>CT150<\/li>\n<li style='margin-bottom: 5px;'>CT250<\/li>\n<li style='margin-bottom: 5px;'>CT450<\/li>\n<li style='margin-bottom: 5px;'>CT450LS<\/li>\n<li style='margin-bottom: 5px;'>DTR2400<\/li>\n<li style='margin-bottom: 5px;'>EP450<\/li>\n<li style='margin-bottom: 5px;'>DEP450<\/li>\n<li style='margin-bottom: 5px;'>GP68<\/li>\n<li style='margin-bottom: 5px;'>GP88<\/li>\n<li style='margin-bottom: 5px;'>GP308<\/li>\n<li style='margin-bottom: 5px;'>GP350<\/li>\n<li style='margin-bottom: 5px;'>LTS2000<\/li>\n<li style='margin-bottom: 5px;'>MTH500<\/li>\n<li style='margin-bottom: 5px;'>P040<\/li>\n<li style='margin-bottom: 5px;'>P080<\/li>\n<li style='margin-bottom: 5px;'>P110<\/li>\n<li style='margin-bottom: 5px;'>P1225<\/li>\n<li style='margin-bottom: 5px;'>P1225LS<\/li>\n<li style='margin-bottom: 5px;'>P2000<\/li>\n<li style='margin-bottom: 5px;'>PR400<\/li>\n<li style='margin-bottom: 5px;'>PRO3150<\/li>\n<li style='margin-bottom: 5px;'>SP50<\/li>\n<li style='margin-bottom: 5px;'>VL30<\/li>\n<li style='margin-bottom: 5px;'>XTN466<\/li>\n<li style='margin-bottom: 5px;'>XTNI<\/li>\n<li style='margin-bottom: 5px;'>XTNID<\/li>\n<\/ul><\/div>\n<div style='flex: 1 1 300px; min-width: 280px;'>\n<h3 style='font-size: 22px; border-bottom: 2px solid currentColor; padding-bottom: 5px; margin-top: 0; color: inherit; opacity: 0.8;'>Caracter\u00edsticas t\u00e9cnicas<\/h3>\n<ul style='padding-left: 20px; font-size: 15px; color: inherit;'>\n<li style='margin-bottom: 5px;'>Clasificaci\u00f3n de inmersi\u00f3n&comma; totalmente sellada seg\u00fan la norma IP68<\/li>\n<li style='margin-bottom: 5px;'>Control de volumen alto-bajo ajustable<\/li>\n<li style='margin-bottom: 5px;'>Clip rotatorio de resorte de ropa que se puede girar 360\u00b0<\/li>\n<li style='margin-bottom: 5px;'>Modelos de conector de antena opcionales disponibles<\/li>\n<li style='margin-bottom: 5px;'>Cumple con especificaciones militares (MIL STD 810E)<\/li>\n<li style='margin-bottom: 5px;'>Entrada de Jack para conectar el aud\u00edfono est\u00e1ndar de 2&comma;5 mm (opcional)<\/li>\n<li style='margin-bottom: 5px;'>Cable de uso rudo para m\u00e1xima durabilidad<\/li>\n<\/ul><\/div>\n<div style='flex: 1 1 300px; min-width: 280px;'>\n<h3 style='font-size: 22px; border-bottom: 2px solid currentColor; padding-bottom: 5px; margin-top: 0; color: inherit; opacity: 0.8;'>Informaci\u00f3n adicional<\/h3>\n<ul style='padding-left: 20px; font-size: 15px; color: inherit;'>\n<li style='margin-bottom: 5px;'>Producto bajo pedido<\/li>\n<\/ul><\/div>\n<\/p><\/div>\n<hr style='border: 0; border-top: 1px solid rgba(150&comma; 150&comma; 150&comma; 0.3); margin: 30px 0;'> <\/div>\n","protected":false},"excerpt":{"rendered":"<p>Micr\u00f3fono Bocina de Uso Rudo a prueba de agua para Motorola GP300, EP450<\/p>\n","protected":false},"featured_media":64066,"comment_status":"open","ping_status":"closed","template":"","meta":[],"product_brand":[],"product_cat":[1779],"product_tag":[1614,1568,1585],"class_list":{"0":"post-64067","1":"product","2":"type-product","3":"status-publish","4":"has-post-thumbnail","6":"product_cat-microfono-bocina-accesorios-para-motorola","7":"product_tag-accesorios-para-motorola","8":"product_tag-microfono-bocina","9":"product_tag-otto","11":"first","12":"outofstock","13":"sale","14":"shipping-taxable","15":"purchasable","16":"product-type-simple"},"_links":{"self":[{"href":"https:\/\/soydeaqui.ddns.net\/pachuca\/index.php\/wp-json\/wp\/v2\/product\/64067","targetHints":{"allow":["GET"]}}],"collection":[{"href":"https:\/\/soydeaqui.ddns.net\/pachuca\/index.php\/wp-json\/wp\/v2\/product"}],"about":[{"href":"https:\/\/soydeaqui.ddns.net\/pachuca\/index.php\/wp-json\/wp\/v2\/types\/product"}],"replies":[{"embeddable":true,"href":"https:\/\/soydeaqui.ddns.net\/pachuca\/index.php\/wp-json\/wp\/v2\/comments?post=64067"}],"wp:featuredmedia":[{"embeddable":true,"href":"https:\/\/soydeaqui.ddns.net\/pachuca\/index.php\/wp-json\/wp\/v2\/media\/64066"}],"wp:attachment":[{"href":"https:\/\/soydeaqui.ddns.net\/pachuca\/index.php\/wp-json\/wp\/v2\/media?parent=64067"}],"wp:term":[{"taxonomy":"product_brand","embeddable":true,"href":"https:\/\/soydeaqui.ddns.net\/pachuca\/index.php\/wp-json\/wp\/v2\/product_brand?post=64067"},{"taxonomy":"product_cat","embeddable":true,"href":"https:\/\/soydeaqui.ddns.net\/pachuca\/index.php\/wp-json\/wp\/v2\/product_cat?post=64067"},{"taxonomy":"product_tag","embeddable":true,"href":"https:\/\/soydeaqui.ddns.net\/pachuca\/index.php\/wp-json\/wp\/v2\/product_tag?post=64067"}],"curies":[{"name":"wp","href":"https:\/\/api.w.org\/{rel}","templated":true}]}}