{"id":64064,"date":"2026-03-19T07:35:27","date_gmt":"2026-03-19T07:35:27","guid":{"rendered":"https:\/\/soydeaqui.ddns.net\/pachuca\/index.php\/producto\/kit-de-microfono-audifono-profesional-de-2-cables-para-icom-icf3003-4003-3013-4013-3021-4021\/"},"modified":"2026-03-19T07:35:28","modified_gmt":"2026-03-19T07:35:28","slug":"kit-de-microfono-audifono-profesional-de-2-cables-para-icom-icf3003-4003-3013-4013-3021-4021","status":"publish","type":"product","link":"https:\/\/soydeaqui.ddns.net\/pachuca\/index.php\/producto\/kit-de-microfono-audifono-profesional-de-2-cables-para-icom-icf3003-4003-3013-4013-3021-4021\/","title":{"rendered":"Kit de Micr\u00f3fono-Aud\u00edfono profesional de 2 cables para ICOM ICF3003\/4003\/3013\/4013\/3021\/4021"},"content":{"rendered":"<div style='width: 100%; max-width: 1200px; margin: 0 auto; font-family: sans-serif; line-height: 1.6; color: inherit; background-color: transparent;'>\n<div style='display: flex; flex-wrap: wrap; gap: 30px; margin-bottom: 30px;'>\n<div style='flex: 1 1 300px; min-width: 280px;'>\n<h3 style='font-size: 22px; border-bottom: 2px solid currentColor; padding-bottom: 5px; margin-top: 0; color: inherit; opacity: 0.8;'>Caracter\u00edsticas<\/h3>\n<ul style='padding-left: 20px; font-size: 15px; color: inherit;'>\n<li style='margin-bottom: 5px;'>Lightweight earphone&comma; rubber eartip&comma; radio connector and clothing clip<\/li>\n<li style='margin-bottom: 5px;'>Quick disconnect earphone adapter for easy replacement of any one component<\/li>\n<li style='margin-bottom: 5px;'>Low-profile&comma; flexible&comma; transparent acoustic tube<\/li>\n<li style='margin-bottom: 5px;'>Kevlar reinforced cables for added linear strength<\/li>\n<li style='margin-bottom: 5px;'>Cables made with proprietary alloy of superior tensile strength<\/li>\n<li style='margin-bottom: 5px;'>Black or beige color option.<\/li>\n<\/ul><\/div>\n<div style='flex: 1 1 300px; min-width: 280px;'> <img style='width: 100%; height: auto; border: 1px solid rgba(150&comma;150&comma;150&comma;0.3); border-radius: 8px;' src='http:\/\/ftp3.syscom.mx\/usuarios\/fotos\/E2RE2KB5111\/87816-otto.png' alt=''> <\/div>\n<\/p><\/div>\n<div style='display: flex; flex-wrap: wrap; gap: 20px; margin-bottom: 30px;'>\n<div style='flex: 1 1 250px; border: 1px solid rgba(150&comma; 150&comma; 150&comma; 0.4); border-radius: 8px; overflow: hidden; display: flex; flex-direction: column;'>\n<div style='padding: 15px; border-bottom: 1px solid rgba(150&comma; 150&comma; 150&comma; 0.2); font-weight: bold; font-size: 18px; color: inherit;'>Especificaciones<\/div>\n<div style='padding: 15px; color: inherit;'>\n<ul style='padding-left: 20px; margin: 0; font-size: 14px; list-style-type: disc;'>\n<li style='margin-bottom: 5px;'>\u2022 Kit de solapa de 2 cables.<\/li>\n<li style='margin-bottom: 5px;'>\u2022 El tubo ac\u00fastico transparente y flexible de bajo perfil proporciona una excelente calidad de audio teniendo una comunicaci\u00f3n discreta.<\/li>\n<li style='margin-bottom: 5px;'>\u2022 Bot\u00f3n de PTT al lado del micr\u00f3fono.<\/li>\n<li style='margin-bottom: 5px;'>\u2022 Inserto de o\u00eddo confortable durante largas jornadas de trabajo.<\/li>\n<li style='margin-bottom: 5px;'>\u2022 Partes reemplazables.<\/li>\n<li style='margin-bottom: 5px;'>\u2022 Tubo ac\u00fastico Plug and Play para compartir el equipo durante m\u00faltiples turnos de trabajo manteniendo un ambiente higi\u00e9nico.<\/li>\n<li style='margin-bottom: 5px;'>\u2022 Cables reforzados con <strong>Kevlar<\/strong> para mayor resistencia<\/li>\n<\/ul><\/div>\n<\/p><\/div>\n<\/p><\/div>\n<\/p><\/div>\n","protected":false},"excerpt":{"rendered":"<p>Kit de Micr\u00f3fono-Aud\u00edfono profesional de 2 cables para ICOM ICF3003\/4003\/3013\/4013\/3021\/4021<\/p>\n","protected":false},"featured_media":64045,"comment_status":"open","ping_status":"closed","template":"","meta":[],"product_brand":[],"product_cat":[1516],"product_tag":[1517,1518,1585],"class_list":{"0":"post-64064","1":"product","2":"type-product","3":"status-publish","4":"has-post-thumbnail","6":"product_cat-microfono-audifono","7":"product_tag-accesorios-para-icom","8":"product_tag-microfono-audifono","9":"product_tag-otto","11":"first","12":"outofstock","13":"sale","14":"shipping-taxable","15":"purchasable","16":"product-type-simple"},"_links":{"self":[{"href":"https:\/\/soydeaqui.ddns.net\/pachuca\/index.php\/wp-json\/wp\/v2\/product\/64064","targetHints":{"allow":["GET"]}}],"collection":[{"href":"https:\/\/soydeaqui.ddns.net\/pachuca\/index.php\/wp-json\/wp\/v2\/product"}],"about":[{"href":"https:\/\/soydeaqui.ddns.net\/pachuca\/index.php\/wp-json\/wp\/v2\/types\/product"}],"replies":[{"embeddable":true,"href":"https:\/\/soydeaqui.ddns.net\/pachuca\/index.php\/wp-json\/wp\/v2\/comments?post=64064"}],"wp:featuredmedia":[{"embeddable":true,"href":"https:\/\/soydeaqui.ddns.net\/pachuca\/index.php\/wp-json\/wp\/v2\/media\/64045"}],"wp:attachment":[{"href":"https:\/\/soydeaqui.ddns.net\/pachuca\/index.php\/wp-json\/wp\/v2\/media?parent=64064"}],"wp:term":[{"taxonomy":"product_brand","embeddable":true,"href":"https:\/\/soydeaqui.ddns.net\/pachuca\/index.php\/wp-json\/wp\/v2\/product_brand?post=64064"},{"taxonomy":"product_cat","embeddable":true,"href":"https:\/\/soydeaqui.ddns.net\/pachuca\/index.php\/wp-json\/wp\/v2\/product_cat?post=64064"},{"taxonomy":"product_tag","embeddable":true,"href":"https:\/\/soydeaqui.ddns.net\/pachuca\/index.php\/wp-json\/wp\/v2\/product_tag?post=64064"}],"curies":[{"name":"wp","href":"https:\/\/api.w.org\/{rel}","templated":true}]}}