{"id":64063,"date":"2026-03-19T07:35:22","date_gmt":"2026-03-19T07:35:22","guid":{"rendered":"https:\/\/soydeaqui.ddns.net\/pachuca\/index.php\/producto\/kit-de-microfono-audifono-profesional-de-2-cables-para-kenwood-nx-200-300-410-5000-tk-480-2180-3180-2\/"},"modified":"2026-03-19T07:35:24","modified_gmt":"2026-03-19T07:35:24","slug":"kit-de-microfono-audifono-profesional-de-2-cables-para-kenwood-nx-200-300-410-5000-tk-480-2180-3180-2","status":"publish","type":"product","link":"https:\/\/soydeaqui.ddns.net\/pachuca\/index.php\/producto\/kit-de-microfono-audifono-profesional-de-2-cables-para-kenwood-nx-200-300-410-5000-tk-480-2180-3180-2\/","title":{"rendered":"Kit de Micr\u00f3fono-Aud\u00edfono profesional de 2 cables para KENWOOD NX-200\/300\/410\/5000, TK-480\/2180\/3180"},"content":{"rendered":"<div style='width: 100%; max-width: 1200px; margin: 0 auto; font-family: sans-serif; line-height: 1.6; color: inherit; background-color: transparent;'> <!-- Imagen --> <\/p>\n<div style='display: flex; justify-content: center; margin-bottom: 30px;'> <img style='width: 100%; max-width: 400px; height: auto; border: 1px solid rgba(150&comma;150&comma;150&comma;0.3); border-radius: 8px;' src='http:\/\/ftp3.syscom.mx\/usuarios\/fotos\/E2RE2KB5111\/87816-otto.png' alt='Kit de Micr\u00f3fono-Aud\u00edfono profesional OTTO'> <\/div>\n<p> <!-- Caracter\u00edsticas principales --> <\/p>\n<div style='display: flex; flex-wrap: wrap; gap: 30px; margin-bottom: 30px;'>\n<div style='flex: 1 1 300px; min-width: 280px;'>\n<h3 style='font-size: 22px; border-bottom: 2px solid currentColor; padding-bottom: 5px; margin-top: 0; color: inherit; opacity: 0.8;'>Caracter\u00edsticas<\/h3>\n<ul style='padding-left: 20px; font-size: 15px; color: inherit;'>\n<li style='margin-bottom: 5px;'>Kit de solapa de 2 cables<\/li>\n<li style='margin-bottom: 5px;'>Tubo ac\u00fastico transparente y flexible de bajo perfil<\/li>\n<li style='margin-bottom: 5px;'>Bot\u00f3n de PTT al lado del micr\u00f3fono<\/li>\n<li style='margin-bottom: 5px;'>Inserto de o\u00eddo confortable para uso prolongado<\/li>\n<li style='margin-bottom: 5px;'>Partes reemplazables<\/li>\n<li style='margin-bottom: 5px;'>Tubo ac\u00fastico Plug and Play para uso en m\u00faltiples turnos<\/li>\n<li style='margin-bottom: 5px;'>Cables reforzados con Kevlar para mayor resistencia<\/li>\n<\/ul><\/div>\n<div style='flex: 1 1 300px; min-width: 280px;'>\n<h3 style='font-size: 22px; border-bottom: 2px solid currentColor; padding-bottom: 5px; margin-top: 0; color: inherit; opacity: 0.8;'>Compatibilidad<\/h3>\n<ul style='padding-left: 20px; font-size: 15px; color: inherit;'>\n<li style='margin-bottom: 5px;'>KENWOOD NX-200\/300\/410\/5000<\/li>\n<li style='margin-bottom: 5px;'>KENWOOD TK-480\/2180\/3180<\/li>\n<li style='margin-bottom: 5px;'>Compatibilidad con VOX en modo convencional (no trunking)<\/li>\n<\/ul><\/div>\n<\/p><\/div>\n<p> <!-- Especificaciones t\u00e9cnicas --> <\/p>\n<div style='display: flex; flex-wrap: wrap; gap: 20px; margin-bottom: 30px;'>\n<div style='flex: 1 1 250px; border: 1px solid rgba(150&comma; 150&comma; 150&comma; 0.4); border-radius: 8px; overflow: hidden; display: flex; flex-direction: column;'>\n<div style='padding: 15px; border-bottom: 1px solid rgba(150&comma; 150&comma; 150&comma; 0.2); font-weight: bold; font-size: 18px; color: inherit;'>Especificaciones Mec\u00e1nicas<\/div>\n<div style='padding: 15px; color: inherit;'>\n<ul style='padding-left: 20px; margin: 0; font-size: 14px; list-style-type: disc;'>\n<li style='margin-bottom: 5px;'>Cable de 2 hilos<\/li>\n<li style='margin-bottom: 5px;'>Cable reforzado con Kevlar<\/li>\n<li style='margin-bottom: 5px;'>Resistencia a tracci\u00f3n del cable en el extremo del conector: 20 lbs<\/li>\n<li style='margin-bottom: 5px;'>Resistencia a tracci\u00f3n del cable en el extremo del PTT: 10 lbs<\/li>\n<li style='margin-bottom: 5px;'>Resistencia a tracci\u00f3n del cable en el extremo del aud\u00edfono: 10 lbs<\/li>\n<\/ul><\/div>\n<\/p><\/div>\n<div style='flex: 1 1 250px; border: 1px solid rgba(150&comma; 150&comma; 150&comma; 0.4); border-radius: 8px; overflow: hidden; display: flex; flex-direction: column;'>\n<div style='padding: 15px; border-bottom: 1px solid rgba(150&comma; 150&comma; 150&comma; 0.2); font-weight: bold; font-size: 18px; color: inherit;'>Especificaciones Ambientales<\/div>\n<div style='padding: 15px; color: inherit;'>\n<ul style='padding-left: 20px; margin: 0; font-size: 14px; list-style-type: disc;'>\n<li style='margin-bottom: 5px;'>Temperatura de operaci\u00f3n: -30\u00b0 C a +75\u00b0 C<\/li>\n<li style='margin-bottom: 5px;'>Temperatura de almacenamiento: -40\u00b0 C a +85\u00b0 C<\/li>\n<\/ul><\/div>\n<\/p><\/div>\n<div style='flex: 1 1 250px; border: 1px solid rgba(150&comma; 150&comma; 150&comma; 0.4); border-radius: 8px; overflow: hidden; display: flex; flex-direction: column;'>\n<div style='padding: 15px; border-bottom: 1px solid rgba(150&comma; 150&comma; 150&comma; 0.2); font-weight: bold; font-size: 18px; color: inherit;'>Caracter\u00edsticas Adicionales<\/div>\n<div style='padding: 15px; color: inherit;'>\n<ul style='padding-left: 20px; margin: 0; font-size: 14px; list-style-type: disc;'>\n<li style='margin-bottom: 5px;'>Color: Beige<\/li>\n<li style='margin-bottom: 5px;'>Kit de 2 cables para comunicaci\u00f3n bidireccional<\/li>\n<li style='margin-bottom: 5px;'>Dise\u00f1o discreto para comunicaci\u00f3n sigilosa<\/li>\n<li style='margin-bottom: 5px;'>Adecuado para ambientes de seguridad y control de multitudes<\/li>\n<li style='margin-bottom: 5px;'>Certificaci\u00f3n de reducci\u00f3n de ruido (NRR): 25dB<\/li>\n<\/ul><\/div>\n<\/p><\/div>\n<\/p><\/div>\n<p> <!-- Aplicaciones --> <\/p>\n<div style='margin-bottom: 30px;'>\n<h3 style='font-size: 22px; border-bottom: 2px solid currentColor; padding-bottom: 5px; margin-top: 0; margin-bottom: 15px; color: inherit; opacity: 0.8;'>Aplicaciones<\/h3>\n<p style='font-size: 15px; color: inherit;'>Ideal para seguridad en aeropuertos&comma; casinos&comma; plantas de manufactura&comma; control de multitudes en convenciones y conciertos&comma; y otros ambientes que requieren comunicaci\u00f3n discreta. Proporciona audio de alta claridad con insertos de o\u00eddo hipoalerg\u00e9nicos y ajustables para uso en oreja izquierda o derecha.<\/p>\n<\/p><\/div>\n<p> <!-- Separador --> <\/p>\n<hr style='border: 0; border-top: 1px solid rgba(150&comma; 150&comma; 150&comma; 0.3); margin: 30px 0;'> <\/div>\n","protected":false},"excerpt":{"rendered":"<p>Kit de Micr\u00f3fono-Aud\u00edfono profesional de 2 cables para KENWOOD NX-200\/300\/410\/5000, TK-480\/2180\/3180<\/p>\n","protected":false},"featured_media":64062,"comment_status":"open","ping_status":"closed","template":"","meta":[],"product_brand":[],"product_cat":[1586],"product_tag":[1579,1518,1585],"class_list":{"0":"post-64063","1":"product","2":"type-product","3":"status-publish","4":"has-post-thumbnail","6":"product_cat-microfono-audifono-accesorios-para-kenwood","7":"product_tag-accesorios-para-kenwood","8":"product_tag-microfono-audifono","9":"product_tag-otto","11":"first","12":"outofstock","13":"sale","14":"shipping-taxable","15":"purchasable","16":"product-type-simple"},"_links":{"self":[{"href":"https:\/\/soydeaqui.ddns.net\/pachuca\/index.php\/wp-json\/wp\/v2\/product\/64063","targetHints":{"allow":["GET"]}}],"collection":[{"href":"https:\/\/soydeaqui.ddns.net\/pachuca\/index.php\/wp-json\/wp\/v2\/product"}],"about":[{"href":"https:\/\/soydeaqui.ddns.net\/pachuca\/index.php\/wp-json\/wp\/v2\/types\/product"}],"replies":[{"embeddable":true,"href":"https:\/\/soydeaqui.ddns.net\/pachuca\/index.php\/wp-json\/wp\/v2\/comments?post=64063"}],"wp:featuredmedia":[{"embeddable":true,"href":"https:\/\/soydeaqui.ddns.net\/pachuca\/index.php\/wp-json\/wp\/v2\/media\/64062"}],"wp:attachment":[{"href":"https:\/\/soydeaqui.ddns.net\/pachuca\/index.php\/wp-json\/wp\/v2\/media?parent=64063"}],"wp:term":[{"taxonomy":"product_brand","embeddable":true,"href":"https:\/\/soydeaqui.ddns.net\/pachuca\/index.php\/wp-json\/wp\/v2\/product_brand?post=64063"},{"taxonomy":"product_cat","embeddable":true,"href":"https:\/\/soydeaqui.ddns.net\/pachuca\/index.php\/wp-json\/wp\/v2\/product_cat?post=64063"},{"taxonomy":"product_tag","embeddable":true,"href":"https:\/\/soydeaqui.ddns.net\/pachuca\/index.php\/wp-json\/wp\/v2\/product_tag?post=64063"}],"curies":[{"name":"wp","href":"https:\/\/api.w.org\/{rel}","templated":true}]}}