{"id":64034,"date":"2026-03-19T07:34:29","date_gmt":"2026-03-19T07:34:29","guid":{"rendered":"https:\/\/soydeaqui.ddns.net\/pachuca\/index.php\/producto\/estuche-de-transporte-para-wattmetros-telewave-44a-ap\/"},"modified":"2026-03-19T07:34:31","modified_gmt":"2026-03-19T07:34:31","slug":"estuche-de-transporte-para-wattmetros-telewave-44a-ap","status":"publish","type":"product","link":"https:\/\/soydeaqui.ddns.net\/pachuca\/index.php\/producto\/estuche-de-transporte-para-wattmetros-telewave-44a-ap\/","title":{"rendered":"Estuche de Transporte para Wattmetros TELEWAVE 44A \/AP."},"content":{"rendered":"<div style='width: 100%; max-width: 1200px; margin: 0 auto; font-family: sans-serif; line-height: 1.6; color: inherit; background-color: transparent;'> <!-- Secci\u00f3n de contenido con flex\/grid --> <\/p>\n<div style='display: flex; flex-wrap: wrap; gap: 30px; margin-bottom: 30px;'>\n<div style='flex: 1 1 300px; min-width: 280px;'>\n<h3 style='font-size: 22px; border-bottom: 2px solid currentColor; padding-bottom: 5px; margin-top: 0; color: inherit; opacity: 0.8;'>Caracter\u00edsticas<\/h3>\n<ul style='padding-left: 20px; font-size: 15px; color: inherit;'>\n<li style='margin-bottom: 5px;'>El estuche de cuero TC-44 de Telewave est\u00e1 dise\u00f1ado espec\u00edficamente para los wattmetros modelos 44A&comma; 44AP&comma; 44L1 o 44L1P.<\/li>\n<li style='margin-bottom: 5px;'>El TC-44 se caracteriza por la construcci\u00f3n de cuero de alta resistencia para largos a\u00f1os de uso&comma; con remaches de gran tama\u00f1o en todas sus articulaciones y una correa de mano de gran tama\u00f1o.<\/li>\n<li style='margin-bottom: 5px;'>La caja tambi\u00e9n proporciona espacio para el manual de operaci\u00f3n&comma; as\u00ed como un compartimento especial en la parte inferior para almacenar cargas&comma; cables de prueba u otros accesorios.<\/li>\n<li style='margin-bottom: 5px;'>Esta funda proporciona soporte adicional y protecci\u00f3n en campo a los wattmetros de RF&comma; facilitando a los t\u00e9cnicos su transporte mientras revisan las antenas en torres.<\/li>\n<\/ul><\/div>\n<\/p><\/div>\n<p> <!-- Secci\u00f3n de cards con especificaciones --> <\/p>\n<div style='display: flex; flex-wrap: wrap; gap: 20px; margin-bottom: 30px;'>\n<div style='flex: 1 1 250px; border: 1px solid rgba(150&comma; 150&comma; 150&comma; 0.4); border-radius: 8px; overflow: hidden; display: flex; flex-direction: column;'>\n<div style='padding: 15px; border-bottom: 1px solid rgba(150&comma; 150&comma; 150&comma; 0.2); font-weight: bold; font-size: 18px; color: inherit;'>Especificaciones<\/div>\n<div style='padding: 15px; color: inherit;'>\n<ul style='padding-left: 20px; margin: 0; font-size: 14px; list-style-type: disc;'>\n<li style='margin-bottom: 5px;'><strong>Material:<\/strong> Cuero de grano superior.<\/li>\n<li style='margin-bottom: 5px;'><strong>Acabado:<\/strong> Grano suave en color negro.<\/li>\n<li style='margin-bottom: 5px;'><strong>Dimensiones:<\/strong> 22.9 x 16.5 x 10.2 cm.<\/li>\n<li style='margin-bottom: 5px;'><strong>Peso:<\/strong> 0.91 kg.<\/li>\n<\/ul><\/div>\n<\/p><\/div>\n<\/p><\/div>\n<p> <!-- Separador --> <\/p>\n<hr style='border: 0; border-top: 1px solid rgba(150&comma;150&comma;150&comma;0.3); margin: 30px 0;'> <\/div>\n","protected":false},"excerpt":{"rendered":"<p>Estuche de Transporte para Wattmetros TELEWAVE 44A \/AP.<\/p>\n","protected":false},"featured_media":64033,"comment_status":"open","ping_status":"closed","template":"","meta":[],"product_brand":[],"product_cat":[1639],"product_tag":[931,165,1737,1640],"class_list":{"0":"post-64034","1":"product","2":"type-product","3":"status-publish","4":"has-post-thumbnail","6":"product_cat-wattmetros-y-elementos","7":"product_tag-equipo-de-laboratorio","8":"product_tag-inc","9":"product_tag-telewave","10":"product_tag-wattmetros-y-elementos","12":"first","13":"outofstock","14":"sale","15":"shipping-taxable","16":"purchasable","17":"product-type-simple"},"_links":{"self":[{"href":"https:\/\/soydeaqui.ddns.net\/pachuca\/index.php\/wp-json\/wp\/v2\/product\/64034","targetHints":{"allow":["GET"]}}],"collection":[{"href":"https:\/\/soydeaqui.ddns.net\/pachuca\/index.php\/wp-json\/wp\/v2\/product"}],"about":[{"href":"https:\/\/soydeaqui.ddns.net\/pachuca\/index.php\/wp-json\/wp\/v2\/types\/product"}],"replies":[{"embeddable":true,"href":"https:\/\/soydeaqui.ddns.net\/pachuca\/index.php\/wp-json\/wp\/v2\/comments?post=64034"}],"wp:featuredmedia":[{"embeddable":true,"href":"https:\/\/soydeaqui.ddns.net\/pachuca\/index.php\/wp-json\/wp\/v2\/media\/64033"}],"wp:attachment":[{"href":"https:\/\/soydeaqui.ddns.net\/pachuca\/index.php\/wp-json\/wp\/v2\/media?parent=64034"}],"wp:term":[{"taxonomy":"product_brand","embeddable":true,"href":"https:\/\/soydeaqui.ddns.net\/pachuca\/index.php\/wp-json\/wp\/v2\/product_brand?post=64034"},{"taxonomy":"product_cat","embeddable":true,"href":"https:\/\/soydeaqui.ddns.net\/pachuca\/index.php\/wp-json\/wp\/v2\/product_cat?post=64034"},{"taxonomy":"product_tag","embeddable":true,"href":"https:\/\/soydeaqui.ddns.net\/pachuca\/index.php\/wp-json\/wp\/v2\/product_tag?post=64034"}],"curies":[{"name":"wp","href":"https:\/\/api.w.org\/{rel}","templated":true}]}}