{"id":63995,"date":"2026-03-19T07:33:02","date_gmt":"2026-03-19T07:33:02","guid":{"rendered":"https:\/\/soydeaqui.ddns.net\/pachuca\/index.php\/producto\/duplexer-pasa-banda-rechazo-de-banda-118-148-mhz-4-cavidades-5dia-600-khz-1-5-db-350-watt-n-hembras\/"},"modified":"2026-03-19T07:33:03","modified_gmt":"2026-03-19T07:33:03","slug":"duplexer-pasa-banda-rechazo-de-banda-118-148-mhz-4-cavidades-5dia-600-khz-1-5-db-350-watt-n-hembras","status":"publish","type":"product","link":"https:\/\/soydeaqui.ddns.net\/pachuca\/index.php\/producto\/duplexer-pasa-banda-rechazo-de-banda-118-148-mhz-4-cavidades-5dia-600-khz-1-5-db-350-watt-n-hembras\/","title":{"rendered":"Duplexer Pasa-Banda-Rechazo de Banda, 118-148 MHz, 4 Cavidades (5&#8243;Dia.) 600 KHz, 1.5 dB, 350 Watt, N Hembras."},"content":{"rendered":"<div style='width: 100%; max-width: 1200px; margin: 0 auto; font-family: sans-serif; line-height: 1.6; color: inherit; background-color: transparent;'> <!-- Secci\u00f3n de caracter\u00edsticas principales --> <\/p>\n<div style='display: flex; flex-wrap: wrap; gap: 30px; margin-bottom: 30px;'>\n<div style='flex: 1 1 300px; min-width: 280px;'>\n<h3 style='font-size: 22px; border-bottom: 2px solid currentColor; padding-bottom: 5px; margin-top: 0; color: inherit; opacity: 0.8;'>Caracter\u00edsticas Principales<\/h3>\n<ul style='padding-left: 20px; font-size: 15px; color: inherit;'>\n<li style='margin-bottom: 5px;'><strong>Rango de Frecuencia:<\/strong> 118-148 MHz<\/li>\n<li style='margin-bottom: 5px;'><strong>Cavidades:<\/strong> 4 (5&#8242; Di\u00e1metro x 30&#8242; L)<\/li>\n<li style='margin-bottom: 5px;'><strong>Separaci\u00f3n TX-RX (Min.):<\/strong> 600 kHz<\/li>\n<li style='margin-bottom: 5px;'><strong>P\u00e9rdida por Inserci\u00f3n:<\/strong> 1.5 dB<\/li>\n<li style='margin-bottom: 5px;'><strong>Aislamiento:<\/strong> 77 dB (@ 600 kHz)<\/li>\n<li style='margin-bottom: 5px;'><strong>VSWR (max.):<\/strong> 1.5:1<\/li>\n<li style='margin-bottom: 5px;'><strong>Potencia:<\/strong> 350 W<\/li>\n<\/ul><\/div>\n<div style='flex: 1 1 300px; min-width: 280px;'>\n<h3 style='font-size: 22px; border-bottom: 2px solid currentColor; padding-bottom: 5px; margin-top: 0; color: inherit; opacity: 0.8;'>Especificaciones Mec\u00e1nicas<\/h3>\n<ul style='padding-left: 20px; font-size: 15px; color: inherit;'>\n<li style='margin-bottom: 5px;'><strong>Dimensiones (Alto x Ancho x Fondo):<\/strong> 864 x 483 x 280 mm<\/li>\n<li style='margin-bottom: 5px;'><strong>Peso:<\/strong> 10.4 kg<\/li>\n<li style='margin-bottom: 5px;'><strong>Montaje:<\/strong> 19&#8242; Rack o montaje en pared<\/li>\n<li style='margin-bottom: 5px;'><strong>Conectores:<\/strong> N o UHF hembra (opcional)<\/li>\n<li style='margin-bottom: 5px;'><strong>Acabado:<\/strong> Esmalte acr\u00edlico<\/li>\n<\/ul><\/div>\n<\/p><\/div>\n<p> <!-- Secci\u00f3n de especificaciones el\u00e9ctricas --> <\/p>\n<div style='display: flex; flex-wrap: wrap; gap: 20px; margin-bottom: 30px;'>\n<div style='flex: 1 1 250px; border: 1px solid rgba(150&comma; 150&comma; 150&comma; 0.4); border-radius: 8px; overflow: hidden; display: flex; flex-direction: column;'>\n<div style='padding: 15px; border-bottom: 1px solid rgba(150&comma; 150&comma; 150&comma; 0.2); font-weight: bold; font-size: 18px; color: inherit;'>Especificaciones El\u00e9ctricas<\/div>\n<div style='padding: 15px; color: inherit;'>\n<ul style='padding-left: 20px; margin: 0; font-size: 14px; list-style-type: disc;'>\n<li style='margin-bottom: 5px;'><strong>Rango de Ajuste:<\/strong> 118-148 MHz<\/li>\n<li style='margin-bottom: 5px;'><strong>Potencia M\u00e1xima:<\/strong> 350 W<\/li>\n<li style='margin-bottom: 5px;'><strong>VSWR (m\u00e1x.):<\/strong> 1.5:1<\/li>\n<li style='margin-bottom: 5px;'><strong>P\u00e9rdida por Inserci\u00f3n:<\/strong> 1.5 dB<\/li>\n<li style='margin-bottom: 5px;'><strong>Aislamiento RX en Frecuencia TX:<\/strong> 77 dB @ 600 kHz<\/li>\n<li style='margin-bottom: 5px;'><strong>Supresi\u00f3n de Ruido TX en Frecuencia RX:<\/strong> 77 dB @ 600 kHz<\/li>\n<li style='margin-bottom: 5px;'><strong>Rango de Temperatura:<\/strong> -30\u00b0C a +70\u00b0C<\/li>\n<\/ul><\/div>\n<\/p><\/div>\n<p> <!-- Secci\u00f3n de dise\u00f1o y construcci\u00f3n --> <\/p>\n<div style='flex: 1 1 250px; border: 1px solid rgba(150&comma; 150&comma; 150&comma; 0.4); border-radius: 8px; overflow: hidden; display: flex; flex-direction: column;'>\n<div style='padding: 15px; border-bottom: 1px solid rgba(150&comma; 150&comma; 150&comma; 0.2); font-weight: bold; font-size: 18px; color: inherit;'>Dise\u00f1o y Construcci\u00f3n<\/div>\n<div style='padding: 15px; color: inherit;'>\n<ul style='padding-left: 20px; margin: 0; font-size: 14px; list-style-type: disc;'>\n<li style='margin-bottom: 5px;'>Placas superiores de aluminio de \u00bc&#8217; completamente soldadas al conductor externo<\/li>\n<li style='margin-bottom: 5px;'>Sintonizadores plateados<\/li>\n<li style='margin-bottom: 5px;'>Contactos de berilio-cobre con resorte de dedo<\/li>\n<li style='margin-bottom: 5px;'>Varillas de Invar roscadas para m\u00e1xima estabilidad t\u00e9rmica<\/li>\n<li style='margin-bottom: 5px;'>Mecanismo de bloqueo positivo de 5&#8242;<\/li>\n<\/ul><\/div>\n<\/p><\/div>\n<\/p><\/div>\n<p> <!-- Secci\u00f3n de aplicaciones --> <\/p>\n<div style='margin-bottom: 30px;'>\n<h3 style='font-size: 22px; border-bottom: 2px solid currentColor; padding-bottom: 5px; margin-top: 0; margin-bottom: 15px; color: inherit; opacity: 0.8;'>Aplicaciones<\/h3>\n<p style='font-size: 15px; color: inherit; margin-bottom: 15px;'>Dise\u00f1ado para sistemas con espaciado de frecuencia de 600 kHz o m\u00e1s. Ideal para permitir la operaci\u00f3n simult\u00e1nea de un transmisor y receptor en una antena com\u00fan&comma; con rechazo de ruido del transmisor para f\u00e1cil ajuste en campo.<\/p>\n<p style='font-size: 15px; color: inherit; margin-bottom: 15px;'>Ofrece protecci\u00f3n excelente al receptor&comma; con selectividad y p\u00e9rdida por inserci\u00f3n ajustables mediante rotaci\u00f3n de los bucles de conexi\u00f3n calibrados.<\/p>\n<\/p><\/div>\n<p> <!-- Secci\u00f3n de opciones --> <\/p>\n<div style='display: flex; flex-wrap: wrap; gap: 20px; margin-bottom: 30px;'>\n<div style='flex: 1 1 250px; border: 1px solid rgba(150&comma; 150&comma; 150&comma; 0.4); border-radius: 8px; overflow: hidden; display: flex; flex-direction: column;'>\n<div style='padding: 15px; border-bottom: 1px solid rgba(150&comma; 150&comma; 150&comma; 0.2); font-weight: bold; font-size: 18px; color: inherit;'>Opciones Disponibles<\/div>\n<div style='padding: 15px; color: inherit;'>\n<ul style='padding-left: 20px; margin: 0; font-size: 14px; list-style-type: disc;'>\n<li style='margin-bottom: 5px;'>TBC-40: Gabinete interior opcional<\/li>\n<\/ul><\/div>\n<\/p><\/div>\n<\/p><\/div>\n<p> <!-- Nota final --> <\/p>\n<div style='margin-bottom: 30px;'>\n<p style='font-size: 15px; color: inherit; margin-bottom: 15px;'><strong>Nota:<\/strong> Especifique el n\u00famero de modelo y las frecuencias exactas de transmisor y receptor al ordenar.<\/p>\n<\/p><\/div>\n<p> <!-- Separador --> <\/p>\n<hr style='border: 0; border-top: 1px solid rgba(150&comma; 150&comma; 150&comma; 0.3); margin: 30px 0;'> <\/div>\n","protected":false},"excerpt":{"rendered":"<p>Duplexer Pasa-Banda-Rechazo de Banda, 118-148 MHz, 4 Cavidades (5&#8243;Dia.) 600 KHz, 1.5 dB, 350 Watt, N Hembras.<\/p>\n","protected":false},"featured_media":63994,"comment_status":"open","ping_status":"closed","template":"","meta":[],"product_brand":[],"product_cat":[1759],"product_tag":[1760,1660,165,1737],"class_list":{"0":"post-63995","1":"product","2":"type-product","3":"status-publish","4":"has-post-thumbnail","6":"product_cat-duplexers","7":"product_tag-duplexers","8":"product_tag-filtros-y-sistemas-en-rf","9":"product_tag-inc","10":"product_tag-telewave","12":"first","13":"outofstock","14":"sale","15":"shipping-taxable","16":"purchasable","17":"product-type-simple"},"_links":{"self":[{"href":"https:\/\/soydeaqui.ddns.net\/pachuca\/index.php\/wp-json\/wp\/v2\/product\/63995","targetHints":{"allow":["GET"]}}],"collection":[{"href":"https:\/\/soydeaqui.ddns.net\/pachuca\/index.php\/wp-json\/wp\/v2\/product"}],"about":[{"href":"https:\/\/soydeaqui.ddns.net\/pachuca\/index.php\/wp-json\/wp\/v2\/types\/product"}],"replies":[{"embeddable":true,"href":"https:\/\/soydeaqui.ddns.net\/pachuca\/index.php\/wp-json\/wp\/v2\/comments?post=63995"}],"wp:featuredmedia":[{"embeddable":true,"href":"https:\/\/soydeaqui.ddns.net\/pachuca\/index.php\/wp-json\/wp\/v2\/media\/63994"}],"wp:attachment":[{"href":"https:\/\/soydeaqui.ddns.net\/pachuca\/index.php\/wp-json\/wp\/v2\/media?parent=63995"}],"wp:term":[{"taxonomy":"product_brand","embeddable":true,"href":"https:\/\/soydeaqui.ddns.net\/pachuca\/index.php\/wp-json\/wp\/v2\/product_brand?post=63995"},{"taxonomy":"product_cat","embeddable":true,"href":"https:\/\/soydeaqui.ddns.net\/pachuca\/index.php\/wp-json\/wp\/v2\/product_cat?post=63995"},{"taxonomy":"product_tag","embeddable":true,"href":"https:\/\/soydeaqui.ddns.net\/pachuca\/index.php\/wp-json\/wp\/v2\/product_tag?post=63995"}],"curies":[{"name":"wp","href":"https:\/\/api.w.org\/{rel}","templated":true}]}}