{"id":63993,"date":"2026-03-19T07:32:59","date_gmt":"2026-03-19T07:32:59","guid":{"rendered":"https:\/\/soydeaqui.ddns.net\/pachuca\/index.php\/producto\/preselector-pasa-banda-400-512-mhz-6-cavidades-4-mhz-ancho-banda-n-hembras\/"},"modified":"2026-03-19T07:33:00","modified_gmt":"2026-03-19T07:33:00","slug":"preselector-pasa-banda-400-512-mhz-6-cavidades-4-mhz-ancho-banda-n-hembras","status":"publish","type":"product","link":"https:\/\/soydeaqui.ddns.net\/pachuca\/index.php\/producto\/preselector-pasa-banda-400-512-mhz-6-cavidades-4-mhz-ancho-banda-n-hembras\/","title":{"rendered":"Preselector Pasa-Banda, 400-512 MHz, 6 Cavidades, 4 MHz Ancho-Banda, N Hembras."},"content":{"rendered":"<div style='width: 100%; max-width: 1200px; margin: 0 auto; font-family: sans-serif; line-height: 1.6; color: inherit; background-color: transparent;'>\n<div style='width: 100%; margin-bottom: 30px;'> <img style='width: 100%; height: auto; border: 1px solid rgba(150&comma;150&comma;150&comma;0.3); border-radius: 8px;' src='https:\/\/ftp3.syscom.mx\/usuarios\/fotos\/TPCP4544\/33319-pixelcut-export.png' alt=''> <\/div>\n<div style='display: flex; flex-wrap: wrap; gap: 30px; margin-bottom: 30px;'>\n<div style='flex: 1 1 300px; min-width: 280px;'>\n<h3 style='font-size: 22px; border-bottom: 2px solid currentColor; padding-bottom: 5px; margin-top: 0; color: inherit; opacity: 0.8;'>Descripci\u00f3n<\/h3>\n<p style='font-size: 15px; color: inherit; margin-bottom: 15px;'>El preselector pasa-banda es un componente esencial para sistemas de recepci\u00f3n maestra&comma; dise\u00f1ado espec\u00edficamente para garantizar la eliminaci\u00f3n de fuentes de ruido externas. Este preselector ofrece una protecci\u00f3n \u00f3ptima al receptor cuando se instala entre el multicoplador del receptor y la antena&comma; asegurando una recepci\u00f3n limpia y sin interferencias.<\/p>\n<p style='font-size: 15px; color: inherit; margin-bottom: 15px;'>Telewave ofrece una selectividad &#8216;sharp-skirt&#8217; con una m\u00ednima p\u00e9rdida por inserci\u00f3n. Cada unidad es fabricada con materiales de alta resistencia para garantizar un rendimiento superior y una larga vida \u00fatil&comma; cada preselector es sintonizado en f\u00e1brica seg\u00fan las especificaciones del cliente&comma; reduciendo la necesidad de ajustes adicionales en campo.<\/p>\n<\/p><\/div>\n<\/p><\/div>\n<div style='display: flex; flex-wrap: wrap; gap: 20px; margin-bottom: 30px;'>\n<div style='flex: 1 1 250px; border: 1px solid rgba(150&comma; 150&comma; 150&comma; 0.4); border-radius: 8px; overflow: hidden; display: flex; flex-direction: column;'>\n<div style='padding: 15px; border-bottom: 1px solid rgba(150&comma; 150&comma; 150&comma; 0.2); font-weight: bold; font-size: 18px; color: inherit;'>Especificaciones<\/div>\n<div style='padding: 15px; color: inherit;'>\n<ul style='padding-left: 20px; margin: 0; font-size: 14px; list-style-type: disc;'>\n<li style='margin-bottom: 5px;'><strong>Rango de Frecuencia<\/strong>: 400-512 MHz<\/li>\n<li style='margin-bottom: 5px;'><strong>N\u00famero de Cavidades<\/strong>: 6 (di\u00e1metro de 4 pulgadas)<\/li>\n<li style='margin-bottom: 5px;'><strong>Ancho de Banda<\/strong>: 4 MHz<\/li>\n<li style='margin-bottom: 5px;'><strong>Atenuaci\u00f3n (\u00b1 5 MHz)<\/strong>: 55 dB<\/li>\n<li style='margin-bottom: 5px;'><strong>P\u00e9rdida por Inserci\u00f3n (t\u00edpica)<\/strong>: 2 dB<\/li>\n<li style='margin-bottom: 5px;'><strong>Capacidad de Potencia (m\u00e1x)<\/strong>: 350 W<\/li>\n<li style='margin-bottom: 5px;'><strong>Impedancia \/ VSWR (m\u00e1x)<\/strong>: 50 ohms \/ 1.5:1<\/li>\n<li style='margin-bottom: 5px;'><strong>Rango de Temperatura<\/strong>: -30\u00b0C a +70\u00b0C<\/li>\n<li style='margin-bottom: 5px;'><strong>Conectores<\/strong>: N hembra<\/li>\n<li style='margin-bottom: 5px;'><strong>Dimensiones (Alto x Ancho x Fondo)<\/strong>: 18 x 48 x 27 cm (7 x 19 x 10.5 in)<\/li>\n<li style='margin-bottom: 5px;'><strong>Montaje<\/strong>: Rack de 19 pulgadas (4 UR)<\/li>\n<li style='margin-bottom: 5px;'><strong>Acabado<\/strong>: Alod\u00edn \/ Esmalte acr\u00edlico gris<\/li>\n<li style='margin-bottom: 5px;'><strong>Peso Neto<\/strong>: 7.3 kg (16 lb)<\/li>\n<li style='margin-bottom: 5px;'><strong>Peso de Env\u00edo<\/strong>: 11 kg (24 lb)<\/li>\n<\/ul><\/div>\n<\/p><\/div>\n<div style='flex: 1 1 250px; border: 1px solid rgba(150&comma; 150&comma; 150&comma; 0.4); border-radius: 8px; overflow: hidden; display: flex; flex-direction: column;'>\n<div style='padding: 15px; border-bottom: 1px solid rgba(150&comma; 150&comma; 150&comma; 0.2); font-weight: bold; font-size: 18px; color: inherit;'>Beneficios<\/div>\n<div style='padding: 15px; color: inherit;'>\n<ul style='padding-left: 20px; margin: 0; font-size: 14px; list-style-type: disc;'>\n<li style='margin-bottom: 5px;'><strong>Rechazo Eficaz de Interferencias<\/strong>: Filtra todas las se\u00f1ales fuera de la ventana de paso seleccionada&comma; permitiendo una recepci\u00f3n clara.<\/li>\n<li style='margin-bottom: 5px;'><strong>Alta Capacidad de Manejo de Potencia<\/strong>: Puede manejar hasta 350 W&comma; lo que lo hace ideal para aplicaciones exigentes.<\/li>\n<li style='margin-bottom: 5px;'><strong>Materiales Duraderos<\/strong>: Construido con materiales de alta calidad que aseguran un rendimiento \u00f3ptimo y una larga vida \u00fatil.<\/li>\n<li style='margin-bottom: 5px;'><strong>Sintonizaci\u00f3n Personalizada<\/strong>: Todas las unidades vienen pre-sintonizadas de f\u00e1brica seg\u00fan las frecuencias especificadas por el cliente&comma; reduciendo la necesidad de ajustes adicionales.<\/li>\n<\/ul><\/div>\n<\/p><\/div>\n<div style='flex: 1 1 250px; border: 1px solid rgba(150&comma; 150&comma; 150&comma; 0.4); border-radius: 8px; overflow: hidden; display: flex; flex-direction: column;'>\n<div style='padding: 15px; border-bottom: 1px solid rgba(150&comma; 150&comma; 150&comma; 0.2); font-weight: bold; font-size: 18px; color: inherit;'>Aplicaciones<\/div>\n<div style='padding: 15px; color: inherit;'>\n<ul style='padding-left: 20px; margin: 0; font-size: 14px; list-style-type: disc;'>\n<li style='margin-bottom: 5px;'>Infraestructuras de comunicaci\u00f3n en zonas urbanas.<\/li>\n<li style='margin-bottom: 5px;'>Estaciones de radiodifusi\u00f3n.<\/li>\n<li style='margin-bottom: 5px;'>Sistemas de radiocomunicaci\u00f3n para emergencias.<\/li>\n<\/ul><\/div>\n<\/p><\/div>\n<div style='flex: 1 1 250px; min-width: 280px;'> <img style='width: 100%; height: auto; border: 1px solid rgba(150&comma;150&comma;150&comma;0.3); border-radius: 8px;' src='https:\/\/ftp3.syscom.mx\/usuarios\/fotos\/TPCP4544\/33319-captura_de_pantalla_2024-06-08_122050.png' alt=''> <\/div>\n<\/p><\/div>\n<div style='width: 100%; margin-bottom: 30px;'> <img style='width: 100%; height: auto; border: 1px solid rgba(150&comma;150&comma;150&comma;0.3); border-radius: 8px;' src='https:\/\/ftp3.syscom.mx\/usuarios\/fotos\/TPCP4544\/33319-captura_de_pantalla_2024-06-10_132216.png' alt=''> <\/div>\n<div style='width: 100%; margin-bottom: 30px; text-align: center;'>\n<p style='font-size: 13px; color: inherit; margin: 0;'><em>NOTA: Esta imagen es solo representativa&comma; la cantidad de canales puede cambiar en cada sistema.<\/em><\/p>\n<\/p><\/div>\n<div style='width: 100%; margin-bottom: 30px; text-align: center;'> <img style='max-width: 300px; height: auto; border: 1px solid rgba(150&comma;150&comma;150&comma;0.3); border-radius: 8px;' src='https:\/\/ftp3.syscom.mx\/usuarios\/fotos\/TPCP4544\/33319-telewave-logo-redx72.png' alt=''> <\/div>\n<div style='width: 100%; margin-bottom: 30px; text-align: center;'>\n<p style='font-size: 13px; color: inherit; margin: 0;'><em>* Pregunte por tiempo de entrega<\/em><\/p>\n<\/p><\/div>\n<\/p><\/div>\n","protected":false},"excerpt":{"rendered":"<p>Preselector Pasa-Banda, 400-512 MHz, 6 Cavidades, 4 MHz Ancho-Banda, N Hembras.<\/p>\n","protected":false},"featured_media":63992,"comment_status":"open","ping_status":"closed","template":"","meta":[],"product_brand":[],"product_cat":[1910],"product_tag":[1660,165,1911,1737],"class_list":{"0":"post-63993","1":"product","2":"type-product","3":"status-publish","4":"has-post-thumbnail","6":"product_cat-preselectores","7":"product_tag-filtros-y-sistemas-en-rf","8":"product_tag-inc","9":"product_tag-preselectores","10":"product_tag-telewave","12":"first","13":"outofstock","14":"sale","15":"shipping-taxable","16":"purchasable","17":"product-type-simple"},"_links":{"self":[{"href":"https:\/\/soydeaqui.ddns.net\/pachuca\/index.php\/wp-json\/wp\/v2\/product\/63993","targetHints":{"allow":["GET"]}}],"collection":[{"href":"https:\/\/soydeaqui.ddns.net\/pachuca\/index.php\/wp-json\/wp\/v2\/product"}],"about":[{"href":"https:\/\/soydeaqui.ddns.net\/pachuca\/index.php\/wp-json\/wp\/v2\/types\/product"}],"replies":[{"embeddable":true,"href":"https:\/\/soydeaqui.ddns.net\/pachuca\/index.php\/wp-json\/wp\/v2\/comments?post=63993"}],"wp:featuredmedia":[{"embeddable":true,"href":"https:\/\/soydeaqui.ddns.net\/pachuca\/index.php\/wp-json\/wp\/v2\/media\/63992"}],"wp:attachment":[{"href":"https:\/\/soydeaqui.ddns.net\/pachuca\/index.php\/wp-json\/wp\/v2\/media?parent=63993"}],"wp:term":[{"taxonomy":"product_brand","embeddable":true,"href":"https:\/\/soydeaqui.ddns.net\/pachuca\/index.php\/wp-json\/wp\/v2\/product_brand?post=63993"},{"taxonomy":"product_cat","embeddable":true,"href":"https:\/\/soydeaqui.ddns.net\/pachuca\/index.php\/wp-json\/wp\/v2\/product_cat?post=63993"},{"taxonomy":"product_tag","embeddable":true,"href":"https:\/\/soydeaqui.ddns.net\/pachuca\/index.php\/wp-json\/wp\/v2\/product_tag?post=63993"}],"curies":[{"name":"wp","href":"https:\/\/api.w.org\/{rel}","templated":true}]}}