{"id":63986,"date":"2026-03-19T07:32:44","date_gmt":"2026-03-19T07:32:44","guid":{"rendered":"https:\/\/soydeaqui.ddns.net\/pachuca\/index.php\/producto\/tarjeta-para-estacion-remota-con-gabinete-no-se-requiere-esta-tarjeta-para-operacion-semi-duplex\/"},"modified":"2026-03-19T07:32:45","modified_gmt":"2026-03-19T07:32:45","slug":"tarjeta-para-estacion-remota-con-gabinete-no-se-requiere-esta-tarjeta-para-operacion-semi-duplex","status":"publish","type":"product","link":"https:\/\/soydeaqui.ddns.net\/pachuca\/index.php\/producto\/tarjeta-para-estacion-remota-con-gabinete-no-se-requiere-esta-tarjeta-para-operacion-semi-duplex\/","title":{"rendered":"Tarjeta para Estaci\u00f3n Remota con Gabinete. No se Requiere esta Tarjeta para Operaci\u00f3n Semi-D\u00faplex."},"content":{"rendered":"<div style='width: 100%; max-width: 1200px; margin: 0 auto; font-family: sans-serif; line-height: 1.6; color: inherit; background-color: transparent;'>\n<div style='display: flex; flex-wrap: wrap; gap: 30px; margin-bottom: 30px;'>\n<div style='flex: 1 1 300px; min-width: 280px;'>\n<h3 style='font-size: 22px; border-bottom: 2px solid currentColor; padding-bottom: 5px; margin-top: 0; color: inherit; opacity: 0.8;'>Descripci\u00f3n General<\/h3>\n<p style='font-size: 15px; color: inherit; margin-bottom: 15px;'> El sistema T-Link 2100 de SYSCOM consiste en 2 tarjetas Full-D\u00faplex: una para conectarse a la estaci\u00f3n de base (donde est\u00e1 la v\u00eda telef\u00f3nica)&comma; y la otra para la estaci\u00f3n remota. <\/p>\n<p style='font-size: 15px; color: inherit; margin-bottom: 15px;'> Estas tarjetas proveen una comunicaci\u00f3n telef\u00f3nica transparente para el usuario&comma; ya que en la estaci\u00f3n remota se puede conectar tel\u00e9fonos y m\u00e1quinas de fax&comma; as\u00ed como m\u00f3dems telef\u00f3nicos. <\/p>\n<p style='font-size: 15px; color: inherit; margin-bottom: 15px;'> Programe usted temporizador y salida para tonos o pulsos. <\/p>\n<\/p><\/div>\n<\/p><\/div>\n<div style='display: flex; flex-wrap: wrap; gap: 20px; margin-bottom: 30px;'>\n<div style='flex: 1 1 250px; border: 1px solid rgba(150&comma; 150&comma; 150&comma; 0.4); border-radius: 8px; overflow: hidden; display: flex; flex-direction: column;'>\n<div style='padding: 15px; border-bottom: 1px solid rgba(150&comma; 150&comma; 150&comma; 0.2); font-weight: bold; font-size: 18px; color: inherit;'>Caracter\u00edsticas Principales<\/div>\n<div style='padding: 15px; color: inherit;'>\n<ul style='padding-left: 20px; margin: 0; font-size: 14px; list-style-type: disc;'>\n<li style='margin-bottom: 5px;'>Puede conectarse en cualquier combinaci\u00f3n:<\/li>\n<ul style='padding-left: 20px; margin-top: 5px; margin-bottom: 10px;'>\n<li style='margin-bottom: 5px;'>Tel\u00e9fonos<\/li>\n<li style='margin-bottom: 5px;'>Faxes<\/li>\n<li style='margin-bottom: 5px;'>M\u00f3dems telef\u00f3nicos<\/li>\n<\/ul>\n<li style='margin-bottom: 5px;'>Timbra cuando recibe una llamada<\/li>\n<li style='margin-bottom: 5px;'>No se requiere esta tarjeta para operaci\u00f3n Semi-D\u00faplex<\/li>\n<\/ul><\/div>\n<\/p><\/div>\n<\/p><\/div>\n<div style='display: flex; flex-wrap: wrap; gap: 20px; margin-bottom: 30px;'>\n<div style='flex: 1 1 250px; border: 1px solid rgba(150&comma; 150&comma; 150&comma; 0.4); border-radius: 8px; overflow: hidden; display: flex; flex-direction: column;'>\n<div style='padding: 15px; border-bottom: 1px solid rgba(150&comma; 150&comma; 150&comma; 0.2); font-weight: bold; font-size: 18px; color: inherit;'>Informaci\u00f3n Importante<\/div>\n<div style='padding: 15px; color: inherit;'>\n<ul style='padding-left: 20px; margin: 0; font-size: 14px; list-style-type: disc;'>\n<li style='margin-bottom: 5px; font-weight: bold;'>Un juego d\u00faplex completo consta de las tarjetas T Link 2100BG y T Link 2100RG<\/li>\n<li style='margin-bottom: 5px; font-weight: bold;'>Estos sistemas NO incluyen radios<\/li>\n<\/ul>\n<p style='font-size: 14px; color: inherit; margin-top: 15px;'> Ll\u00e1menos para mayor informaci\u00f3n <\/p>\n<\/p><\/div>\n<\/p><\/div>\n<\/p><\/div>\n<hr style='border: 0; border-top: 1px solid rgba(150&comma; 150&comma; 150&comma; 0.3); margin: 30px 0;'> <\/div>\n","protected":false},"excerpt":{"rendered":"<p>Tarjeta para Estaci\u00f3n Remota con Gabinete. No se Requiere esta Tarjeta para Operaci\u00f3n Semi-D\u00faplex.<\/p>\n","protected":false},"featured_media":63985,"comment_status":"open","ping_status":"closed","template":"","meta":[],"product_brand":[],"product_cat":[1545],"product_tag":[1546,63,1547],"class_list":{"0":"post-63986","1":"product","2":"type-product","3":"status-publish","4":"has-post-thumbnail","6":"product_cat-voceo-monitoreo-remoto","7":"product_tag-aplicaciones-y-soluciones","8":"product_tag-syscom","9":"product_tag-voceo-monitoreo-remoto","11":"first","12":"outofstock","13":"sale","14":"shipping-taxable","15":"purchasable","16":"product-type-simple"},"_links":{"self":[{"href":"https:\/\/soydeaqui.ddns.net\/pachuca\/index.php\/wp-json\/wp\/v2\/product\/63986","targetHints":{"allow":["GET"]}}],"collection":[{"href":"https:\/\/soydeaqui.ddns.net\/pachuca\/index.php\/wp-json\/wp\/v2\/product"}],"about":[{"href":"https:\/\/soydeaqui.ddns.net\/pachuca\/index.php\/wp-json\/wp\/v2\/types\/product"}],"replies":[{"embeddable":true,"href":"https:\/\/soydeaqui.ddns.net\/pachuca\/index.php\/wp-json\/wp\/v2\/comments?post=63986"}],"wp:featuredmedia":[{"embeddable":true,"href":"https:\/\/soydeaqui.ddns.net\/pachuca\/index.php\/wp-json\/wp\/v2\/media\/63985"}],"wp:attachment":[{"href":"https:\/\/soydeaqui.ddns.net\/pachuca\/index.php\/wp-json\/wp\/v2\/media?parent=63986"}],"wp:term":[{"taxonomy":"product_brand","embeddable":true,"href":"https:\/\/soydeaqui.ddns.net\/pachuca\/index.php\/wp-json\/wp\/v2\/product_brand?post=63986"},{"taxonomy":"product_cat","embeddable":true,"href":"https:\/\/soydeaqui.ddns.net\/pachuca\/index.php\/wp-json\/wp\/v2\/product_cat?post=63986"},{"taxonomy":"product_tag","embeddable":true,"href":"https:\/\/soydeaqui.ddns.net\/pachuca\/index.php\/wp-json\/wp\/v2\/product_tag?post=63986"}],"curies":[{"name":"wp","href":"https:\/\/api.w.org\/{rel}","templated":true}]}}