{"id":63982,"date":"2026-03-19T07:32:37","date_gmt":"2026-03-19T07:32:37","guid":{"rendered":"https:\/\/soydeaqui.ddns.net\/pachuca\/index.php\/producto\/circuito-de-control-tl494cn-ecg1729-16-pines\/"},"modified":"2026-03-19T07:32:38","modified_gmt":"2026-03-19T07:32:38","slug":"circuito-de-control-tl494cn-ecg1729-16-pines","status":"publish","type":"product","link":"https:\/\/soydeaqui.ddns.net\/pachuca\/index.php\/producto\/circuito-de-control-tl494cn-ecg1729-16-pines\/","title":{"rendered":"Circuito de Control TL494CN ( ECG1729 ), 16 Pines."},"content":{"rendered":"<div style='width: 100%; max-width: 1200px; margin: 0 auto; font-family: sans-serif; line-height: 1.6; color: inherit; background-color: transparent;'>\n<div style='display: flex; flex-wrap: wrap; gap: 30px; margin-bottom: 30px;'>\n<div style='flex: 1 1 300px; min-width: 280px;'>\n<h3 style='font-size: 22px; border-bottom: 2px solid currentColor; padding-bottom: 5px; margin-top: 0; color: inherit; opacity: 0.8;'>Descripci\u00f3n<\/h3>\n<p style='font-size: 15px; color: inherit; margin-top: 10px;'>El dispositivo TL494 incorpora todas las funciones necesarias para la construcci\u00f3n de un circuito de control de modulaci\u00f3n por ancho de pulsos (PWM) en un solo chip. Dise\u00f1ado principalmente para el control de la fuente de alimentaci\u00f3n.<\/p>\n<\/p><\/div>\n<\/p><\/div>\n<div style='display: flex; flex-wrap: wrap; gap: 20px; margin-bottom: 30px;'>\n<div style='flex: 1 1 250px; border: 1px solid rgba(150&comma; 150&comma; 150&comma; 0.4); border-radius: 8px; overflow: hidden; display: flex; flex-direction: column;'>\n<div style='padding: 15px; border-bottom: 1px solid rgba(150&comma; 150&comma; 150&comma; 0.2); font-weight: bold; font-size: 18px; color: inherit;'>Especificaciones<\/div>\n<div style='padding: 15px; color: inherit;'>\n<ul style='padding-left: 20px; margin: 0; font-size: 14px; list-style-type: disc;'>\n<li style='margin-bottom: 5px;'><strong>Categor\u00eda de producto:<\/strong> Controladores de conmutaci\u00f3n<\/li>\n<li style='margin-bottom: 5px;'><strong>Topolog\u00eda:<\/strong> Boost&comma; Buck&comma; Flyback&comma; Forward&comma; Push-Pull<\/li>\n<li style='margin-bottom: 5px;'><strong>N\u00famero de salidas:<\/strong> 2 Output<\/li>\n<li style='margin-bottom: 5px;'><strong>Frecuencia de conmutaci\u00f3n:<\/strong> 300 kHz<\/li>\n<li style='margin-bottom: 5px;'><strong>Ciclo de tarea &#8211; M\u00e1ximo:<\/strong> 45%<\/li>\n<li style='margin-bottom: 5px;'><strong>Voltaje de entrada:<\/strong> 7 V to 40 V<\/li>\n<li style='margin-bottom: 5px;'><strong>Voltaje de salida:<\/strong> 40 V<\/li>\n<li style='margin-bottom: 5px;'><strong>Corriente de salida:<\/strong> 200 mA<\/li>\n<li style='margin-bottom: 5px;'><strong>Temperatura de trabajo m\u00ednima:<\/strong> &#8211; 40 C<\/li>\n<li style='margin-bottom: 5px;'><strong>Temperatura de trabajo m\u00e1xima:<\/strong> + 85 C<\/li>\n<li style='margin-bottom: 5px;'><strong>Estilo de montaje:<\/strong> Through Hole<\/li>\n<li style='margin-bottom: 5px;'><strong>Paquete \/ Cubierta:<\/strong> PDIP-16<\/li>\n<li style='margin-bottom: 5px;'><strong>Empaquetado:<\/strong> Tube<\/li>\n<li style='margin-bottom: 5px;'><strong>Tiempo de ca\u00edda:<\/strong> 40 ns<\/li>\n<li style='margin-bottom: 5px;'><strong>Altura:<\/strong> 4.57 mm<\/li>\n<li style='margin-bottom: 5px;'><strong>Longitud:<\/strong> 19.3 mm<\/li>\n<li style='margin-bottom: 5px;'><strong>Tipo de producto:<\/strong> Switching Controllers<\/li>\n<li style='margin-bottom: 5px;'><strong>Tiempo de subida:<\/strong> 100 ns<\/li>\n<\/ul><\/div>\n<\/p><\/div>\n<\/p><\/div>\n<\/p><\/div>\n","protected":false},"excerpt":{"rendered":"<p>Circuito de Control TL494CN ( ECG1729 ), 16 Pines.<\/p>\n","protected":false},"featured_media":63981,"comment_status":"open","ping_status":"closed","template":"","meta":[],"product_brand":[],"product_cat":[1501],"product_tag":[1502,751,547],"class_list":{"0":"post-63982","1":"product","2":"type-product","3":"status-publish","4":"has-post-thumbnail","6":"product_cat-miscelaneo","7":"product_tag-miscelaneo","8":"product_tag-refacciones","9":"product_tag-syscom-parts","11":"first","12":"instock","13":"sale","14":"shipping-taxable","15":"purchasable","16":"product-type-simple"},"_links":{"self":[{"href":"https:\/\/soydeaqui.ddns.net\/pachuca\/index.php\/wp-json\/wp\/v2\/product\/63982","targetHints":{"allow":["GET"]}}],"collection":[{"href":"https:\/\/soydeaqui.ddns.net\/pachuca\/index.php\/wp-json\/wp\/v2\/product"}],"about":[{"href":"https:\/\/soydeaqui.ddns.net\/pachuca\/index.php\/wp-json\/wp\/v2\/types\/product"}],"replies":[{"embeddable":true,"href":"https:\/\/soydeaqui.ddns.net\/pachuca\/index.php\/wp-json\/wp\/v2\/comments?post=63982"}],"wp:featuredmedia":[{"embeddable":true,"href":"https:\/\/soydeaqui.ddns.net\/pachuca\/index.php\/wp-json\/wp\/v2\/media\/63981"}],"wp:attachment":[{"href":"https:\/\/soydeaqui.ddns.net\/pachuca\/index.php\/wp-json\/wp\/v2\/media?parent=63982"}],"wp:term":[{"taxonomy":"product_brand","embeddable":true,"href":"https:\/\/soydeaqui.ddns.net\/pachuca\/index.php\/wp-json\/wp\/v2\/product_brand?post=63982"},{"taxonomy":"product_cat","embeddable":true,"href":"https:\/\/soydeaqui.ddns.net\/pachuca\/index.php\/wp-json\/wp\/v2\/product_cat?post=63982"},{"taxonomy":"product_tag","embeddable":true,"href":"https:\/\/soydeaqui.ddns.net\/pachuca\/index.php\/wp-json\/wp\/v2\/product_tag?post=63982"}],"curies":[{"name":"wp","href":"https:\/\/api.w.org\/{rel}","templated":true}]}}